{"id":9727,"date":"2025-10-30T17:06:53","date_gmt":"2025-10-30T16:06:53","guid":{"rendered":"https:\/\/modasabel.com\/?post_type=product&#038;p=9727"},"modified":"2026-01-14T16:59:54","modified_gmt":"2026-01-14T15:59:54","slug":"chaqueta-hongocollection-gris-cuello-alto-3x24l217","status":"publish","type":"product","link":"https:\/\/modasabel.com\/en\/producto\/chaqueta-hongocollection-gris-cuello-alto-3x24l217\/","title":{"rendered":"Chaqueta HongoCollection gris cuello alto y bolsillos acolchados"},"content":{"rendered":"<p data-start=\"101\" data-end=\"631\">La <strong data-start=\"123\" data-end=\"173\">chaqueta gris HongoCollection (REF: 3X24-L217)<\/strong> combina dise\u00f1o moderno y confort en una prenda vers\u00e1til perfecta para el entretiempo. Confeccionada en una mezcla de <strong data-start=\"291\" data-end=\"333\">50% viscosa, 28% poli\u00e9ster y 22% nylon<\/strong>, ofrece un tacto suave y una excelente ca\u00edda. Su <strong data-start=\"383\" data-end=\"408\">cuello alto acolchado<\/strong> y los <strong data-start=\"415\" data-end=\"461\">bolsillos delanteros con detalle matelass\u00e9<\/strong> aportan calidez y estilo, mientras que la <strong data-start=\"504\" data-end=\"535\" data-is-only-node=\"\">cremallera frontal met\u00e1lica<\/strong> le da un acabado sofisticado. Ideal para crear looks urbanos y elegantes con un toque casual.<\/p>\n<p data-start=\"633\" data-end=\"691\">\ud83d\udcf1 M\u00e1s informaci\u00f3n o pedidos por WhatsApp: <strong data-start=\"676\" data-end=\"691\">622 491 371<\/strong><\/p>\n","protected":false},"excerpt":{"rendered":"<p>La chaqueta gris HongoCollection (REF: 3X24-L217) combina dise\u00f1o moderno y confort en una prenda vers\u00e1til perfecta para el entretiempo. Confeccionada en una mezcla de 50% viscosa, 28% poli\u00e9ster y 22% nylon, ofrece un tacto suave y una excelente ca\u00edda. Su cuello alto acolchado y los bolsillos delanteros con detalle matelass\u00e9 aportan calidez y estilo, mientras [&hellip;]<\/p>\n","protected":false},"featured_media":9715,"comment_status":"closed","ping_status":"closed","template":"","meta":{"_acf_changed":false,"site-sidebar-layout":"default","site-content-layout":"","ast-site-content-layout":"default","site-content-style":"default","site-sidebar-style":"default","ast-global-header-display":"","ast-banner-title-visibility":"","ast-main-header-display":"","ast-hfb-above-header-display":"","ast-hfb-below-header-display":"","ast-hfb-mobile-header-display":"","site-post-title":"","ast-breadcrumbs-content":"","ast-featured-img":"","footer-sml-layout":"","ast-disable-related-posts":"","theme-transparent-header-meta":"default","adv-header-id-meta":"","stick-header-meta":"","header-above-stick-meta":"","header-main-stick-meta":"","header-below-stick-meta":"","astra-migrate-meta-layouts":"set","ast-page-background-enabled":"default","ast-page-background-meta":{"desktop":{"background-color":"var(--ast-global-color-4)","background-image":"","background-repeat":"repeat","background-position":"center center","background-size":"auto","background-attachment":"scroll","background-type":"","background-media":"","overlay-type":"","overlay-color":"","overlay-opacity":"","overlay-gradient":""},"tablet":{"background-color":"","background-image":"","background-repeat":"repeat","background-position":"center center","background-size":"auto","background-attachment":"scroll","background-type":"","background-media":"","overlay-type":"","overlay-color":"","overlay-opacity":"","overlay-gradient":""},"mobile":{"background-color":"","background-image":"","background-repeat":"repeat","background-position":"center center","background-size":"auto","background-attachment":"scroll","background-type":"","background-media":"","overlay-type":"","overlay-color":"","overlay-opacity":"","overlay-gradient":""}},"ast-content-background-meta":{"desktop":{"background-color":"var(--ast-global-color-5)","background-image":"","background-repeat":"repeat","background-position":"center center","background-size":"auto","background-attachment":"scroll","background-type":"","background-media":"","overlay-type":"","overlay-color":"","overlay-opacity":"","overlay-gradient":""},"tablet":{"background-color":"var(--ast-global-color-5)","background-image":"","background-repeat":"repeat","background-position":"center center","background-size":"auto","background-attachment":"scroll","background-type":"","background-media":"","overlay-type":"","overlay-color":"","overlay-opacity":"","overlay-gradient":""},"mobile":{"background-color":"var(--ast-global-color-5)","background-image":"","background-repeat":"repeat","background-position":"center center","background-size":"auto","background-attachment":"scroll","background-type":"","background-media":"","overlay-type":"","overlay-color":"","overlay-opacity":"","overlay-gradient":""}}},"marca-hombre":[],"marca-interior-hombre":[],"marca-interior-mujer":[],"marca-mujer":[209],"product_brand":[],"product_cat":[51,18],"product_tag":[],"class_list":{"0":"post-9727","1":"product","2":"type-product","3":"status-publish","4":"has-post-thumbnail","6":"marca-mujer-hongo","7":"product_cat-chaquetas-mujer","8":"product_cat-mujer","9":"pa_tallaje-numerico-141","10":"desktop-align-left","11":"tablet-align-left","12":"mobile-align-left","14":"first","15":"instock","16":"sale","17":"taxable","18":"shipping-taxable","19":"purchasable","20":"product-type-variable"},"acf":[],"yoast_head":"<!-- This site is optimized with the Yoast SEO plugin v22.1 - https:\/\/yoast.com\/wordpress\/plugins\/seo\/ -->\n<title>Chaqueta HongoCollection gris cuello alto y bolsillos acolchados - MODA SABEL<\/title>\n<meta name=\"description\" content=\"Chaqueta gris HongoCollection con cuello alto y bolsillos acolchados. Dise\u00f1o elegante, c\u00e1lido y vers\u00e1til para mujer. (REF: 3X24-L217)\" \/>\n<meta name=\"robots\" content=\"index, follow, max-snippet:-1, max-image-preview:large, max-video-preview:-1\" \/>\n<link rel=\"canonical\" href=\"https:\/\/modasabel.com\/en\/producto\/chaqueta-hongocollection-gris-cuello-alto-3x24l217\/\" \/>\n<meta property=\"og:locale\" content=\"en_US\" \/>\n<meta property=\"og:type\" content=\"article\" \/>\n<meta property=\"og:title\" content=\"Chaqueta HongoCollection gris cuello alto y bolsillos acolchados - MODA SABEL\" \/>\n<meta property=\"og:description\" content=\"Chaqueta gris HongoCollection con cuello alto y bolsillos acolchados. Dise\u00f1o elegante, c\u00e1lido y vers\u00e1til para mujer. (REF: 3X24-L217)\" \/>\n<meta property=\"og:url\" content=\"https:\/\/modasabel.com\/en\/producto\/chaqueta-hongocollection-gris-cuello-alto-3x24l217\/\" \/>\n<meta property=\"og:site_name\" content=\"MODA SABEL\" \/>\n<meta property=\"article:modified_time\" content=\"2026-01-14T15:59:54+00:00\" \/>\n<meta property=\"og:image\" content=\"https:\/\/modasabel.com\/wp-content\/uploads\/2025\/10\/3x24-l217-_2-1.jpg\" \/>\n\t<meta property=\"og:image:width\" content=\"1500\" \/>\n\t<meta property=\"og:image:height\" content=\"2250\" \/>\n\t<meta property=\"og:image:type\" content=\"image\/jpeg\" \/>\n<meta name=\"twitter:card\" content=\"summary_large_image\" \/>\n<meta name=\"twitter:label1\" content=\"Est. reading time\" \/>\n\t<meta name=\"twitter:data1\" content=\"1 minute\" \/>\n<script type=\"application\/ld+json\" class=\"yoast-schema-graph\">{\"@context\":\"https:\/\/schema.org\",\"@graph\":[{\"@type\":\"WebPage\",\"@id\":\"https:\/\/modasabel.com\/en\/producto\/chaqueta-hongocollection-gris-cuello-alto-3x24l217\/\",\"url\":\"https:\/\/modasabel.com\/en\/producto\/chaqueta-hongocollection-gris-cuello-alto-3x24l217\/\",\"name\":\"Chaqueta HongoCollection gris cuello alto y bolsillos acolchados - MODA SABEL\",\"isPartOf\":{\"@id\":\"https:\/\/modasabel.com\/en\/#website\"},\"datePublished\":\"2025-10-30T16:06:53+00:00\",\"dateModified\":\"2026-01-14T15:59:54+00:00\",\"description\":\"Chaqueta gris HongoCollection con cuello alto y bolsillos acolchados. Dise\u00f1o elegante, c\u00e1lido y vers\u00e1til para mujer. (REF: 3X24-L217)\",\"breadcrumb\":{\"@id\":\"https:\/\/modasabel.com\/en\/producto\/chaqueta-hongocollection-gris-cuello-alto-3x24l217\/#breadcrumb\"},\"inLanguage\":\"en-US\",\"potentialAction\":[{\"@type\":\"ReadAction\",\"target\":[\"https:\/\/modasabel.com\/en\/producto\/chaqueta-hongocollection-gris-cuello-alto-3x24l217\/\"]}]},{\"@type\":\"BreadcrumbList\",\"@id\":\"https:\/\/modasabel.com\/en\/producto\/chaqueta-hongocollection-gris-cuello-alto-3x24l217\/#breadcrumb\",\"itemListElement\":[{\"@type\":\"ListItem\",\"position\":1,\"name\":\"Inicio\",\"item\":\"https:\/\/modasabel.com\/en\/\"},{\"@type\":\"ListItem\",\"position\":2,\"name\":\"Tienda\",\"item\":\"https:\/\/modasabel.com\/tienda\/\"},{\"@type\":\"ListItem\",\"position\":3,\"name\":\"Chaqueta HongoCollection gris cuello alto y bolsillos acolchados\"}]},{\"@type\":\"WebSite\",\"@id\":\"https:\/\/modasabel.com\/en\/#website\",\"url\":\"https:\/\/modasabel.com\/en\/\",\"name\":\"MODA SABEL\",\"description\":\"Marcas de ropa hombre y mujer\",\"potentialAction\":[{\"@type\":\"SearchAction\",\"target\":{\"@type\":\"EntryPoint\",\"urlTemplate\":\"https:\/\/modasabel.com\/en\/?s={search_term_string}\"},\"query-input\":\"required name=search_term_string\"}],\"inLanguage\":\"en-US\"}]}<\/script>\n<!-- \/ Yoast SEO plugin. -->","yoast_head_json":{"title":"Chaqueta HongoCollection gris cuello alto y bolsillos acolchados - MODA SABEL","description":"Chaqueta gris HongoCollection con cuello alto y bolsillos acolchados. Dise\u00f1o elegante, c\u00e1lido y vers\u00e1til para mujer. (REF: 3X24-L217)","robots":{"index":"index","follow":"follow","max-snippet":"max-snippet:-1","max-image-preview":"max-image-preview:large","max-video-preview":"max-video-preview:-1"},"canonical":"https:\/\/modasabel.com\/en\/producto\/chaqueta-hongocollection-gris-cuello-alto-3x24l217\/","og_locale":"en_US","og_type":"article","og_title":"Chaqueta HongoCollection gris cuello alto y bolsillos acolchados - MODA SABEL","og_description":"Chaqueta gris HongoCollection con cuello alto y bolsillos acolchados. Dise\u00f1o elegante, c\u00e1lido y vers\u00e1til para mujer. (REF: 3X24-L217)","og_url":"https:\/\/modasabel.com\/en\/producto\/chaqueta-hongocollection-gris-cuello-alto-3x24l217\/","og_site_name":"MODA SABEL","article_modified_time":"2026-01-14T15:59:54+00:00","og_image":[{"width":1500,"height":2250,"url":"https:\/\/modasabel.com\/wp-content\/uploads\/2025\/10\/3x24-l217-_2-1.jpg","type":"image\/jpeg"}],"twitter_card":"summary_large_image","twitter_misc":{"Est. reading time":"1 minute"},"schema":{"@context":"https:\/\/schema.org","@graph":[{"@type":"WebPage","@id":"https:\/\/modasabel.com\/en\/producto\/chaqueta-hongocollection-gris-cuello-alto-3x24l217\/","url":"https:\/\/modasabel.com\/en\/producto\/chaqueta-hongocollection-gris-cuello-alto-3x24l217\/","name":"Chaqueta HongoCollection gris cuello alto y bolsillos acolchados - MODA SABEL","isPartOf":{"@id":"https:\/\/modasabel.com\/en\/#website"},"datePublished":"2025-10-30T16:06:53+00:00","dateModified":"2026-01-14T15:59:54+00:00","description":"Chaqueta gris HongoCollection con cuello alto y bolsillos acolchados. Dise\u00f1o elegante, c\u00e1lido y vers\u00e1til para mujer. (REF: 3X24-L217)","breadcrumb":{"@id":"https:\/\/modasabel.com\/en\/producto\/chaqueta-hongocollection-gris-cuello-alto-3x24l217\/#breadcrumb"},"inLanguage":"en-US","potentialAction":[{"@type":"ReadAction","target":["https:\/\/modasabel.com\/en\/producto\/chaqueta-hongocollection-gris-cuello-alto-3x24l217\/"]}]},{"@type":"BreadcrumbList","@id":"https:\/\/modasabel.com\/en\/producto\/chaqueta-hongocollection-gris-cuello-alto-3x24l217\/#breadcrumb","itemListElement":[{"@type":"ListItem","position":1,"name":"Inicio","item":"https:\/\/modasabel.com\/en\/"},{"@type":"ListItem","position":2,"name":"Tienda","item":"https:\/\/modasabel.com\/tienda\/"},{"@type":"ListItem","position":3,"name":"Chaqueta HongoCollection gris cuello alto y bolsillos acolchados"}]},{"@type":"WebSite","@id":"https:\/\/modasabel.com\/en\/#website","url":"https:\/\/modasabel.com\/en\/","name":"MODA SABEL","description":"Marcas de ropa hombre y mujer","potentialAction":[{"@type":"SearchAction","target":{"@type":"EntryPoint","urlTemplate":"https:\/\/modasabel.com\/en\/?s={search_term_string}"},"query-input":"required name=search_term_string"}],"inLanguage":"en-US"}]}},"_links":{"self":[{"href":"https:\/\/modasabel.com\/en\/wp-json\/wp\/v2\/product\/9727","targetHints":{"allow":["GET"]}}],"collection":[{"href":"https:\/\/modasabel.com\/en\/wp-json\/wp\/v2\/product"}],"about":[{"href":"https:\/\/modasabel.com\/en\/wp-json\/wp\/v2\/types\/product"}],"replies":[{"embeddable":true,"href":"https:\/\/modasabel.com\/en\/wp-json\/wp\/v2\/comments?post=9727"}],"wp:featuredmedia":[{"embeddable":true,"href":"https:\/\/modasabel.com\/en\/wp-json\/wp\/v2\/media\/9715"}],"wp:attachment":[{"href":"https:\/\/modasabel.com\/en\/wp-json\/wp\/v2\/media?parent=9727"}],"wp:term":[{"taxonomy":"marca-hombre","embeddable":true,"href":"https:\/\/modasabel.com\/en\/wp-json\/wp\/v2\/marca-hombre?post=9727"},{"taxonomy":"marca-interior-hombre","embeddable":true,"href":"https:\/\/modasabel.com\/en\/wp-json\/wp\/v2\/marca-interior-hombre?post=9727"},{"taxonomy":"marca-interior-mujer","embeddable":true,"href":"https:\/\/modasabel.com\/en\/wp-json\/wp\/v2\/marca-interior-mujer?post=9727"},{"taxonomy":"marca-mujer","embeddable":true,"href":"https:\/\/modasabel.com\/en\/wp-json\/wp\/v2\/marca-mujer?post=9727"},{"taxonomy":"product_brand","embeddable":true,"href":"https:\/\/modasabel.com\/en\/wp-json\/wp\/v2\/product_brand?post=9727"},{"taxonomy":"product_cat","embeddable":true,"href":"https:\/\/modasabel.com\/en\/wp-json\/wp\/v2\/product_cat?post=9727"},{"taxonomy":"product_tag","embeddable":true,"href":"https:\/\/modasabel.com\/en\/wp-json\/wp\/v2\/product_tag?post=9727"}],"curies":[{"name":"wp","href":"https:\/\/api.w.org\/{rel}","templated":true}]}}