{"id":9685,"date":"2025-10-30T12:24:19","date_gmt":"2025-10-30T11:24:19","guid":{"rendered":"https:\/\/modasabel.com\/?post_type=product&#038;p=9685"},"modified":"2026-01-14T11:40:41","modified_gmt":"2026-01-14T10:40:41","slug":"maxi-bufanda-yerse-lana-crudo","status":"publish","type":"product","link":"https:\/\/modasabel.com\/en\/producto\/maxi-bufanda-yerse-lana-crudo\/","title":{"rendered":"Maxi bufanda Yerse con lana crudo | REF: 43908"},"content":{"rendered":"<p data-start=\"62\" data-end=\"536\">La <strong data-start=\"84\" data-end=\"130\">maxi bufanda Yerse con lana en color crudo<\/strong> es el complemento perfecto para los d\u00edas fr\u00edos. Su tejido mezcla con <strong data-start=\"200\" data-end=\"242\">40% lana, 40% acr\u00edlico y 20% poliamida<\/strong> ofrece una textura c\u00e1lida y muy suave al tacto. Con un dise\u00f1o amplio de <strong data-start=\"315\" data-end=\"328\">200&#215;45 cm<\/strong>, acabado en <strong data-start=\"341\" data-end=\"351\">flecos<\/strong> y detalle del logo met\u00e1lico de la marca, combina estilo y confort a la perfecci\u00f3n. Ideal para llevar sobre abrigos o jerseys, aportando un toque elegante y acogedor a cualquier look.<\/p>\n<p data-start=\"538\" data-end=\"596\">\ud83d\udcf1 M\u00e1s informaci\u00f3n o pedidos por WhatsApp: <strong data-start=\"581\" data-end=\"596\">622 491 371<\/strong><\/p>\n","protected":false},"excerpt":{"rendered":"<p>La maxi bufanda Yerse con lana en color crudo es el complemento perfecto para los d\u00edas fr\u00edos. Su tejido mezcla con 40% lana, 40% acr\u00edlico y 20% poliamida ofrece una textura c\u00e1lida y muy suave al tacto. Con un dise\u00f1o amplio de 200&#215;45 cm, acabado en flecos y detalle del logo met\u00e1lico de la marca, [&hellip;]<\/p>\n","protected":false},"featured_media":9687,"comment_status":"closed","ping_status":"closed","template":"","meta":{"_acf_changed":false,"site-sidebar-layout":"default","site-content-layout":"","ast-site-content-layout":"default","site-content-style":"default","site-sidebar-style":"default","ast-global-header-display":"","ast-banner-title-visibility":"","ast-main-header-display":"","ast-hfb-above-header-display":"","ast-hfb-below-header-display":"","ast-hfb-mobile-header-display":"","site-post-title":"","ast-breadcrumbs-content":"","ast-featured-img":"","footer-sml-layout":"","ast-disable-related-posts":"","theme-transparent-header-meta":"default","adv-header-id-meta":"","stick-header-meta":"","header-above-stick-meta":"","header-main-stick-meta":"","header-below-stick-meta":"","astra-migrate-meta-layouts":"set","ast-page-background-enabled":"default","ast-page-background-meta":{"desktop":{"background-color":"var(--ast-global-color-4)","background-image":"","background-repeat":"repeat","background-position":"center center","background-size":"auto","background-attachment":"scroll","background-type":"","background-media":"","overlay-type":"","overlay-color":"","overlay-opacity":"","overlay-gradient":""},"tablet":{"background-color":"","background-image":"","background-repeat":"repeat","background-position":"center center","background-size":"auto","background-attachment":"scroll","background-type":"","background-media":"","overlay-type":"","overlay-color":"","overlay-opacity":"","overlay-gradient":""},"mobile":{"background-color":"","background-image":"","background-repeat":"repeat","background-position":"center center","background-size":"auto","background-attachment":"scroll","background-type":"","background-media":"","overlay-type":"","overlay-color":"","overlay-opacity":"","overlay-gradient":""}},"ast-content-background-meta":{"desktop":{"background-color":"var(--ast-global-color-5)","background-image":"","background-repeat":"repeat","background-position":"center center","background-size":"auto","background-attachment":"scroll","background-type":"","background-media":"","overlay-type":"","overlay-color":"","overlay-opacity":"","overlay-gradient":""},"tablet":{"background-color":"var(--ast-global-color-5)","background-image":"","background-repeat":"repeat","background-position":"center center","background-size":"auto","background-attachment":"scroll","background-type":"","background-media":"","overlay-type":"","overlay-color":"","overlay-opacity":"","overlay-gradient":""},"mobile":{"background-color":"var(--ast-global-color-5)","background-image":"","background-repeat":"repeat","background-position":"center center","background-size":"auto","background-attachment":"scroll","background-type":"","background-media":"","overlay-type":"","overlay-color":"","overlay-opacity":"","overlay-gradient":""}}},"marca-hombre":[],"marca-interior-hombre":[],"marca-interior-mujer":[],"marca-mujer":[204],"product_brand":[],"product_cat":[54,18],"product_tag":[],"class_list":{"0":"post-9685","1":"product","2":"type-product","3":"status-publish","4":"has-post-thumbnail","6":"marca-mujer-yerse","7":"product_cat-complementos","8":"product_cat-mujer","9":"pa_tallas-camisetas-unica","10":"desktop-align-left","11":"tablet-align-left","12":"mobile-align-left","14":"first","15":"instock","16":"sale","17":"taxable","18":"shipping-taxable","19":"purchasable","20":"product-type-variable"},"acf":[],"yoast_head":"<!-- This site is optimized with the Yoast SEO plugin v22.1 - https:\/\/yoast.com\/wordpress\/plugins\/seo\/ -->\n<title>Maxi bufanda Yerse con lana crudo | REF: 43908 - MODA SABEL<\/title>\n<meta name=\"description\" content=\"Maxi bufanda Yerse con lana color crudo, textura suave, flecos decorativos y logo met\u00e1lico. Medidas 200x45 cm. 40% lana, 40% acr\u00edlico y 20% poliamida\" \/>\n<meta name=\"robots\" content=\"index, follow, max-snippet:-1, max-image-preview:large, max-video-preview:-1\" \/>\n<link rel=\"canonical\" href=\"https:\/\/modasabel.com\/en\/producto\/maxi-bufanda-yerse-lana-crudo\/\" \/>\n<meta property=\"og:locale\" content=\"en_US\" \/>\n<meta property=\"og:type\" content=\"article\" \/>\n<meta property=\"og:title\" content=\"Maxi bufanda Yerse con lana crudo | REF: 43908 - MODA SABEL\" \/>\n<meta property=\"og:description\" content=\"Maxi bufanda Yerse con lana color crudo, textura suave, flecos decorativos y logo met\u00e1lico. Medidas 200x45 cm. 40% lana, 40% acr\u00edlico y 20% poliamida\" \/>\n<meta property=\"og:url\" content=\"https:\/\/modasabel.com\/en\/producto\/maxi-bufanda-yerse-lana-crudo\/\" \/>\n<meta property=\"og:site_name\" content=\"MODA SABEL\" \/>\n<meta property=\"article:modified_time\" content=\"2026-01-14T10:40:41+00:00\" \/>\n<meta property=\"og:image\" content=\"https:\/\/modasabel.com\/wp-content\/uploads\/2025\/10\/43908_002-1adl-1.jpg\" \/>\n\t<meta property=\"og:image:width\" content=\"1200\" \/>\n\t<meta property=\"og:image:height\" content=\"1489\" \/>\n\t<meta property=\"og:image:type\" content=\"image\/jpeg\" \/>\n<meta name=\"twitter:card\" content=\"summary_large_image\" \/>\n<meta name=\"twitter:label1\" content=\"Est. reading time\" \/>\n\t<meta name=\"twitter:data1\" content=\"1 minute\" \/>\n<script type=\"application\/ld+json\" class=\"yoast-schema-graph\">{\"@context\":\"https:\/\/schema.org\",\"@graph\":[{\"@type\":\"WebPage\",\"@id\":\"https:\/\/modasabel.com\/en\/producto\/maxi-bufanda-yerse-lana-crudo\/\",\"url\":\"https:\/\/modasabel.com\/en\/producto\/maxi-bufanda-yerse-lana-crudo\/\",\"name\":\"Maxi bufanda Yerse con lana crudo | REF: 43908 - MODA SABEL\",\"isPartOf\":{\"@id\":\"https:\/\/modasabel.com\/en\/#website\"},\"datePublished\":\"2025-10-30T11:24:19+00:00\",\"dateModified\":\"2026-01-14T10:40:41+00:00\",\"description\":\"Maxi bufanda Yerse con lana color crudo, textura suave, flecos decorativos y logo met\u00e1lico. Medidas 200x45 cm. 40% lana, 40% acr\u00edlico y 20% poliamida\",\"breadcrumb\":{\"@id\":\"https:\/\/modasabel.com\/en\/producto\/maxi-bufanda-yerse-lana-crudo\/#breadcrumb\"},\"inLanguage\":\"en-US\",\"potentialAction\":[{\"@type\":\"ReadAction\",\"target\":[\"https:\/\/modasabel.com\/en\/producto\/maxi-bufanda-yerse-lana-crudo\/\"]}]},{\"@type\":\"BreadcrumbList\",\"@id\":\"https:\/\/modasabel.com\/en\/producto\/maxi-bufanda-yerse-lana-crudo\/#breadcrumb\",\"itemListElement\":[{\"@type\":\"ListItem\",\"position\":1,\"name\":\"Inicio\",\"item\":\"https:\/\/modasabel.com\/en\/\"},{\"@type\":\"ListItem\",\"position\":2,\"name\":\"Tienda\",\"item\":\"https:\/\/modasabel.com\/tienda\/\"},{\"@type\":\"ListItem\",\"position\":3,\"name\":\"Maxi bufanda Yerse con lana crudo | REF: 43908\"}]},{\"@type\":\"WebSite\",\"@id\":\"https:\/\/modasabel.com\/en\/#website\",\"url\":\"https:\/\/modasabel.com\/en\/\",\"name\":\"MODA SABEL\",\"description\":\"Marcas de ropa hombre y mujer\",\"potentialAction\":[{\"@type\":\"SearchAction\",\"target\":{\"@type\":\"EntryPoint\",\"urlTemplate\":\"https:\/\/modasabel.com\/en\/?s={search_term_string}\"},\"query-input\":\"required name=search_term_string\"}],\"inLanguage\":\"en-US\"}]}<\/script>\n<!-- \/ Yoast SEO plugin. -->","yoast_head_json":{"title":"Maxi bufanda Yerse con lana crudo | REF: 43908 - MODA SABEL","description":"Maxi bufanda Yerse con lana color crudo, textura suave, flecos decorativos y logo met\u00e1lico. Medidas 200x45 cm. 40% lana, 40% acr\u00edlico y 20% poliamida","robots":{"index":"index","follow":"follow","max-snippet":"max-snippet:-1","max-image-preview":"max-image-preview:large","max-video-preview":"max-video-preview:-1"},"canonical":"https:\/\/modasabel.com\/en\/producto\/maxi-bufanda-yerse-lana-crudo\/","og_locale":"en_US","og_type":"article","og_title":"Maxi bufanda Yerse con lana crudo | REF: 43908 - MODA SABEL","og_description":"Maxi bufanda Yerse con lana color crudo, textura suave, flecos decorativos y logo met\u00e1lico. Medidas 200x45 cm. 40% lana, 40% acr\u00edlico y 20% poliamida","og_url":"https:\/\/modasabel.com\/en\/producto\/maxi-bufanda-yerse-lana-crudo\/","og_site_name":"MODA SABEL","article_modified_time":"2026-01-14T10:40:41+00:00","og_image":[{"width":1200,"height":1489,"url":"https:\/\/modasabel.com\/wp-content\/uploads\/2025\/10\/43908_002-1adl-1.jpg","type":"image\/jpeg"}],"twitter_card":"summary_large_image","twitter_misc":{"Est. reading time":"1 minute"},"schema":{"@context":"https:\/\/schema.org","@graph":[{"@type":"WebPage","@id":"https:\/\/modasabel.com\/en\/producto\/maxi-bufanda-yerse-lana-crudo\/","url":"https:\/\/modasabel.com\/en\/producto\/maxi-bufanda-yerse-lana-crudo\/","name":"Maxi bufanda Yerse con lana crudo | REF: 43908 - MODA SABEL","isPartOf":{"@id":"https:\/\/modasabel.com\/en\/#website"},"datePublished":"2025-10-30T11:24:19+00:00","dateModified":"2026-01-14T10:40:41+00:00","description":"Maxi bufanda Yerse con lana color crudo, textura suave, flecos decorativos y logo met\u00e1lico. Medidas 200x45 cm. 40% lana, 40% acr\u00edlico y 20% poliamida","breadcrumb":{"@id":"https:\/\/modasabel.com\/en\/producto\/maxi-bufanda-yerse-lana-crudo\/#breadcrumb"},"inLanguage":"en-US","potentialAction":[{"@type":"ReadAction","target":["https:\/\/modasabel.com\/en\/producto\/maxi-bufanda-yerse-lana-crudo\/"]}]},{"@type":"BreadcrumbList","@id":"https:\/\/modasabel.com\/en\/producto\/maxi-bufanda-yerse-lana-crudo\/#breadcrumb","itemListElement":[{"@type":"ListItem","position":1,"name":"Inicio","item":"https:\/\/modasabel.com\/en\/"},{"@type":"ListItem","position":2,"name":"Tienda","item":"https:\/\/modasabel.com\/tienda\/"},{"@type":"ListItem","position":3,"name":"Maxi bufanda Yerse con lana crudo | REF: 43908"}]},{"@type":"WebSite","@id":"https:\/\/modasabel.com\/en\/#website","url":"https:\/\/modasabel.com\/en\/","name":"MODA SABEL","description":"Marcas de ropa hombre y mujer","potentialAction":[{"@type":"SearchAction","target":{"@type":"EntryPoint","urlTemplate":"https:\/\/modasabel.com\/en\/?s={search_term_string}"},"query-input":"required name=search_term_string"}],"inLanguage":"en-US"}]}},"_links":{"self":[{"href":"https:\/\/modasabel.com\/en\/wp-json\/wp\/v2\/product\/9685","targetHints":{"allow":["GET"]}}],"collection":[{"href":"https:\/\/modasabel.com\/en\/wp-json\/wp\/v2\/product"}],"about":[{"href":"https:\/\/modasabel.com\/en\/wp-json\/wp\/v2\/types\/product"}],"replies":[{"embeddable":true,"href":"https:\/\/modasabel.com\/en\/wp-json\/wp\/v2\/comments?post=9685"}],"wp:featuredmedia":[{"embeddable":true,"href":"https:\/\/modasabel.com\/en\/wp-json\/wp\/v2\/media\/9687"}],"wp:attachment":[{"href":"https:\/\/modasabel.com\/en\/wp-json\/wp\/v2\/media?parent=9685"}],"wp:term":[{"taxonomy":"marca-hombre","embeddable":true,"href":"https:\/\/modasabel.com\/en\/wp-json\/wp\/v2\/marca-hombre?post=9685"},{"taxonomy":"marca-interior-hombre","embeddable":true,"href":"https:\/\/modasabel.com\/en\/wp-json\/wp\/v2\/marca-interior-hombre?post=9685"},{"taxonomy":"marca-interior-mujer","embeddable":true,"href":"https:\/\/modasabel.com\/en\/wp-json\/wp\/v2\/marca-interior-mujer?post=9685"},{"taxonomy":"marca-mujer","embeddable":true,"href":"https:\/\/modasabel.com\/en\/wp-json\/wp\/v2\/marca-mujer?post=9685"},{"taxonomy":"product_brand","embeddable":true,"href":"https:\/\/modasabel.com\/en\/wp-json\/wp\/v2\/product_brand?post=9685"},{"taxonomy":"product_cat","embeddable":true,"href":"https:\/\/modasabel.com\/en\/wp-json\/wp\/v2\/product_cat?post=9685"},{"taxonomy":"product_tag","embeddable":true,"href":"https:\/\/modasabel.com\/en\/wp-json\/wp\/v2\/product_tag?post=9685"}],"curies":[{"name":"wp","href":"https:\/\/api.w.org\/{rel}","templated":true}]}}