{"id":9652,"date":"2025-10-30T11:35:24","date_gmt":"2025-10-30T10:35:24","guid":{"rendered":"https:\/\/modasabel.com\/?post_type=product&#038;p=9652"},"modified":"2026-01-14T11:40:41","modified_gmt":"2026-01-14T10:40:41","slug":"chaleco-yerse-water-repellent-berenjena","status":"publish","type":"product","link":"https:\/\/modasabel.com\/en\/producto\/chaleco-yerse-water-repellent-berenjena\/","title":{"rendered":"Chaleco Yerse Water Repellent berenjena | REF: 43808"},"content":{"rendered":"<p data-start=\"68\" data-end=\"605\">El <strong data-start=\"90\" data-end=\"133\">chaleco Yerse Water Repellent berenjena<\/strong> es una prenda pr\u00e1ctica y moderna dise\u00f1ada para protegerte del fr\u00edo y la humedad con estilo. Su tejido exterior repelente al agua, confeccionado en <strong data-start=\"281\" data-end=\"309\">100% poliamida reciclada<\/strong>, garantiza resistencia y sostenibilidad. Adem\u00e1s, su relleno de <strong data-start=\"373\" data-end=\"396\">poli\u00e9ster reciclado<\/strong> ofrece ligereza y calidez sin a\u00f1adir volumen. Con cierre de botones a presi\u00f3n, bolsillo delantero y un favorecedor color berenjena, es ideal para llevar sobre jers\u00e9is o camisetas en los d\u00edas de entretiempo.<\/p>\n<p data-start=\"607\" data-end=\"665\">\ud83d\udcf1 M\u00e1s informaci\u00f3n o pedidos por WhatsApp: <strong data-start=\"650\" data-end=\"665\">622 491 371<\/strong><\/p>\n","protected":false},"excerpt":{"rendered":"<p>El chaleco Yerse Water Repellent berenjena es una prenda pr\u00e1ctica y moderna dise\u00f1ada para protegerte del fr\u00edo y la humedad con estilo. Su tejido exterior repelente al agua, confeccionado en 100% poliamida reciclada, garantiza resistencia y sostenibilidad. Adem\u00e1s, su relleno de poli\u00e9ster reciclado ofrece ligereza y calidez sin a\u00f1adir volumen. Con cierre de botones a [&hellip;]<\/p>\n","protected":false},"featured_media":9654,"comment_status":"closed","ping_status":"closed","template":"","meta":{"_acf_changed":false,"site-sidebar-layout":"default","site-content-layout":"","ast-site-content-layout":"default","site-content-style":"default","site-sidebar-style":"default","ast-global-header-display":"","ast-banner-title-visibility":"","ast-main-header-display":"","ast-hfb-above-header-display":"","ast-hfb-below-header-display":"","ast-hfb-mobile-header-display":"","site-post-title":"","ast-breadcrumbs-content":"","ast-featured-img":"","footer-sml-layout":"","ast-disable-related-posts":"","theme-transparent-header-meta":"default","adv-header-id-meta":"","stick-header-meta":"","header-above-stick-meta":"","header-main-stick-meta":"","header-below-stick-meta":"","astra-migrate-meta-layouts":"set","ast-page-background-enabled":"default","ast-page-background-meta":{"desktop":{"background-color":"var(--ast-global-color-4)","background-image":"","background-repeat":"repeat","background-position":"center center","background-size":"auto","background-attachment":"scroll","background-type":"","background-media":"","overlay-type":"","overlay-color":"","overlay-opacity":"","overlay-gradient":""},"tablet":{"background-color":"","background-image":"","background-repeat":"repeat","background-position":"center center","background-size":"auto","background-attachment":"scroll","background-type":"","background-media":"","overlay-type":"","overlay-color":"","overlay-opacity":"","overlay-gradient":""},"mobile":{"background-color":"","background-image":"","background-repeat":"repeat","background-position":"center center","background-size":"auto","background-attachment":"scroll","background-type":"","background-media":"","overlay-type":"","overlay-color":"","overlay-opacity":"","overlay-gradient":""}},"ast-content-background-meta":{"desktop":{"background-color":"var(--ast-global-color-5)","background-image":"","background-repeat":"repeat","background-position":"center center","background-size":"auto","background-attachment":"scroll","background-type":"","background-media":"","overlay-type":"","overlay-color":"","overlay-opacity":"","overlay-gradient":""},"tablet":{"background-color":"var(--ast-global-color-5)","background-image":"","background-repeat":"repeat","background-position":"center center","background-size":"auto","background-attachment":"scroll","background-type":"","background-media":"","overlay-type":"","overlay-color":"","overlay-opacity":"","overlay-gradient":""},"mobile":{"background-color":"var(--ast-global-color-5)","background-image":"","background-repeat":"repeat","background-position":"center center","background-size":"auto","background-attachment":"scroll","background-type":"","background-media":"","overlay-type":"","overlay-color":"","overlay-opacity":"","overlay-gradient":""}}},"marca-hombre":[],"marca-interior-hombre":[],"marca-interior-mujer":[],"marca-mujer":[204],"product_brand":[],"product_cat":[51,18],"product_tag":[],"class_list":{"0":"post-9652","1":"product","2":"type-product","3":"status-publish","4":"has-post-thumbnail","6":"marca-mujer-yerse","7":"product_cat-chaquetas-mujer","8":"product_cat-mujer","9":"pa_tallas-camisetas-m","10":"desktop-align-left","11":"tablet-align-left","12":"mobile-align-left","14":"first","15":"instock","16":"sale","17":"taxable","18":"shipping-taxable","19":"purchasable","20":"product-type-variable"},"acf":[],"yoast_head":"<!-- This site is optimized with the Yoast SEO plugin v22.1 - https:\/\/yoast.com\/wordpress\/plugins\/seo\/ -->\n<title>Chaleco Yerse Water Repellent berenjena | REF: 43808 - MODA SABEL<\/title>\n<meta name=\"description\" content=\"Chaleco Yerse Water Repellent berenjena de poliamida reciclada, ligero, c\u00e1lido y repelente al agua. Ideal para entretiempo.\" \/>\n<meta name=\"robots\" content=\"index, follow, max-snippet:-1, max-image-preview:large, max-video-preview:-1\" \/>\n<link rel=\"canonical\" href=\"https:\/\/modasabel.com\/en\/producto\/chaleco-yerse-water-repellent-berenjena\/\" \/>\n<meta property=\"og:locale\" content=\"en_US\" \/>\n<meta property=\"og:type\" content=\"article\" \/>\n<meta property=\"og:title\" content=\"Chaleco Yerse Water Repellent berenjena | REF: 43808 - MODA SABEL\" \/>\n<meta property=\"og:description\" content=\"Chaleco Yerse Water Repellent berenjena de poliamida reciclada, ligero, c\u00e1lido y repelente al agua. Ideal para entretiempo.\" \/>\n<meta property=\"og:url\" content=\"https:\/\/modasabel.com\/en\/producto\/chaleco-yerse-water-repellent-berenjena\/\" \/>\n<meta property=\"og:site_name\" content=\"MODA SABEL\" \/>\n<meta property=\"article:modified_time\" content=\"2026-01-14T10:40:41+00:00\" \/>\n<meta property=\"og:image\" content=\"https:\/\/modasabel.com\/wp-content\/uploads\/2025\/10\/43808_085_02_l.jpg\" \/>\n\t<meta property=\"og:image:width\" content=\"1200\" \/>\n\t<meta property=\"og:image:height\" content=\"1489\" \/>\n\t<meta property=\"og:image:type\" content=\"image\/jpeg\" \/>\n<meta name=\"twitter:card\" content=\"summary_large_image\" \/>\n<meta name=\"twitter:label1\" content=\"Est. reading time\" \/>\n\t<meta name=\"twitter:data1\" content=\"1 minute\" \/>\n<script type=\"application\/ld+json\" class=\"yoast-schema-graph\">{\"@context\":\"https:\/\/schema.org\",\"@graph\":[{\"@type\":\"WebPage\",\"@id\":\"https:\/\/modasabel.com\/en\/producto\/chaleco-yerse-water-repellent-berenjena\/\",\"url\":\"https:\/\/modasabel.com\/en\/producto\/chaleco-yerse-water-repellent-berenjena\/\",\"name\":\"Chaleco Yerse Water Repellent berenjena | REF: 43808 - MODA SABEL\",\"isPartOf\":{\"@id\":\"https:\/\/modasabel.com\/en\/#website\"},\"datePublished\":\"2025-10-30T10:35:24+00:00\",\"dateModified\":\"2026-01-14T10:40:41+00:00\",\"description\":\"Chaleco Yerse Water Repellent berenjena de poliamida reciclada, ligero, c\u00e1lido y repelente al agua. Ideal para entretiempo.\",\"breadcrumb\":{\"@id\":\"https:\/\/modasabel.com\/en\/producto\/chaleco-yerse-water-repellent-berenjena\/#breadcrumb\"},\"inLanguage\":\"en-US\",\"potentialAction\":[{\"@type\":\"ReadAction\",\"target\":[\"https:\/\/modasabel.com\/en\/producto\/chaleco-yerse-water-repellent-berenjena\/\"]}]},{\"@type\":\"BreadcrumbList\",\"@id\":\"https:\/\/modasabel.com\/en\/producto\/chaleco-yerse-water-repellent-berenjena\/#breadcrumb\",\"itemListElement\":[{\"@type\":\"ListItem\",\"position\":1,\"name\":\"Inicio\",\"item\":\"https:\/\/modasabel.com\/en\/\"},{\"@type\":\"ListItem\",\"position\":2,\"name\":\"Tienda\",\"item\":\"https:\/\/modasabel.com\/tienda\/\"},{\"@type\":\"ListItem\",\"position\":3,\"name\":\"Chaleco Yerse Water Repellent berenjena | REF: 43808\"}]},{\"@type\":\"WebSite\",\"@id\":\"https:\/\/modasabel.com\/en\/#website\",\"url\":\"https:\/\/modasabel.com\/en\/\",\"name\":\"MODA SABEL\",\"description\":\"Marcas de ropa hombre y mujer\",\"potentialAction\":[{\"@type\":\"SearchAction\",\"target\":{\"@type\":\"EntryPoint\",\"urlTemplate\":\"https:\/\/modasabel.com\/en\/?s={search_term_string}\"},\"query-input\":\"required name=search_term_string\"}],\"inLanguage\":\"en-US\"}]}<\/script>\n<!-- \/ Yoast SEO plugin. -->","yoast_head_json":{"title":"Chaleco Yerse Water Repellent berenjena | REF: 43808 - MODA SABEL","description":"Chaleco Yerse Water Repellent berenjena de poliamida reciclada, ligero, c\u00e1lido y repelente al agua. Ideal para entretiempo.","robots":{"index":"index","follow":"follow","max-snippet":"max-snippet:-1","max-image-preview":"max-image-preview:large","max-video-preview":"max-video-preview:-1"},"canonical":"https:\/\/modasabel.com\/en\/producto\/chaleco-yerse-water-repellent-berenjena\/","og_locale":"en_US","og_type":"article","og_title":"Chaleco Yerse Water Repellent berenjena | REF: 43808 - MODA SABEL","og_description":"Chaleco Yerse Water Repellent berenjena de poliamida reciclada, ligero, c\u00e1lido y repelente al agua. Ideal para entretiempo.","og_url":"https:\/\/modasabel.com\/en\/producto\/chaleco-yerse-water-repellent-berenjena\/","og_site_name":"MODA SABEL","article_modified_time":"2026-01-14T10:40:41+00:00","og_image":[{"width":1200,"height":1489,"url":"https:\/\/modasabel.com\/wp-content\/uploads\/2025\/10\/43808_085_02_l.jpg","type":"image\/jpeg"}],"twitter_card":"summary_large_image","twitter_misc":{"Est. reading time":"1 minute"},"schema":{"@context":"https:\/\/schema.org","@graph":[{"@type":"WebPage","@id":"https:\/\/modasabel.com\/en\/producto\/chaleco-yerse-water-repellent-berenjena\/","url":"https:\/\/modasabel.com\/en\/producto\/chaleco-yerse-water-repellent-berenjena\/","name":"Chaleco Yerse Water Repellent berenjena | REF: 43808 - MODA SABEL","isPartOf":{"@id":"https:\/\/modasabel.com\/en\/#website"},"datePublished":"2025-10-30T10:35:24+00:00","dateModified":"2026-01-14T10:40:41+00:00","description":"Chaleco Yerse Water Repellent berenjena de poliamida reciclada, ligero, c\u00e1lido y repelente al agua. Ideal para entretiempo.","breadcrumb":{"@id":"https:\/\/modasabel.com\/en\/producto\/chaleco-yerse-water-repellent-berenjena\/#breadcrumb"},"inLanguage":"en-US","potentialAction":[{"@type":"ReadAction","target":["https:\/\/modasabel.com\/en\/producto\/chaleco-yerse-water-repellent-berenjena\/"]}]},{"@type":"BreadcrumbList","@id":"https:\/\/modasabel.com\/en\/producto\/chaleco-yerse-water-repellent-berenjena\/#breadcrumb","itemListElement":[{"@type":"ListItem","position":1,"name":"Inicio","item":"https:\/\/modasabel.com\/en\/"},{"@type":"ListItem","position":2,"name":"Tienda","item":"https:\/\/modasabel.com\/tienda\/"},{"@type":"ListItem","position":3,"name":"Chaleco Yerse Water Repellent berenjena | REF: 43808"}]},{"@type":"WebSite","@id":"https:\/\/modasabel.com\/en\/#website","url":"https:\/\/modasabel.com\/en\/","name":"MODA SABEL","description":"Marcas de ropa hombre y mujer","potentialAction":[{"@type":"SearchAction","target":{"@type":"EntryPoint","urlTemplate":"https:\/\/modasabel.com\/en\/?s={search_term_string}"},"query-input":"required name=search_term_string"}],"inLanguage":"en-US"}]}},"_links":{"self":[{"href":"https:\/\/modasabel.com\/en\/wp-json\/wp\/v2\/product\/9652","targetHints":{"allow":["GET"]}}],"collection":[{"href":"https:\/\/modasabel.com\/en\/wp-json\/wp\/v2\/product"}],"about":[{"href":"https:\/\/modasabel.com\/en\/wp-json\/wp\/v2\/types\/product"}],"replies":[{"embeddable":true,"href":"https:\/\/modasabel.com\/en\/wp-json\/wp\/v2\/comments?post=9652"}],"wp:featuredmedia":[{"embeddable":true,"href":"https:\/\/modasabel.com\/en\/wp-json\/wp\/v2\/media\/9654"}],"wp:attachment":[{"href":"https:\/\/modasabel.com\/en\/wp-json\/wp\/v2\/media?parent=9652"}],"wp:term":[{"taxonomy":"marca-hombre","embeddable":true,"href":"https:\/\/modasabel.com\/en\/wp-json\/wp\/v2\/marca-hombre?post=9652"},{"taxonomy":"marca-interior-hombre","embeddable":true,"href":"https:\/\/modasabel.com\/en\/wp-json\/wp\/v2\/marca-interior-hombre?post=9652"},{"taxonomy":"marca-interior-mujer","embeddable":true,"href":"https:\/\/modasabel.com\/en\/wp-json\/wp\/v2\/marca-interior-mujer?post=9652"},{"taxonomy":"marca-mujer","embeddable":true,"href":"https:\/\/modasabel.com\/en\/wp-json\/wp\/v2\/marca-mujer?post=9652"},{"taxonomy":"product_brand","embeddable":true,"href":"https:\/\/modasabel.com\/en\/wp-json\/wp\/v2\/product_brand?post=9652"},{"taxonomy":"product_cat","embeddable":true,"href":"https:\/\/modasabel.com\/en\/wp-json\/wp\/v2\/product_cat?post=9652"},{"taxonomy":"product_tag","embeddable":true,"href":"https:\/\/modasabel.com\/en\/wp-json\/wp\/v2\/product_tag?post=9652"}],"curies":[{"name":"wp","href":"https:\/\/api.w.org\/{rel}","templated":true}]}}