{"id":9639,"date":"2025-10-29T19:19:43","date_gmt":"2025-10-29T18:19:43","guid":{"rendered":"https:\/\/modasabel.com\/?post_type=product&#038;p=9639"},"modified":"2026-01-14T11:40:42","modified_gmt":"2026-01-14T10:40:42","slug":"abrigo-yerse-corto-efecto-pelo-print-vaca-ref-43622","status":"publish","type":"product","link":"https:\/\/modasabel.com\/en\/producto\/abrigo-yerse-corto-efecto-pelo-print-vaca-ref-43622\/","title":{"rendered":"Abrigo Yerse corto efecto pelo print vaca | REF: 43622"},"content":{"rendered":"<p data-start=\"70\" data-end=\"601\">El <strong data-start=\"92\" data-end=\"137\">abrigo corto Yerse efecto pelo print vaca<\/strong> es una prenda moderna y atrevida que a\u00f1ade personalidad a cualquier look. Su textura suave de efecto pelo y el estampado bicolor tipo vaca lo convierten en una pieza \u00fanica y con mucho estilo. Confeccionado en <strong data-start=\"347\" data-end=\"365\">100% poli\u00e9ster<\/strong>, tanto en el exterior como en el forro, ofrece un tacto c\u00e1lido y agradable, perfecto para los d\u00edas fr\u00edos. Su dise\u00f1o con cremallera frontal y cuello vuelto aporta un aire actual y f\u00e1cil de combinar con vaqueros o pantalones de vestir.<\/p>\n<p data-start=\"603\" data-end=\"661\">\ud83d\udcf1 M\u00e1s informaci\u00f3n o pedidos por WhatsApp: <strong data-start=\"646\" data-end=\"661\">622 491 371<\/strong><\/p>\n","protected":false},"excerpt":{"rendered":"<p>El abrigo corto Yerse efecto pelo print vaca es una prenda moderna y atrevida que a\u00f1ade personalidad a cualquier look. Su textura suave de efecto pelo y el estampado bicolor tipo vaca lo convierten en una pieza \u00fanica y con mucho estilo. Confeccionado en 100% poli\u00e9ster, tanto en el exterior como en el forro, ofrece [&hellip;]<\/p>\n","protected":false},"featured_media":9650,"comment_status":"closed","ping_status":"closed","template":"","meta":{"_acf_changed":false,"site-sidebar-layout":"default","site-content-layout":"","ast-site-content-layout":"default","site-content-style":"default","site-sidebar-style":"default","ast-global-header-display":"","ast-banner-title-visibility":"","ast-main-header-display":"","ast-hfb-above-header-display":"","ast-hfb-below-header-display":"","ast-hfb-mobile-header-display":"","site-post-title":"","ast-breadcrumbs-content":"","ast-featured-img":"","footer-sml-layout":"","ast-disable-related-posts":"","theme-transparent-header-meta":"default","adv-header-id-meta":"","stick-header-meta":"","header-above-stick-meta":"","header-main-stick-meta":"","header-below-stick-meta":"","astra-migrate-meta-layouts":"set","ast-page-background-enabled":"default","ast-page-background-meta":{"desktop":{"background-color":"var(--ast-global-color-4)","background-image":"","background-repeat":"repeat","background-position":"center center","background-size":"auto","background-attachment":"scroll","background-type":"","background-media":"","overlay-type":"","overlay-color":"","overlay-opacity":"","overlay-gradient":""},"tablet":{"background-color":"","background-image":"","background-repeat":"repeat","background-position":"center center","background-size":"auto","background-attachment":"scroll","background-type":"","background-media":"","overlay-type":"","overlay-color":"","overlay-opacity":"","overlay-gradient":""},"mobile":{"background-color":"","background-image":"","background-repeat":"repeat","background-position":"center center","background-size":"auto","background-attachment":"scroll","background-type":"","background-media":"","overlay-type":"","overlay-color":"","overlay-opacity":"","overlay-gradient":""}},"ast-content-background-meta":{"desktop":{"background-color":"var(--ast-global-color-5)","background-image":"","background-repeat":"repeat","background-position":"center center","background-size":"auto","background-attachment":"scroll","background-type":"","background-media":"","overlay-type":"","overlay-color":"","overlay-opacity":"","overlay-gradient":""},"tablet":{"background-color":"var(--ast-global-color-5)","background-image":"","background-repeat":"repeat","background-position":"center center","background-size":"auto","background-attachment":"scroll","background-type":"","background-media":"","overlay-type":"","overlay-color":"","overlay-opacity":"","overlay-gradient":""},"mobile":{"background-color":"var(--ast-global-color-5)","background-image":"","background-repeat":"repeat","background-position":"center center","background-size":"auto","background-attachment":"scroll","background-type":"","background-media":"","overlay-type":"","overlay-color":"","overlay-opacity":"","overlay-gradient":""}}},"marca-hombre":[],"marca-interior-hombre":[],"marca-interior-mujer":[],"marca-mujer":[204],"product_brand":[],"product_cat":[51,18],"product_tag":[],"class_list":{"0":"post-9639","1":"product","2":"type-product","3":"status-publish","4":"has-post-thumbnail","6":"marca-mujer-yerse","7":"product_cat-chaquetas-mujer","8":"product_cat-mujer","9":"pa_tallas-camisetas-m","10":"pa_tallas-camisetas-s","11":"desktop-align-left","12":"tablet-align-left","13":"mobile-align-left","15":"first","16":"instock","17":"sale","18":"taxable","19":"shipping-taxable","20":"purchasable","21":"product-type-variable"},"acf":[],"yoast_head":"<!-- This site is optimized with the Yoast SEO plugin v22.1 - https:\/\/yoast.com\/wordpress\/plugins\/seo\/ -->\n<title>Abrigo Yerse corto efecto pelo print vaca | REF: 43622 - MODA SABEL<\/title>\n<meta name=\"description\" content=\"Abrigo Yerse corto efecto pelo con estampado tipo vaca. Suave, c\u00e1lido y con mucho estilo para destacar en invierno. 43622\" \/>\n<meta name=\"robots\" content=\"index, follow, max-snippet:-1, max-image-preview:large, max-video-preview:-1\" \/>\n<link rel=\"canonical\" href=\"https:\/\/modasabel.com\/en\/producto\/abrigo-yerse-corto-efecto-pelo-print-vaca-ref-43622\/\" \/>\n<meta property=\"og:locale\" content=\"en_US\" \/>\n<meta property=\"og:type\" content=\"article\" \/>\n<meta property=\"og:title\" content=\"Abrigo Yerse corto efecto pelo print vaca | REF: 43622 - MODA SABEL\" \/>\n<meta property=\"og:description\" content=\"Abrigo Yerse corto efecto pelo con estampado tipo vaca. Suave, c\u00e1lido y con mucho estilo para destacar en invierno. 43622\" \/>\n<meta property=\"og:url\" content=\"https:\/\/modasabel.com\/en\/producto\/abrigo-yerse-corto-efecto-pelo-print-vaca-ref-43622\/\" \/>\n<meta property=\"og:site_name\" content=\"MODA SABEL\" \/>\n<meta property=\"article:modified_time\" content=\"2026-01-14T10:40:42+00:00\" \/>\n<meta property=\"og:image\" content=\"https:\/\/modasabel.com\/wp-content\/uploads\/2025\/10\/43622_102_01adl.jpg\" \/>\n\t<meta property=\"og:image:width\" content=\"1200\" \/>\n\t<meta property=\"og:image:height\" content=\"1489\" \/>\n\t<meta property=\"og:image:type\" content=\"image\/jpeg\" \/>\n<meta name=\"twitter:card\" content=\"summary_large_image\" \/>\n<meta name=\"twitter:label1\" content=\"Est. reading time\" \/>\n\t<meta name=\"twitter:data1\" content=\"1 minute\" \/>\n<script type=\"application\/ld+json\" class=\"yoast-schema-graph\">{\"@context\":\"https:\/\/schema.org\",\"@graph\":[{\"@type\":\"WebPage\",\"@id\":\"https:\/\/modasabel.com\/en\/producto\/abrigo-yerse-corto-efecto-pelo-print-vaca-ref-43622\/\",\"url\":\"https:\/\/modasabel.com\/en\/producto\/abrigo-yerse-corto-efecto-pelo-print-vaca-ref-43622\/\",\"name\":\"Abrigo Yerse corto efecto pelo print vaca | REF: 43622 - MODA SABEL\",\"isPartOf\":{\"@id\":\"https:\/\/modasabel.com\/en\/#website\"},\"datePublished\":\"2025-10-29T18:19:43+00:00\",\"dateModified\":\"2026-01-14T10:40:42+00:00\",\"description\":\"Abrigo Yerse corto efecto pelo con estampado tipo vaca. Suave, c\u00e1lido y con mucho estilo para destacar en invierno. 43622\",\"breadcrumb\":{\"@id\":\"https:\/\/modasabel.com\/en\/producto\/abrigo-yerse-corto-efecto-pelo-print-vaca-ref-43622\/#breadcrumb\"},\"inLanguage\":\"en-US\",\"potentialAction\":[{\"@type\":\"ReadAction\",\"target\":[\"https:\/\/modasabel.com\/en\/producto\/abrigo-yerse-corto-efecto-pelo-print-vaca-ref-43622\/\"]}]},{\"@type\":\"BreadcrumbList\",\"@id\":\"https:\/\/modasabel.com\/en\/producto\/abrigo-yerse-corto-efecto-pelo-print-vaca-ref-43622\/#breadcrumb\",\"itemListElement\":[{\"@type\":\"ListItem\",\"position\":1,\"name\":\"Inicio\",\"item\":\"https:\/\/modasabel.com\/en\/\"},{\"@type\":\"ListItem\",\"position\":2,\"name\":\"Tienda\",\"item\":\"https:\/\/modasabel.com\/tienda\/\"},{\"@type\":\"ListItem\",\"position\":3,\"name\":\"Abrigo Yerse corto efecto pelo print vaca | REF: 43622\"}]},{\"@type\":\"WebSite\",\"@id\":\"https:\/\/modasabel.com\/en\/#website\",\"url\":\"https:\/\/modasabel.com\/en\/\",\"name\":\"MODA SABEL\",\"description\":\"Marcas de ropa hombre y mujer\",\"potentialAction\":[{\"@type\":\"SearchAction\",\"target\":{\"@type\":\"EntryPoint\",\"urlTemplate\":\"https:\/\/modasabel.com\/en\/?s={search_term_string}\"},\"query-input\":\"required name=search_term_string\"}],\"inLanguage\":\"en-US\"}]}<\/script>\n<!-- \/ Yoast SEO plugin. -->","yoast_head_json":{"title":"Abrigo Yerse corto efecto pelo print vaca | REF: 43622 - MODA SABEL","description":"Abrigo Yerse corto efecto pelo con estampado tipo vaca. Suave, c\u00e1lido y con mucho estilo para destacar en invierno. 43622","robots":{"index":"index","follow":"follow","max-snippet":"max-snippet:-1","max-image-preview":"max-image-preview:large","max-video-preview":"max-video-preview:-1"},"canonical":"https:\/\/modasabel.com\/en\/producto\/abrigo-yerse-corto-efecto-pelo-print-vaca-ref-43622\/","og_locale":"en_US","og_type":"article","og_title":"Abrigo Yerse corto efecto pelo print vaca | REF: 43622 - MODA SABEL","og_description":"Abrigo Yerse corto efecto pelo con estampado tipo vaca. Suave, c\u00e1lido y con mucho estilo para destacar en invierno. 43622","og_url":"https:\/\/modasabel.com\/en\/producto\/abrigo-yerse-corto-efecto-pelo-print-vaca-ref-43622\/","og_site_name":"MODA SABEL","article_modified_time":"2026-01-14T10:40:42+00:00","og_image":[{"width":1200,"height":1489,"url":"https:\/\/modasabel.com\/wp-content\/uploads\/2025\/10\/43622_102_01adl.jpg","type":"image\/jpeg"}],"twitter_card":"summary_large_image","twitter_misc":{"Est. reading time":"1 minute"},"schema":{"@context":"https:\/\/schema.org","@graph":[{"@type":"WebPage","@id":"https:\/\/modasabel.com\/en\/producto\/abrigo-yerse-corto-efecto-pelo-print-vaca-ref-43622\/","url":"https:\/\/modasabel.com\/en\/producto\/abrigo-yerse-corto-efecto-pelo-print-vaca-ref-43622\/","name":"Abrigo Yerse corto efecto pelo print vaca | REF: 43622 - MODA SABEL","isPartOf":{"@id":"https:\/\/modasabel.com\/en\/#website"},"datePublished":"2025-10-29T18:19:43+00:00","dateModified":"2026-01-14T10:40:42+00:00","description":"Abrigo Yerse corto efecto pelo con estampado tipo vaca. Suave, c\u00e1lido y con mucho estilo para destacar en invierno. 43622","breadcrumb":{"@id":"https:\/\/modasabel.com\/en\/producto\/abrigo-yerse-corto-efecto-pelo-print-vaca-ref-43622\/#breadcrumb"},"inLanguage":"en-US","potentialAction":[{"@type":"ReadAction","target":["https:\/\/modasabel.com\/en\/producto\/abrigo-yerse-corto-efecto-pelo-print-vaca-ref-43622\/"]}]},{"@type":"BreadcrumbList","@id":"https:\/\/modasabel.com\/en\/producto\/abrigo-yerse-corto-efecto-pelo-print-vaca-ref-43622\/#breadcrumb","itemListElement":[{"@type":"ListItem","position":1,"name":"Inicio","item":"https:\/\/modasabel.com\/en\/"},{"@type":"ListItem","position":2,"name":"Tienda","item":"https:\/\/modasabel.com\/tienda\/"},{"@type":"ListItem","position":3,"name":"Abrigo Yerse corto efecto pelo print vaca | REF: 43622"}]},{"@type":"WebSite","@id":"https:\/\/modasabel.com\/en\/#website","url":"https:\/\/modasabel.com\/en\/","name":"MODA SABEL","description":"Marcas de ropa hombre y mujer","potentialAction":[{"@type":"SearchAction","target":{"@type":"EntryPoint","urlTemplate":"https:\/\/modasabel.com\/en\/?s={search_term_string}"},"query-input":"required name=search_term_string"}],"inLanguage":"en-US"}]}},"_links":{"self":[{"href":"https:\/\/modasabel.com\/en\/wp-json\/wp\/v2\/product\/9639","targetHints":{"allow":["GET"]}}],"collection":[{"href":"https:\/\/modasabel.com\/en\/wp-json\/wp\/v2\/product"}],"about":[{"href":"https:\/\/modasabel.com\/en\/wp-json\/wp\/v2\/types\/product"}],"replies":[{"embeddable":true,"href":"https:\/\/modasabel.com\/en\/wp-json\/wp\/v2\/comments?post=9639"}],"wp:featuredmedia":[{"embeddable":true,"href":"https:\/\/modasabel.com\/en\/wp-json\/wp\/v2\/media\/9650"}],"wp:attachment":[{"href":"https:\/\/modasabel.com\/en\/wp-json\/wp\/v2\/media?parent=9639"}],"wp:term":[{"taxonomy":"marca-hombre","embeddable":true,"href":"https:\/\/modasabel.com\/en\/wp-json\/wp\/v2\/marca-hombre?post=9639"},{"taxonomy":"marca-interior-hombre","embeddable":true,"href":"https:\/\/modasabel.com\/en\/wp-json\/wp\/v2\/marca-interior-hombre?post=9639"},{"taxonomy":"marca-interior-mujer","embeddable":true,"href":"https:\/\/modasabel.com\/en\/wp-json\/wp\/v2\/marca-interior-mujer?post=9639"},{"taxonomy":"marca-mujer","embeddable":true,"href":"https:\/\/modasabel.com\/en\/wp-json\/wp\/v2\/marca-mujer?post=9639"},{"taxonomy":"product_brand","embeddable":true,"href":"https:\/\/modasabel.com\/en\/wp-json\/wp\/v2\/product_brand?post=9639"},{"taxonomy":"product_cat","embeddable":true,"href":"https:\/\/modasabel.com\/en\/wp-json\/wp\/v2\/product_cat?post=9639"},{"taxonomy":"product_tag","embeddable":true,"href":"https:\/\/modasabel.com\/en\/wp-json\/wp\/v2\/product_tag?post=9639"}],"curies":[{"name":"wp","href":"https:\/\/api.w.org\/{rel}","templated":true}]}}