{"id":9595,"date":"2025-10-29T18:44:38","date_gmt":"2025-10-29T17:44:38","guid":{"rendered":"https:\/\/modasabel.com\/?post_type=product&#038;p=9595"},"modified":"2026-01-14T11:40:42","modified_gmt":"2026-01-14T10:40:42","slug":"pantalon-yerse-ancho-de-pana-taupe-ref-43455","status":"publish","type":"product","link":"https:\/\/modasabel.com\/en\/producto\/pantalon-yerse-ancho-de-pana-taupe-ref-43455\/","title":{"rendered":"Pantal\u00f3n Yerse ancho de pana taupe | REF: 43455"},"content":{"rendered":"<p data-start=\"63\" data-end=\"537\">El <strong data-start=\"85\" data-end=\"123\">pantal\u00f3n Yerse ancho de pana taupe<\/strong> combina estilo atemporal y comodidad en una prenda de fondo de armario imprescindible. Confeccionado en un tejido c\u00e1lido y suave, est\u00e1 elaborado con una mezcla de <strong data-start=\"287\" data-end=\"331\">68% algod\u00f3n, 28% poli\u00e9ster y 4% elastano<\/strong>, que ofrece elasticidad y una ca\u00edda natural. Su corte ancho y cintura c\u00f3moda hacen que sea ideal tanto para looks informales con jers\u00e9is y botines, como para un estilo m\u00e1s elegante con camisas o blazers.<\/p>\n<p data-start=\"539\" data-end=\"597\">\ud83d\udcf1 M\u00e1s informaci\u00f3n o pedidos por WhatsApp: <strong data-start=\"582\" data-end=\"597\">622 491 371<\/strong><\/p>\n","protected":false},"excerpt":{"rendered":"<p>El pantal\u00f3n Yerse ancho de pana taupe combina estilo atemporal y comodidad en una prenda de fondo de armario imprescindible. Confeccionado en un tejido c\u00e1lido y suave, est\u00e1 elaborado con una mezcla de 68% algod\u00f3n, 28% poli\u00e9ster y 4% elastano, que ofrece elasticidad y una ca\u00edda natural. Su corte ancho y cintura c\u00f3moda hacen que [&hellip;]<\/p>\n","protected":false},"featured_media":9602,"comment_status":"closed","ping_status":"closed","template":"","meta":{"_acf_changed":false,"site-sidebar-layout":"default","site-content-layout":"","ast-site-content-layout":"default","site-content-style":"default","site-sidebar-style":"default","ast-global-header-display":"","ast-banner-title-visibility":"","ast-main-header-display":"","ast-hfb-above-header-display":"","ast-hfb-below-header-display":"","ast-hfb-mobile-header-display":"","site-post-title":"","ast-breadcrumbs-content":"","ast-featured-img":"","footer-sml-layout":"","ast-disable-related-posts":"","theme-transparent-header-meta":"default","adv-header-id-meta":"","stick-header-meta":"","header-above-stick-meta":"","header-main-stick-meta":"","header-below-stick-meta":"","astra-migrate-meta-layouts":"set","ast-page-background-enabled":"default","ast-page-background-meta":{"desktop":{"background-color":"var(--ast-global-color-4)","background-image":"","background-repeat":"repeat","background-position":"center center","background-size":"auto","background-attachment":"scroll","background-type":"","background-media":"","overlay-type":"","overlay-color":"","overlay-opacity":"","overlay-gradient":""},"tablet":{"background-color":"","background-image":"","background-repeat":"repeat","background-position":"center center","background-size":"auto","background-attachment":"scroll","background-type":"","background-media":"","overlay-type":"","overlay-color":"","overlay-opacity":"","overlay-gradient":""},"mobile":{"background-color":"","background-image":"","background-repeat":"repeat","background-position":"center center","background-size":"auto","background-attachment":"scroll","background-type":"","background-media":"","overlay-type":"","overlay-color":"","overlay-opacity":"","overlay-gradient":""}},"ast-content-background-meta":{"desktop":{"background-color":"var(--ast-global-color-5)","background-image":"","background-repeat":"repeat","background-position":"center center","background-size":"auto","background-attachment":"scroll","background-type":"","background-media":"","overlay-type":"","overlay-color":"","overlay-opacity":"","overlay-gradient":""},"tablet":{"background-color":"var(--ast-global-color-5)","background-image":"","background-repeat":"repeat","background-position":"center center","background-size":"auto","background-attachment":"scroll","background-type":"","background-media":"","overlay-type":"","overlay-color":"","overlay-opacity":"","overlay-gradient":""},"mobile":{"background-color":"var(--ast-global-color-5)","background-image":"","background-repeat":"repeat","background-position":"center center","background-size":"auto","background-attachment":"scroll","background-type":"","background-media":"","overlay-type":"","overlay-color":"","overlay-opacity":"","overlay-gradient":""}}},"marca-hombre":[],"marca-interior-hombre":[],"marca-interior-mujer":[],"marca-mujer":[204],"product_brand":[],"product_cat":[18,191],"product_tag":[],"class_list":{"0":"post-9595","1":"product","2":"type-product","3":"status-publish","4":"has-post-thumbnail","6":"marca-mujer-yerse","7":"product_cat-mujer","8":"product_cat-pantalones-mujer","9":"pa_tallas-camisetas-l","10":"pa_tallas-camisetas-m","11":"pa_tallas-camisetas-s","12":"pa_tallas-camisetas-xl","13":"desktop-align-left","14":"tablet-align-left","15":"mobile-align-left","17":"first","18":"instock","19":"sale","20":"taxable","21":"shipping-taxable","22":"purchasable","23":"product-type-variable"},"acf":[],"yoast_head":"<!-- This site is optimized with the Yoast SEO plugin v22.1 - https:\/\/yoast.com\/wordpress\/plugins\/seo\/ -->\n<title>Pantal\u00f3n Yerse ancho de pana taupe | REF: 43455 - MODA SABEL<\/title>\n<meta name=\"description\" content=\"Pantal\u00f3n Yerse ancho de pana color taupe con mezcla de algod\u00f3n y elastano. Prenda c\u00f3moda, c\u00e1lida y vers\u00e1til para el d\u00eda a d\u00eda.\" \/>\n<meta name=\"robots\" content=\"index, follow, max-snippet:-1, max-image-preview:large, max-video-preview:-1\" \/>\n<link rel=\"canonical\" href=\"https:\/\/modasabel.com\/en\/producto\/pantalon-yerse-ancho-de-pana-taupe-ref-43455\/\" \/>\n<meta property=\"og:locale\" content=\"en_US\" \/>\n<meta property=\"og:type\" content=\"article\" \/>\n<meta property=\"og:title\" content=\"Pantal\u00f3n Yerse ancho de pana taupe | REF: 43455 - MODA SABEL\" \/>\n<meta property=\"og:description\" content=\"Pantal\u00f3n Yerse ancho de pana color taupe con mezcla de algod\u00f3n y elastano. Prenda c\u00f3moda, c\u00e1lida y vers\u00e1til para el d\u00eda a d\u00eda.\" \/>\n<meta property=\"og:url\" content=\"https:\/\/modasabel.com\/en\/producto\/pantalon-yerse-ancho-de-pana-taupe-ref-43455\/\" \/>\n<meta property=\"og:site_name\" content=\"MODA SABEL\" \/>\n<meta property=\"article:modified_time\" content=\"2026-01-14T10:40:42+00:00\" \/>\n<meta property=\"og:image\" content=\"https:\/\/modasabel.com\/wp-content\/uploads\/2025\/10\/43455_011_02_l.jpg\" \/>\n\t<meta property=\"og:image:width\" content=\"1200\" \/>\n\t<meta property=\"og:image:height\" content=\"1489\" \/>\n\t<meta property=\"og:image:type\" content=\"image\/jpeg\" \/>\n<meta name=\"twitter:card\" content=\"summary_large_image\" \/>\n<meta name=\"twitter:label1\" content=\"Est. reading time\" \/>\n\t<meta name=\"twitter:data1\" content=\"1 minute\" \/>\n<script type=\"application\/ld+json\" class=\"yoast-schema-graph\">{\"@context\":\"https:\/\/schema.org\",\"@graph\":[{\"@type\":\"WebPage\",\"@id\":\"https:\/\/modasabel.com\/en\/producto\/pantalon-yerse-ancho-de-pana-taupe-ref-43455\/\",\"url\":\"https:\/\/modasabel.com\/en\/producto\/pantalon-yerse-ancho-de-pana-taupe-ref-43455\/\",\"name\":\"Pantal\u00f3n Yerse ancho de pana taupe | REF: 43455 - MODA SABEL\",\"isPartOf\":{\"@id\":\"https:\/\/modasabel.com\/en\/#website\"},\"datePublished\":\"2025-10-29T17:44:38+00:00\",\"dateModified\":\"2026-01-14T10:40:42+00:00\",\"description\":\"Pantal\u00f3n Yerse ancho de pana color taupe con mezcla de algod\u00f3n y elastano. Prenda c\u00f3moda, c\u00e1lida y vers\u00e1til para el d\u00eda a d\u00eda.\",\"breadcrumb\":{\"@id\":\"https:\/\/modasabel.com\/en\/producto\/pantalon-yerse-ancho-de-pana-taupe-ref-43455\/#breadcrumb\"},\"inLanguage\":\"en-US\",\"potentialAction\":[{\"@type\":\"ReadAction\",\"target\":[\"https:\/\/modasabel.com\/en\/producto\/pantalon-yerse-ancho-de-pana-taupe-ref-43455\/\"]}]},{\"@type\":\"BreadcrumbList\",\"@id\":\"https:\/\/modasabel.com\/en\/producto\/pantalon-yerse-ancho-de-pana-taupe-ref-43455\/#breadcrumb\",\"itemListElement\":[{\"@type\":\"ListItem\",\"position\":1,\"name\":\"Inicio\",\"item\":\"https:\/\/modasabel.com\/en\/\"},{\"@type\":\"ListItem\",\"position\":2,\"name\":\"Tienda\",\"item\":\"https:\/\/modasabel.com\/tienda\/\"},{\"@type\":\"ListItem\",\"position\":3,\"name\":\"Pantal\u00f3n Yerse ancho de pana taupe | REF: 43455\"}]},{\"@type\":\"WebSite\",\"@id\":\"https:\/\/modasabel.com\/en\/#website\",\"url\":\"https:\/\/modasabel.com\/en\/\",\"name\":\"MODA SABEL\",\"description\":\"Marcas de ropa hombre y mujer\",\"potentialAction\":[{\"@type\":\"SearchAction\",\"target\":{\"@type\":\"EntryPoint\",\"urlTemplate\":\"https:\/\/modasabel.com\/en\/?s={search_term_string}\"},\"query-input\":\"required name=search_term_string\"}],\"inLanguage\":\"en-US\"}]}<\/script>\n<!-- \/ Yoast SEO plugin. -->","yoast_head_json":{"title":"Pantal\u00f3n Yerse ancho de pana taupe | REF: 43455 - MODA SABEL","description":"Pantal\u00f3n Yerse ancho de pana color taupe con mezcla de algod\u00f3n y elastano. Prenda c\u00f3moda, c\u00e1lida y vers\u00e1til para el d\u00eda a d\u00eda.","robots":{"index":"index","follow":"follow","max-snippet":"max-snippet:-1","max-image-preview":"max-image-preview:large","max-video-preview":"max-video-preview:-1"},"canonical":"https:\/\/modasabel.com\/en\/producto\/pantalon-yerse-ancho-de-pana-taupe-ref-43455\/","og_locale":"en_US","og_type":"article","og_title":"Pantal\u00f3n Yerse ancho de pana taupe | REF: 43455 - MODA SABEL","og_description":"Pantal\u00f3n Yerse ancho de pana color taupe con mezcla de algod\u00f3n y elastano. Prenda c\u00f3moda, c\u00e1lida y vers\u00e1til para el d\u00eda a d\u00eda.","og_url":"https:\/\/modasabel.com\/en\/producto\/pantalon-yerse-ancho-de-pana-taupe-ref-43455\/","og_site_name":"MODA SABEL","article_modified_time":"2026-01-14T10:40:42+00:00","og_image":[{"width":1200,"height":1489,"url":"https:\/\/modasabel.com\/wp-content\/uploads\/2025\/10\/43455_011_02_l.jpg","type":"image\/jpeg"}],"twitter_card":"summary_large_image","twitter_misc":{"Est. reading time":"1 minute"},"schema":{"@context":"https:\/\/schema.org","@graph":[{"@type":"WebPage","@id":"https:\/\/modasabel.com\/en\/producto\/pantalon-yerse-ancho-de-pana-taupe-ref-43455\/","url":"https:\/\/modasabel.com\/en\/producto\/pantalon-yerse-ancho-de-pana-taupe-ref-43455\/","name":"Pantal\u00f3n Yerse ancho de pana taupe | REF: 43455 - MODA SABEL","isPartOf":{"@id":"https:\/\/modasabel.com\/en\/#website"},"datePublished":"2025-10-29T17:44:38+00:00","dateModified":"2026-01-14T10:40:42+00:00","description":"Pantal\u00f3n Yerse ancho de pana color taupe con mezcla de algod\u00f3n y elastano. Prenda c\u00f3moda, c\u00e1lida y vers\u00e1til para el d\u00eda a d\u00eda.","breadcrumb":{"@id":"https:\/\/modasabel.com\/en\/producto\/pantalon-yerse-ancho-de-pana-taupe-ref-43455\/#breadcrumb"},"inLanguage":"en-US","potentialAction":[{"@type":"ReadAction","target":["https:\/\/modasabel.com\/en\/producto\/pantalon-yerse-ancho-de-pana-taupe-ref-43455\/"]}]},{"@type":"BreadcrumbList","@id":"https:\/\/modasabel.com\/en\/producto\/pantalon-yerse-ancho-de-pana-taupe-ref-43455\/#breadcrumb","itemListElement":[{"@type":"ListItem","position":1,"name":"Inicio","item":"https:\/\/modasabel.com\/en\/"},{"@type":"ListItem","position":2,"name":"Tienda","item":"https:\/\/modasabel.com\/tienda\/"},{"@type":"ListItem","position":3,"name":"Pantal\u00f3n Yerse ancho de pana taupe | REF: 43455"}]},{"@type":"WebSite","@id":"https:\/\/modasabel.com\/en\/#website","url":"https:\/\/modasabel.com\/en\/","name":"MODA SABEL","description":"Marcas de ropa hombre y mujer","potentialAction":[{"@type":"SearchAction","target":{"@type":"EntryPoint","urlTemplate":"https:\/\/modasabel.com\/en\/?s={search_term_string}"},"query-input":"required name=search_term_string"}],"inLanguage":"en-US"}]}},"_links":{"self":[{"href":"https:\/\/modasabel.com\/en\/wp-json\/wp\/v2\/product\/9595","targetHints":{"allow":["GET"]}}],"collection":[{"href":"https:\/\/modasabel.com\/en\/wp-json\/wp\/v2\/product"}],"about":[{"href":"https:\/\/modasabel.com\/en\/wp-json\/wp\/v2\/types\/product"}],"replies":[{"embeddable":true,"href":"https:\/\/modasabel.com\/en\/wp-json\/wp\/v2\/comments?post=9595"}],"wp:featuredmedia":[{"embeddable":true,"href":"https:\/\/modasabel.com\/en\/wp-json\/wp\/v2\/media\/9602"}],"wp:attachment":[{"href":"https:\/\/modasabel.com\/en\/wp-json\/wp\/v2\/media?parent=9595"}],"wp:term":[{"taxonomy":"marca-hombre","embeddable":true,"href":"https:\/\/modasabel.com\/en\/wp-json\/wp\/v2\/marca-hombre?post=9595"},{"taxonomy":"marca-interior-hombre","embeddable":true,"href":"https:\/\/modasabel.com\/en\/wp-json\/wp\/v2\/marca-interior-hombre?post=9595"},{"taxonomy":"marca-interior-mujer","embeddable":true,"href":"https:\/\/modasabel.com\/en\/wp-json\/wp\/v2\/marca-interior-mujer?post=9595"},{"taxonomy":"marca-mujer","embeddable":true,"href":"https:\/\/modasabel.com\/en\/wp-json\/wp\/v2\/marca-mujer?post=9595"},{"taxonomy":"product_brand","embeddable":true,"href":"https:\/\/modasabel.com\/en\/wp-json\/wp\/v2\/product_brand?post=9595"},{"taxonomy":"product_cat","embeddable":true,"href":"https:\/\/modasabel.com\/en\/wp-json\/wp\/v2\/product_cat?post=9595"},{"taxonomy":"product_tag","embeddable":true,"href":"https:\/\/modasabel.com\/en\/wp-json\/wp\/v2\/product_tag?post=9595"}],"curies":[{"name":"wp","href":"https:\/\/api.w.org\/{rel}","templated":true}]}}