{"id":9583,"date":"2025-10-29T18:41:26","date_gmt":"2025-10-29T17:41:26","guid":{"rendered":"https:\/\/modasabel.com\/?post_type=product&#038;p=9583"},"modified":"2026-01-14T11:40:42","modified_gmt":"2026-01-14T10:40:42","slug":"pantalon-yerse-ancho-pata-de-gallo-gris","status":"publish","type":"product","link":"https:\/\/modasabel.com\/en\/producto\/pantalon-yerse-ancho-pata-de-gallo-gris\/","title":{"rendered":"Pantal\u00f3n Yerse ancho pata de gallo gris | REF: 43422"},"content":{"rendered":"<p data-start=\"68\" data-end=\"629\">El <strong data-start=\"90\" data-end=\"133\">pantal\u00f3n Yerse ancho pata de gallo gris<\/strong> es una prenda vers\u00e1til y con mucho estilo, ideal para elevar tus looks de diario. Su dise\u00f1o de <strong data-start=\"229\" data-end=\"245\">pierna ancha<\/strong> y cintura el\u00e1stica en la parte trasera ofrece comodidad sin renunciar a una silueta elegante. Confeccionado en un tejido de calidad compuesto por <strong data-start=\"392\" data-end=\"459\">46% poli\u00e9ster, 32% algod\u00f3n, 18% viscosa, 3% nylon y 1% elastano<\/strong>, combina suavidad, estructura y un ligero toque el\u00e1stico que mejora el ajuste. Perfecto para combinar con jers\u00e9is o blazers, creando conjuntos sofisticados y modernos.<\/p>\n<p data-start=\"631\" data-end=\"689\">\ud83d\udcf1 M\u00e1s informaci\u00f3n o pedidos por WhatsApp: <strong data-start=\"674\" data-end=\"689\">622 491 371<\/strong><\/p>\n","protected":false},"excerpt":{"rendered":"<p>El pantal\u00f3n Yerse ancho pata de gallo gris es una prenda vers\u00e1til y con mucho estilo, ideal para elevar tus looks de diario. Su dise\u00f1o de pierna ancha y cintura el\u00e1stica en la parte trasera ofrece comodidad sin renunciar a una silueta elegante. Confeccionado en un tejido de calidad compuesto por 46% poli\u00e9ster, 32% algod\u00f3n, [&hellip;]<\/p>\n","protected":false},"featured_media":9589,"comment_status":"closed","ping_status":"closed","template":"","meta":{"_acf_changed":false,"site-sidebar-layout":"default","site-content-layout":"","ast-site-content-layout":"default","site-content-style":"default","site-sidebar-style":"default","ast-global-header-display":"","ast-banner-title-visibility":"","ast-main-header-display":"","ast-hfb-above-header-display":"","ast-hfb-below-header-display":"","ast-hfb-mobile-header-display":"","site-post-title":"","ast-breadcrumbs-content":"","ast-featured-img":"","footer-sml-layout":"","ast-disable-related-posts":"","theme-transparent-header-meta":"default","adv-header-id-meta":"","stick-header-meta":"","header-above-stick-meta":"","header-main-stick-meta":"","header-below-stick-meta":"","astra-migrate-meta-layouts":"set","ast-page-background-enabled":"default","ast-page-background-meta":{"desktop":{"background-color":"var(--ast-global-color-4)","background-image":"","background-repeat":"repeat","background-position":"center center","background-size":"auto","background-attachment":"scroll","background-type":"","background-media":"","overlay-type":"","overlay-color":"","overlay-opacity":"","overlay-gradient":""},"tablet":{"background-color":"","background-image":"","background-repeat":"repeat","background-position":"center center","background-size":"auto","background-attachment":"scroll","background-type":"","background-media":"","overlay-type":"","overlay-color":"","overlay-opacity":"","overlay-gradient":""},"mobile":{"background-color":"","background-image":"","background-repeat":"repeat","background-position":"center center","background-size":"auto","background-attachment":"scroll","background-type":"","background-media":"","overlay-type":"","overlay-color":"","overlay-opacity":"","overlay-gradient":""}},"ast-content-background-meta":{"desktop":{"background-color":"var(--ast-global-color-5)","background-image":"","background-repeat":"repeat","background-position":"center center","background-size":"auto","background-attachment":"scroll","background-type":"","background-media":"","overlay-type":"","overlay-color":"","overlay-opacity":"","overlay-gradient":""},"tablet":{"background-color":"var(--ast-global-color-5)","background-image":"","background-repeat":"repeat","background-position":"center center","background-size":"auto","background-attachment":"scroll","background-type":"","background-media":"","overlay-type":"","overlay-color":"","overlay-opacity":"","overlay-gradient":""},"mobile":{"background-color":"var(--ast-global-color-5)","background-image":"","background-repeat":"repeat","background-position":"center center","background-size":"auto","background-attachment":"scroll","background-type":"","background-media":"","overlay-type":"","overlay-color":"","overlay-opacity":"","overlay-gradient":""}}},"marca-hombre":[],"marca-interior-hombre":[],"marca-interior-mujer":[],"marca-mujer":[204],"product_brand":[],"product_cat":[18,191],"product_tag":[],"class_list":{"0":"post-9583","1":"product","2":"type-product","3":"status-publish","4":"has-post-thumbnail","6":"marca-mujer-yerse","7":"product_cat-mujer","8":"product_cat-pantalones-mujer","9":"pa_tallas-camisetas-l","10":"pa_tallas-camisetas-m","11":"pa_tallas-camisetas-s","12":"desktop-align-left","13":"tablet-align-left","14":"mobile-align-left","16":"first","17":"instock","18":"sale","19":"taxable","20":"shipping-taxable","21":"purchasable","22":"product-type-variable"},"acf":[],"yoast_head":"<!-- This site is optimized with the Yoast SEO plugin v22.1 - https:\/\/yoast.com\/wordpress\/plugins\/seo\/ -->\n<title>Pantal\u00f3n Yerse ancho pata de gallo gris | REF: 43422 - MODA SABEL<\/title>\n<meta name=\"description\" content=\"Pantal\u00f3n Yerse ancho pata de gallo gris con cintura el\u00e1stica y tejido suave. Elegante, c\u00f3modo y con dise\u00f1o atemporal. 43422\" \/>\n<meta name=\"robots\" content=\"index, follow, max-snippet:-1, max-image-preview:large, max-video-preview:-1\" \/>\n<link rel=\"canonical\" href=\"https:\/\/modasabel.com\/en\/producto\/pantalon-yerse-ancho-pata-de-gallo-gris\/\" \/>\n<meta property=\"og:locale\" content=\"en_US\" \/>\n<meta property=\"og:type\" content=\"article\" \/>\n<meta property=\"og:title\" content=\"Pantal\u00f3n Yerse ancho pata de gallo gris | REF: 43422 - MODA SABEL\" \/>\n<meta property=\"og:description\" content=\"Pantal\u00f3n Yerse ancho pata de gallo gris con cintura el\u00e1stica y tejido suave. Elegante, c\u00f3modo y con dise\u00f1o atemporal. 43422\" \/>\n<meta property=\"og:url\" content=\"https:\/\/modasabel.com\/en\/producto\/pantalon-yerse-ancho-pata-de-gallo-gris\/\" \/>\n<meta property=\"og:site_name\" content=\"MODA SABEL\" \/>\n<meta property=\"article:modified_time\" content=\"2026-01-14T10:40:42+00:00\" \/>\n<meta property=\"og:image\" content=\"https:\/\/modasabel.com\/wp-content\/uploads\/2025\/10\/43422_333_04adl-1.jpg\" \/>\n\t<meta property=\"og:image:width\" content=\"1200\" \/>\n\t<meta property=\"og:image:height\" content=\"1489\" \/>\n\t<meta property=\"og:image:type\" content=\"image\/jpeg\" \/>\n<meta name=\"twitter:card\" content=\"summary_large_image\" \/>\n<meta name=\"twitter:label1\" content=\"Est. reading time\" \/>\n\t<meta name=\"twitter:data1\" content=\"1 minute\" \/>\n<script type=\"application\/ld+json\" class=\"yoast-schema-graph\">{\"@context\":\"https:\/\/schema.org\",\"@graph\":[{\"@type\":\"WebPage\",\"@id\":\"https:\/\/modasabel.com\/en\/producto\/pantalon-yerse-ancho-pata-de-gallo-gris\/\",\"url\":\"https:\/\/modasabel.com\/en\/producto\/pantalon-yerse-ancho-pata-de-gallo-gris\/\",\"name\":\"Pantal\u00f3n Yerse ancho pata de gallo gris | REF: 43422 - MODA SABEL\",\"isPartOf\":{\"@id\":\"https:\/\/modasabel.com\/en\/#website\"},\"datePublished\":\"2025-10-29T17:41:26+00:00\",\"dateModified\":\"2026-01-14T10:40:42+00:00\",\"description\":\"Pantal\u00f3n Yerse ancho pata de gallo gris con cintura el\u00e1stica y tejido suave. Elegante, c\u00f3modo y con dise\u00f1o atemporal. 43422\",\"breadcrumb\":{\"@id\":\"https:\/\/modasabel.com\/en\/producto\/pantalon-yerse-ancho-pata-de-gallo-gris\/#breadcrumb\"},\"inLanguage\":\"en-US\",\"potentialAction\":[{\"@type\":\"ReadAction\",\"target\":[\"https:\/\/modasabel.com\/en\/producto\/pantalon-yerse-ancho-pata-de-gallo-gris\/\"]}]},{\"@type\":\"BreadcrumbList\",\"@id\":\"https:\/\/modasabel.com\/en\/producto\/pantalon-yerse-ancho-pata-de-gallo-gris\/#breadcrumb\",\"itemListElement\":[{\"@type\":\"ListItem\",\"position\":1,\"name\":\"Inicio\",\"item\":\"https:\/\/modasabel.com\/en\/\"},{\"@type\":\"ListItem\",\"position\":2,\"name\":\"Tienda\",\"item\":\"https:\/\/modasabel.com\/tienda\/\"},{\"@type\":\"ListItem\",\"position\":3,\"name\":\"Pantal\u00f3n Yerse ancho pata de gallo gris | REF: 43422\"}]},{\"@type\":\"WebSite\",\"@id\":\"https:\/\/modasabel.com\/en\/#website\",\"url\":\"https:\/\/modasabel.com\/en\/\",\"name\":\"MODA SABEL\",\"description\":\"Marcas de ropa hombre y mujer\",\"potentialAction\":[{\"@type\":\"SearchAction\",\"target\":{\"@type\":\"EntryPoint\",\"urlTemplate\":\"https:\/\/modasabel.com\/en\/?s={search_term_string}\"},\"query-input\":\"required name=search_term_string\"}],\"inLanguage\":\"en-US\"}]}<\/script>\n<!-- \/ Yoast SEO plugin. -->","yoast_head_json":{"title":"Pantal\u00f3n Yerse ancho pata de gallo gris | REF: 43422 - MODA SABEL","description":"Pantal\u00f3n Yerse ancho pata de gallo gris con cintura el\u00e1stica y tejido suave. Elegante, c\u00f3modo y con dise\u00f1o atemporal. 43422","robots":{"index":"index","follow":"follow","max-snippet":"max-snippet:-1","max-image-preview":"max-image-preview:large","max-video-preview":"max-video-preview:-1"},"canonical":"https:\/\/modasabel.com\/en\/producto\/pantalon-yerse-ancho-pata-de-gallo-gris\/","og_locale":"en_US","og_type":"article","og_title":"Pantal\u00f3n Yerse ancho pata de gallo gris | REF: 43422 - MODA SABEL","og_description":"Pantal\u00f3n Yerse ancho pata de gallo gris con cintura el\u00e1stica y tejido suave. Elegante, c\u00f3modo y con dise\u00f1o atemporal. 43422","og_url":"https:\/\/modasabel.com\/en\/producto\/pantalon-yerse-ancho-pata-de-gallo-gris\/","og_site_name":"MODA SABEL","article_modified_time":"2026-01-14T10:40:42+00:00","og_image":[{"width":1200,"height":1489,"url":"https:\/\/modasabel.com\/wp-content\/uploads\/2025\/10\/43422_333_04adl-1.jpg","type":"image\/jpeg"}],"twitter_card":"summary_large_image","twitter_misc":{"Est. reading time":"1 minute"},"schema":{"@context":"https:\/\/schema.org","@graph":[{"@type":"WebPage","@id":"https:\/\/modasabel.com\/en\/producto\/pantalon-yerse-ancho-pata-de-gallo-gris\/","url":"https:\/\/modasabel.com\/en\/producto\/pantalon-yerse-ancho-pata-de-gallo-gris\/","name":"Pantal\u00f3n Yerse ancho pata de gallo gris | REF: 43422 - MODA SABEL","isPartOf":{"@id":"https:\/\/modasabel.com\/en\/#website"},"datePublished":"2025-10-29T17:41:26+00:00","dateModified":"2026-01-14T10:40:42+00:00","description":"Pantal\u00f3n Yerse ancho pata de gallo gris con cintura el\u00e1stica y tejido suave. Elegante, c\u00f3modo y con dise\u00f1o atemporal. 43422","breadcrumb":{"@id":"https:\/\/modasabel.com\/en\/producto\/pantalon-yerse-ancho-pata-de-gallo-gris\/#breadcrumb"},"inLanguage":"en-US","potentialAction":[{"@type":"ReadAction","target":["https:\/\/modasabel.com\/en\/producto\/pantalon-yerse-ancho-pata-de-gallo-gris\/"]}]},{"@type":"BreadcrumbList","@id":"https:\/\/modasabel.com\/en\/producto\/pantalon-yerse-ancho-pata-de-gallo-gris\/#breadcrumb","itemListElement":[{"@type":"ListItem","position":1,"name":"Inicio","item":"https:\/\/modasabel.com\/en\/"},{"@type":"ListItem","position":2,"name":"Tienda","item":"https:\/\/modasabel.com\/tienda\/"},{"@type":"ListItem","position":3,"name":"Pantal\u00f3n Yerse ancho pata de gallo gris | REF: 43422"}]},{"@type":"WebSite","@id":"https:\/\/modasabel.com\/en\/#website","url":"https:\/\/modasabel.com\/en\/","name":"MODA SABEL","description":"Marcas de ropa hombre y mujer","potentialAction":[{"@type":"SearchAction","target":{"@type":"EntryPoint","urlTemplate":"https:\/\/modasabel.com\/en\/?s={search_term_string}"},"query-input":"required name=search_term_string"}],"inLanguage":"en-US"}]}},"_links":{"self":[{"href":"https:\/\/modasabel.com\/en\/wp-json\/wp\/v2\/product\/9583","targetHints":{"allow":["GET"]}}],"collection":[{"href":"https:\/\/modasabel.com\/en\/wp-json\/wp\/v2\/product"}],"about":[{"href":"https:\/\/modasabel.com\/en\/wp-json\/wp\/v2\/types\/product"}],"replies":[{"embeddable":true,"href":"https:\/\/modasabel.com\/en\/wp-json\/wp\/v2\/comments?post=9583"}],"wp:featuredmedia":[{"embeddable":true,"href":"https:\/\/modasabel.com\/en\/wp-json\/wp\/v2\/media\/9589"}],"wp:attachment":[{"href":"https:\/\/modasabel.com\/en\/wp-json\/wp\/v2\/media?parent=9583"}],"wp:term":[{"taxonomy":"marca-hombre","embeddable":true,"href":"https:\/\/modasabel.com\/en\/wp-json\/wp\/v2\/marca-hombre?post=9583"},{"taxonomy":"marca-interior-hombre","embeddable":true,"href":"https:\/\/modasabel.com\/en\/wp-json\/wp\/v2\/marca-interior-hombre?post=9583"},{"taxonomy":"marca-interior-mujer","embeddable":true,"href":"https:\/\/modasabel.com\/en\/wp-json\/wp\/v2\/marca-interior-mujer?post=9583"},{"taxonomy":"marca-mujer","embeddable":true,"href":"https:\/\/modasabel.com\/en\/wp-json\/wp\/v2\/marca-mujer?post=9583"},{"taxonomy":"product_brand","embeddable":true,"href":"https:\/\/modasabel.com\/en\/wp-json\/wp\/v2\/product_brand?post=9583"},{"taxonomy":"product_cat","embeddable":true,"href":"https:\/\/modasabel.com\/en\/wp-json\/wp\/v2\/product_cat?post=9583"},{"taxonomy":"product_tag","embeddable":true,"href":"https:\/\/modasabel.com\/en\/wp-json\/wp\/v2\/product_tag?post=9583"}],"curies":[{"name":"wp","href":"https:\/\/api.w.org\/{rel}","templated":true}]}}