{"id":9041,"date":"2025-10-22T13:45:25","date_gmt":"2025-10-22T11:45:25","guid":{"rendered":"https:\/\/modasabel.com\/?post_type=product&#038;p=9041"},"modified":"2026-01-14T17:44:27","modified_gmt":"2026-01-14T16:44:27","slug":"lois-jeans-jersey-hombre-a-rayas-verde-y-beige-ref-176823484","status":"publish","type":"product","link":"https:\/\/modasabel.com\/en\/producto\/lois-jeans-jersey-hombre-a-rayas-verde-y-beige-ref-176823484\/","title":{"rendered":"Lois Jeans \u2013 Jersey hombre a rayas verde y beige REF: 176823484"},"content":{"rendered":"<p data-start=\"162\" data-end=\"573\">Jersey <strong data-start=\"169\" data-end=\"195\">Lois Jeans para hombre<\/strong> con dise\u00f1o de rayas anchas en tonos verde y beige, confeccionado con un original punto trenzado que aporta textura y estilo. De cuello redondo y tejido suave <strong data-start=\"354\" data-end=\"397\">52% viscosa, 26% poli\u00e9ster y 22% nailon<\/strong>, ofrece una gran comodidad y un ajuste perfecto. Una prenda ideal para tus looks casuales de oto\u00f1o e invierno, con el sello de calidad y dise\u00f1o caracter\u00edstico de Lois Jeans.<\/p>\n<p data-start=\"575\" data-end=\"633\">\ud83d\udcf1 M\u00e1s informaci\u00f3n o pedidos por WhatsApp: <strong data-start=\"618\" data-end=\"633\">622 491 371<\/strong><\/p>\n","protected":false},"excerpt":{"rendered":"<p>Jersey Lois Jeans para hombre con dise\u00f1o de rayas anchas en tonos verde y beige, confeccionado con un original punto trenzado que aporta textura y estilo. De cuello redondo y tejido suave 52% viscosa, 26% poli\u00e9ster y 22% nailon, ofrece una gran comodidad y un ajuste perfecto. Una prenda ideal para tus looks casuales de [&hellip;]<\/p>\n","protected":false},"featured_media":9049,"comment_status":"closed","ping_status":"closed","template":"","meta":{"_acf_changed":false,"site-sidebar-layout":"default","site-content-layout":"","ast-site-content-layout":"default","site-content-style":"default","site-sidebar-style":"default","ast-global-header-display":"","ast-banner-title-visibility":"","ast-main-header-display":"","ast-hfb-above-header-display":"","ast-hfb-below-header-display":"","ast-hfb-mobile-header-display":"","site-post-title":"","ast-breadcrumbs-content":"","ast-featured-img":"","footer-sml-layout":"","ast-disable-related-posts":"","theme-transparent-header-meta":"default","adv-header-id-meta":"","stick-header-meta":"","header-above-stick-meta":"","header-main-stick-meta":"","header-below-stick-meta":"","astra-migrate-meta-layouts":"set","ast-page-background-enabled":"default","ast-page-background-meta":{"desktop":{"background-color":"var(--ast-global-color-4)","background-image":"","background-repeat":"repeat","background-position":"center center","background-size":"auto","background-attachment":"scroll","background-type":"","background-media":"","overlay-type":"","overlay-color":"","overlay-opacity":"","overlay-gradient":""},"tablet":{"background-color":"","background-image":"","background-repeat":"repeat","background-position":"center center","background-size":"auto","background-attachment":"scroll","background-type":"","background-media":"","overlay-type":"","overlay-color":"","overlay-opacity":"","overlay-gradient":""},"mobile":{"background-color":"","background-image":"","background-repeat":"repeat","background-position":"center center","background-size":"auto","background-attachment":"scroll","background-type":"","background-media":"","overlay-type":"","overlay-color":"","overlay-opacity":"","overlay-gradient":""}},"ast-content-background-meta":{"desktop":{"background-color":"var(--ast-global-color-5)","background-image":"","background-repeat":"repeat","background-position":"center center","background-size":"auto","background-attachment":"scroll","background-type":"","background-media":"","overlay-type":"","overlay-color":"","overlay-opacity":"","overlay-gradient":""},"tablet":{"background-color":"var(--ast-global-color-5)","background-image":"","background-repeat":"repeat","background-position":"center center","background-size":"auto","background-attachment":"scroll","background-type":"","background-media":"","overlay-type":"","overlay-color":"","overlay-opacity":"","overlay-gradient":""},"mobile":{"background-color":"var(--ast-global-color-5)","background-image":"","background-repeat":"repeat","background-position":"center center","background-size":"auto","background-attachment":"scroll","background-type":"","background-media":"","overlay-type":"","overlay-color":"","overlay-opacity":"","overlay-gradient":""}}},"marca-hombre":[199],"marca-interior-hombre":[],"marca-interior-mujer":[],"marca-mujer":[],"product_brand":[],"product_cat":[17,45],"product_tag":[],"class_list":{"0":"post-9041","1":"product","2":"type-product","3":"status-publish","4":"has-post-thumbnail","6":"marca-hombre-lois-hombre-jeans-sudaderas-y-moda-vaquera","7":"product_cat-hombre","8":"product_cat-jerseys","9":"pa_tallas-camisetas-2xl","10":"pa_tallas-camisetas-l","11":"pa_tallas-camisetas-xl","12":"desktop-align-left","13":"tablet-align-left","14":"mobile-align-left","16":"first","17":"instock","18":"sale","19":"taxable","20":"shipping-taxable","21":"purchasable","22":"product-type-variable"},"acf":[],"yoast_head":"<!-- This site is optimized with the Yoast SEO plugin v22.1 - https:\/\/yoast.com\/wordpress\/plugins\/seo\/ -->\n<title>Lois Jeans \u2013 Jersey hombre a rayas verde y beige REF: 176823484 - MODA SABEL<\/title>\n<meta name=\"description\" content=\"Jersey Lois Jeans hombre con rayas verde y beige. Cuello redondo y punto trenzado. Tejido 52% viscosa, 26% poli\u00e9ster, 22% nailon.\" \/>\n<meta name=\"robots\" content=\"index, follow, max-snippet:-1, max-image-preview:large, max-video-preview:-1\" \/>\n<link rel=\"canonical\" href=\"https:\/\/modasabel.com\/en\/producto\/lois-jeans-jersey-hombre-a-rayas-verde-y-beige-ref-176823484\/\" \/>\n<meta property=\"og:locale\" content=\"en_US\" \/>\n<meta property=\"og:type\" content=\"article\" \/>\n<meta property=\"og:title\" content=\"Lois Jeans \u2013 Jersey hombre a rayas verde y beige REF: 176823484 - MODA SABEL\" \/>\n<meta property=\"og:description\" content=\"Jersey Lois Jeans hombre con rayas verde y beige. Cuello redondo y punto trenzado. Tejido 52% viscosa, 26% poli\u00e9ster, 22% nailon.\" \/>\n<meta property=\"og:url\" content=\"https:\/\/modasabel.com\/en\/producto\/lois-jeans-jersey-hombre-a-rayas-verde-y-beige-ref-176823484\/\" \/>\n<meta property=\"og:site_name\" content=\"MODA SABEL\" \/>\n<meta property=\"article:modified_time\" content=\"2026-01-14T16:44:27+00:00\" \/>\n<meta property=\"og:image\" content=\"https:\/\/modasabel.com\/wp-content\/uploads\/2025\/10\/17682-3484-THOMAS-EUGE.jpg\" \/>\n\t<meta property=\"og:image:width\" content=\"429\" \/>\n\t<meta property=\"og:image:height\" content=\"600\" \/>\n\t<meta property=\"og:image:type\" content=\"image\/jpeg\" \/>\n<meta name=\"twitter:card\" content=\"summary_large_image\" \/>\n<meta name=\"twitter:label1\" content=\"Est. reading time\" \/>\n\t<meta name=\"twitter:data1\" content=\"1 minute\" \/>\n<script type=\"application\/ld+json\" class=\"yoast-schema-graph\">{\"@context\":\"https:\/\/schema.org\",\"@graph\":[{\"@type\":\"WebPage\",\"@id\":\"https:\/\/modasabel.com\/en\/producto\/lois-jeans-jersey-hombre-a-rayas-verde-y-beige-ref-176823484\/\",\"url\":\"https:\/\/modasabel.com\/en\/producto\/lois-jeans-jersey-hombre-a-rayas-verde-y-beige-ref-176823484\/\",\"name\":\"Lois Jeans \u2013 Jersey hombre a rayas verde y beige REF: 176823484 - MODA SABEL\",\"isPartOf\":{\"@id\":\"https:\/\/modasabel.com\/en\/#website\"},\"datePublished\":\"2025-10-22T11:45:25+00:00\",\"dateModified\":\"2026-01-14T16:44:27+00:00\",\"description\":\"Jersey Lois Jeans hombre con rayas verde y beige. Cuello redondo y punto trenzado. Tejido 52% viscosa, 26% poli\u00e9ster, 22% nailon.\",\"breadcrumb\":{\"@id\":\"https:\/\/modasabel.com\/en\/producto\/lois-jeans-jersey-hombre-a-rayas-verde-y-beige-ref-176823484\/#breadcrumb\"},\"inLanguage\":\"en-US\",\"potentialAction\":[{\"@type\":\"ReadAction\",\"target\":[\"https:\/\/modasabel.com\/en\/producto\/lois-jeans-jersey-hombre-a-rayas-verde-y-beige-ref-176823484\/\"]}]},{\"@type\":\"BreadcrumbList\",\"@id\":\"https:\/\/modasabel.com\/en\/producto\/lois-jeans-jersey-hombre-a-rayas-verde-y-beige-ref-176823484\/#breadcrumb\",\"itemListElement\":[{\"@type\":\"ListItem\",\"position\":1,\"name\":\"Inicio\",\"item\":\"https:\/\/modasabel.com\/en\/\"},{\"@type\":\"ListItem\",\"position\":2,\"name\":\"Tienda\",\"item\":\"https:\/\/modasabel.com\/tienda\/\"},{\"@type\":\"ListItem\",\"position\":3,\"name\":\"Lois Jeans \u2013 Jersey hombre a rayas verde y beige REF: 176823484\"}]},{\"@type\":\"WebSite\",\"@id\":\"https:\/\/modasabel.com\/en\/#website\",\"url\":\"https:\/\/modasabel.com\/en\/\",\"name\":\"MODA SABEL\",\"description\":\"Marcas de ropa hombre y mujer\",\"potentialAction\":[{\"@type\":\"SearchAction\",\"target\":{\"@type\":\"EntryPoint\",\"urlTemplate\":\"https:\/\/modasabel.com\/en\/?s={search_term_string}\"},\"query-input\":\"required name=search_term_string\"}],\"inLanguage\":\"en-US\"}]}<\/script>\n<!-- \/ Yoast SEO plugin. -->","yoast_head_json":{"title":"Lois Jeans \u2013 Jersey hombre a rayas verde y beige REF: 176823484 - MODA SABEL","description":"Jersey Lois Jeans hombre con rayas verde y beige. Cuello redondo y punto trenzado. Tejido 52% viscosa, 26% poli\u00e9ster, 22% nailon.","robots":{"index":"index","follow":"follow","max-snippet":"max-snippet:-1","max-image-preview":"max-image-preview:large","max-video-preview":"max-video-preview:-1"},"canonical":"https:\/\/modasabel.com\/en\/producto\/lois-jeans-jersey-hombre-a-rayas-verde-y-beige-ref-176823484\/","og_locale":"en_US","og_type":"article","og_title":"Lois Jeans \u2013 Jersey hombre a rayas verde y beige REF: 176823484 - MODA SABEL","og_description":"Jersey Lois Jeans hombre con rayas verde y beige. Cuello redondo y punto trenzado. Tejido 52% viscosa, 26% poli\u00e9ster, 22% nailon.","og_url":"https:\/\/modasabel.com\/en\/producto\/lois-jeans-jersey-hombre-a-rayas-verde-y-beige-ref-176823484\/","og_site_name":"MODA SABEL","article_modified_time":"2026-01-14T16:44:27+00:00","og_image":[{"width":429,"height":600,"url":"https:\/\/modasabel.com\/wp-content\/uploads\/2025\/10\/17682-3484-THOMAS-EUGE.jpg","type":"image\/jpeg"}],"twitter_card":"summary_large_image","twitter_misc":{"Est. reading time":"1 minute"},"schema":{"@context":"https:\/\/schema.org","@graph":[{"@type":"WebPage","@id":"https:\/\/modasabel.com\/en\/producto\/lois-jeans-jersey-hombre-a-rayas-verde-y-beige-ref-176823484\/","url":"https:\/\/modasabel.com\/en\/producto\/lois-jeans-jersey-hombre-a-rayas-verde-y-beige-ref-176823484\/","name":"Lois Jeans \u2013 Jersey hombre a rayas verde y beige REF: 176823484 - MODA SABEL","isPartOf":{"@id":"https:\/\/modasabel.com\/en\/#website"},"datePublished":"2025-10-22T11:45:25+00:00","dateModified":"2026-01-14T16:44:27+00:00","description":"Jersey Lois Jeans hombre con rayas verde y beige. Cuello redondo y punto trenzado. Tejido 52% viscosa, 26% poli\u00e9ster, 22% nailon.","breadcrumb":{"@id":"https:\/\/modasabel.com\/en\/producto\/lois-jeans-jersey-hombre-a-rayas-verde-y-beige-ref-176823484\/#breadcrumb"},"inLanguage":"en-US","potentialAction":[{"@type":"ReadAction","target":["https:\/\/modasabel.com\/en\/producto\/lois-jeans-jersey-hombre-a-rayas-verde-y-beige-ref-176823484\/"]}]},{"@type":"BreadcrumbList","@id":"https:\/\/modasabel.com\/en\/producto\/lois-jeans-jersey-hombre-a-rayas-verde-y-beige-ref-176823484\/#breadcrumb","itemListElement":[{"@type":"ListItem","position":1,"name":"Inicio","item":"https:\/\/modasabel.com\/en\/"},{"@type":"ListItem","position":2,"name":"Tienda","item":"https:\/\/modasabel.com\/tienda\/"},{"@type":"ListItem","position":3,"name":"Lois Jeans \u2013 Jersey hombre a rayas verde y beige REF: 176823484"}]},{"@type":"WebSite","@id":"https:\/\/modasabel.com\/en\/#website","url":"https:\/\/modasabel.com\/en\/","name":"MODA SABEL","description":"Marcas de ropa hombre y mujer","potentialAction":[{"@type":"SearchAction","target":{"@type":"EntryPoint","urlTemplate":"https:\/\/modasabel.com\/en\/?s={search_term_string}"},"query-input":"required name=search_term_string"}],"inLanguage":"en-US"}]}},"_links":{"self":[{"href":"https:\/\/modasabel.com\/en\/wp-json\/wp\/v2\/product\/9041","targetHints":{"allow":["GET"]}}],"collection":[{"href":"https:\/\/modasabel.com\/en\/wp-json\/wp\/v2\/product"}],"about":[{"href":"https:\/\/modasabel.com\/en\/wp-json\/wp\/v2\/types\/product"}],"replies":[{"embeddable":true,"href":"https:\/\/modasabel.com\/en\/wp-json\/wp\/v2\/comments?post=9041"}],"wp:featuredmedia":[{"embeddable":true,"href":"https:\/\/modasabel.com\/en\/wp-json\/wp\/v2\/media\/9049"}],"wp:attachment":[{"href":"https:\/\/modasabel.com\/en\/wp-json\/wp\/v2\/media?parent=9041"}],"wp:term":[{"taxonomy":"marca-hombre","embeddable":true,"href":"https:\/\/modasabel.com\/en\/wp-json\/wp\/v2\/marca-hombre?post=9041"},{"taxonomy":"marca-interior-hombre","embeddable":true,"href":"https:\/\/modasabel.com\/en\/wp-json\/wp\/v2\/marca-interior-hombre?post=9041"},{"taxonomy":"marca-interior-mujer","embeddable":true,"href":"https:\/\/modasabel.com\/en\/wp-json\/wp\/v2\/marca-interior-mujer?post=9041"},{"taxonomy":"marca-mujer","embeddable":true,"href":"https:\/\/modasabel.com\/en\/wp-json\/wp\/v2\/marca-mujer?post=9041"},{"taxonomy":"product_brand","embeddable":true,"href":"https:\/\/modasabel.com\/en\/wp-json\/wp\/v2\/product_brand?post=9041"},{"taxonomy":"product_cat","embeddable":true,"href":"https:\/\/modasabel.com\/en\/wp-json\/wp\/v2\/product_cat?post=9041"},{"taxonomy":"product_tag","embeddable":true,"href":"https:\/\/modasabel.com\/en\/wp-json\/wp\/v2\/product_tag?post=9041"}],"curies":[{"name":"wp","href":"https:\/\/api.w.org\/{rel}","templated":true}]}}