{"id":883,"date":"2024-01-29T12:55:01","date_gmt":"2024-01-29T11:55:01","guid":{"rendered":"https:\/\/modasabel.com\/?post_type=product&#038;p=883"},"modified":"2025-05-20T06:59:41","modified_gmt":"2025-05-20T04:59:41","slug":"sujetador-playtex-24h","status":"publish","type":"product","link":"https:\/\/modasabel.com\/en\/producto\/sujetador-playtex-24h\/","title":{"rendered":"Sujetador Playtex 24h"},"content":{"rendered":"<p>El sujetador 24 de playtex el mas c\u00f3modo del mercado, como bien dice su nombre no te lo quitar\u00edas en 24 horas, con una peque\u00f1a blonda en el escote que le da un toque juvenil, un poquito de preformado en la copa y la posibilidad de quitarle los aros. En pocas palabras el sujetador 24 horas de playtex es perfecto.<\/p>\n","protected":false},"excerpt":{"rendered":"<p>El sujetador 24 de playtex el mas c\u00f3modo del mercado, como bien dice su nombre no te lo quitar\u00edas en 24 horas, con una peque\u00f1a blonda en el escote que le da un toque juvenil, un poquito de preformado en la copa y la posibilidad de quitarle los aros. En pocas palabras el sujetador 24 [&hellip;]<\/p>\n","protected":false},"featured_media":4140,"comment_status":"closed","ping_status":"closed","template":"","meta":{"_acf_changed":false,"site-sidebar-layout":"default","site-content-layout":"","ast-site-content-layout":"default","site-content-style":"default","site-sidebar-style":"default","ast-global-header-display":"","ast-banner-title-visibility":"","ast-main-header-display":"","ast-hfb-above-header-display":"","ast-hfb-below-header-display":"","ast-hfb-mobile-header-display":"","site-post-title":"","ast-breadcrumbs-content":"","ast-featured-img":"","footer-sml-layout":"","ast-disable-related-posts":"","theme-transparent-header-meta":"default","adv-header-id-meta":"","stick-header-meta":"","header-above-stick-meta":"","header-main-stick-meta":"","header-below-stick-meta":"","astra-migrate-meta-layouts":"set","ast-page-background-enabled":"default","ast-page-background-meta":{"desktop":{"background-color":"var(--ast-global-color-4)","background-image":"","background-repeat":"repeat","background-position":"center center","background-size":"auto","background-attachment":"scroll","background-type":"","background-media":"","overlay-type":"","overlay-color":"","overlay-opacity":"","overlay-gradient":""},"tablet":{"background-color":"","background-image":"","background-repeat":"repeat","background-position":"center center","background-size":"auto","background-attachment":"scroll","background-type":"","background-media":"","overlay-type":"","overlay-color":"","overlay-opacity":"","overlay-gradient":""},"mobile":{"background-color":"","background-image":"","background-repeat":"repeat","background-position":"center center","background-size":"auto","background-attachment":"scroll","background-type":"","background-media":"","overlay-type":"","overlay-color":"","overlay-opacity":"","overlay-gradient":""}},"ast-content-background-meta":{"desktop":{"background-color":"var(--ast-global-color-5)","background-image":"","background-repeat":"repeat","background-position":"center center","background-size":"auto","background-attachment":"scroll","background-type":"","background-media":"","overlay-type":"","overlay-color":"","overlay-opacity":"","overlay-gradient":""},"tablet":{"background-color":"var(--ast-global-color-5)","background-image":"","background-repeat":"repeat","background-position":"center center","background-size":"auto","background-attachment":"scroll","background-type":"","background-media":"","overlay-type":"","overlay-color":"","overlay-opacity":"","overlay-gradient":""},"mobile":{"background-color":"var(--ast-global-color-5)","background-image":"","background-repeat":"repeat","background-position":"center center","background-size":"auto","background-attachment":"scroll","background-type":"","background-media":"","overlay-type":"","overlay-color":"","overlay-opacity":"","overlay-gradient":""}}},"marca-hombre":[],"marca-interior-hombre":[],"marca-interior-mujer":[213],"marca-mujer":[],"product_brand":[],"product_cat":[55,18,57],"product_tag":[83],"class_list":{"0":"post-883","1":"product","2":"type-product","3":"status-publish","4":"has-post-thumbnail","6":"marca-interior-mujer-playtex","7":"product_cat-moda-intima-mujer","8":"product_cat-mujer","9":"product_cat-sujetadores","10":"product_tag-playtex","11":"pa_color-arena","12":"pa_color-blanco","13":"pa_color-negro","14":"pa_talla-sujetadores-100b","15":"pa_talla-sujetadores-100c","16":"pa_talla-sujetadores-105b","17":"pa_talla-sujetadores-105c","18":"pa_talla-sujetadores-110b","19":"pa_talla-sujetadores-85b","20":"pa_talla-sujetadores-90b","21":"pa_talla-sujetadores-90c","22":"pa_talla-sujetadores-95b","23":"pa_talla-sujetadores-95c","24":"desktop-align-left","25":"tablet-align-left","26":"mobile-align-left","28":"first","29":"outofstock","30":"taxable","31":"shipping-taxable","32":"purchasable","33":"product-type-variable"},"acf":[],"yoast_head":"<!-- This site is optimized with the Yoast SEO plugin v22.1 - https:\/\/yoast.com\/wordpress\/plugins\/seo\/ -->\n<title>Sujetador Playtex 24h - MODA SABEL<\/title>\n<meta name=\"robots\" content=\"index, follow, max-snippet:-1, max-image-preview:large, max-video-preview:-1\" \/>\n<link rel=\"canonical\" href=\"https:\/\/modasabel.com\/en\/producto\/sujetador-playtex-24h\/\" \/>\n<meta property=\"og:locale\" content=\"en_US\" \/>\n<meta property=\"og:type\" content=\"article\" \/>\n<meta property=\"og:title\" content=\"Sujetador Playtex 24h - MODA SABEL\" \/>\n<meta property=\"og:description\" content=\"El sujetador 24 de playtex el mas c\u00f3modo del mercado, como bien dice su nombre no te lo quitar\u00edas en 24 horas, con una peque\u00f1a blonda en el escote que le da un toque juvenil, un poquito de preformado en la copa y la posibilidad de quitarle los aros. En pocas palabras el sujetador 24 [&hellip;]\" \/>\n<meta property=\"og:url\" content=\"https:\/\/modasabel.com\/en\/producto\/sujetador-playtex-24h\/\" \/>\n<meta property=\"og:site_name\" content=\"MODA SABEL\" \/>\n<meta property=\"article:modified_time\" content=\"2025-05-20T04:59:41+00:00\" \/>\n<meta property=\"og:image\" content=\"https:\/\/modasabel.com\/wp-content\/uploads\/2024\/01\/4183-sujetador-playtex-24h-NEGRO.jpg\" \/>\n\t<meta property=\"og:image:width\" content=\"800\" \/>\n\t<meta property=\"og:image:height\" content=\"800\" \/>\n\t<meta property=\"og:image:type\" content=\"image\/jpeg\" \/>\n<meta name=\"twitter:card\" content=\"summary_large_image\" \/>\n<meta name=\"twitter:label1\" content=\"Est. reading time\" \/>\n\t<meta name=\"twitter:data1\" content=\"1 minute\" \/>\n<script type=\"application\/ld+json\" class=\"yoast-schema-graph\">{\"@context\":\"https:\/\/schema.org\",\"@graph\":[{\"@type\":\"WebPage\",\"@id\":\"https:\/\/modasabel.com\/en\/producto\/sujetador-playtex-24h\/\",\"url\":\"https:\/\/modasabel.com\/en\/producto\/sujetador-playtex-24h\/\",\"name\":\"Sujetador Playtex 24h - MODA SABEL\",\"isPartOf\":{\"@id\":\"https:\/\/modasabel.com\/en\/#website\"},\"datePublished\":\"2024-01-29T11:55:01+00:00\",\"dateModified\":\"2025-05-20T04:59:41+00:00\",\"breadcrumb\":{\"@id\":\"https:\/\/modasabel.com\/en\/producto\/sujetador-playtex-24h\/#breadcrumb\"},\"inLanguage\":\"en-US\",\"potentialAction\":[{\"@type\":\"ReadAction\",\"target\":[\"https:\/\/modasabel.com\/en\/producto\/sujetador-playtex-24h\/\"]}]},{\"@type\":\"BreadcrumbList\",\"@id\":\"https:\/\/modasabel.com\/en\/producto\/sujetador-playtex-24h\/#breadcrumb\",\"itemListElement\":[{\"@type\":\"ListItem\",\"position\":1,\"name\":\"Inicio\",\"item\":\"https:\/\/modasabel.com\/en\/\"},{\"@type\":\"ListItem\",\"position\":2,\"name\":\"Tienda\",\"item\":\"https:\/\/modasabel.com\/tienda\/\"},{\"@type\":\"ListItem\",\"position\":3,\"name\":\"Sujetador Playtex 24h\"}]},{\"@type\":\"WebSite\",\"@id\":\"https:\/\/modasabel.com\/en\/#website\",\"url\":\"https:\/\/modasabel.com\/en\/\",\"name\":\"MODA SABEL\",\"description\":\"Marcas de ropa hombre y mujer\",\"potentialAction\":[{\"@type\":\"SearchAction\",\"target\":{\"@type\":\"EntryPoint\",\"urlTemplate\":\"https:\/\/modasabel.com\/en\/?s={search_term_string}\"},\"query-input\":\"required name=search_term_string\"}],\"inLanguage\":\"en-US\"}]}<\/script>\n<!-- \/ Yoast SEO plugin. -->","yoast_head_json":{"title":"Sujetador Playtex 24h - MODA SABEL","robots":{"index":"index","follow":"follow","max-snippet":"max-snippet:-1","max-image-preview":"max-image-preview:large","max-video-preview":"max-video-preview:-1"},"canonical":"https:\/\/modasabel.com\/en\/producto\/sujetador-playtex-24h\/","og_locale":"en_US","og_type":"article","og_title":"Sujetador Playtex 24h - MODA SABEL","og_description":"El sujetador 24 de playtex el mas c\u00f3modo del mercado, como bien dice su nombre no te lo quitar\u00edas en 24 horas, con una peque\u00f1a blonda en el escote que le da un toque juvenil, un poquito de preformado en la copa y la posibilidad de quitarle los aros. En pocas palabras el sujetador 24 [&hellip;]","og_url":"https:\/\/modasabel.com\/en\/producto\/sujetador-playtex-24h\/","og_site_name":"MODA SABEL","article_modified_time":"2025-05-20T04:59:41+00:00","og_image":[{"width":800,"height":800,"url":"https:\/\/modasabel.com\/wp-content\/uploads\/2024\/01\/4183-sujetador-playtex-24h-NEGRO.jpg","type":"image\/jpeg"}],"twitter_card":"summary_large_image","twitter_misc":{"Est. reading time":"1 minute"},"schema":{"@context":"https:\/\/schema.org","@graph":[{"@type":"WebPage","@id":"https:\/\/modasabel.com\/en\/producto\/sujetador-playtex-24h\/","url":"https:\/\/modasabel.com\/en\/producto\/sujetador-playtex-24h\/","name":"Sujetador Playtex 24h - MODA SABEL","isPartOf":{"@id":"https:\/\/modasabel.com\/en\/#website"},"datePublished":"2024-01-29T11:55:01+00:00","dateModified":"2025-05-20T04:59:41+00:00","breadcrumb":{"@id":"https:\/\/modasabel.com\/en\/producto\/sujetador-playtex-24h\/#breadcrumb"},"inLanguage":"en-US","potentialAction":[{"@type":"ReadAction","target":["https:\/\/modasabel.com\/en\/producto\/sujetador-playtex-24h\/"]}]},{"@type":"BreadcrumbList","@id":"https:\/\/modasabel.com\/en\/producto\/sujetador-playtex-24h\/#breadcrumb","itemListElement":[{"@type":"ListItem","position":1,"name":"Inicio","item":"https:\/\/modasabel.com\/en\/"},{"@type":"ListItem","position":2,"name":"Tienda","item":"https:\/\/modasabel.com\/tienda\/"},{"@type":"ListItem","position":3,"name":"Sujetador Playtex 24h"}]},{"@type":"WebSite","@id":"https:\/\/modasabel.com\/en\/#website","url":"https:\/\/modasabel.com\/en\/","name":"MODA SABEL","description":"Marcas de ropa hombre y mujer","potentialAction":[{"@type":"SearchAction","target":{"@type":"EntryPoint","urlTemplate":"https:\/\/modasabel.com\/en\/?s={search_term_string}"},"query-input":"required name=search_term_string"}],"inLanguage":"en-US"}]}},"_links":{"self":[{"href":"https:\/\/modasabel.com\/en\/wp-json\/wp\/v2\/product\/883","targetHints":{"allow":["GET"]}}],"collection":[{"href":"https:\/\/modasabel.com\/en\/wp-json\/wp\/v2\/product"}],"about":[{"href":"https:\/\/modasabel.com\/en\/wp-json\/wp\/v2\/types\/product"}],"replies":[{"embeddable":true,"href":"https:\/\/modasabel.com\/en\/wp-json\/wp\/v2\/comments?post=883"}],"wp:featuredmedia":[{"embeddable":true,"href":"https:\/\/modasabel.com\/en\/wp-json\/wp\/v2\/media\/4140"}],"wp:attachment":[{"href":"https:\/\/modasabel.com\/en\/wp-json\/wp\/v2\/media?parent=883"}],"wp:term":[{"taxonomy":"marca-hombre","embeddable":true,"href":"https:\/\/modasabel.com\/en\/wp-json\/wp\/v2\/marca-hombre?post=883"},{"taxonomy":"marca-interior-hombre","embeddable":true,"href":"https:\/\/modasabel.com\/en\/wp-json\/wp\/v2\/marca-interior-hombre?post=883"},{"taxonomy":"marca-interior-mujer","embeddable":true,"href":"https:\/\/modasabel.com\/en\/wp-json\/wp\/v2\/marca-interior-mujer?post=883"},{"taxonomy":"marca-mujer","embeddable":true,"href":"https:\/\/modasabel.com\/en\/wp-json\/wp\/v2\/marca-mujer?post=883"},{"taxonomy":"product_brand","embeddable":true,"href":"https:\/\/modasabel.com\/en\/wp-json\/wp\/v2\/product_brand?post=883"},{"taxonomy":"product_cat","embeddable":true,"href":"https:\/\/modasabel.com\/en\/wp-json\/wp\/v2\/product_cat?post=883"},{"taxonomy":"product_tag","embeddable":true,"href":"https:\/\/modasabel.com\/en\/wp-json\/wp\/v2\/product_tag?post=883"}],"curies":[{"name":"wp","href":"https:\/\/api.w.org\/{rel}","templated":true}]}}