{"id":7622,"date":"2025-03-26T11:26:21","date_gmt":"2025-03-26T10:26:21","guid":{"rendered":"https:\/\/modasabel.com\/?post_type=product&#038;p=7622"},"modified":"2025-03-26T11:26:22","modified_gmt":"2025-03-26T10:26:22","slug":"camisa-lois-hombre-elio-ultra-ref-145723083","status":"publish","type":"product","link":"https:\/\/modasabel.com\/en\/producto\/camisa-lois-hombre-elio-ultra-ref-145723083\/","title":{"rendered":"CAMISA LOIS HOMBRE ELIO-ULTRA \u2013 REF: 145723083"},"content":{"rendered":"<p class=\"\" data-start=\"121\" data-end=\"464\"><span>Camisa blanca de manga larga con mini estampado en azul y bordado Lois Jeans al pecho. El tejido ligero y fresco la convierte en una prenda ideal tanto para ir al trabajo como para aviones m\u00e1s informales. El cuello abotonado le da un aire pulido sin perder el estilo actual. Una camisa vers\u00e1til, con ese punto diferente que marca la diferencia.<\/span><\/p>\n<p class=\"\" data-start=\"466\" data-end=\"533\"><span>\ud83d\udcf2 Para m\u00e1s informaci\u00f3n o pedidos, escr\u00edbenos al <\/span><strong data-start=\"508\" data-end=\"532\"><span>WhatsApp 622 491 371<\/span><\/strong><span> .<\/span><\/p>\n","protected":false},"excerpt":{"rendered":"<p>Camisa blanca de manga larga con mini estampado en azul y bordado Lois Jeans al pecho. El tejido ligero y fresco la convierte en una prenda ideal tanto para ir al trabajo como para aviones m\u00e1s informales. El cuello abotonado le da un aire pulido sin perder el estilo actual. Una camisa vers\u00e1til, con ese [&hellip;]<\/p>\n","protected":false},"featured_media":0,"comment_status":"closed","ping_status":"closed","template":"","meta":{"_acf_changed":false,"site-sidebar-layout":"default","site-content-layout":"","ast-site-content-layout":"default","site-content-style":"default","site-sidebar-style":"default","ast-global-header-display":"","ast-banner-title-visibility":"","ast-main-header-display":"","ast-hfb-above-header-display":"","ast-hfb-below-header-display":"","ast-hfb-mobile-header-display":"","site-post-title":"","ast-breadcrumbs-content":"","ast-featured-img":"","footer-sml-layout":"","ast-disable-related-posts":"","theme-transparent-header-meta":"default","adv-header-id-meta":"","stick-header-meta":"","header-above-stick-meta":"","header-main-stick-meta":"","header-below-stick-meta":"","astra-migrate-meta-layouts":"set","ast-page-background-enabled":"default","ast-page-background-meta":{"desktop":{"background-color":"var(--ast-global-color-4)","background-image":"","background-repeat":"repeat","background-position":"center center","background-size":"auto","background-attachment":"scroll","background-type":"","background-media":"","overlay-type":"","overlay-color":"","overlay-opacity":"","overlay-gradient":""},"tablet":{"background-color":"","background-image":"","background-repeat":"repeat","background-position":"center center","background-size":"auto","background-attachment":"scroll","background-type":"","background-media":"","overlay-type":"","overlay-color":"","overlay-opacity":"","overlay-gradient":""},"mobile":{"background-color":"","background-image":"","background-repeat":"repeat","background-position":"center center","background-size":"auto","background-attachment":"scroll","background-type":"","background-media":"","overlay-type":"","overlay-color":"","overlay-opacity":"","overlay-gradient":""}},"ast-content-background-meta":{"desktop":{"background-color":"var(--ast-global-color-5)","background-image":"","background-repeat":"repeat","background-position":"center center","background-size":"auto","background-attachment":"scroll","background-type":"","background-media":"","overlay-type":"","overlay-color":"","overlay-opacity":"","overlay-gradient":""},"tablet":{"background-color":"var(--ast-global-color-5)","background-image":"","background-repeat":"repeat","background-position":"center center","background-size":"auto","background-attachment":"scroll","background-type":"","background-media":"","overlay-type":"","overlay-color":"","overlay-opacity":"","overlay-gradient":""},"mobile":{"background-color":"var(--ast-global-color-5)","background-image":"","background-repeat":"repeat","background-position":"center center","background-size":"auto","background-attachment":"scroll","background-type":"","background-media":"","overlay-type":"","overlay-color":"","overlay-opacity":"","overlay-gradient":""}}},"marca-hombre":[],"marca-interior-hombre":[],"marca-interior-mujer":[],"marca-mujer":[],"product_brand":[],"product_cat":[242],"product_tag":[],"class_list":{"0":"post-7622","1":"product","2":"type-product","3":"status-publish","5":"product_cat-bolsos-mujer","6":"desktop-align-left","7":"tablet-align-left","8":"mobile-align-left","10":"first","11":"instock","12":"taxable","13":"shipping-taxable","14":"product-type-simple"},"acf":[],"yoast_head":"<!-- This site is optimized with the Yoast SEO plugin v22.1 - https:\/\/yoast.com\/wordpress\/plugins\/seo\/ -->\n<title>CAMISA LOIS HOMBRE ELIO-ULTRA \u2013 REF: 145723083 - MODA SABEL<\/title>\n<meta name=\"robots\" content=\"index, follow, max-snippet:-1, max-image-preview:large, max-video-preview:-1\" \/>\n<link rel=\"canonical\" href=\"https:\/\/modasabel.com\/en\/producto\/camisa-lois-hombre-elio-ultra-ref-145723083\/\" \/>\n<meta property=\"og:locale\" content=\"en_US\" \/>\n<meta property=\"og:type\" content=\"article\" \/>\n<meta property=\"og:title\" content=\"CAMISA LOIS HOMBRE ELIO-ULTRA \u2013 REF: 145723083 - MODA SABEL\" \/>\n<meta property=\"og:description\" content=\"Camisa blanca de manga larga con mini estampado en azul y bordado Lois Jeans al pecho. El tejido ligero y fresco la convierte en una prenda ideal tanto para ir al trabajo como para aviones m\u00e1s informales. El cuello abotonado le da un aire pulido sin perder el estilo actual. Una camisa vers\u00e1til, con ese [&hellip;]\" \/>\n<meta property=\"og:url\" content=\"https:\/\/modasabel.com\/en\/producto\/camisa-lois-hombre-elio-ultra-ref-145723083\/\" \/>\n<meta property=\"og:site_name\" content=\"MODA SABEL\" \/>\n<meta property=\"article:modified_time\" content=\"2025-03-26T10:26:22+00:00\" \/>\n<meta name=\"twitter:card\" content=\"summary_large_image\" \/>\n<meta name=\"twitter:label1\" content=\"Est. reading time\" \/>\n\t<meta name=\"twitter:data1\" content=\"1 minute\" \/>\n<script type=\"application\/ld+json\" class=\"yoast-schema-graph\">{\"@context\":\"https:\/\/schema.org\",\"@graph\":[{\"@type\":\"WebPage\",\"@id\":\"https:\/\/modasabel.com\/en\/producto\/camisa-lois-hombre-elio-ultra-ref-145723083\/\",\"url\":\"https:\/\/modasabel.com\/en\/producto\/camisa-lois-hombre-elio-ultra-ref-145723083\/\",\"name\":\"CAMISA LOIS HOMBRE ELIO-ULTRA \u2013 REF: 145723083 - MODA SABEL\",\"isPartOf\":{\"@id\":\"https:\/\/modasabel.com\/en\/#website\"},\"datePublished\":\"2025-03-26T10:26:21+00:00\",\"dateModified\":\"2025-03-26T10:26:22+00:00\",\"breadcrumb\":{\"@id\":\"https:\/\/modasabel.com\/en\/producto\/camisa-lois-hombre-elio-ultra-ref-145723083\/#breadcrumb\"},\"inLanguage\":\"en-US\",\"potentialAction\":[{\"@type\":\"ReadAction\",\"target\":[\"https:\/\/modasabel.com\/en\/producto\/camisa-lois-hombre-elio-ultra-ref-145723083\/\"]}]},{\"@type\":\"BreadcrumbList\",\"@id\":\"https:\/\/modasabel.com\/en\/producto\/camisa-lois-hombre-elio-ultra-ref-145723083\/#breadcrumb\",\"itemListElement\":[{\"@type\":\"ListItem\",\"position\":1,\"name\":\"Inicio\",\"item\":\"https:\/\/modasabel.com\/en\/\"},{\"@type\":\"ListItem\",\"position\":2,\"name\":\"Tienda\",\"item\":\"https:\/\/modasabel.com\/tienda\/\"},{\"@type\":\"ListItem\",\"position\":3,\"name\":\"CAMISA LOIS HOMBRE ELIO-ULTRA \u2013 REF: 145723083\"}]},{\"@type\":\"WebSite\",\"@id\":\"https:\/\/modasabel.com\/en\/#website\",\"url\":\"https:\/\/modasabel.com\/en\/\",\"name\":\"MODA SABEL\",\"description\":\"Marcas de ropa hombre y mujer\",\"potentialAction\":[{\"@type\":\"SearchAction\",\"target\":{\"@type\":\"EntryPoint\",\"urlTemplate\":\"https:\/\/modasabel.com\/en\/?s={search_term_string}\"},\"query-input\":\"required name=search_term_string\"}],\"inLanguage\":\"en-US\"}]}<\/script>\n<!-- \/ Yoast SEO plugin. -->","yoast_head_json":{"title":"CAMISA LOIS HOMBRE ELIO-ULTRA \u2013 REF: 145723083 - MODA SABEL","robots":{"index":"index","follow":"follow","max-snippet":"max-snippet:-1","max-image-preview":"max-image-preview:large","max-video-preview":"max-video-preview:-1"},"canonical":"https:\/\/modasabel.com\/en\/producto\/camisa-lois-hombre-elio-ultra-ref-145723083\/","og_locale":"en_US","og_type":"article","og_title":"CAMISA LOIS HOMBRE ELIO-ULTRA \u2013 REF: 145723083 - MODA SABEL","og_description":"Camisa blanca de manga larga con mini estampado en azul y bordado Lois Jeans al pecho. El tejido ligero y fresco la convierte en una prenda ideal tanto para ir al trabajo como para aviones m\u00e1s informales. El cuello abotonado le da un aire pulido sin perder el estilo actual. Una camisa vers\u00e1til, con ese [&hellip;]","og_url":"https:\/\/modasabel.com\/en\/producto\/camisa-lois-hombre-elio-ultra-ref-145723083\/","og_site_name":"MODA SABEL","article_modified_time":"2025-03-26T10:26:22+00:00","twitter_card":"summary_large_image","twitter_misc":{"Est. reading time":"1 minute"},"schema":{"@context":"https:\/\/schema.org","@graph":[{"@type":"WebPage","@id":"https:\/\/modasabel.com\/en\/producto\/camisa-lois-hombre-elio-ultra-ref-145723083\/","url":"https:\/\/modasabel.com\/en\/producto\/camisa-lois-hombre-elio-ultra-ref-145723083\/","name":"CAMISA LOIS HOMBRE ELIO-ULTRA \u2013 REF: 145723083 - MODA SABEL","isPartOf":{"@id":"https:\/\/modasabel.com\/en\/#website"},"datePublished":"2025-03-26T10:26:21+00:00","dateModified":"2025-03-26T10:26:22+00:00","breadcrumb":{"@id":"https:\/\/modasabel.com\/en\/producto\/camisa-lois-hombre-elio-ultra-ref-145723083\/#breadcrumb"},"inLanguage":"en-US","potentialAction":[{"@type":"ReadAction","target":["https:\/\/modasabel.com\/en\/producto\/camisa-lois-hombre-elio-ultra-ref-145723083\/"]}]},{"@type":"BreadcrumbList","@id":"https:\/\/modasabel.com\/en\/producto\/camisa-lois-hombre-elio-ultra-ref-145723083\/#breadcrumb","itemListElement":[{"@type":"ListItem","position":1,"name":"Inicio","item":"https:\/\/modasabel.com\/en\/"},{"@type":"ListItem","position":2,"name":"Tienda","item":"https:\/\/modasabel.com\/tienda\/"},{"@type":"ListItem","position":3,"name":"CAMISA LOIS HOMBRE ELIO-ULTRA \u2013 REF: 145723083"}]},{"@type":"WebSite","@id":"https:\/\/modasabel.com\/en\/#website","url":"https:\/\/modasabel.com\/en\/","name":"MODA SABEL","description":"Marcas de ropa hombre y mujer","potentialAction":[{"@type":"SearchAction","target":{"@type":"EntryPoint","urlTemplate":"https:\/\/modasabel.com\/en\/?s={search_term_string}"},"query-input":"required name=search_term_string"}],"inLanguage":"en-US"}]}},"_links":{"self":[{"href":"https:\/\/modasabel.com\/en\/wp-json\/wp\/v2\/product\/7622","targetHints":{"allow":["GET"]}}],"collection":[{"href":"https:\/\/modasabel.com\/en\/wp-json\/wp\/v2\/product"}],"about":[{"href":"https:\/\/modasabel.com\/en\/wp-json\/wp\/v2\/types\/product"}],"replies":[{"embeddable":true,"href":"https:\/\/modasabel.com\/en\/wp-json\/wp\/v2\/comments?post=7622"}],"wp:attachment":[{"href":"https:\/\/modasabel.com\/en\/wp-json\/wp\/v2\/media?parent=7622"}],"wp:term":[{"taxonomy":"marca-hombre","embeddable":true,"href":"https:\/\/modasabel.com\/en\/wp-json\/wp\/v2\/marca-hombre?post=7622"},{"taxonomy":"marca-interior-hombre","embeddable":true,"href":"https:\/\/modasabel.com\/en\/wp-json\/wp\/v2\/marca-interior-hombre?post=7622"},{"taxonomy":"marca-interior-mujer","embeddable":true,"href":"https:\/\/modasabel.com\/en\/wp-json\/wp\/v2\/marca-interior-mujer?post=7622"},{"taxonomy":"marca-mujer","embeddable":true,"href":"https:\/\/modasabel.com\/en\/wp-json\/wp\/v2\/marca-mujer?post=7622"},{"taxonomy":"product_brand","embeddable":true,"href":"https:\/\/modasabel.com\/en\/wp-json\/wp\/v2\/product_brand?post=7622"},{"taxonomy":"product_cat","embeddable":true,"href":"https:\/\/modasabel.com\/en\/wp-json\/wp\/v2\/product_cat?post=7622"},{"taxonomy":"product_tag","embeddable":true,"href":"https:\/\/modasabel.com\/en\/wp-json\/wp\/v2\/product_tag?post=7622"}],"curies":[{"name":"wp","href":"https:\/\/api.w.org\/{rel}","templated":true}]}}