{"id":7251,"date":"2025-03-19T18:54:19","date_gmt":"2025-03-19T17:54:19","guid":{"rendered":"https:\/\/modasabel.com\/?post_type=product&#038;p=7251"},"modified":"2026-03-24T11:09:25","modified_gmt":"2026-03-24T10:09:25","slug":"pantalon-de-punto-con-lurex-w125048-coleccion-wnt","status":"publish","type":"product","link":"https:\/\/modasabel.com\/en\/producto\/pantalon-de-punto-con-lurex-w125048-coleccion-wnt\/","title":{"rendered":"Pantal\u00f3n de Punto con Lurex W125048 &#8211; Colecci\u00f3n WNT"},"content":{"rendered":"<p data-start=\"225\" data-end=\"595\"><span>El <\/span><strong data-start=\"228\" data-end=\"277\"><span>pantal\u00f3n de punto con lurex de WNT Collection<\/span><\/strong><span> es la combinaci\u00f3n perfecta de comodidad y estilo para la <\/span><strong data-start=\"335\" data-end=\"370\"><span>temporada Primavera-Verano 2025<\/span><\/strong><span> . Su <\/span><strong data-start=\"375\" data-end=\"420\"><span>dise\u00f1o de pierna ancha y cintura el\u00e1stica<\/span><\/strong><span> garantiza un ajuste c\u00f3modo y favorecedor. Destaca su elegante contraste de colores y el detalle en lurex en los laterales, que a\u00f1ade un toque de brillo sutil y c\u00f3modo.<\/span><\/p>\n<p data-start=\"597\" data-end=\"720\"><span>Este modelo est\u00e1 <\/span><strong data-start=\"614\" data-end=\"670\"><span>disponible en color azul marino con detalles dorados<\/span><\/strong><span> , ideal para crear looks elegantes y vers\u00e1tiles.<\/span><\/p>\n<p data-start=\"722\" data-end=\"863\"><span>Este <\/span><strong data-start=\"727\" data-end=\"755\"><span>pantal\u00f3n de punto fluido<\/span><\/strong><span> forma parte de la <\/span><strong data-start=\"774\" data-end=\"809\"><span>colecci\u00f3n Primavera-Verano 2025<\/span><\/strong><span> de <\/span><strong data-start=\"813\" data-end=\"831\"><span>WNT Collection<\/span><\/strong><span> . <\/span><strong data-start=\"833\" data-end=\"860\"><span>Disponible en ModaSAbel<\/span><\/strong><span> .<\/span><\/p>\n<p data-start=\"865\" data-end=\"922\"><span>\ud83d\udcf2 <\/span><strong data-start=\"868\" data-end=\"904\"><span>M\u00e1s informaci\u00f3n y pedidos por WhatsApp: <\/span><\/strong> <strong data-start=\"905\" data-end=\"920\"><span>622 491 371<\/span><\/strong><\/p>\n","protected":false},"excerpt":{"rendered":"<p>El pantal\u00f3n de punto con lurex de WNT Collection es la combinaci\u00f3n perfecta de comodidad y estilo para la temporada Primavera-Verano 2025 . Su dise\u00f1o de pierna ancha y cintura el\u00e1stica garantiza un ajuste c\u00f3modo y favorecedor. Destaca su elegante contraste de colores y el detalle en lurex en los laterales, que a\u00f1ade un toque [&hellip;]<\/p>\n","protected":false},"featured_media":7254,"comment_status":"closed","ping_status":"closed","template":"","meta":{"_acf_changed":false,"site-sidebar-layout":"default","site-content-layout":"","ast-site-content-layout":"default","site-content-style":"default","site-sidebar-style":"default","ast-global-header-display":"","ast-banner-title-visibility":"","ast-main-header-display":"","ast-hfb-above-header-display":"","ast-hfb-below-header-display":"","ast-hfb-mobile-header-display":"","site-post-title":"","ast-breadcrumbs-content":"","ast-featured-img":"","footer-sml-layout":"","ast-disable-related-posts":"","theme-transparent-header-meta":"default","adv-header-id-meta":"","stick-header-meta":"","header-above-stick-meta":"","header-main-stick-meta":"","header-below-stick-meta":"","astra-migrate-meta-layouts":"set","ast-page-background-enabled":"default","ast-page-background-meta":{"desktop":{"background-color":"var(--ast-global-color-4)","background-image":"","background-repeat":"repeat","background-position":"center center","background-size":"auto","background-attachment":"scroll","background-type":"","background-media":"","overlay-type":"","overlay-color":"","overlay-opacity":"","overlay-gradient":""},"tablet":{"background-color":"","background-image":"","background-repeat":"repeat","background-position":"center center","background-size":"auto","background-attachment":"scroll","background-type":"","background-media":"","overlay-type":"","overlay-color":"","overlay-opacity":"","overlay-gradient":""},"mobile":{"background-color":"","background-image":"","background-repeat":"repeat","background-position":"center center","background-size":"auto","background-attachment":"scroll","background-type":"","background-media":"","overlay-type":"","overlay-color":"","overlay-opacity":"","overlay-gradient":""}},"ast-content-background-meta":{"desktop":{"background-color":"var(--ast-global-color-5)","background-image":"","background-repeat":"repeat","background-position":"center center","background-size":"auto","background-attachment":"scroll","background-type":"","background-media":"","overlay-type":"","overlay-color":"","overlay-opacity":"","overlay-gradient":""},"tablet":{"background-color":"var(--ast-global-color-5)","background-image":"","background-repeat":"repeat","background-position":"center center","background-size":"auto","background-attachment":"scroll","background-type":"","background-media":"","overlay-type":"","overlay-color":"","overlay-opacity":"","overlay-gradient":""},"mobile":{"background-color":"var(--ast-global-color-5)","background-image":"","background-repeat":"repeat","background-position":"center center","background-size":"auto","background-attachment":"scroll","background-type":"","background-media":"","overlay-type":"","overlay-color":"","overlay-opacity":"","overlay-gradient":""}}},"marca-hombre":[],"marca-interior-hombre":[],"marca-interior-mujer":[],"marca-mujer":[206],"product_brand":[],"product_cat":[18,191],"product_tag":[],"class_list":{"0":"post-7251","1":"product","2":"type-product","3":"status-publish","4":"has-post-thumbnail","6":"marca-mujer-wnt-collection","7":"product_cat-mujer","8":"product_cat-pantalones-mujer","9":"pa_tallas-camisetas-l","10":"pa_tallas-camisetas-m","11":"desktop-align-left","12":"tablet-align-left","13":"mobile-align-left","15":"first","16":"instock","17":"taxable","18":"shipping-taxable","19":"purchasable","20":"product-type-variable"},"acf":[],"yoast_head":"<!-- This site is optimized with the Yoast SEO plugin v22.1 - https:\/\/yoast.com\/wordpress\/plugins\/seo\/ -->\n<title>Pantal\u00f3n de Punto con Lurex W125048 - Colecci\u00f3n WNT - MODA SABEL<\/title>\n<meta name=\"description\" content=\"El pantal\u00f3n de punto con lurex de WNT Collection es la combinaci\u00f3n perfecta de comodidad y estilo para la temporada Primavera-Verano 2025\" \/>\n<meta name=\"robots\" content=\"index, follow, max-snippet:-1, max-image-preview:large, max-video-preview:-1\" \/>\n<link rel=\"canonical\" href=\"https:\/\/modasabel.com\/en\/producto\/pantalon-de-punto-con-lurex-w125048-coleccion-wnt\/\" \/>\n<meta property=\"og:locale\" content=\"en_US\" \/>\n<meta property=\"og:type\" content=\"article\" \/>\n<meta property=\"og:title\" content=\"Pantal\u00f3n de Punto con Lurex W125048 - Colecci\u00f3n WNT - MODA SABEL\" \/>\n<meta property=\"og:description\" content=\"El pantal\u00f3n de punto con lurex de WNT Collection es la combinaci\u00f3n perfecta de comodidad y estilo para la temporada Primavera-Verano 2025\" \/>\n<meta property=\"og:url\" content=\"https:\/\/modasabel.com\/en\/producto\/pantalon-de-punto-con-lurex-w125048-coleccion-wnt\/\" \/>\n<meta property=\"og:site_name\" content=\"MODA SABEL\" \/>\n<meta property=\"article:modified_time\" content=\"2026-03-24T10:09:25+00:00\" \/>\n<meta property=\"og:image\" content=\"https:\/\/modasabel.com\/wp-content\/uploads\/2025\/03\/125048-DELANTE-Photoroom.png\" \/>\n\t<meta property=\"og:image:width\" content=\"1080\" \/>\n\t<meta property=\"og:image:height\" content=\"1080\" \/>\n\t<meta property=\"og:image:type\" content=\"image\/png\" \/>\n<meta name=\"twitter:card\" content=\"summary_large_image\" \/>\n<meta name=\"twitter:label1\" content=\"Est. reading time\" \/>\n\t<meta name=\"twitter:data1\" content=\"1 minute\" \/>\n<script type=\"application\/ld+json\" class=\"yoast-schema-graph\">{\"@context\":\"https:\/\/schema.org\",\"@graph\":[{\"@type\":\"WebPage\",\"@id\":\"https:\/\/modasabel.com\/en\/producto\/pantalon-de-punto-con-lurex-w125048-coleccion-wnt\/\",\"url\":\"https:\/\/modasabel.com\/en\/producto\/pantalon-de-punto-con-lurex-w125048-coleccion-wnt\/\",\"name\":\"Pantal\u00f3n de Punto con Lurex W125048 - Colecci\u00f3n WNT - MODA SABEL\",\"isPartOf\":{\"@id\":\"https:\/\/modasabel.com\/en\/#website\"},\"datePublished\":\"2025-03-19T17:54:19+00:00\",\"dateModified\":\"2026-03-24T10:09:25+00:00\",\"description\":\"El pantal\u00f3n de punto con lurex de WNT Collection es la combinaci\u00f3n perfecta de comodidad y estilo para la temporada Primavera-Verano 2025\",\"breadcrumb\":{\"@id\":\"https:\/\/modasabel.com\/en\/producto\/pantalon-de-punto-con-lurex-w125048-coleccion-wnt\/#breadcrumb\"},\"inLanguage\":\"en-US\",\"potentialAction\":[{\"@type\":\"ReadAction\",\"target\":[\"https:\/\/modasabel.com\/en\/producto\/pantalon-de-punto-con-lurex-w125048-coleccion-wnt\/\"]}]},{\"@type\":\"BreadcrumbList\",\"@id\":\"https:\/\/modasabel.com\/en\/producto\/pantalon-de-punto-con-lurex-w125048-coleccion-wnt\/#breadcrumb\",\"itemListElement\":[{\"@type\":\"ListItem\",\"position\":1,\"name\":\"Inicio\",\"item\":\"https:\/\/modasabel.com\/en\/\"},{\"@type\":\"ListItem\",\"position\":2,\"name\":\"Tienda\",\"item\":\"https:\/\/modasabel.com\/tienda\/\"},{\"@type\":\"ListItem\",\"position\":3,\"name\":\"Pantal\u00f3n de Punto con Lurex W125048 &#8211; Colecci\u00f3n WNT\"}]},{\"@type\":\"WebSite\",\"@id\":\"https:\/\/modasabel.com\/en\/#website\",\"url\":\"https:\/\/modasabel.com\/en\/\",\"name\":\"MODA SABEL\",\"description\":\"Marcas de ropa hombre y mujer\",\"potentialAction\":[{\"@type\":\"SearchAction\",\"target\":{\"@type\":\"EntryPoint\",\"urlTemplate\":\"https:\/\/modasabel.com\/en\/?s={search_term_string}\"},\"query-input\":\"required name=search_term_string\"}],\"inLanguage\":\"en-US\"}]}<\/script>\n<!-- \/ Yoast SEO plugin. -->","yoast_head_json":{"title":"Pantal\u00f3n de Punto con Lurex W125048 - Colecci\u00f3n WNT - MODA SABEL","description":"El pantal\u00f3n de punto con lurex de WNT Collection es la combinaci\u00f3n perfecta de comodidad y estilo para la temporada Primavera-Verano 2025","robots":{"index":"index","follow":"follow","max-snippet":"max-snippet:-1","max-image-preview":"max-image-preview:large","max-video-preview":"max-video-preview:-1"},"canonical":"https:\/\/modasabel.com\/en\/producto\/pantalon-de-punto-con-lurex-w125048-coleccion-wnt\/","og_locale":"en_US","og_type":"article","og_title":"Pantal\u00f3n de Punto con Lurex W125048 - Colecci\u00f3n WNT - MODA SABEL","og_description":"El pantal\u00f3n de punto con lurex de WNT Collection es la combinaci\u00f3n perfecta de comodidad y estilo para la temporada Primavera-Verano 2025","og_url":"https:\/\/modasabel.com\/en\/producto\/pantalon-de-punto-con-lurex-w125048-coleccion-wnt\/","og_site_name":"MODA SABEL","article_modified_time":"2026-03-24T10:09:25+00:00","og_image":[{"width":1080,"height":1080,"url":"https:\/\/modasabel.com\/wp-content\/uploads\/2025\/03\/125048-DELANTE-Photoroom.png","type":"image\/png"}],"twitter_card":"summary_large_image","twitter_misc":{"Est. reading time":"1 minute"},"schema":{"@context":"https:\/\/schema.org","@graph":[{"@type":"WebPage","@id":"https:\/\/modasabel.com\/en\/producto\/pantalon-de-punto-con-lurex-w125048-coleccion-wnt\/","url":"https:\/\/modasabel.com\/en\/producto\/pantalon-de-punto-con-lurex-w125048-coleccion-wnt\/","name":"Pantal\u00f3n de Punto con Lurex W125048 - Colecci\u00f3n WNT - MODA SABEL","isPartOf":{"@id":"https:\/\/modasabel.com\/en\/#website"},"datePublished":"2025-03-19T17:54:19+00:00","dateModified":"2026-03-24T10:09:25+00:00","description":"El pantal\u00f3n de punto con lurex de WNT Collection es la combinaci\u00f3n perfecta de comodidad y estilo para la temporada Primavera-Verano 2025","breadcrumb":{"@id":"https:\/\/modasabel.com\/en\/producto\/pantalon-de-punto-con-lurex-w125048-coleccion-wnt\/#breadcrumb"},"inLanguage":"en-US","potentialAction":[{"@type":"ReadAction","target":["https:\/\/modasabel.com\/en\/producto\/pantalon-de-punto-con-lurex-w125048-coleccion-wnt\/"]}]},{"@type":"BreadcrumbList","@id":"https:\/\/modasabel.com\/en\/producto\/pantalon-de-punto-con-lurex-w125048-coleccion-wnt\/#breadcrumb","itemListElement":[{"@type":"ListItem","position":1,"name":"Inicio","item":"https:\/\/modasabel.com\/en\/"},{"@type":"ListItem","position":2,"name":"Tienda","item":"https:\/\/modasabel.com\/tienda\/"},{"@type":"ListItem","position":3,"name":"Pantal\u00f3n de Punto con Lurex W125048 &#8211; Colecci\u00f3n WNT"}]},{"@type":"WebSite","@id":"https:\/\/modasabel.com\/en\/#website","url":"https:\/\/modasabel.com\/en\/","name":"MODA SABEL","description":"Marcas de ropa hombre y mujer","potentialAction":[{"@type":"SearchAction","target":{"@type":"EntryPoint","urlTemplate":"https:\/\/modasabel.com\/en\/?s={search_term_string}"},"query-input":"required name=search_term_string"}],"inLanguage":"en-US"}]}},"_links":{"self":[{"href":"https:\/\/modasabel.com\/en\/wp-json\/wp\/v2\/product\/7251","targetHints":{"allow":["GET"]}}],"collection":[{"href":"https:\/\/modasabel.com\/en\/wp-json\/wp\/v2\/product"}],"about":[{"href":"https:\/\/modasabel.com\/en\/wp-json\/wp\/v2\/types\/product"}],"replies":[{"embeddable":true,"href":"https:\/\/modasabel.com\/en\/wp-json\/wp\/v2\/comments?post=7251"}],"wp:featuredmedia":[{"embeddable":true,"href":"https:\/\/modasabel.com\/en\/wp-json\/wp\/v2\/media\/7254"}],"wp:attachment":[{"href":"https:\/\/modasabel.com\/en\/wp-json\/wp\/v2\/media?parent=7251"}],"wp:term":[{"taxonomy":"marca-hombre","embeddable":true,"href":"https:\/\/modasabel.com\/en\/wp-json\/wp\/v2\/marca-hombre?post=7251"},{"taxonomy":"marca-interior-hombre","embeddable":true,"href":"https:\/\/modasabel.com\/en\/wp-json\/wp\/v2\/marca-interior-hombre?post=7251"},{"taxonomy":"marca-interior-mujer","embeddable":true,"href":"https:\/\/modasabel.com\/en\/wp-json\/wp\/v2\/marca-interior-mujer?post=7251"},{"taxonomy":"marca-mujer","embeddable":true,"href":"https:\/\/modasabel.com\/en\/wp-json\/wp\/v2\/marca-mujer?post=7251"},{"taxonomy":"product_brand","embeddable":true,"href":"https:\/\/modasabel.com\/en\/wp-json\/wp\/v2\/product_brand?post=7251"},{"taxonomy":"product_cat","embeddable":true,"href":"https:\/\/modasabel.com\/en\/wp-json\/wp\/v2\/product_cat?post=7251"},{"taxonomy":"product_tag","embeddable":true,"href":"https:\/\/modasabel.com\/en\/wp-json\/wp\/v2\/product_tag?post=7251"}],"curies":[{"name":"wp","href":"https:\/\/api.w.org\/{rel}","templated":true}]}}