{"id":7241,"date":"2025-03-19T18:10:35","date_gmt":"2025-03-19T17:10:35","guid":{"rendered":"https:\/\/modasabel.com\/?post_type=product&#038;p=7241"},"modified":"2026-03-24T11:09:35","modified_gmt":"2026-03-24T10:09:35","slug":"chaqueta-de-punto-jacquard-w125043-coleccion-wnt","status":"publish","type":"product","link":"https:\/\/modasabel.com\/en\/producto\/chaqueta-de-punto-jacquard-w125043-coleccion-wnt\/","title":{"rendered":"Chaqueta de Punto Jacquard W125043 &#8211; Colecci\u00f3n WNT"},"content":{"rendered":"<p data-start=\"196\" data-end=\"575\"><span>La <\/span><strong data-start=\"199\" data-end=\"247\"><span>chaqueta de punto jacquard de WNT Collection<\/span><\/strong><span> es la opci\u00f3n ideal para completar tus looks de <\/span><strong data-start=\"295\" data-end=\"317\"><span>primavera y verano<\/span><\/strong><span> con un toque c\u00f3modo y ligero. Su dise\u00f1o fluido, con manga 3\/4 y detalles en contraste, la convierte en una prenda vers\u00e1til y elegante. Perfecta para combinar con vestidos, pantalones o faldas, esta chaqueta aporta estilo sin renunciar a la comodidad.<\/span><\/p>\n<p data-start=\"577\" data-end=\"718\"><span>Esta <\/span><strong data-start=\"582\" data-end=\"610\"><span>chaqueta de punto ligero<\/span><\/strong><span> forma parte de la <\/span><strong data-start=\"629\" data-end=\"664\"><span>colecci\u00f3n Primavera-Verano 2025<\/span><\/strong><span> de <\/span><strong data-start=\"668\" data-end=\"686\"><span>WNT Collection<\/span><\/strong><span> . <\/span><strong data-start=\"688\" data-end=\"715\"><span>Disponible en ModaSAbel<\/span><\/strong><span> .<\/span><\/p>\n<p data-start=\"720\" data-end=\"777\"><span>\ud83d\udcf2 <\/span><strong data-start=\"723\" data-end=\"759\"><span>M\u00e1s informaci\u00f3n y pedidos por WhatsApp: <\/span><\/strong> <strong data-start=\"760\" data-end=\"775\"><span>622 491 371<\/span><\/strong><\/p>\n","protected":false},"excerpt":{"rendered":"<p>La chaqueta de punto jacquard de WNT Collection es la opci\u00f3n ideal para completar tus looks de primavera y verano con un toque c\u00f3modo y ligero. Su dise\u00f1o fluido, con manga 3\/4 y detalles en contraste, la convierte en una prenda vers\u00e1til y elegante. Perfecta para combinar con vestidos, pantalones o faldas, esta chaqueta aporta [&hellip;]<\/p>\n","protected":false},"featured_media":7244,"comment_status":"closed","ping_status":"closed","template":"","meta":{"_acf_changed":false,"site-sidebar-layout":"default","site-content-layout":"","ast-site-content-layout":"default","site-content-style":"default","site-sidebar-style":"default","ast-global-header-display":"","ast-banner-title-visibility":"","ast-main-header-display":"","ast-hfb-above-header-display":"","ast-hfb-below-header-display":"","ast-hfb-mobile-header-display":"","site-post-title":"","ast-breadcrumbs-content":"","ast-featured-img":"","footer-sml-layout":"","ast-disable-related-posts":"","theme-transparent-header-meta":"default","adv-header-id-meta":"","stick-header-meta":"","header-above-stick-meta":"","header-main-stick-meta":"","header-below-stick-meta":"","astra-migrate-meta-layouts":"set","ast-page-background-enabled":"default","ast-page-background-meta":{"desktop":{"background-color":"var(--ast-global-color-4)","background-image":"","background-repeat":"repeat","background-position":"center center","background-size":"auto","background-attachment":"scroll","background-type":"","background-media":"","overlay-type":"","overlay-color":"","overlay-opacity":"","overlay-gradient":""},"tablet":{"background-color":"","background-image":"","background-repeat":"repeat","background-position":"center center","background-size":"auto","background-attachment":"scroll","background-type":"","background-media":"","overlay-type":"","overlay-color":"","overlay-opacity":"","overlay-gradient":""},"mobile":{"background-color":"","background-image":"","background-repeat":"repeat","background-position":"center center","background-size":"auto","background-attachment":"scroll","background-type":"","background-media":"","overlay-type":"","overlay-color":"","overlay-opacity":"","overlay-gradient":""}},"ast-content-background-meta":{"desktop":{"background-color":"var(--ast-global-color-5)","background-image":"","background-repeat":"repeat","background-position":"center center","background-size":"auto","background-attachment":"scroll","background-type":"","background-media":"","overlay-type":"","overlay-color":"","overlay-opacity":"","overlay-gradient":""},"tablet":{"background-color":"var(--ast-global-color-5)","background-image":"","background-repeat":"repeat","background-position":"center center","background-size":"auto","background-attachment":"scroll","background-type":"","background-media":"","overlay-type":"","overlay-color":"","overlay-opacity":"","overlay-gradient":""},"mobile":{"background-color":"var(--ast-global-color-5)","background-image":"","background-repeat":"repeat","background-position":"center center","background-size":"auto","background-attachment":"scroll","background-type":"","background-media":"","overlay-type":"","overlay-color":"","overlay-opacity":"","overlay-gradient":""}}},"marca-hombre":[],"marca-interior-hombre":[],"marca-interior-mujer":[],"marca-mujer":[206],"product_brand":[],"product_cat":[51,53,18],"product_tag":[],"class_list":{"0":"post-7241","1":"product","2":"type-product","3":"status-publish","4":"has-post-thumbnail","6":"marca-mujer-wnt-collection","7":"product_cat-chaquetas-mujer","8":"product_cat-jerseys-mujer","9":"product_cat-mujer","10":"pa_tallas-camisetas-l","11":"pa_tallas-camisetas-m","12":"pa_tallas-camisetas-xl","13":"desktop-align-left","14":"tablet-align-left","15":"mobile-align-left","17":"first","18":"instock","19":"taxable","20":"shipping-taxable","21":"purchasable","22":"product-type-variable"},"acf":[],"yoast_head":"<!-- This site is optimized with the Yoast SEO plugin v22.1 - https:\/\/yoast.com\/wordpress\/plugins\/seo\/ -->\n<title>Chaqueta de Punto Jacquard W125043 - Colecci\u00f3n WNT - MODA SABEL<\/title>\n<meta name=\"description\" content=\"La chaqueta de punto jacquard de WNT Collection es la opci\u00f3n ideal para completar tus looks de primavera y verano con un toque c\u00f3modo y ligero\" \/>\n<meta name=\"robots\" content=\"index, follow, max-snippet:-1, max-image-preview:large, max-video-preview:-1\" \/>\n<link rel=\"canonical\" href=\"https:\/\/modasabel.com\/en\/producto\/chaqueta-de-punto-jacquard-w125043-coleccion-wnt\/\" \/>\n<meta property=\"og:locale\" content=\"en_US\" \/>\n<meta property=\"og:type\" content=\"article\" \/>\n<meta property=\"og:title\" content=\"Chaqueta de Punto Jacquard W125043 - Colecci\u00f3n WNT - MODA SABEL\" \/>\n<meta property=\"og:description\" content=\"La chaqueta de punto jacquard de WNT Collection es la opci\u00f3n ideal para completar tus looks de primavera y verano con un toque c\u00f3modo y ligero\" \/>\n<meta property=\"og:url\" content=\"https:\/\/modasabel.com\/en\/producto\/chaqueta-de-punto-jacquard-w125043-coleccion-wnt\/\" \/>\n<meta property=\"og:site_name\" content=\"MODA SABEL\" \/>\n<meta property=\"article:modified_time\" content=\"2026-03-24T10:09:35+00:00\" \/>\n<meta property=\"og:image\" content=\"https:\/\/modasabel.com\/wp-content\/uploads\/2025\/03\/w125043-chaqueta-de-jacquard.jpg\" \/>\n\t<meta property=\"og:image:width\" content=\"1100\" \/>\n\t<meta property=\"og:image:height\" content=\"1422\" \/>\n\t<meta property=\"og:image:type\" content=\"image\/jpeg\" \/>\n<meta name=\"twitter:card\" content=\"summary_large_image\" \/>\n<meta name=\"twitter:label1\" content=\"Est. reading time\" \/>\n\t<meta name=\"twitter:data1\" content=\"1 minute\" \/>\n<script type=\"application\/ld+json\" class=\"yoast-schema-graph\">{\"@context\":\"https:\/\/schema.org\",\"@graph\":[{\"@type\":\"WebPage\",\"@id\":\"https:\/\/modasabel.com\/en\/producto\/chaqueta-de-punto-jacquard-w125043-coleccion-wnt\/\",\"url\":\"https:\/\/modasabel.com\/en\/producto\/chaqueta-de-punto-jacquard-w125043-coleccion-wnt\/\",\"name\":\"Chaqueta de Punto Jacquard W125043 - Colecci\u00f3n WNT - MODA SABEL\",\"isPartOf\":{\"@id\":\"https:\/\/modasabel.com\/en\/#website\"},\"datePublished\":\"2025-03-19T17:10:35+00:00\",\"dateModified\":\"2026-03-24T10:09:35+00:00\",\"description\":\"La chaqueta de punto jacquard de WNT Collection es la opci\u00f3n ideal para completar tus looks de primavera y verano con un toque c\u00f3modo y ligero\",\"breadcrumb\":{\"@id\":\"https:\/\/modasabel.com\/en\/producto\/chaqueta-de-punto-jacquard-w125043-coleccion-wnt\/#breadcrumb\"},\"inLanguage\":\"en-US\",\"potentialAction\":[{\"@type\":\"ReadAction\",\"target\":[\"https:\/\/modasabel.com\/en\/producto\/chaqueta-de-punto-jacquard-w125043-coleccion-wnt\/\"]}]},{\"@type\":\"BreadcrumbList\",\"@id\":\"https:\/\/modasabel.com\/en\/producto\/chaqueta-de-punto-jacquard-w125043-coleccion-wnt\/#breadcrumb\",\"itemListElement\":[{\"@type\":\"ListItem\",\"position\":1,\"name\":\"Inicio\",\"item\":\"https:\/\/modasabel.com\/en\/\"},{\"@type\":\"ListItem\",\"position\":2,\"name\":\"Tienda\",\"item\":\"https:\/\/modasabel.com\/tienda\/\"},{\"@type\":\"ListItem\",\"position\":3,\"name\":\"Chaqueta de Punto Jacquard W125043 &#8211; Colecci\u00f3n WNT\"}]},{\"@type\":\"WebSite\",\"@id\":\"https:\/\/modasabel.com\/en\/#website\",\"url\":\"https:\/\/modasabel.com\/en\/\",\"name\":\"MODA SABEL\",\"description\":\"Marcas de ropa hombre y mujer\",\"potentialAction\":[{\"@type\":\"SearchAction\",\"target\":{\"@type\":\"EntryPoint\",\"urlTemplate\":\"https:\/\/modasabel.com\/en\/?s={search_term_string}\"},\"query-input\":\"required name=search_term_string\"}],\"inLanguage\":\"en-US\"}]}<\/script>\n<!-- \/ Yoast SEO plugin. -->","yoast_head_json":{"title":"Chaqueta de Punto Jacquard W125043 - Colecci\u00f3n WNT - MODA SABEL","description":"La chaqueta de punto jacquard de WNT Collection es la opci\u00f3n ideal para completar tus looks de primavera y verano con un toque c\u00f3modo y ligero","robots":{"index":"index","follow":"follow","max-snippet":"max-snippet:-1","max-image-preview":"max-image-preview:large","max-video-preview":"max-video-preview:-1"},"canonical":"https:\/\/modasabel.com\/en\/producto\/chaqueta-de-punto-jacquard-w125043-coleccion-wnt\/","og_locale":"en_US","og_type":"article","og_title":"Chaqueta de Punto Jacquard W125043 - Colecci\u00f3n WNT - MODA SABEL","og_description":"La chaqueta de punto jacquard de WNT Collection es la opci\u00f3n ideal para completar tus looks de primavera y verano con un toque c\u00f3modo y ligero","og_url":"https:\/\/modasabel.com\/en\/producto\/chaqueta-de-punto-jacquard-w125043-coleccion-wnt\/","og_site_name":"MODA SABEL","article_modified_time":"2026-03-24T10:09:35+00:00","og_image":[{"width":1100,"height":1422,"url":"https:\/\/modasabel.com\/wp-content\/uploads\/2025\/03\/w125043-chaqueta-de-jacquard.jpg","type":"image\/jpeg"}],"twitter_card":"summary_large_image","twitter_misc":{"Est. reading time":"1 minute"},"schema":{"@context":"https:\/\/schema.org","@graph":[{"@type":"WebPage","@id":"https:\/\/modasabel.com\/en\/producto\/chaqueta-de-punto-jacquard-w125043-coleccion-wnt\/","url":"https:\/\/modasabel.com\/en\/producto\/chaqueta-de-punto-jacquard-w125043-coleccion-wnt\/","name":"Chaqueta de Punto Jacquard W125043 - Colecci\u00f3n WNT - MODA SABEL","isPartOf":{"@id":"https:\/\/modasabel.com\/en\/#website"},"datePublished":"2025-03-19T17:10:35+00:00","dateModified":"2026-03-24T10:09:35+00:00","description":"La chaqueta de punto jacquard de WNT Collection es la opci\u00f3n ideal para completar tus looks de primavera y verano con un toque c\u00f3modo y ligero","breadcrumb":{"@id":"https:\/\/modasabel.com\/en\/producto\/chaqueta-de-punto-jacquard-w125043-coleccion-wnt\/#breadcrumb"},"inLanguage":"en-US","potentialAction":[{"@type":"ReadAction","target":["https:\/\/modasabel.com\/en\/producto\/chaqueta-de-punto-jacquard-w125043-coleccion-wnt\/"]}]},{"@type":"BreadcrumbList","@id":"https:\/\/modasabel.com\/en\/producto\/chaqueta-de-punto-jacquard-w125043-coleccion-wnt\/#breadcrumb","itemListElement":[{"@type":"ListItem","position":1,"name":"Inicio","item":"https:\/\/modasabel.com\/en\/"},{"@type":"ListItem","position":2,"name":"Tienda","item":"https:\/\/modasabel.com\/tienda\/"},{"@type":"ListItem","position":3,"name":"Chaqueta de Punto Jacquard W125043 &#8211; Colecci\u00f3n WNT"}]},{"@type":"WebSite","@id":"https:\/\/modasabel.com\/en\/#website","url":"https:\/\/modasabel.com\/en\/","name":"MODA SABEL","description":"Marcas de ropa hombre y mujer","potentialAction":[{"@type":"SearchAction","target":{"@type":"EntryPoint","urlTemplate":"https:\/\/modasabel.com\/en\/?s={search_term_string}"},"query-input":"required name=search_term_string"}],"inLanguage":"en-US"}]}},"_links":{"self":[{"href":"https:\/\/modasabel.com\/en\/wp-json\/wp\/v2\/product\/7241","targetHints":{"allow":["GET"]}}],"collection":[{"href":"https:\/\/modasabel.com\/en\/wp-json\/wp\/v2\/product"}],"about":[{"href":"https:\/\/modasabel.com\/en\/wp-json\/wp\/v2\/types\/product"}],"replies":[{"embeddable":true,"href":"https:\/\/modasabel.com\/en\/wp-json\/wp\/v2\/comments?post=7241"}],"wp:featuredmedia":[{"embeddable":true,"href":"https:\/\/modasabel.com\/en\/wp-json\/wp\/v2\/media\/7244"}],"wp:attachment":[{"href":"https:\/\/modasabel.com\/en\/wp-json\/wp\/v2\/media?parent=7241"}],"wp:term":[{"taxonomy":"marca-hombre","embeddable":true,"href":"https:\/\/modasabel.com\/en\/wp-json\/wp\/v2\/marca-hombre?post=7241"},{"taxonomy":"marca-interior-hombre","embeddable":true,"href":"https:\/\/modasabel.com\/en\/wp-json\/wp\/v2\/marca-interior-hombre?post=7241"},{"taxonomy":"marca-interior-mujer","embeddable":true,"href":"https:\/\/modasabel.com\/en\/wp-json\/wp\/v2\/marca-interior-mujer?post=7241"},{"taxonomy":"marca-mujer","embeddable":true,"href":"https:\/\/modasabel.com\/en\/wp-json\/wp\/v2\/marca-mujer?post=7241"},{"taxonomy":"product_brand","embeddable":true,"href":"https:\/\/modasabel.com\/en\/wp-json\/wp\/v2\/product_brand?post=7241"},{"taxonomy":"product_cat","embeddable":true,"href":"https:\/\/modasabel.com\/en\/wp-json\/wp\/v2\/product_cat?post=7241"},{"taxonomy":"product_tag","embeddable":true,"href":"https:\/\/modasabel.com\/en\/wp-json\/wp\/v2\/product_tag?post=7241"}],"curies":[{"name":"wp","href":"https:\/\/api.w.org\/{rel}","templated":true}]}}