{"id":7234,"date":"2025-03-19T18:06:30","date_gmt":"2025-03-19T17:06:30","guid":{"rendered":"https:\/\/modasabel.com\/?post_type=product&#038;p=7234"},"modified":"2026-03-24T11:09:39","modified_gmt":"2026-03-24T10:09:39","slug":"pantalon-de-punto-rayas-w125032-coleccion-wnt","status":"publish","type":"product","link":"https:\/\/modasabel.com\/en\/producto\/pantalon-de-punto-rayas-w125032-coleccion-wnt\/","title":{"rendered":"Pantal\u00f3n de Punto Rayas W125032 &#8211; Colecci\u00f3n WNT"},"content":{"rendered":"<p data-start=\"183\" data-end=\"588\">El <strong data-start=\"186\" data-end=\"233\">pantal\u00f3n de punto a rayas de WNT Collection<\/strong> es la combinaci\u00f3n perfecta de estilo y comodidad para la <strong data-start=\"291\" data-end=\"326\">temporada Primavera-Verano 2025<\/strong> . Con su <strong data-start=\"335\" data-end=\"367\">corte recto y dise\u00f1o cropped<\/strong> , ofrece un look fresco y moderno, ideal para los d\u00edas m\u00e1s c\u00e1lidos. Su cintura el\u00e1stica garantiza un ajuste perfecto, mientras que las <strong data-start=\"502\" data-end=\"543\">rayas verticales estilizan la silueta<\/strong> y aportan un toque elegante y c\u00f3modo.<\/p>\n<p data-start=\"590\" data-end=\"731\">Este <strong data-start=\"595\" data-end=\"623\">pantal\u00f3n de punto ligero<\/strong> forma parte de la <strong data-start=\"642\" data-end=\"677\">colecci\u00f3n Primavera-Verano 2025<\/strong> de <strong data-start=\"681\" data-end=\"699\">WNT Collection<\/strong> . <strong data-start=\"701\" data-end=\"728\">Disponible en ModaSAbel<\/strong> .<\/p>\n<p data-start=\"733\" data-end=\"790\">\ud83d\udcf2 <strong data-start=\"736\" data-end=\"772\">M\u00e1s informaci\u00f3n y pedidos por WhatsApp: <\/strong> <strong data-start=\"773\" data-end=\"788\">622 491 371<\/strong><\/p>\n","protected":false},"excerpt":{"rendered":"<p>El pantal\u00f3n de punto a rayas de WNT Collection es la combinaci\u00f3n perfecta de estilo y comodidad para la temporada Primavera-Verano 2025 . Con su corte recto y dise\u00f1o cropped , ofrece un look fresco y moderno, ideal para los d\u00edas m\u00e1s c\u00e1lidos. Su cintura el\u00e1stica garantiza un ajuste perfecto, mientras que las rayas verticales [&hellip;]<\/p>\n","protected":false},"featured_media":7239,"comment_status":"closed","ping_status":"closed","template":"","meta":{"_acf_changed":false,"site-sidebar-layout":"default","site-content-layout":"","ast-site-content-layout":"default","site-content-style":"default","site-sidebar-style":"default","ast-global-header-display":"","ast-banner-title-visibility":"","ast-main-header-display":"","ast-hfb-above-header-display":"","ast-hfb-below-header-display":"","ast-hfb-mobile-header-display":"","site-post-title":"","ast-breadcrumbs-content":"","ast-featured-img":"","footer-sml-layout":"","ast-disable-related-posts":"","theme-transparent-header-meta":"default","adv-header-id-meta":"","stick-header-meta":"","header-above-stick-meta":"","header-main-stick-meta":"","header-below-stick-meta":"","astra-migrate-meta-layouts":"set","ast-page-background-enabled":"default","ast-page-background-meta":{"desktop":{"background-color":"var(--ast-global-color-4)","background-image":"","background-repeat":"repeat","background-position":"center center","background-size":"auto","background-attachment":"scroll","background-type":"","background-media":"","overlay-type":"","overlay-color":"","overlay-opacity":"","overlay-gradient":""},"tablet":{"background-color":"","background-image":"","background-repeat":"repeat","background-position":"center center","background-size":"auto","background-attachment":"scroll","background-type":"","background-media":"","overlay-type":"","overlay-color":"","overlay-opacity":"","overlay-gradient":""},"mobile":{"background-color":"","background-image":"","background-repeat":"repeat","background-position":"center center","background-size":"auto","background-attachment":"scroll","background-type":"","background-media":"","overlay-type":"","overlay-color":"","overlay-opacity":"","overlay-gradient":""}},"ast-content-background-meta":{"desktop":{"background-color":"var(--ast-global-color-5)","background-image":"","background-repeat":"repeat","background-position":"center center","background-size":"auto","background-attachment":"scroll","background-type":"","background-media":"","overlay-type":"","overlay-color":"","overlay-opacity":"","overlay-gradient":""},"tablet":{"background-color":"var(--ast-global-color-5)","background-image":"","background-repeat":"repeat","background-position":"center center","background-size":"auto","background-attachment":"scroll","background-type":"","background-media":"","overlay-type":"","overlay-color":"","overlay-opacity":"","overlay-gradient":""},"mobile":{"background-color":"var(--ast-global-color-5)","background-image":"","background-repeat":"repeat","background-position":"center center","background-size":"auto","background-attachment":"scroll","background-type":"","background-media":"","overlay-type":"","overlay-color":"","overlay-opacity":"","overlay-gradient":""}}},"marca-hombre":[],"marca-interior-hombre":[],"marca-interior-mujer":[],"marca-mujer":[206],"product_brand":[],"product_cat":[18,191],"product_tag":[],"class_list":{"0":"post-7234","1":"product","2":"type-product","3":"status-publish","4":"has-post-thumbnail","6":"marca-mujer-wnt-collection","7":"product_cat-mujer","8":"product_cat-pantalones-mujer","9":"pa_tallas-camisetas-l","10":"pa_tallas-camisetas-m","11":"pa_tallas-camisetas-s","12":"pa_tallas-camisetas-xl","13":"desktop-align-left","14":"tablet-align-left","15":"mobile-align-left","17":"first","18":"instock","19":"taxable","20":"shipping-taxable","21":"purchasable","22":"product-type-variable"},"acf":[],"yoast_head":"<!-- This site is optimized with the Yoast SEO plugin v22.1 - https:\/\/yoast.com\/wordpress\/plugins\/seo\/ -->\n<title>Pantal\u00f3n de Punto Rayas W125032 - Colecci\u00f3n WNT - MODA SABEL<\/title>\n<meta name=\"description\" content=\"El pantal\u00f3n de punto a rayas de WNT Collection es la combinaci\u00f3n perfecta de estilo y comodidad para la temporada Primavera-Verano\" \/>\n<meta name=\"robots\" content=\"index, follow, max-snippet:-1, max-image-preview:large, max-video-preview:-1\" \/>\n<link rel=\"canonical\" href=\"https:\/\/modasabel.com\/en\/producto\/pantalon-de-punto-rayas-w125032-coleccion-wnt\/\" \/>\n<meta property=\"og:locale\" content=\"en_US\" \/>\n<meta property=\"og:type\" content=\"article\" \/>\n<meta property=\"og:title\" content=\"Pantal\u00f3n de Punto Rayas W125032 - Colecci\u00f3n WNT - MODA SABEL\" \/>\n<meta property=\"og:description\" content=\"El pantal\u00f3n de punto a rayas de WNT Collection es la combinaci\u00f3n perfecta de estilo y comodidad para la temporada Primavera-Verano\" \/>\n<meta property=\"og:url\" content=\"https:\/\/modasabel.com\/en\/producto\/pantalon-de-punto-rayas-w125032-coleccion-wnt\/\" \/>\n<meta property=\"og:site_name\" content=\"MODA SABEL\" \/>\n<meta property=\"article:modified_time\" content=\"2026-03-24T10:09:39+00:00\" \/>\n<meta property=\"og:image\" content=\"https:\/\/modasabel.com\/wp-content\/uploads\/2025\/03\/w125032-pantalon-rayas.jpg\" \/>\n\t<meta property=\"og:image:width\" content=\"1100\" \/>\n\t<meta property=\"og:image:height\" content=\"1422\" \/>\n\t<meta property=\"og:image:type\" content=\"image\/jpeg\" \/>\n<meta name=\"twitter:card\" content=\"summary_large_image\" \/>\n<meta name=\"twitter:label1\" content=\"Est. reading time\" \/>\n\t<meta name=\"twitter:data1\" content=\"1 minute\" \/>\n<script type=\"application\/ld+json\" class=\"yoast-schema-graph\">{\"@context\":\"https:\/\/schema.org\",\"@graph\":[{\"@type\":\"WebPage\",\"@id\":\"https:\/\/modasabel.com\/en\/producto\/pantalon-de-punto-rayas-w125032-coleccion-wnt\/\",\"url\":\"https:\/\/modasabel.com\/en\/producto\/pantalon-de-punto-rayas-w125032-coleccion-wnt\/\",\"name\":\"Pantal\u00f3n de Punto Rayas W125032 - Colecci\u00f3n WNT - MODA SABEL\",\"isPartOf\":{\"@id\":\"https:\/\/modasabel.com\/en\/#website\"},\"datePublished\":\"2025-03-19T17:06:30+00:00\",\"dateModified\":\"2026-03-24T10:09:39+00:00\",\"description\":\"El pantal\u00f3n de punto a rayas de WNT Collection es la combinaci\u00f3n perfecta de estilo y comodidad para la temporada Primavera-Verano\",\"breadcrumb\":{\"@id\":\"https:\/\/modasabel.com\/en\/producto\/pantalon-de-punto-rayas-w125032-coleccion-wnt\/#breadcrumb\"},\"inLanguage\":\"en-US\",\"potentialAction\":[{\"@type\":\"ReadAction\",\"target\":[\"https:\/\/modasabel.com\/en\/producto\/pantalon-de-punto-rayas-w125032-coleccion-wnt\/\"]}]},{\"@type\":\"BreadcrumbList\",\"@id\":\"https:\/\/modasabel.com\/en\/producto\/pantalon-de-punto-rayas-w125032-coleccion-wnt\/#breadcrumb\",\"itemListElement\":[{\"@type\":\"ListItem\",\"position\":1,\"name\":\"Inicio\",\"item\":\"https:\/\/modasabel.com\/en\/\"},{\"@type\":\"ListItem\",\"position\":2,\"name\":\"Tienda\",\"item\":\"https:\/\/modasabel.com\/tienda\/\"},{\"@type\":\"ListItem\",\"position\":3,\"name\":\"Pantal\u00f3n de Punto Rayas W125032 &#8211; Colecci\u00f3n WNT\"}]},{\"@type\":\"WebSite\",\"@id\":\"https:\/\/modasabel.com\/en\/#website\",\"url\":\"https:\/\/modasabel.com\/en\/\",\"name\":\"MODA SABEL\",\"description\":\"Marcas de ropa hombre y mujer\",\"potentialAction\":[{\"@type\":\"SearchAction\",\"target\":{\"@type\":\"EntryPoint\",\"urlTemplate\":\"https:\/\/modasabel.com\/en\/?s={search_term_string}\"},\"query-input\":\"required name=search_term_string\"}],\"inLanguage\":\"en-US\"}]}<\/script>\n<!-- \/ Yoast SEO plugin. -->","yoast_head_json":{"title":"Pantal\u00f3n de Punto Rayas W125032 - Colecci\u00f3n WNT - MODA SABEL","description":"El pantal\u00f3n de punto a rayas de WNT Collection es la combinaci\u00f3n perfecta de estilo y comodidad para la temporada Primavera-Verano","robots":{"index":"index","follow":"follow","max-snippet":"max-snippet:-1","max-image-preview":"max-image-preview:large","max-video-preview":"max-video-preview:-1"},"canonical":"https:\/\/modasabel.com\/en\/producto\/pantalon-de-punto-rayas-w125032-coleccion-wnt\/","og_locale":"en_US","og_type":"article","og_title":"Pantal\u00f3n de Punto Rayas W125032 - Colecci\u00f3n WNT - MODA SABEL","og_description":"El pantal\u00f3n de punto a rayas de WNT Collection es la combinaci\u00f3n perfecta de estilo y comodidad para la temporada Primavera-Verano","og_url":"https:\/\/modasabel.com\/en\/producto\/pantalon-de-punto-rayas-w125032-coleccion-wnt\/","og_site_name":"MODA SABEL","article_modified_time":"2026-03-24T10:09:39+00:00","og_image":[{"width":1100,"height":1422,"url":"https:\/\/modasabel.com\/wp-content\/uploads\/2025\/03\/w125032-pantalon-rayas.jpg","type":"image\/jpeg"}],"twitter_card":"summary_large_image","twitter_misc":{"Est. reading time":"1 minute"},"schema":{"@context":"https:\/\/schema.org","@graph":[{"@type":"WebPage","@id":"https:\/\/modasabel.com\/en\/producto\/pantalon-de-punto-rayas-w125032-coleccion-wnt\/","url":"https:\/\/modasabel.com\/en\/producto\/pantalon-de-punto-rayas-w125032-coleccion-wnt\/","name":"Pantal\u00f3n de Punto Rayas W125032 - Colecci\u00f3n WNT - MODA SABEL","isPartOf":{"@id":"https:\/\/modasabel.com\/en\/#website"},"datePublished":"2025-03-19T17:06:30+00:00","dateModified":"2026-03-24T10:09:39+00:00","description":"El pantal\u00f3n de punto a rayas de WNT Collection es la combinaci\u00f3n perfecta de estilo y comodidad para la temporada Primavera-Verano","breadcrumb":{"@id":"https:\/\/modasabel.com\/en\/producto\/pantalon-de-punto-rayas-w125032-coleccion-wnt\/#breadcrumb"},"inLanguage":"en-US","potentialAction":[{"@type":"ReadAction","target":["https:\/\/modasabel.com\/en\/producto\/pantalon-de-punto-rayas-w125032-coleccion-wnt\/"]}]},{"@type":"BreadcrumbList","@id":"https:\/\/modasabel.com\/en\/producto\/pantalon-de-punto-rayas-w125032-coleccion-wnt\/#breadcrumb","itemListElement":[{"@type":"ListItem","position":1,"name":"Inicio","item":"https:\/\/modasabel.com\/en\/"},{"@type":"ListItem","position":2,"name":"Tienda","item":"https:\/\/modasabel.com\/tienda\/"},{"@type":"ListItem","position":3,"name":"Pantal\u00f3n de Punto Rayas W125032 &#8211; Colecci\u00f3n WNT"}]},{"@type":"WebSite","@id":"https:\/\/modasabel.com\/en\/#website","url":"https:\/\/modasabel.com\/en\/","name":"MODA SABEL","description":"Marcas de ropa hombre y mujer","potentialAction":[{"@type":"SearchAction","target":{"@type":"EntryPoint","urlTemplate":"https:\/\/modasabel.com\/en\/?s={search_term_string}"},"query-input":"required name=search_term_string"}],"inLanguage":"en-US"}]}},"_links":{"self":[{"href":"https:\/\/modasabel.com\/en\/wp-json\/wp\/v2\/product\/7234","targetHints":{"allow":["GET"]}}],"collection":[{"href":"https:\/\/modasabel.com\/en\/wp-json\/wp\/v2\/product"}],"about":[{"href":"https:\/\/modasabel.com\/en\/wp-json\/wp\/v2\/types\/product"}],"replies":[{"embeddable":true,"href":"https:\/\/modasabel.com\/en\/wp-json\/wp\/v2\/comments?post=7234"}],"wp:featuredmedia":[{"embeddable":true,"href":"https:\/\/modasabel.com\/en\/wp-json\/wp\/v2\/media\/7239"}],"wp:attachment":[{"href":"https:\/\/modasabel.com\/en\/wp-json\/wp\/v2\/media?parent=7234"}],"wp:term":[{"taxonomy":"marca-hombre","embeddable":true,"href":"https:\/\/modasabel.com\/en\/wp-json\/wp\/v2\/marca-hombre?post=7234"},{"taxonomy":"marca-interior-hombre","embeddable":true,"href":"https:\/\/modasabel.com\/en\/wp-json\/wp\/v2\/marca-interior-hombre?post=7234"},{"taxonomy":"marca-interior-mujer","embeddable":true,"href":"https:\/\/modasabel.com\/en\/wp-json\/wp\/v2\/marca-interior-mujer?post=7234"},{"taxonomy":"marca-mujer","embeddable":true,"href":"https:\/\/modasabel.com\/en\/wp-json\/wp\/v2\/marca-mujer?post=7234"},{"taxonomy":"product_brand","embeddable":true,"href":"https:\/\/modasabel.com\/en\/wp-json\/wp\/v2\/product_brand?post=7234"},{"taxonomy":"product_cat","embeddable":true,"href":"https:\/\/modasabel.com\/en\/wp-json\/wp\/v2\/product_cat?post=7234"},{"taxonomy":"product_tag","embeddable":true,"href":"https:\/\/modasabel.com\/en\/wp-json\/wp\/v2\/product_tag?post=7234"}],"curies":[{"name":"wp","href":"https:\/\/api.w.org\/{rel}","templated":true}]}}