{"id":6984,"date":"2025-02-07T10:10:49","date_gmt":"2025-02-07T09:10:49","guid":{"rendered":"https:\/\/modasabel.com\/?post_type=product&#038;p=6984"},"modified":"2026-01-14T17:18:35","modified_gmt":"2026-01-14T16:18:35","slug":"bolso-tote-pink-minimalista","status":"publish","type":"product","link":"https:\/\/modasabel.com\/en\/producto\/bolso-tote-pink-minimalista\/","title":{"rendered":"Bolso Tote &#8220;Pink Minimalista&#8221;"},"content":{"rendered":"<p><span>El <\/span><strong><span>bolso tote &#8220;Pink Minimalist&#8221;<\/span><\/strong><span> es el accesorio perfecto para a\u00f1adir un toque femenino y c\u00f3modo a tu estilo. Su dise\u00f1o texturizado y el grabado &#8220;The Tote Bag&#8221; destacan en este modelo vers\u00e1til y moderno, ideal para el d\u00eda a d\u00eda o ocasiones especiales.<\/span><\/p>\n<ul>\n<li><strong><span>Material de alta calidad:<\/span><\/strong><span> Efecto piel texturizada con un acabado resistente y elegante.<\/span><\/li>\n<li><strong><span>Medidas:<\/span><\/strong><span> 33 x 15 x 17 cm, con espacio ideal para tus esenciales diarios.<\/span><\/li>\n<li><strong><span>Dise\u00f1o funcional:<\/span><\/strong><span> Amplio compartimento principal con cierre seguro y asas c\u00f3modas para llevar en la mano o al hombro.<\/span><\/li>\n<li><strong><span>Versatilidad total:<\/span><\/strong><span> Incluye una larga ajustable para llevarlo cruzado seg\u00fan tu comodidad.<\/span><\/li>\n<li><strong><span>Estilo moderno:<\/span><\/strong><span> Un tono rosa suave que combina con cualquier look.<\/span><\/li>\n<\/ul>\n<p><span>Forma parte de la <\/span><strong><span>colecci\u00f3n Primavera-Verano 2025<\/span><\/strong><span> , pensada para marcar tendencia esta temporada. <\/span><strong><span>Disponible ahora en ModaSAbel<\/span><\/strong><span> , \u00a1hazlo tuyo y completa tu estilo!<\/span><\/p>\n","protected":false},"excerpt":{"rendered":"<p>El bolso tote &#8220;Pink Minimalist&#8221; es el accesorio perfecto para a\u00f1adir un toque femenino y c\u00f3modo a tu estilo. Su dise\u00f1o texturizado y el grabado &#8220;The Tote Bag&#8221; destacan en este modelo vers\u00e1til y moderno, ideal para el d\u00eda a d\u00eda o ocasiones especiales. Material de alta calidad: Efecto piel texturizada con un acabado resistente [&hellip;]<\/p>\n","protected":false},"featured_media":6986,"comment_status":"closed","ping_status":"closed","template":"","meta":{"_acf_changed":false,"site-sidebar-layout":"default","site-content-layout":"","ast-site-content-layout":"default","site-content-style":"default","site-sidebar-style":"default","ast-global-header-display":"","ast-banner-title-visibility":"","ast-main-header-display":"","ast-hfb-above-header-display":"","ast-hfb-below-header-display":"","ast-hfb-mobile-header-display":"","site-post-title":"","ast-breadcrumbs-content":"","ast-featured-img":"","footer-sml-layout":"","ast-disable-related-posts":"","theme-transparent-header-meta":"default","adv-header-id-meta":"","stick-header-meta":"","header-above-stick-meta":"","header-main-stick-meta":"","header-below-stick-meta":"","astra-migrate-meta-layouts":"set","ast-page-background-enabled":"default","ast-page-background-meta":{"desktop":{"background-color":"var(--ast-global-color-4)","background-image":"","background-repeat":"repeat","background-position":"center center","background-size":"auto","background-attachment":"scroll","background-type":"","background-media":"","overlay-type":"","overlay-color":"","overlay-opacity":"","overlay-gradient":""},"tablet":{"background-color":"","background-image":"","background-repeat":"repeat","background-position":"center center","background-size":"auto","background-attachment":"scroll","background-type":"","background-media":"","overlay-type":"","overlay-color":"","overlay-opacity":"","overlay-gradient":""},"mobile":{"background-color":"","background-image":"","background-repeat":"repeat","background-position":"center center","background-size":"auto","background-attachment":"scroll","background-type":"","background-media":"","overlay-type":"","overlay-color":"","overlay-opacity":"","overlay-gradient":""}},"ast-content-background-meta":{"desktop":{"background-color":"var(--ast-global-color-5)","background-image":"","background-repeat":"repeat","background-position":"center center","background-size":"auto","background-attachment":"scroll","background-type":"","background-media":"","overlay-type":"","overlay-color":"","overlay-opacity":"","overlay-gradient":""},"tablet":{"background-color":"var(--ast-global-color-5)","background-image":"","background-repeat":"repeat","background-position":"center center","background-size":"auto","background-attachment":"scroll","background-type":"","background-media":"","overlay-type":"","overlay-color":"","overlay-opacity":"","overlay-gradient":""},"mobile":{"background-color":"var(--ast-global-color-5)","background-image":"","background-repeat":"repeat","background-position":"center center","background-size":"auto","background-attachment":"scroll","background-type":"","background-media":"","overlay-type":"","overlay-color":"","overlay-opacity":"","overlay-gradient":""}}},"marca-hombre":[],"marca-interior-hombre":[],"marca-interior-mujer":[],"marca-mujer":[241],"product_brand":[],"product_cat":[242,54,18],"product_tag":[],"class_list":{"0":"post-6984","1":"product","2":"type-product","3":"status-publish","4":"has-post-thumbnail","6":"marca-mujer-modasabel","7":"product_cat-bolsos-mujer","8":"product_cat-complementos","9":"product_cat-mujer","10":"pa_tallas-camisetas-unica","11":"desktop-align-left","12":"tablet-align-left","13":"mobile-align-left","15":"first","16":"instock","17":"taxable","18":"shipping-taxable","19":"purchasable","20":"product-type-variable"},"acf":[],"yoast_head":"<!-- This site is optimized with the Yoast SEO plugin v22.1 - https:\/\/yoast.com\/wordpress\/plugins\/seo\/ -->\n<title>Bolso Tote &quot;Pink Minimalista&quot; - MODA SABEL<\/title>\n<meta name=\"description\" content=\"El bolso tote &quot;Pink Minimalist&quot; es el accesorio perfecto para a\u00f1adir un toque femenino y c\u00f3modo a tu estilo. Su dise\u00f1o y el grabado &quot;The Tote Bag&quot;\" \/>\n<meta name=\"robots\" content=\"index, follow, max-snippet:-1, max-image-preview:large, max-video-preview:-1\" \/>\n<link rel=\"canonical\" href=\"https:\/\/modasabel.com\/en\/producto\/bolso-tote-pink-minimalista\/\" \/>\n<meta property=\"og:locale\" content=\"en_US\" \/>\n<meta property=\"og:type\" content=\"article\" \/>\n<meta property=\"og:title\" content=\"Bolso Tote &quot;Pink Minimalista&quot; - MODA SABEL\" \/>\n<meta property=\"og:description\" content=\"El bolso tote &quot;Pink Minimalist&quot; es el accesorio perfecto para a\u00f1adir un toque femenino y c\u00f3modo a tu estilo. Su dise\u00f1o y el grabado &quot;The Tote Bag&quot;\" \/>\n<meta property=\"og:url\" content=\"https:\/\/modasabel.com\/en\/producto\/bolso-tote-pink-minimalista\/\" \/>\n<meta property=\"og:site_name\" content=\"MODA SABEL\" \/>\n<meta property=\"article:modified_time\" content=\"2026-01-14T16:18:35+00:00\" \/>\n<meta property=\"og:image\" content=\"https:\/\/modasabel.com\/wp-content\/uploads\/2025\/02\/WhatsApp-Image-2025-02-05-at-19.48.21-1-Photoroom.png\" \/>\n\t<meta property=\"og:image:width\" content=\"1080\" \/>\n\t<meta property=\"og:image:height\" content=\"1080\" \/>\n\t<meta property=\"og:image:type\" content=\"image\/png\" \/>\n<meta name=\"twitter:card\" content=\"summary_large_image\" \/>\n<meta name=\"twitter:label1\" content=\"Est. reading time\" \/>\n\t<meta name=\"twitter:data1\" content=\"1 minute\" \/>\n<script type=\"application\/ld+json\" class=\"yoast-schema-graph\">{\"@context\":\"https:\/\/schema.org\",\"@graph\":[{\"@type\":\"WebPage\",\"@id\":\"https:\/\/modasabel.com\/en\/producto\/bolso-tote-pink-minimalista\/\",\"url\":\"https:\/\/modasabel.com\/en\/producto\/bolso-tote-pink-minimalista\/\",\"name\":\"Bolso Tote \\\"Pink Minimalista\\\" - MODA SABEL\",\"isPartOf\":{\"@id\":\"https:\/\/modasabel.com\/en\/#website\"},\"datePublished\":\"2025-02-07T09:10:49+00:00\",\"dateModified\":\"2026-01-14T16:18:35+00:00\",\"description\":\"El bolso tote \\\"Pink Minimalist\\\" es el accesorio perfecto para a\u00f1adir un toque femenino y c\u00f3modo a tu estilo. Su dise\u00f1o y el grabado \\\"The Tote Bag\\\"\",\"breadcrumb\":{\"@id\":\"https:\/\/modasabel.com\/en\/producto\/bolso-tote-pink-minimalista\/#breadcrumb\"},\"inLanguage\":\"en-US\",\"potentialAction\":[{\"@type\":\"ReadAction\",\"target\":[\"https:\/\/modasabel.com\/en\/producto\/bolso-tote-pink-minimalista\/\"]}]},{\"@type\":\"BreadcrumbList\",\"@id\":\"https:\/\/modasabel.com\/en\/producto\/bolso-tote-pink-minimalista\/#breadcrumb\",\"itemListElement\":[{\"@type\":\"ListItem\",\"position\":1,\"name\":\"Inicio\",\"item\":\"https:\/\/modasabel.com\/en\/\"},{\"@type\":\"ListItem\",\"position\":2,\"name\":\"Tienda\",\"item\":\"https:\/\/modasabel.com\/tienda\/\"},{\"@type\":\"ListItem\",\"position\":3,\"name\":\"Bolso Tote &#8220;Pink Minimalista&#8221;\"}]},{\"@type\":\"WebSite\",\"@id\":\"https:\/\/modasabel.com\/en\/#website\",\"url\":\"https:\/\/modasabel.com\/en\/\",\"name\":\"MODA SABEL\",\"description\":\"Marcas de ropa hombre y mujer\",\"potentialAction\":[{\"@type\":\"SearchAction\",\"target\":{\"@type\":\"EntryPoint\",\"urlTemplate\":\"https:\/\/modasabel.com\/en\/?s={search_term_string}\"},\"query-input\":\"required name=search_term_string\"}],\"inLanguage\":\"en-US\"}]}<\/script>\n<!-- \/ Yoast SEO plugin. -->","yoast_head_json":{"title":"Bolso Tote \"Pink Minimalista\" - MODA SABEL","description":"El bolso tote \"Pink Minimalist\" es el accesorio perfecto para a\u00f1adir un toque femenino y c\u00f3modo a tu estilo. Su dise\u00f1o y el grabado \"The Tote Bag\"","robots":{"index":"index","follow":"follow","max-snippet":"max-snippet:-1","max-image-preview":"max-image-preview:large","max-video-preview":"max-video-preview:-1"},"canonical":"https:\/\/modasabel.com\/en\/producto\/bolso-tote-pink-minimalista\/","og_locale":"en_US","og_type":"article","og_title":"Bolso Tote \"Pink Minimalista\" - MODA SABEL","og_description":"El bolso tote \"Pink Minimalist\" es el accesorio perfecto para a\u00f1adir un toque femenino y c\u00f3modo a tu estilo. Su dise\u00f1o y el grabado \"The Tote Bag\"","og_url":"https:\/\/modasabel.com\/en\/producto\/bolso-tote-pink-minimalista\/","og_site_name":"MODA SABEL","article_modified_time":"2026-01-14T16:18:35+00:00","og_image":[{"width":1080,"height":1080,"url":"https:\/\/modasabel.com\/wp-content\/uploads\/2025\/02\/WhatsApp-Image-2025-02-05-at-19.48.21-1-Photoroom.png","type":"image\/png"}],"twitter_card":"summary_large_image","twitter_misc":{"Est. reading time":"1 minute"},"schema":{"@context":"https:\/\/schema.org","@graph":[{"@type":"WebPage","@id":"https:\/\/modasabel.com\/en\/producto\/bolso-tote-pink-minimalista\/","url":"https:\/\/modasabel.com\/en\/producto\/bolso-tote-pink-minimalista\/","name":"Bolso Tote \"Pink Minimalista\" - MODA SABEL","isPartOf":{"@id":"https:\/\/modasabel.com\/en\/#website"},"datePublished":"2025-02-07T09:10:49+00:00","dateModified":"2026-01-14T16:18:35+00:00","description":"El bolso tote \"Pink Minimalist\" es el accesorio perfecto para a\u00f1adir un toque femenino y c\u00f3modo a tu estilo. Su dise\u00f1o y el grabado \"The Tote Bag\"","breadcrumb":{"@id":"https:\/\/modasabel.com\/en\/producto\/bolso-tote-pink-minimalista\/#breadcrumb"},"inLanguage":"en-US","potentialAction":[{"@type":"ReadAction","target":["https:\/\/modasabel.com\/en\/producto\/bolso-tote-pink-minimalista\/"]}]},{"@type":"BreadcrumbList","@id":"https:\/\/modasabel.com\/en\/producto\/bolso-tote-pink-minimalista\/#breadcrumb","itemListElement":[{"@type":"ListItem","position":1,"name":"Inicio","item":"https:\/\/modasabel.com\/en\/"},{"@type":"ListItem","position":2,"name":"Tienda","item":"https:\/\/modasabel.com\/tienda\/"},{"@type":"ListItem","position":3,"name":"Bolso Tote &#8220;Pink Minimalista&#8221;"}]},{"@type":"WebSite","@id":"https:\/\/modasabel.com\/en\/#website","url":"https:\/\/modasabel.com\/en\/","name":"MODA SABEL","description":"Marcas de ropa hombre y mujer","potentialAction":[{"@type":"SearchAction","target":{"@type":"EntryPoint","urlTemplate":"https:\/\/modasabel.com\/en\/?s={search_term_string}"},"query-input":"required name=search_term_string"}],"inLanguage":"en-US"}]}},"_links":{"self":[{"href":"https:\/\/modasabel.com\/en\/wp-json\/wp\/v2\/product\/6984","targetHints":{"allow":["GET"]}}],"collection":[{"href":"https:\/\/modasabel.com\/en\/wp-json\/wp\/v2\/product"}],"about":[{"href":"https:\/\/modasabel.com\/en\/wp-json\/wp\/v2\/types\/product"}],"replies":[{"embeddable":true,"href":"https:\/\/modasabel.com\/en\/wp-json\/wp\/v2\/comments?post=6984"}],"wp:featuredmedia":[{"embeddable":true,"href":"https:\/\/modasabel.com\/en\/wp-json\/wp\/v2\/media\/6986"}],"wp:attachment":[{"href":"https:\/\/modasabel.com\/en\/wp-json\/wp\/v2\/media?parent=6984"}],"wp:term":[{"taxonomy":"marca-hombre","embeddable":true,"href":"https:\/\/modasabel.com\/en\/wp-json\/wp\/v2\/marca-hombre?post=6984"},{"taxonomy":"marca-interior-hombre","embeddable":true,"href":"https:\/\/modasabel.com\/en\/wp-json\/wp\/v2\/marca-interior-hombre?post=6984"},{"taxonomy":"marca-interior-mujer","embeddable":true,"href":"https:\/\/modasabel.com\/en\/wp-json\/wp\/v2\/marca-interior-mujer?post=6984"},{"taxonomy":"marca-mujer","embeddable":true,"href":"https:\/\/modasabel.com\/en\/wp-json\/wp\/v2\/marca-mujer?post=6984"},{"taxonomy":"product_brand","embeddable":true,"href":"https:\/\/modasabel.com\/en\/wp-json\/wp\/v2\/product_brand?post=6984"},{"taxonomy":"product_cat","embeddable":true,"href":"https:\/\/modasabel.com\/en\/wp-json\/wp\/v2\/product_cat?post=6984"},{"taxonomy":"product_tag","embeddable":true,"href":"https:\/\/modasabel.com\/en\/wp-json\/wp\/v2\/product_tag?post=6984"}],"curies":[{"name":"wp","href":"https:\/\/api.w.org\/{rel}","templated":true}]}}