{"id":6972,"date":"2025-02-06T19:42:32","date_gmt":"2025-02-06T18:42:32","guid":{"rendered":"https:\/\/modasabel.com\/?post_type=product&#038;p=6972"},"modified":"2025-02-06T19:42:33","modified_gmt":"2025-02-06T18:42:33","slug":"bolso-shopper-lona-rayas","status":"publish","type":"product","link":"https:\/\/modasabel.com\/en\/producto\/bolso-shopper-lona-rayas\/","title":{"rendered":"Bolso Shopper &#8220;Lona Rayas&#8221;"},"content":{"rendered":"<p><span>El <\/span><strong><span>bolso shopper &#8220;Striped Canvas&#8221;<\/span><\/strong><span> es el accesorio perfecto para a\u00f1adir un toque fresco y casual a tu d\u00eda a d\u00eda. Con su dise\u00f1o de rayas en tonos neutros y fabricaci\u00f3n en tela resistente, es ideal para combinar estilo y comodidad en cualquier ocasi\u00f3n.<\/span><\/p>\n<ul>\n<li><strong><span>Material de calidad:<\/span><\/strong><span> Tela resistente y ligera, perfecta para un uso diario.<\/span><\/li>\n<li><strong><span>Medidas:<\/span><\/strong><span> 36 x 12 x 28 cm, con el espacio ideal para llevar todos tus esenciales.<\/span><\/li>\n<li><strong><span>Dise\u00f1o funcional:<\/span><\/strong><span> Compartimento principal amplio con cierre seguro y asas c\u00f3modas para llevar al hombro.<\/span><\/li>\n<li><strong><span>Versatilidad absoluta:<\/span><\/strong><span> Incluye asa larga ajustable para mayor comodidad.<\/span><\/li>\n<li><strong><span>Estilo casual:<\/span><\/strong><span> Perfecto para acompa\u00f1ar tus looks relajados y desenfadados.<\/span><\/li>\n<\/ul>\n<p><span>Este bolso forma parte de la <\/span><strong><span>colecci\u00f3n Primavera-Verano 2025<\/span><\/strong><span> , dise\u00f1ado para complementar tus jornadas con estilo. <\/span><strong><span>Disponible ahora en ModaSAbel<\/span><\/strong><span> , \u00a1no te quedes sin \u00e9l!<\/span><\/p>\n","protected":false},"excerpt":{"rendered":"<p>El bolso shopper &#8220;Striped Canvas&#8221; es el accesorio perfecto para a\u00f1adir un toque fresco y casual a tu d\u00eda a d\u00eda. Con su dise\u00f1o de rayas en tonos neutros y fabricaci\u00f3n en tela resistente, es ideal para combinar estilo y comodidad en cualquier ocasi\u00f3n. Material de calidad: Tela resistente y ligera, perfecta para un uso [&hellip;]<\/p>\n","protected":false},"featured_media":6976,"comment_status":"closed","ping_status":"closed","template":"","meta":{"_acf_changed":false,"site-sidebar-layout":"default","site-content-layout":"","ast-site-content-layout":"default","site-content-style":"default","site-sidebar-style":"default","ast-global-header-display":"","ast-banner-title-visibility":"","ast-main-header-display":"","ast-hfb-above-header-display":"","ast-hfb-below-header-display":"","ast-hfb-mobile-header-display":"","site-post-title":"","ast-breadcrumbs-content":"","ast-featured-img":"","footer-sml-layout":"","ast-disable-related-posts":"","theme-transparent-header-meta":"default","adv-header-id-meta":"","stick-header-meta":"","header-above-stick-meta":"","header-main-stick-meta":"","header-below-stick-meta":"","astra-migrate-meta-layouts":"set","ast-page-background-enabled":"default","ast-page-background-meta":{"desktop":{"background-color":"var(--ast-global-color-4)","background-image":"","background-repeat":"repeat","background-position":"center center","background-size":"auto","background-attachment":"scroll","background-type":"","background-media":"","overlay-type":"","overlay-color":"","overlay-opacity":"","overlay-gradient":""},"tablet":{"background-color":"","background-image":"","background-repeat":"repeat","background-position":"center center","background-size":"auto","background-attachment":"scroll","background-type":"","background-media":"","overlay-type":"","overlay-color":"","overlay-opacity":"","overlay-gradient":""},"mobile":{"background-color":"","background-image":"","background-repeat":"repeat","background-position":"center center","background-size":"auto","background-attachment":"scroll","background-type":"","background-media":"","overlay-type":"","overlay-color":"","overlay-opacity":"","overlay-gradient":""}},"ast-content-background-meta":{"desktop":{"background-color":"var(--ast-global-color-5)","background-image":"","background-repeat":"repeat","background-position":"center center","background-size":"auto","background-attachment":"scroll","background-type":"","background-media":"","overlay-type":"","overlay-color":"","overlay-opacity":"","overlay-gradient":""},"tablet":{"background-color":"var(--ast-global-color-5)","background-image":"","background-repeat":"repeat","background-position":"center center","background-size":"auto","background-attachment":"scroll","background-type":"","background-media":"","overlay-type":"","overlay-color":"","overlay-opacity":"","overlay-gradient":""},"mobile":{"background-color":"var(--ast-global-color-5)","background-image":"","background-repeat":"repeat","background-position":"center center","background-size":"auto","background-attachment":"scroll","background-type":"","background-media":"","overlay-type":"","overlay-color":"","overlay-opacity":"","overlay-gradient":""}}},"marca-hombre":[],"marca-interior-hombre":[],"marca-interior-mujer":[],"marca-mujer":[241],"product_brand":[],"product_cat":[242,54,18],"product_tag":[],"class_list":{"0":"post-6972","1":"product","2":"type-product","3":"status-publish","4":"has-post-thumbnail","6":"marca-mujer-modasabel","7":"product_cat-bolsos-mujer","8":"product_cat-complementos","9":"product_cat-mujer","10":"pa_tallas-camisetas-unica","11":"desktop-align-left","12":"tablet-align-left","13":"mobile-align-left","15":"first","16":"instock","17":"taxable","18":"shipping-taxable","19":"purchasable","20":"product-type-variable"},"acf":[],"yoast_head":"<!-- This site is optimized with the Yoast SEO plugin v22.1 - https:\/\/yoast.com\/wordpress\/plugins\/seo\/ -->\n<title>Bolso Shopper &quot;Lona Rayas&quot; - MODA SABEL<\/title>\n<meta name=\"description\" content=\"El bolso shopper &quot;Striped Canvas&quot; es el accesorio perfecto para a\u00f1adir un toque fresco y casual a tu d\u00eda a d\u00eda. Con su dise\u00f1o de rayas en tonos neutros\" \/>\n<meta name=\"robots\" content=\"index, follow, max-snippet:-1, max-image-preview:large, max-video-preview:-1\" \/>\n<link rel=\"canonical\" href=\"https:\/\/modasabel.com\/en\/producto\/bolso-shopper-lona-rayas\/\" \/>\n<meta property=\"og:locale\" content=\"en_US\" \/>\n<meta property=\"og:type\" content=\"article\" \/>\n<meta property=\"og:title\" content=\"Bolso Shopper &quot;Lona Rayas&quot; - MODA SABEL\" \/>\n<meta property=\"og:description\" content=\"El bolso shopper &quot;Striped Canvas&quot; es el accesorio perfecto para a\u00f1adir un toque fresco y casual a tu d\u00eda a d\u00eda. Con su dise\u00f1o de rayas en tonos neutros\" \/>\n<meta property=\"og:url\" content=\"https:\/\/modasabel.com\/en\/producto\/bolso-shopper-lona-rayas\/\" \/>\n<meta property=\"og:site_name\" content=\"MODA SABEL\" \/>\n<meta property=\"article:modified_time\" content=\"2025-02-06T18:42:33+00:00\" \/>\n<meta property=\"og:image\" content=\"https:\/\/modasabel.com\/wp-content\/uploads\/2025\/02\/WhatsApp-Image-2025-02-05-at-18.18.02-4-Photoroom.png\" \/>\n\t<meta property=\"og:image:width\" content=\"1080\" \/>\n\t<meta property=\"og:image:height\" content=\"1080\" \/>\n\t<meta property=\"og:image:type\" content=\"image\/png\" \/>\n<meta name=\"twitter:card\" content=\"summary_large_image\" \/>\n<meta name=\"twitter:label1\" content=\"Est. reading time\" \/>\n\t<meta name=\"twitter:data1\" content=\"1 minute\" \/>\n<script type=\"application\/ld+json\" class=\"yoast-schema-graph\">{\"@context\":\"https:\/\/schema.org\",\"@graph\":[{\"@type\":\"WebPage\",\"@id\":\"https:\/\/modasabel.com\/en\/producto\/bolso-shopper-lona-rayas\/\",\"url\":\"https:\/\/modasabel.com\/en\/producto\/bolso-shopper-lona-rayas\/\",\"name\":\"Bolso Shopper \\\"Lona Rayas\\\" - MODA SABEL\",\"isPartOf\":{\"@id\":\"https:\/\/modasabel.com\/en\/#website\"},\"datePublished\":\"2025-02-06T18:42:32+00:00\",\"dateModified\":\"2025-02-06T18:42:33+00:00\",\"description\":\"El bolso shopper \\\"Striped Canvas\\\" es el accesorio perfecto para a\u00f1adir un toque fresco y casual a tu d\u00eda a d\u00eda. Con su dise\u00f1o de rayas en tonos neutros\",\"breadcrumb\":{\"@id\":\"https:\/\/modasabel.com\/en\/producto\/bolso-shopper-lona-rayas\/#breadcrumb\"},\"inLanguage\":\"en-US\",\"potentialAction\":[{\"@type\":\"ReadAction\",\"target\":[\"https:\/\/modasabel.com\/en\/producto\/bolso-shopper-lona-rayas\/\"]}]},{\"@type\":\"BreadcrumbList\",\"@id\":\"https:\/\/modasabel.com\/en\/producto\/bolso-shopper-lona-rayas\/#breadcrumb\",\"itemListElement\":[{\"@type\":\"ListItem\",\"position\":1,\"name\":\"Inicio\",\"item\":\"https:\/\/modasabel.com\/en\/\"},{\"@type\":\"ListItem\",\"position\":2,\"name\":\"Tienda\",\"item\":\"https:\/\/modasabel.com\/tienda\/\"},{\"@type\":\"ListItem\",\"position\":3,\"name\":\"Bolso Shopper &#8220;Lona Rayas&#8221;\"}]},{\"@type\":\"WebSite\",\"@id\":\"https:\/\/modasabel.com\/en\/#website\",\"url\":\"https:\/\/modasabel.com\/en\/\",\"name\":\"MODA SABEL\",\"description\":\"Marcas de ropa hombre y mujer\",\"potentialAction\":[{\"@type\":\"SearchAction\",\"target\":{\"@type\":\"EntryPoint\",\"urlTemplate\":\"https:\/\/modasabel.com\/en\/?s={search_term_string}\"},\"query-input\":\"required name=search_term_string\"}],\"inLanguage\":\"en-US\"}]}<\/script>\n<!-- \/ Yoast SEO plugin. -->","yoast_head_json":{"title":"Bolso Shopper \"Lona Rayas\" - MODA SABEL","description":"El bolso shopper \"Striped Canvas\" es el accesorio perfecto para a\u00f1adir un toque fresco y casual a tu d\u00eda a d\u00eda. Con su dise\u00f1o de rayas en tonos neutros","robots":{"index":"index","follow":"follow","max-snippet":"max-snippet:-1","max-image-preview":"max-image-preview:large","max-video-preview":"max-video-preview:-1"},"canonical":"https:\/\/modasabel.com\/en\/producto\/bolso-shopper-lona-rayas\/","og_locale":"en_US","og_type":"article","og_title":"Bolso Shopper \"Lona Rayas\" - MODA SABEL","og_description":"El bolso shopper \"Striped Canvas\" es el accesorio perfecto para a\u00f1adir un toque fresco y casual a tu d\u00eda a d\u00eda. Con su dise\u00f1o de rayas en tonos neutros","og_url":"https:\/\/modasabel.com\/en\/producto\/bolso-shopper-lona-rayas\/","og_site_name":"MODA SABEL","article_modified_time":"2025-02-06T18:42:33+00:00","og_image":[{"width":1080,"height":1080,"url":"https:\/\/modasabel.com\/wp-content\/uploads\/2025\/02\/WhatsApp-Image-2025-02-05-at-18.18.02-4-Photoroom.png","type":"image\/png"}],"twitter_card":"summary_large_image","twitter_misc":{"Est. reading time":"1 minute"},"schema":{"@context":"https:\/\/schema.org","@graph":[{"@type":"WebPage","@id":"https:\/\/modasabel.com\/en\/producto\/bolso-shopper-lona-rayas\/","url":"https:\/\/modasabel.com\/en\/producto\/bolso-shopper-lona-rayas\/","name":"Bolso Shopper \"Lona Rayas\" - MODA SABEL","isPartOf":{"@id":"https:\/\/modasabel.com\/en\/#website"},"datePublished":"2025-02-06T18:42:32+00:00","dateModified":"2025-02-06T18:42:33+00:00","description":"El bolso shopper \"Striped Canvas\" es el accesorio perfecto para a\u00f1adir un toque fresco y casual a tu d\u00eda a d\u00eda. Con su dise\u00f1o de rayas en tonos neutros","breadcrumb":{"@id":"https:\/\/modasabel.com\/en\/producto\/bolso-shopper-lona-rayas\/#breadcrumb"},"inLanguage":"en-US","potentialAction":[{"@type":"ReadAction","target":["https:\/\/modasabel.com\/en\/producto\/bolso-shopper-lona-rayas\/"]}]},{"@type":"BreadcrumbList","@id":"https:\/\/modasabel.com\/en\/producto\/bolso-shopper-lona-rayas\/#breadcrumb","itemListElement":[{"@type":"ListItem","position":1,"name":"Inicio","item":"https:\/\/modasabel.com\/en\/"},{"@type":"ListItem","position":2,"name":"Tienda","item":"https:\/\/modasabel.com\/tienda\/"},{"@type":"ListItem","position":3,"name":"Bolso Shopper &#8220;Lona Rayas&#8221;"}]},{"@type":"WebSite","@id":"https:\/\/modasabel.com\/en\/#website","url":"https:\/\/modasabel.com\/en\/","name":"MODA SABEL","description":"Marcas de ropa hombre y mujer","potentialAction":[{"@type":"SearchAction","target":{"@type":"EntryPoint","urlTemplate":"https:\/\/modasabel.com\/en\/?s={search_term_string}"},"query-input":"required name=search_term_string"}],"inLanguage":"en-US"}]}},"_links":{"self":[{"href":"https:\/\/modasabel.com\/en\/wp-json\/wp\/v2\/product\/6972","targetHints":{"allow":["GET"]}}],"collection":[{"href":"https:\/\/modasabel.com\/en\/wp-json\/wp\/v2\/product"}],"about":[{"href":"https:\/\/modasabel.com\/en\/wp-json\/wp\/v2\/types\/product"}],"replies":[{"embeddable":true,"href":"https:\/\/modasabel.com\/en\/wp-json\/wp\/v2\/comments?post=6972"}],"wp:featuredmedia":[{"embeddable":true,"href":"https:\/\/modasabel.com\/en\/wp-json\/wp\/v2\/media\/6976"}],"wp:attachment":[{"href":"https:\/\/modasabel.com\/en\/wp-json\/wp\/v2\/media?parent=6972"}],"wp:term":[{"taxonomy":"marca-hombre","embeddable":true,"href":"https:\/\/modasabel.com\/en\/wp-json\/wp\/v2\/marca-hombre?post=6972"},{"taxonomy":"marca-interior-hombre","embeddable":true,"href":"https:\/\/modasabel.com\/en\/wp-json\/wp\/v2\/marca-interior-hombre?post=6972"},{"taxonomy":"marca-interior-mujer","embeddable":true,"href":"https:\/\/modasabel.com\/en\/wp-json\/wp\/v2\/marca-interior-mujer?post=6972"},{"taxonomy":"marca-mujer","embeddable":true,"href":"https:\/\/modasabel.com\/en\/wp-json\/wp\/v2\/marca-mujer?post=6972"},{"taxonomy":"product_brand","embeddable":true,"href":"https:\/\/modasabel.com\/en\/wp-json\/wp\/v2\/product_brand?post=6972"},{"taxonomy":"product_cat","embeddable":true,"href":"https:\/\/modasabel.com\/en\/wp-json\/wp\/v2\/product_cat?post=6972"},{"taxonomy":"product_tag","embeddable":true,"href":"https:\/\/modasabel.com\/en\/wp-json\/wp\/v2\/product_tag?post=6972"}],"curies":[{"name":"wp","href":"https:\/\/api.w.org\/{rel}","templated":true}]}}