{"id":6877,"date":"2025-02-05T17:27:29","date_gmt":"2025-02-05T16:27:29","guid":{"rendered":"https:\/\/modasabel.com\/?post_type=product&#038;p=6877"},"modified":"2026-01-14T17:19:30","modified_gmt":"2026-01-14T16:19:30","slug":"mini-bolso-leopard-chic-hobo","status":"publish","type":"product","link":"https:\/\/modasabel.com\/en\/producto\/mini-bolso-leopard-chic-hobo\/","title":{"rendered":"Mini Bolso &#8220;Leopard Chic Hobo&#8221;"},"content":{"rendered":"<p><span>Atr\u00e9vete a destacar con el bolso <\/span><strong><span>&#8220;Leopard Chic Hobo&#8221;<\/span><\/strong><span> , un dise\u00f1o audaz que combina la fuerza del estampado animal con la practicidad de un formato hobo. Este bolso es perfecto para quienes buscan a\u00f1adir un toque salvaje y c\u00f3modo a sus looks, tanto casuales como de noche.<\/span><\/p>\n<ul>\n<li><strong><span>Dise\u00f1o llamativo:<\/span><\/strong><span> Estampado de leopardo con detalles en contraste dorado que realzan su elegancia.<\/span><\/li>\n<li><strong><span>Pr\u00e1ctico y ligero:<\/span><\/strong><span> Ideal para llevar lo esencial con comodidad.<\/span><\/li>\n<li><strong><span>Versatilidad:<\/span><\/strong><span> Asa ajustable y dise\u00f1o curvado que se adapta a cualquier estilo.<\/span><\/li>\n<\/ul>\n<p><span>El complemento perfecto para mujeres con car\u00e1cter que saben lo que quieren. <\/span><strong><span>Disponible en ModaSAbel<\/span><\/strong><span> , \u00a1a\u00f1\u00e1delo a tu colecci\u00f3n ahora!<\/span><\/p>\n","protected":false},"excerpt":{"rendered":"<p>Atr\u00e9vete a destacar con el bolso &#8220;Leopard Chic Hobo&#8221; , un dise\u00f1o audaz que combina la fuerza del estampado animal con la practicidad de un formato hobo. Este bolso es perfecto para quienes buscan a\u00f1adir un toque salvaje y c\u00f3modo a sus looks, tanto casuales como de noche. Dise\u00f1o llamativo: Estampado de leopardo con detalles [&hellip;]<\/p>\n","protected":false},"featured_media":6881,"comment_status":"closed","ping_status":"closed","template":"","meta":{"_acf_changed":false,"site-sidebar-layout":"default","site-content-layout":"","ast-site-content-layout":"default","site-content-style":"default","site-sidebar-style":"default","ast-global-header-display":"","ast-banner-title-visibility":"","ast-main-header-display":"","ast-hfb-above-header-display":"","ast-hfb-below-header-display":"","ast-hfb-mobile-header-display":"","site-post-title":"","ast-breadcrumbs-content":"","ast-featured-img":"","footer-sml-layout":"","ast-disable-related-posts":"","theme-transparent-header-meta":"default","adv-header-id-meta":"","stick-header-meta":"","header-above-stick-meta":"","header-main-stick-meta":"","header-below-stick-meta":"","astra-migrate-meta-layouts":"set","ast-page-background-enabled":"default","ast-page-background-meta":{"desktop":{"background-color":"var(--ast-global-color-4)","background-image":"","background-repeat":"repeat","background-position":"center center","background-size":"auto","background-attachment":"scroll","background-type":"","background-media":"","overlay-type":"","overlay-color":"","overlay-opacity":"","overlay-gradient":""},"tablet":{"background-color":"","background-image":"","background-repeat":"repeat","background-position":"center center","background-size":"auto","background-attachment":"scroll","background-type":"","background-media":"","overlay-type":"","overlay-color":"","overlay-opacity":"","overlay-gradient":""},"mobile":{"background-color":"","background-image":"","background-repeat":"repeat","background-position":"center center","background-size":"auto","background-attachment":"scroll","background-type":"","background-media":"","overlay-type":"","overlay-color":"","overlay-opacity":"","overlay-gradient":""}},"ast-content-background-meta":{"desktop":{"background-color":"var(--ast-global-color-5)","background-image":"","background-repeat":"repeat","background-position":"center center","background-size":"auto","background-attachment":"scroll","background-type":"","background-media":"","overlay-type":"","overlay-color":"","overlay-opacity":"","overlay-gradient":""},"tablet":{"background-color":"var(--ast-global-color-5)","background-image":"","background-repeat":"repeat","background-position":"center center","background-size":"auto","background-attachment":"scroll","background-type":"","background-media":"","overlay-type":"","overlay-color":"","overlay-opacity":"","overlay-gradient":""},"mobile":{"background-color":"var(--ast-global-color-5)","background-image":"","background-repeat":"repeat","background-position":"center center","background-size":"auto","background-attachment":"scroll","background-type":"","background-media":"","overlay-type":"","overlay-color":"","overlay-opacity":"","overlay-gradient":""}}},"marca-hombre":[],"marca-interior-hombre":[],"marca-interior-mujer":[],"marca-mujer":[241],"product_brand":[],"product_cat":[242,54,18],"product_tag":[],"class_list":{"0":"post-6877","1":"product","2":"type-product","3":"status-publish","4":"has-post-thumbnail","6":"marca-mujer-modasabel","7":"product_cat-bolsos-mujer","8":"product_cat-complementos","9":"product_cat-mujer","10":"pa_tallas-camisetas-unica","11":"desktop-align-left","12":"tablet-align-left","13":"mobile-align-left","15":"first","16":"instock","17":"taxable","18":"shipping-taxable","19":"purchasable","20":"product-type-variable"},"acf":[],"yoast_head":"<!-- This site is optimized with the Yoast SEO plugin v22.1 - https:\/\/yoast.com\/wordpress\/plugins\/seo\/ -->\n<title>Mini Bolso &quot;Leopard Chic Hobo&quot; - MODA SABEL<\/title>\n<meta name=\"description\" content=\"Atr\u00e9vete a destacar con el bolso &quot;Leopard Chic Hobo&quot; , un dise\u00f1o audaz que combina la fuerza del estampado animal con la practicidad de un formato hobo.\" \/>\n<meta name=\"robots\" content=\"index, follow, max-snippet:-1, max-image-preview:large, max-video-preview:-1\" \/>\n<link rel=\"canonical\" href=\"https:\/\/modasabel.com\/en\/producto\/mini-bolso-leopard-chic-hobo\/\" \/>\n<meta property=\"og:locale\" content=\"en_US\" \/>\n<meta property=\"og:type\" content=\"article\" \/>\n<meta property=\"og:title\" content=\"Mini Bolso &quot;Leopard Chic Hobo&quot; - MODA SABEL\" \/>\n<meta property=\"og:description\" content=\"Atr\u00e9vete a destacar con el bolso &quot;Leopard Chic Hobo&quot; , un dise\u00f1o audaz que combina la fuerza del estampado animal con la practicidad de un formato hobo.\" \/>\n<meta property=\"og:url\" content=\"https:\/\/modasabel.com\/en\/producto\/mini-bolso-leopard-chic-hobo\/\" \/>\n<meta property=\"og:site_name\" content=\"MODA SABEL\" \/>\n<meta property=\"article:modified_time\" content=\"2026-01-14T16:19:30+00:00\" \/>\n<meta property=\"og:image\" content=\"https:\/\/modasabel.com\/wp-content\/uploads\/2025\/02\/WhatsApp-Image-2025-02-04-at-19.49.12-2-Photoroom.png\" \/>\n\t<meta property=\"og:image:width\" content=\"1080\" \/>\n\t<meta property=\"og:image:height\" content=\"1080\" \/>\n\t<meta property=\"og:image:type\" content=\"image\/png\" \/>\n<meta name=\"twitter:card\" content=\"summary_large_image\" \/>\n<meta name=\"twitter:label1\" content=\"Est. reading time\" \/>\n\t<meta name=\"twitter:data1\" content=\"1 minute\" \/>\n<script type=\"application\/ld+json\" class=\"yoast-schema-graph\">{\"@context\":\"https:\/\/schema.org\",\"@graph\":[{\"@type\":\"WebPage\",\"@id\":\"https:\/\/modasabel.com\/en\/producto\/mini-bolso-leopard-chic-hobo\/\",\"url\":\"https:\/\/modasabel.com\/en\/producto\/mini-bolso-leopard-chic-hobo\/\",\"name\":\"Mini Bolso \\\"Leopard Chic Hobo\\\" - MODA SABEL\",\"isPartOf\":{\"@id\":\"https:\/\/modasabel.com\/en\/#website\"},\"datePublished\":\"2025-02-05T16:27:29+00:00\",\"dateModified\":\"2026-01-14T16:19:30+00:00\",\"description\":\"Atr\u00e9vete a destacar con el bolso \\\"Leopard Chic Hobo\\\" , un dise\u00f1o audaz que combina la fuerza del estampado animal con la practicidad de un formato hobo.\",\"breadcrumb\":{\"@id\":\"https:\/\/modasabel.com\/en\/producto\/mini-bolso-leopard-chic-hobo\/#breadcrumb\"},\"inLanguage\":\"en-US\",\"potentialAction\":[{\"@type\":\"ReadAction\",\"target\":[\"https:\/\/modasabel.com\/en\/producto\/mini-bolso-leopard-chic-hobo\/\"]}]},{\"@type\":\"BreadcrumbList\",\"@id\":\"https:\/\/modasabel.com\/en\/producto\/mini-bolso-leopard-chic-hobo\/#breadcrumb\",\"itemListElement\":[{\"@type\":\"ListItem\",\"position\":1,\"name\":\"Inicio\",\"item\":\"https:\/\/modasabel.com\/en\/\"},{\"@type\":\"ListItem\",\"position\":2,\"name\":\"Tienda\",\"item\":\"https:\/\/modasabel.com\/tienda\/\"},{\"@type\":\"ListItem\",\"position\":3,\"name\":\"Mini Bolso &#8220;Leopard Chic Hobo&#8221;\"}]},{\"@type\":\"WebSite\",\"@id\":\"https:\/\/modasabel.com\/en\/#website\",\"url\":\"https:\/\/modasabel.com\/en\/\",\"name\":\"MODA SABEL\",\"description\":\"Marcas de ropa hombre y mujer\",\"potentialAction\":[{\"@type\":\"SearchAction\",\"target\":{\"@type\":\"EntryPoint\",\"urlTemplate\":\"https:\/\/modasabel.com\/en\/?s={search_term_string}\"},\"query-input\":\"required name=search_term_string\"}],\"inLanguage\":\"en-US\"}]}<\/script>\n<!-- \/ Yoast SEO plugin. -->","yoast_head_json":{"title":"Mini Bolso \"Leopard Chic Hobo\" - MODA SABEL","description":"Atr\u00e9vete a destacar con el bolso \"Leopard Chic Hobo\" , un dise\u00f1o audaz que combina la fuerza del estampado animal con la practicidad de un formato hobo.","robots":{"index":"index","follow":"follow","max-snippet":"max-snippet:-1","max-image-preview":"max-image-preview:large","max-video-preview":"max-video-preview:-1"},"canonical":"https:\/\/modasabel.com\/en\/producto\/mini-bolso-leopard-chic-hobo\/","og_locale":"en_US","og_type":"article","og_title":"Mini Bolso \"Leopard Chic Hobo\" - MODA SABEL","og_description":"Atr\u00e9vete a destacar con el bolso \"Leopard Chic Hobo\" , un dise\u00f1o audaz que combina la fuerza del estampado animal con la practicidad de un formato hobo.","og_url":"https:\/\/modasabel.com\/en\/producto\/mini-bolso-leopard-chic-hobo\/","og_site_name":"MODA SABEL","article_modified_time":"2026-01-14T16:19:30+00:00","og_image":[{"width":1080,"height":1080,"url":"https:\/\/modasabel.com\/wp-content\/uploads\/2025\/02\/WhatsApp-Image-2025-02-04-at-19.49.12-2-Photoroom.png","type":"image\/png"}],"twitter_card":"summary_large_image","twitter_misc":{"Est. reading time":"1 minute"},"schema":{"@context":"https:\/\/schema.org","@graph":[{"@type":"WebPage","@id":"https:\/\/modasabel.com\/en\/producto\/mini-bolso-leopard-chic-hobo\/","url":"https:\/\/modasabel.com\/en\/producto\/mini-bolso-leopard-chic-hobo\/","name":"Mini Bolso \"Leopard Chic Hobo\" - MODA SABEL","isPartOf":{"@id":"https:\/\/modasabel.com\/en\/#website"},"datePublished":"2025-02-05T16:27:29+00:00","dateModified":"2026-01-14T16:19:30+00:00","description":"Atr\u00e9vete a destacar con el bolso \"Leopard Chic Hobo\" , un dise\u00f1o audaz que combina la fuerza del estampado animal con la practicidad de un formato hobo.","breadcrumb":{"@id":"https:\/\/modasabel.com\/en\/producto\/mini-bolso-leopard-chic-hobo\/#breadcrumb"},"inLanguage":"en-US","potentialAction":[{"@type":"ReadAction","target":["https:\/\/modasabel.com\/en\/producto\/mini-bolso-leopard-chic-hobo\/"]}]},{"@type":"BreadcrumbList","@id":"https:\/\/modasabel.com\/en\/producto\/mini-bolso-leopard-chic-hobo\/#breadcrumb","itemListElement":[{"@type":"ListItem","position":1,"name":"Inicio","item":"https:\/\/modasabel.com\/en\/"},{"@type":"ListItem","position":2,"name":"Tienda","item":"https:\/\/modasabel.com\/tienda\/"},{"@type":"ListItem","position":3,"name":"Mini Bolso &#8220;Leopard Chic Hobo&#8221;"}]},{"@type":"WebSite","@id":"https:\/\/modasabel.com\/en\/#website","url":"https:\/\/modasabel.com\/en\/","name":"MODA SABEL","description":"Marcas de ropa hombre y mujer","potentialAction":[{"@type":"SearchAction","target":{"@type":"EntryPoint","urlTemplate":"https:\/\/modasabel.com\/en\/?s={search_term_string}"},"query-input":"required name=search_term_string"}],"inLanguage":"en-US"}]}},"_links":{"self":[{"href":"https:\/\/modasabel.com\/en\/wp-json\/wp\/v2\/product\/6877","targetHints":{"allow":["GET"]}}],"collection":[{"href":"https:\/\/modasabel.com\/en\/wp-json\/wp\/v2\/product"}],"about":[{"href":"https:\/\/modasabel.com\/en\/wp-json\/wp\/v2\/types\/product"}],"replies":[{"embeddable":true,"href":"https:\/\/modasabel.com\/en\/wp-json\/wp\/v2\/comments?post=6877"}],"wp:featuredmedia":[{"embeddable":true,"href":"https:\/\/modasabel.com\/en\/wp-json\/wp\/v2\/media\/6881"}],"wp:attachment":[{"href":"https:\/\/modasabel.com\/en\/wp-json\/wp\/v2\/media?parent=6877"}],"wp:term":[{"taxonomy":"marca-hombre","embeddable":true,"href":"https:\/\/modasabel.com\/en\/wp-json\/wp\/v2\/marca-hombre?post=6877"},{"taxonomy":"marca-interior-hombre","embeddable":true,"href":"https:\/\/modasabel.com\/en\/wp-json\/wp\/v2\/marca-interior-hombre?post=6877"},{"taxonomy":"marca-interior-mujer","embeddable":true,"href":"https:\/\/modasabel.com\/en\/wp-json\/wp\/v2\/marca-interior-mujer?post=6877"},{"taxonomy":"marca-mujer","embeddable":true,"href":"https:\/\/modasabel.com\/en\/wp-json\/wp\/v2\/marca-mujer?post=6877"},{"taxonomy":"product_brand","embeddable":true,"href":"https:\/\/modasabel.com\/en\/wp-json\/wp\/v2\/product_brand?post=6877"},{"taxonomy":"product_cat","embeddable":true,"href":"https:\/\/modasabel.com\/en\/wp-json\/wp\/v2\/product_cat?post=6877"},{"taxonomy":"product_tag","embeddable":true,"href":"https:\/\/modasabel.com\/en\/wp-json\/wp\/v2\/product_tag?post=6877"}],"curies":[{"name":"wp","href":"https:\/\/api.w.org\/{rel}","templated":true}]}}