{"id":6756,"date":"2025-01-31T10:38:50","date_gmt":"2025-01-31T09:38:50","guid":{"rendered":"https:\/\/modasabel.com\/?post_type=product&#038;p=6756"},"modified":"2026-01-14T17:04:52","modified_gmt":"2026-01-14T16:04:52","slug":"jersey-de-rayas-en-tonos-beige-de-hongo","status":"publish","type":"product","link":"https:\/\/modasabel.com\/en\/producto\/jersey-de-rayas-en-tonos-beige-de-hongo\/","title":{"rendered":"Jersey de rayas en tonos beige de Hongo"},"content":{"rendered":"<p><span>Eleva tu estilo con este <\/span><strong><span>jersey de Hongo<\/span><\/strong><span> , dise\u00f1ado en un suave tejido de punto con un patr\u00f3n de rayas en delicados tonos beige y blanco. Su dise\u00f1o atemporal es perfecto para looks casuales y elegantes, ideal para cualquier ocasi\u00f3n. Cuenta con un ajuste c\u00f3modo y favorecedor, y un peque\u00f1o detalle decorativo en el pecho que aporta un toque de distinci\u00f3n. Comb\u00ednalo con pantalones blancos o jeans para un outfit fresco y c\u00f3modo.<\/span><\/p>\n","protected":false},"excerpt":{"rendered":"<p>Eleva tu estilo con este jersey de Hongo , dise\u00f1ado en un suave tejido de punto con un patr\u00f3n de rayas en delicados tonos beige y blanco. Su dise\u00f1o atemporal es perfecto para looks casuales y elegantes, ideal para cualquier ocasi\u00f3n. Cuenta con un ajuste c\u00f3modo y favorecedor, y un peque\u00f1o detalle decorativo en el [&hellip;]<\/p>\n","protected":false},"featured_media":6760,"comment_status":"closed","ping_status":"closed","template":"","meta":{"_acf_changed":false,"site-sidebar-layout":"default","site-content-layout":"","ast-site-content-layout":"default","site-content-style":"default","site-sidebar-style":"default","ast-global-header-display":"","ast-banner-title-visibility":"","ast-main-header-display":"","ast-hfb-above-header-display":"","ast-hfb-below-header-display":"","ast-hfb-mobile-header-display":"","site-post-title":"","ast-breadcrumbs-content":"","ast-featured-img":"","footer-sml-layout":"","ast-disable-related-posts":"","theme-transparent-header-meta":"default","adv-header-id-meta":"","stick-header-meta":"","header-above-stick-meta":"","header-main-stick-meta":"","header-below-stick-meta":"","astra-migrate-meta-layouts":"set","ast-page-background-enabled":"default","ast-page-background-meta":{"desktop":{"background-color":"var(--ast-global-color-4)","background-image":"","background-repeat":"repeat","background-position":"center center","background-size":"auto","background-attachment":"scroll","background-type":"","background-media":"","overlay-type":"","overlay-color":"","overlay-opacity":"","overlay-gradient":""},"tablet":{"background-color":"","background-image":"","background-repeat":"repeat","background-position":"center center","background-size":"auto","background-attachment":"scroll","background-type":"","background-media":"","overlay-type":"","overlay-color":"","overlay-opacity":"","overlay-gradient":""},"mobile":{"background-color":"","background-image":"","background-repeat":"repeat","background-position":"center center","background-size":"auto","background-attachment":"scroll","background-type":"","background-media":"","overlay-type":"","overlay-color":"","overlay-opacity":"","overlay-gradient":""}},"ast-content-background-meta":{"desktop":{"background-color":"var(--ast-global-color-5)","background-image":"","background-repeat":"repeat","background-position":"center center","background-size":"auto","background-attachment":"scroll","background-type":"","background-media":"","overlay-type":"","overlay-color":"","overlay-opacity":"","overlay-gradient":""},"tablet":{"background-color":"var(--ast-global-color-5)","background-image":"","background-repeat":"repeat","background-position":"center center","background-size":"auto","background-attachment":"scroll","background-type":"","background-media":"","overlay-type":"","overlay-color":"","overlay-opacity":"","overlay-gradient":""},"mobile":{"background-color":"var(--ast-global-color-5)","background-image":"","background-repeat":"repeat","background-position":"center center","background-size":"auto","background-attachment":"scroll","background-type":"","background-media":"","overlay-type":"","overlay-color":"","overlay-opacity":"","overlay-gradient":""}}},"marca-hombre":[],"marca-interior-hombre":[],"marca-interior-mujer":[],"marca-mujer":[209],"product_brand":[],"product_cat":[53,18],"product_tag":[],"class_list":{"0":"post-6756","1":"product","2":"type-product","3":"status-publish","4":"has-post-thumbnail","6":"marca-mujer-hongo","7":"product_cat-jerseys-mujer","8":"product_cat-mujer","9":"pa_tallaje-numerico-140","10":"desktop-align-left","11":"tablet-align-left","12":"mobile-align-left","14":"first","15":"instock","16":"sale","17":"taxable","18":"shipping-taxable","19":"purchasable","20":"product-type-variable"},"acf":[],"yoast_head":"<!-- This site is optimized with the Yoast SEO plugin v22.1 - https:\/\/yoast.com\/wordpress\/plugins\/seo\/ -->\n<title>Jersey de rayas en tonos beige de Hongo - MODA SABEL<\/title>\n<meta name=\"description\" content=\"Eleva tu estilo con este jersey de Hongo , dise\u00f1ado en un suave tejido de punto con un patr\u00f3n de rayas en delicados tonos beige y blanco.\" \/>\n<meta name=\"robots\" content=\"index, follow, max-snippet:-1, max-image-preview:large, max-video-preview:-1\" \/>\n<link rel=\"canonical\" href=\"https:\/\/modasabel.com\/en\/producto\/jersey-de-rayas-en-tonos-beige-de-hongo\/\" \/>\n<meta property=\"og:locale\" content=\"en_US\" \/>\n<meta property=\"og:type\" content=\"article\" \/>\n<meta property=\"og:title\" content=\"Jersey de rayas en tonos beige de Hongo - MODA SABEL\" \/>\n<meta property=\"og:description\" content=\"Eleva tu estilo con este jersey de Hongo , dise\u00f1ado en un suave tejido de punto con un patr\u00f3n de rayas en delicados tonos beige y blanco.\" \/>\n<meta property=\"og:url\" content=\"https:\/\/modasabel.com\/en\/producto\/jersey-de-rayas-en-tonos-beige-de-hongo\/\" \/>\n<meta property=\"og:site_name\" content=\"MODA SABEL\" \/>\n<meta property=\"article:modified_time\" content=\"2026-01-14T16:04:52+00:00\" \/>\n<meta property=\"og:image\" content=\"https:\/\/modasabel.com\/wp-content\/uploads\/2025\/01\/jk08-j113-_5-1.jpg\" \/>\n\t<meta property=\"og:image:width\" content=\"1500\" \/>\n\t<meta property=\"og:image:height\" content=\"2250\" \/>\n\t<meta property=\"og:image:type\" content=\"image\/jpeg\" \/>\n<meta name=\"twitter:card\" content=\"summary_large_image\" \/>\n<meta name=\"twitter:label1\" content=\"Est. reading time\" \/>\n\t<meta name=\"twitter:data1\" content=\"1 minute\" \/>\n<script type=\"application\/ld+json\" class=\"yoast-schema-graph\">{\"@context\":\"https:\/\/schema.org\",\"@graph\":[{\"@type\":\"WebPage\",\"@id\":\"https:\/\/modasabel.com\/en\/producto\/jersey-de-rayas-en-tonos-beige-de-hongo\/\",\"url\":\"https:\/\/modasabel.com\/en\/producto\/jersey-de-rayas-en-tonos-beige-de-hongo\/\",\"name\":\"Jersey de rayas en tonos beige de Hongo - MODA SABEL\",\"isPartOf\":{\"@id\":\"https:\/\/modasabel.com\/en\/#website\"},\"datePublished\":\"2025-01-31T09:38:50+00:00\",\"dateModified\":\"2026-01-14T16:04:52+00:00\",\"description\":\"Eleva tu estilo con este jersey de Hongo , dise\u00f1ado en un suave tejido de punto con un patr\u00f3n de rayas en delicados tonos beige y blanco.\",\"breadcrumb\":{\"@id\":\"https:\/\/modasabel.com\/en\/producto\/jersey-de-rayas-en-tonos-beige-de-hongo\/#breadcrumb\"},\"inLanguage\":\"en-US\",\"potentialAction\":[{\"@type\":\"ReadAction\",\"target\":[\"https:\/\/modasabel.com\/en\/producto\/jersey-de-rayas-en-tonos-beige-de-hongo\/\"]}]},{\"@type\":\"BreadcrumbList\",\"@id\":\"https:\/\/modasabel.com\/en\/producto\/jersey-de-rayas-en-tonos-beige-de-hongo\/#breadcrumb\",\"itemListElement\":[{\"@type\":\"ListItem\",\"position\":1,\"name\":\"Inicio\",\"item\":\"https:\/\/modasabel.com\/en\/\"},{\"@type\":\"ListItem\",\"position\":2,\"name\":\"Tienda\",\"item\":\"https:\/\/modasabel.com\/tienda\/\"},{\"@type\":\"ListItem\",\"position\":3,\"name\":\"Jersey de rayas en tonos beige de Hongo\"}]},{\"@type\":\"WebSite\",\"@id\":\"https:\/\/modasabel.com\/en\/#website\",\"url\":\"https:\/\/modasabel.com\/en\/\",\"name\":\"MODA SABEL\",\"description\":\"Marcas de ropa hombre y mujer\",\"potentialAction\":[{\"@type\":\"SearchAction\",\"target\":{\"@type\":\"EntryPoint\",\"urlTemplate\":\"https:\/\/modasabel.com\/en\/?s={search_term_string}\"},\"query-input\":\"required name=search_term_string\"}],\"inLanguage\":\"en-US\"}]}<\/script>\n<!-- \/ Yoast SEO plugin. -->","yoast_head_json":{"title":"Jersey de rayas en tonos beige de Hongo - MODA SABEL","description":"Eleva tu estilo con este jersey de Hongo , dise\u00f1ado en un suave tejido de punto con un patr\u00f3n de rayas en delicados tonos beige y blanco.","robots":{"index":"index","follow":"follow","max-snippet":"max-snippet:-1","max-image-preview":"max-image-preview:large","max-video-preview":"max-video-preview:-1"},"canonical":"https:\/\/modasabel.com\/en\/producto\/jersey-de-rayas-en-tonos-beige-de-hongo\/","og_locale":"en_US","og_type":"article","og_title":"Jersey de rayas en tonos beige de Hongo - MODA SABEL","og_description":"Eleva tu estilo con este jersey de Hongo , dise\u00f1ado en un suave tejido de punto con un patr\u00f3n de rayas en delicados tonos beige y blanco.","og_url":"https:\/\/modasabel.com\/en\/producto\/jersey-de-rayas-en-tonos-beige-de-hongo\/","og_site_name":"MODA SABEL","article_modified_time":"2026-01-14T16:04:52+00:00","og_image":[{"width":1500,"height":2250,"url":"https:\/\/modasabel.com\/wp-content\/uploads\/2025\/01\/jk08-j113-_5-1.jpg","type":"image\/jpeg"}],"twitter_card":"summary_large_image","twitter_misc":{"Est. reading time":"1 minute"},"schema":{"@context":"https:\/\/schema.org","@graph":[{"@type":"WebPage","@id":"https:\/\/modasabel.com\/en\/producto\/jersey-de-rayas-en-tonos-beige-de-hongo\/","url":"https:\/\/modasabel.com\/en\/producto\/jersey-de-rayas-en-tonos-beige-de-hongo\/","name":"Jersey de rayas en tonos beige de Hongo - MODA SABEL","isPartOf":{"@id":"https:\/\/modasabel.com\/en\/#website"},"datePublished":"2025-01-31T09:38:50+00:00","dateModified":"2026-01-14T16:04:52+00:00","description":"Eleva tu estilo con este jersey de Hongo , dise\u00f1ado en un suave tejido de punto con un patr\u00f3n de rayas en delicados tonos beige y blanco.","breadcrumb":{"@id":"https:\/\/modasabel.com\/en\/producto\/jersey-de-rayas-en-tonos-beige-de-hongo\/#breadcrumb"},"inLanguage":"en-US","potentialAction":[{"@type":"ReadAction","target":["https:\/\/modasabel.com\/en\/producto\/jersey-de-rayas-en-tonos-beige-de-hongo\/"]}]},{"@type":"BreadcrumbList","@id":"https:\/\/modasabel.com\/en\/producto\/jersey-de-rayas-en-tonos-beige-de-hongo\/#breadcrumb","itemListElement":[{"@type":"ListItem","position":1,"name":"Inicio","item":"https:\/\/modasabel.com\/en\/"},{"@type":"ListItem","position":2,"name":"Tienda","item":"https:\/\/modasabel.com\/tienda\/"},{"@type":"ListItem","position":3,"name":"Jersey de rayas en tonos beige de Hongo"}]},{"@type":"WebSite","@id":"https:\/\/modasabel.com\/en\/#website","url":"https:\/\/modasabel.com\/en\/","name":"MODA SABEL","description":"Marcas de ropa hombre y mujer","potentialAction":[{"@type":"SearchAction","target":{"@type":"EntryPoint","urlTemplate":"https:\/\/modasabel.com\/en\/?s={search_term_string}"},"query-input":"required name=search_term_string"}],"inLanguage":"en-US"}]}},"_links":{"self":[{"href":"https:\/\/modasabel.com\/en\/wp-json\/wp\/v2\/product\/6756","targetHints":{"allow":["GET"]}}],"collection":[{"href":"https:\/\/modasabel.com\/en\/wp-json\/wp\/v2\/product"}],"about":[{"href":"https:\/\/modasabel.com\/en\/wp-json\/wp\/v2\/types\/product"}],"replies":[{"embeddable":true,"href":"https:\/\/modasabel.com\/en\/wp-json\/wp\/v2\/comments?post=6756"}],"wp:featuredmedia":[{"embeddable":true,"href":"https:\/\/modasabel.com\/en\/wp-json\/wp\/v2\/media\/6760"}],"wp:attachment":[{"href":"https:\/\/modasabel.com\/en\/wp-json\/wp\/v2\/media?parent=6756"}],"wp:term":[{"taxonomy":"marca-hombre","embeddable":true,"href":"https:\/\/modasabel.com\/en\/wp-json\/wp\/v2\/marca-hombre?post=6756"},{"taxonomy":"marca-interior-hombre","embeddable":true,"href":"https:\/\/modasabel.com\/en\/wp-json\/wp\/v2\/marca-interior-hombre?post=6756"},{"taxonomy":"marca-interior-mujer","embeddable":true,"href":"https:\/\/modasabel.com\/en\/wp-json\/wp\/v2\/marca-interior-mujer?post=6756"},{"taxonomy":"marca-mujer","embeddable":true,"href":"https:\/\/modasabel.com\/en\/wp-json\/wp\/v2\/marca-mujer?post=6756"},{"taxonomy":"product_brand","embeddable":true,"href":"https:\/\/modasabel.com\/en\/wp-json\/wp\/v2\/product_brand?post=6756"},{"taxonomy":"product_cat","embeddable":true,"href":"https:\/\/modasabel.com\/en\/wp-json\/wp\/v2\/product_cat?post=6756"},{"taxonomy":"product_tag","embeddable":true,"href":"https:\/\/modasabel.com\/en\/wp-json\/wp\/v2\/product_tag?post=6756"}],"curies":[{"name":"wp","href":"https:\/\/api.w.org\/{rel}","templated":true}]}}