{"id":6506,"date":"2025-01-29T11:21:06","date_gmt":"2025-01-29T10:21:06","guid":{"rendered":"https:\/\/modasabel.com\/?post_type=product&#038;p=6506"},"modified":"2026-01-20T12:18:44","modified_gmt":"2026-01-20T11:18:44","slug":"chaqueta-aqua-glow-azay","status":"publish","type":"product","link":"https:\/\/modasabel.com\/en\/producto\/chaqueta-aqua-glow-azay\/","title":{"rendered":"Chaqueta Aqua Glow | Azay"},"content":{"rendered":"<p><span>Chaqueta acolchada para mujer en un precioso tono azul aqua de la marca <\/span><strong><span>Azay<\/span><\/strong><span> , dise\u00f1ada para destacar en tus looks de invierno. Este modelo cuenta con un elegante acabado brillante, costuras en forma de rombos y cuello alto para mayor protecci\u00f3n contra el fr\u00edo. Su interior en tono beige a\u00f1ade un toque c\u00f3modo, mientras que el cierre de cremallera dorado y los bolsillos laterales completan esta prenda pr\u00e1ctica y moderna. \u00a1Perfecta para quienes buscan estilo y comodidad en un solo dise\u00f1o!<\/span><\/p>\n","protected":false},"excerpt":{"rendered":"<p>Chaqueta acolchada para mujer en un precioso tono azul aqua de la marca Azay , dise\u00f1ada para destacar en tus looks de invierno. Este modelo cuenta con un elegante acabado brillante, costuras en forma de rombos y cuello alto para mayor protecci\u00f3n contra el fr\u00edo. Su interior en tono beige a\u00f1ade un toque c\u00f3modo, mientras [&hellip;]<\/p>\n","protected":false},"featured_media":6511,"comment_status":"closed","ping_status":"closed","template":"","meta":{"_acf_changed":false,"site-sidebar-layout":"default","site-content-layout":"","ast-site-content-layout":"default","site-content-style":"default","site-sidebar-style":"default","ast-global-header-display":"","ast-banner-title-visibility":"","ast-main-header-display":"","ast-hfb-above-header-display":"","ast-hfb-below-header-display":"","ast-hfb-mobile-header-display":"","site-post-title":"","ast-breadcrumbs-content":"","ast-featured-img":"","footer-sml-layout":"","ast-disable-related-posts":"","theme-transparent-header-meta":"default","adv-header-id-meta":"","stick-header-meta":"","header-above-stick-meta":"","header-main-stick-meta":"","header-below-stick-meta":"","astra-migrate-meta-layouts":"set","ast-page-background-enabled":"default","ast-page-background-meta":{"desktop":{"background-color":"var(--ast-global-color-4)","background-image":"","background-repeat":"repeat","background-position":"center center","background-size":"auto","background-attachment":"scroll","background-type":"","background-media":"","overlay-type":"","overlay-color":"","overlay-opacity":"","overlay-gradient":""},"tablet":{"background-color":"","background-image":"","background-repeat":"repeat","background-position":"center center","background-size":"auto","background-attachment":"scroll","background-type":"","background-media":"","overlay-type":"","overlay-color":"","overlay-opacity":"","overlay-gradient":""},"mobile":{"background-color":"","background-image":"","background-repeat":"repeat","background-position":"center center","background-size":"auto","background-attachment":"scroll","background-type":"","background-media":"","overlay-type":"","overlay-color":"","overlay-opacity":"","overlay-gradient":""}},"ast-content-background-meta":{"desktop":{"background-color":"var(--ast-global-color-5)","background-image":"","background-repeat":"repeat","background-position":"center center","background-size":"auto","background-attachment":"scroll","background-type":"","background-media":"","overlay-type":"","overlay-color":"","overlay-opacity":"","overlay-gradient":""},"tablet":{"background-color":"var(--ast-global-color-5)","background-image":"","background-repeat":"repeat","background-position":"center center","background-size":"auto","background-attachment":"scroll","background-type":"","background-media":"","overlay-type":"","overlay-color":"","overlay-opacity":"","overlay-gradient":""},"mobile":{"background-color":"var(--ast-global-color-5)","background-image":"","background-repeat":"repeat","background-position":"center center","background-size":"auto","background-attachment":"scroll","background-type":"","background-media":"","overlay-type":"","overlay-color":"","overlay-opacity":"","overlay-gradient":""}}},"marca-hombre":[],"marca-interior-hombre":[],"marca-interior-mujer":[],"marca-mujer":[208],"product_brand":[],"product_cat":[51,18],"product_tag":[],"class_list":{"0":"post-6506","1":"product","2":"type-product","3":"status-publish","4":"has-post-thumbnail","6":"marca-mujer-azay","7":"product_cat-chaquetas-mujer","8":"product_cat-mujer","9":"pa_tallaje-numerico-143","10":"pa_tallaje-numerico-144","11":"desktop-align-left","12":"tablet-align-left","13":"mobile-align-left","15":"first","16":"instock","17":"sale","18":"taxable","19":"shipping-taxable","20":"purchasable","21":"product-type-variable"},"acf":[],"yoast_head":"<!-- This site is optimized with the Yoast SEO plugin v22.1 - https:\/\/yoast.com\/wordpress\/plugins\/seo\/ -->\n<title>Chaqueta Aqua Glow | Azay - MODA SABEL<\/title>\n<meta name=\"description\" content=\"Chaqueta acolchada para mujer en un precioso tono azul aqua de la marca Azay , dise\u00f1ada para destacar en tus looks de invierno.\" \/>\n<meta name=\"robots\" content=\"index, follow, max-snippet:-1, max-image-preview:large, max-video-preview:-1\" \/>\n<link rel=\"canonical\" href=\"https:\/\/modasabel.com\/en\/producto\/chaqueta-aqua-glow-azay\/\" \/>\n<meta property=\"og:locale\" content=\"en_US\" \/>\n<meta property=\"og:type\" content=\"article\" \/>\n<meta property=\"og:title\" content=\"Chaqueta Aqua Glow | Azay - MODA SABEL\" \/>\n<meta property=\"og:description\" content=\"Chaqueta acolchada para mujer en un precioso tono azul aqua de la marca Azay , dise\u00f1ada para destacar en tus looks de invierno.\" \/>\n<meta property=\"og:url\" content=\"https:\/\/modasabel.com\/en\/producto\/chaqueta-aqua-glow-azay\/\" \/>\n<meta property=\"og:site_name\" content=\"MODA SABEL\" \/>\n<meta property=\"article:modified_time\" content=\"2026-01-20T11:18:44+00:00\" \/>\n<meta property=\"og:image\" content=\"https:\/\/modasabel.com\/wp-content\/uploads\/2025\/01\/i196_000600_2.jpg\" \/>\n\t<meta property=\"og:image:width\" content=\"1037\" \/>\n\t<meta property=\"og:image:height\" content=\"1555\" \/>\n\t<meta property=\"og:image:type\" content=\"image\/jpeg\" \/>\n<meta name=\"twitter:card\" content=\"summary_large_image\" \/>\n<meta name=\"twitter:label1\" content=\"Est. reading time\" \/>\n\t<meta name=\"twitter:data1\" content=\"1 minute\" \/>\n<script type=\"application\/ld+json\" class=\"yoast-schema-graph\">{\"@context\":\"https:\/\/schema.org\",\"@graph\":[{\"@type\":\"WebPage\",\"@id\":\"https:\/\/modasabel.com\/en\/producto\/chaqueta-aqua-glow-azay\/\",\"url\":\"https:\/\/modasabel.com\/en\/producto\/chaqueta-aqua-glow-azay\/\",\"name\":\"Chaqueta Aqua Glow | Azay - MODA SABEL\",\"isPartOf\":{\"@id\":\"https:\/\/modasabel.com\/en\/#website\"},\"datePublished\":\"2025-01-29T10:21:06+00:00\",\"dateModified\":\"2026-01-20T11:18:44+00:00\",\"description\":\"Chaqueta acolchada para mujer en un precioso tono azul aqua de la marca Azay , dise\u00f1ada para destacar en tus looks de invierno.\",\"breadcrumb\":{\"@id\":\"https:\/\/modasabel.com\/en\/producto\/chaqueta-aqua-glow-azay\/#breadcrumb\"},\"inLanguage\":\"en-US\",\"potentialAction\":[{\"@type\":\"ReadAction\",\"target\":[\"https:\/\/modasabel.com\/en\/producto\/chaqueta-aqua-glow-azay\/\"]}]},{\"@type\":\"BreadcrumbList\",\"@id\":\"https:\/\/modasabel.com\/en\/producto\/chaqueta-aqua-glow-azay\/#breadcrumb\",\"itemListElement\":[{\"@type\":\"ListItem\",\"position\":1,\"name\":\"Inicio\",\"item\":\"https:\/\/modasabel.com\/en\/\"},{\"@type\":\"ListItem\",\"position\":2,\"name\":\"Tienda\",\"item\":\"https:\/\/modasabel.com\/tienda\/\"},{\"@type\":\"ListItem\",\"position\":3,\"name\":\"Chaqueta Aqua Glow | Azay\"}]},{\"@type\":\"WebSite\",\"@id\":\"https:\/\/modasabel.com\/en\/#website\",\"url\":\"https:\/\/modasabel.com\/en\/\",\"name\":\"MODA SABEL\",\"description\":\"Marcas de ropa hombre y mujer\",\"potentialAction\":[{\"@type\":\"SearchAction\",\"target\":{\"@type\":\"EntryPoint\",\"urlTemplate\":\"https:\/\/modasabel.com\/en\/?s={search_term_string}\"},\"query-input\":\"required name=search_term_string\"}],\"inLanguage\":\"en-US\"}]}<\/script>\n<!-- \/ Yoast SEO plugin. -->","yoast_head_json":{"title":"Chaqueta Aqua Glow | Azay - MODA SABEL","description":"Chaqueta acolchada para mujer en un precioso tono azul aqua de la marca Azay , dise\u00f1ada para destacar en tus looks de invierno.","robots":{"index":"index","follow":"follow","max-snippet":"max-snippet:-1","max-image-preview":"max-image-preview:large","max-video-preview":"max-video-preview:-1"},"canonical":"https:\/\/modasabel.com\/en\/producto\/chaqueta-aqua-glow-azay\/","og_locale":"en_US","og_type":"article","og_title":"Chaqueta Aqua Glow | Azay - MODA SABEL","og_description":"Chaqueta acolchada para mujer en un precioso tono azul aqua de la marca Azay , dise\u00f1ada para destacar en tus looks de invierno.","og_url":"https:\/\/modasabel.com\/en\/producto\/chaqueta-aqua-glow-azay\/","og_site_name":"MODA SABEL","article_modified_time":"2026-01-20T11:18:44+00:00","og_image":[{"width":1037,"height":1555,"url":"https:\/\/modasabel.com\/wp-content\/uploads\/2025\/01\/i196_000600_2.jpg","type":"image\/jpeg"}],"twitter_card":"summary_large_image","twitter_misc":{"Est. reading time":"1 minute"},"schema":{"@context":"https:\/\/schema.org","@graph":[{"@type":"WebPage","@id":"https:\/\/modasabel.com\/en\/producto\/chaqueta-aqua-glow-azay\/","url":"https:\/\/modasabel.com\/en\/producto\/chaqueta-aqua-glow-azay\/","name":"Chaqueta Aqua Glow | Azay - MODA SABEL","isPartOf":{"@id":"https:\/\/modasabel.com\/en\/#website"},"datePublished":"2025-01-29T10:21:06+00:00","dateModified":"2026-01-20T11:18:44+00:00","description":"Chaqueta acolchada para mujer en un precioso tono azul aqua de la marca Azay , dise\u00f1ada para destacar en tus looks de invierno.","breadcrumb":{"@id":"https:\/\/modasabel.com\/en\/producto\/chaqueta-aqua-glow-azay\/#breadcrumb"},"inLanguage":"en-US","potentialAction":[{"@type":"ReadAction","target":["https:\/\/modasabel.com\/en\/producto\/chaqueta-aqua-glow-azay\/"]}]},{"@type":"BreadcrumbList","@id":"https:\/\/modasabel.com\/en\/producto\/chaqueta-aqua-glow-azay\/#breadcrumb","itemListElement":[{"@type":"ListItem","position":1,"name":"Inicio","item":"https:\/\/modasabel.com\/en\/"},{"@type":"ListItem","position":2,"name":"Tienda","item":"https:\/\/modasabel.com\/tienda\/"},{"@type":"ListItem","position":3,"name":"Chaqueta Aqua Glow | Azay"}]},{"@type":"WebSite","@id":"https:\/\/modasabel.com\/en\/#website","url":"https:\/\/modasabel.com\/en\/","name":"MODA SABEL","description":"Marcas de ropa hombre y mujer","potentialAction":[{"@type":"SearchAction","target":{"@type":"EntryPoint","urlTemplate":"https:\/\/modasabel.com\/en\/?s={search_term_string}"},"query-input":"required name=search_term_string"}],"inLanguage":"en-US"}]}},"_links":{"self":[{"href":"https:\/\/modasabel.com\/en\/wp-json\/wp\/v2\/product\/6506","targetHints":{"allow":["GET"]}}],"collection":[{"href":"https:\/\/modasabel.com\/en\/wp-json\/wp\/v2\/product"}],"about":[{"href":"https:\/\/modasabel.com\/en\/wp-json\/wp\/v2\/types\/product"}],"replies":[{"embeddable":true,"href":"https:\/\/modasabel.com\/en\/wp-json\/wp\/v2\/comments?post=6506"}],"wp:featuredmedia":[{"embeddable":true,"href":"https:\/\/modasabel.com\/en\/wp-json\/wp\/v2\/media\/6511"}],"wp:attachment":[{"href":"https:\/\/modasabel.com\/en\/wp-json\/wp\/v2\/media?parent=6506"}],"wp:term":[{"taxonomy":"marca-hombre","embeddable":true,"href":"https:\/\/modasabel.com\/en\/wp-json\/wp\/v2\/marca-hombre?post=6506"},{"taxonomy":"marca-interior-hombre","embeddable":true,"href":"https:\/\/modasabel.com\/en\/wp-json\/wp\/v2\/marca-interior-hombre?post=6506"},{"taxonomy":"marca-interior-mujer","embeddable":true,"href":"https:\/\/modasabel.com\/en\/wp-json\/wp\/v2\/marca-interior-mujer?post=6506"},{"taxonomy":"marca-mujer","embeddable":true,"href":"https:\/\/modasabel.com\/en\/wp-json\/wp\/v2\/marca-mujer?post=6506"},{"taxonomy":"product_brand","embeddable":true,"href":"https:\/\/modasabel.com\/en\/wp-json\/wp\/v2\/product_brand?post=6506"},{"taxonomy":"product_cat","embeddable":true,"href":"https:\/\/modasabel.com\/en\/wp-json\/wp\/v2\/product_cat?post=6506"},{"taxonomy":"product_tag","embeddable":true,"href":"https:\/\/modasabel.com\/en\/wp-json\/wp\/v2\/product_tag?post=6506"}],"curies":[{"name":"wp","href":"https:\/\/api.w.org\/{rel}","templated":true}]}}