{"id":6429,"date":"2025-01-27T18:08:07","date_gmt":"2025-01-27T17:08:07","guid":{"rendered":"https:\/\/modasabel.com\/?post_type=product&#038;p=6429"},"modified":"2025-01-27T18:08:07","modified_gmt":"2025-01-27T17:08:07","slug":"sudadera-tys-gamer-oversize","status":"publish","type":"product","link":"https:\/\/modasabel.com\/en\/producto\/sudadera-tys-gamer-oversize\/","title":{"rendered":"Sudadera TYS Gamer Oversize"},"content":{"rendered":"<p><span>La <\/span><strong><span>sudadera TYS Gamer Oversize<\/span><\/strong><span> es el complemento perfecto para quienes disfrutan del mundo gaming y buscan expresar su pasi\u00f3n con estilo. Con un dise\u00f1o moderno y mensajes \u00fanicos en la parte delantera y trasera, esta prenda combina comodidad, originalidad y tendencia.<\/span><\/p>\n<h3><span>Caracter\u00edsticas principales:<\/span><\/h3>\n<ul>\n<li><strong><span>Frontal llamativo:<\/span><\/strong><span> Texto \u201cGamer\u00ae\u201d en un vibrante color rosa ne\u00f3n sobre fondo oscuro, que destaca por su simplicidad y estilo moderno.<\/span><\/li>\n<\/ul>\n","protected":false},"excerpt":{"rendered":"<p>La sudadera TYS Gamer Oversize es el complemento perfecto para quienes disfrutan del mundo gaming y buscan expresar su pasi\u00f3n con estilo. Con un dise\u00f1o moderno y mensajes \u00fanicos en la parte delantera y trasera, esta prenda combina comodidad, originalidad y tendencia. Caracter\u00edsticas principales: Frontal llamativo: Texto \u201cGamer\u00ae\u201d en un vibrante color rosa ne\u00f3n sobre [&hellip;]<\/p>\n","protected":false},"featured_media":6435,"comment_status":"closed","ping_status":"closed","template":"","meta":{"_acf_changed":false,"site-sidebar-layout":"default","site-content-layout":"","ast-site-content-layout":"default","site-content-style":"default","site-sidebar-style":"default","ast-global-header-display":"","ast-banner-title-visibility":"","ast-main-header-display":"","ast-hfb-above-header-display":"","ast-hfb-below-header-display":"","ast-hfb-mobile-header-display":"","site-post-title":"","ast-breadcrumbs-content":"","ast-featured-img":"","footer-sml-layout":"","ast-disable-related-posts":"","theme-transparent-header-meta":"default","adv-header-id-meta":"","stick-header-meta":"","header-above-stick-meta":"","header-main-stick-meta":"","header-below-stick-meta":"","astra-migrate-meta-layouts":"set","ast-page-background-enabled":"default","ast-page-background-meta":{"desktop":{"background-color":"var(--ast-global-color-4)","background-image":"","background-repeat":"repeat","background-position":"center center","background-size":"auto","background-attachment":"scroll","background-type":"","background-media":"","overlay-type":"","overlay-color":"","overlay-opacity":"","overlay-gradient":""},"tablet":{"background-color":"","background-image":"","background-repeat":"repeat","background-position":"center center","background-size":"auto","background-attachment":"scroll","background-type":"","background-media":"","overlay-type":"","overlay-color":"","overlay-opacity":"","overlay-gradient":""},"mobile":{"background-color":"","background-image":"","background-repeat":"repeat","background-position":"center center","background-size":"auto","background-attachment":"scroll","background-type":"","background-media":"","overlay-type":"","overlay-color":"","overlay-opacity":"","overlay-gradient":""}},"ast-content-background-meta":{"desktop":{"background-color":"var(--ast-global-color-5)","background-image":"","background-repeat":"repeat","background-position":"center center","background-size":"auto","background-attachment":"scroll","background-type":"","background-media":"","overlay-type":"","overlay-color":"","overlay-opacity":"","overlay-gradient":""},"tablet":{"background-color":"var(--ast-global-color-5)","background-image":"","background-repeat":"repeat","background-position":"center center","background-size":"auto","background-attachment":"scroll","background-type":"","background-media":"","overlay-type":"","overlay-color":"","overlay-opacity":"","overlay-gradient":""},"mobile":{"background-color":"var(--ast-global-color-5)","background-image":"","background-repeat":"repeat","background-position":"center center","background-size":"auto","background-attachment":"scroll","background-type":"","background-media":"","overlay-type":"","overlay-color":"","overlay-opacity":"","overlay-gradient":""}}},"marca-hombre":[201],"marca-interior-hombre":[],"marca-interior-mujer":[],"marca-mujer":[],"product_brand":[],"product_cat":[16],"product_tag":[],"class_list":{"0":"post-6429","1":"product","2":"type-product","3":"status-publish","4":"has-post-thumbnail","6":"marca-hombre-tys-camisetas","7":"product_cat-sin-categorizar","8":"pa_tallas-camisetas-l","9":"pa_tallas-camisetas-m","10":"pa_tallas-camisetas-xl","11":"desktop-align-left","12":"tablet-align-left","13":"mobile-align-left","15":"first","16":"instock","17":"taxable","18":"shipping-taxable","19":"purchasable","20":"product-type-variable"},"acf":[],"yoast_head":"<!-- This site is optimized with the Yoast SEO plugin v22.1 - https:\/\/yoast.com\/wordpress\/plugins\/seo\/ -->\n<title>Sudadera TYS Gamer Oversize - MODA SABEL<\/title>\n<meta name=\"description\" content=\"La sudadera TYS Gamer Oversize es el complemento perfecto para quienes disfrutan del mundo gaming y buscan expresar su pasi\u00f3n con estilo.\" \/>\n<meta name=\"robots\" content=\"index, follow, max-snippet:-1, max-image-preview:large, max-video-preview:-1\" \/>\n<link rel=\"canonical\" href=\"https:\/\/modasabel.com\/en\/producto\/sudadera-tys-gamer-oversize\/\" \/>\n<meta property=\"og:locale\" content=\"en_US\" \/>\n<meta property=\"og:type\" content=\"article\" \/>\n<meta property=\"og:title\" content=\"Sudadera TYS Gamer Oversize - MODA SABEL\" \/>\n<meta property=\"og:description\" content=\"La sudadera TYS Gamer Oversize es el complemento perfecto para quienes disfrutan del mundo gaming y buscan expresar su pasi\u00f3n con estilo.\" \/>\n<meta property=\"og:url\" content=\"https:\/\/modasabel.com\/en\/producto\/sudadera-tys-gamer-oversize\/\" \/>\n<meta property=\"og:site_name\" content=\"MODA SABEL\" \/>\n<meta property=\"og:image\" content=\"https:\/\/modasabel.com\/wp-content\/uploads\/2025\/01\/cap-oversize-jugon-pack-8-und.jpg\" \/>\n\t<meta property=\"og:image:width\" content=\"700\" \/>\n\t<meta property=\"og:image:height\" content=\"800\" \/>\n\t<meta property=\"og:image:type\" content=\"image\/jpeg\" \/>\n<meta name=\"twitter:card\" content=\"summary_large_image\" \/>\n<meta name=\"twitter:label1\" content=\"Est. reading time\" \/>\n\t<meta name=\"twitter:data1\" content=\"1 minute\" \/>\n<script type=\"application\/ld+json\" class=\"yoast-schema-graph\">{\"@context\":\"https:\/\/schema.org\",\"@graph\":[{\"@type\":\"WebPage\",\"@id\":\"https:\/\/modasabel.com\/en\/producto\/sudadera-tys-gamer-oversize\/\",\"url\":\"https:\/\/modasabel.com\/en\/producto\/sudadera-tys-gamer-oversize\/\",\"name\":\"Sudadera TYS Gamer Oversize - MODA SABEL\",\"isPartOf\":{\"@id\":\"https:\/\/modasabel.com\/en\/#website\"},\"datePublished\":\"2025-01-27T17:08:07+00:00\",\"dateModified\":\"2025-01-27T17:08:07+00:00\",\"description\":\"La sudadera TYS Gamer Oversize es el complemento perfecto para quienes disfrutan del mundo gaming y buscan expresar su pasi\u00f3n con estilo.\",\"breadcrumb\":{\"@id\":\"https:\/\/modasabel.com\/en\/producto\/sudadera-tys-gamer-oversize\/#breadcrumb\"},\"inLanguage\":\"en-US\",\"potentialAction\":[{\"@type\":\"ReadAction\",\"target\":[\"https:\/\/modasabel.com\/en\/producto\/sudadera-tys-gamer-oversize\/\"]}]},{\"@type\":\"BreadcrumbList\",\"@id\":\"https:\/\/modasabel.com\/en\/producto\/sudadera-tys-gamer-oversize\/#breadcrumb\",\"itemListElement\":[{\"@type\":\"ListItem\",\"position\":1,\"name\":\"Inicio\",\"item\":\"https:\/\/modasabel.com\/en\/\"},{\"@type\":\"ListItem\",\"position\":2,\"name\":\"Tienda\",\"item\":\"https:\/\/modasabel.com\/tienda\/\"},{\"@type\":\"ListItem\",\"position\":3,\"name\":\"Sudadera TYS Gamer Oversize\"}]},{\"@type\":\"WebSite\",\"@id\":\"https:\/\/modasabel.com\/en\/#website\",\"url\":\"https:\/\/modasabel.com\/en\/\",\"name\":\"MODA SABEL\",\"description\":\"Marcas de ropa hombre y mujer\",\"potentialAction\":[{\"@type\":\"SearchAction\",\"target\":{\"@type\":\"EntryPoint\",\"urlTemplate\":\"https:\/\/modasabel.com\/en\/?s={search_term_string}\"},\"query-input\":\"required name=search_term_string\"}],\"inLanguage\":\"en-US\"}]}<\/script>\n<!-- \/ Yoast SEO plugin. -->","yoast_head_json":{"title":"Sudadera TYS Gamer Oversize - MODA SABEL","description":"La sudadera TYS Gamer Oversize es el complemento perfecto para quienes disfrutan del mundo gaming y buscan expresar su pasi\u00f3n con estilo.","robots":{"index":"index","follow":"follow","max-snippet":"max-snippet:-1","max-image-preview":"max-image-preview:large","max-video-preview":"max-video-preview:-1"},"canonical":"https:\/\/modasabel.com\/en\/producto\/sudadera-tys-gamer-oversize\/","og_locale":"en_US","og_type":"article","og_title":"Sudadera TYS Gamer Oversize - MODA SABEL","og_description":"La sudadera TYS Gamer Oversize es el complemento perfecto para quienes disfrutan del mundo gaming y buscan expresar su pasi\u00f3n con estilo.","og_url":"https:\/\/modasabel.com\/en\/producto\/sudadera-tys-gamer-oversize\/","og_site_name":"MODA SABEL","og_image":[{"width":700,"height":800,"url":"https:\/\/modasabel.com\/wp-content\/uploads\/2025\/01\/cap-oversize-jugon-pack-8-und.jpg","type":"image\/jpeg"}],"twitter_card":"summary_large_image","twitter_misc":{"Est. reading time":"1 minute"},"schema":{"@context":"https:\/\/schema.org","@graph":[{"@type":"WebPage","@id":"https:\/\/modasabel.com\/en\/producto\/sudadera-tys-gamer-oversize\/","url":"https:\/\/modasabel.com\/en\/producto\/sudadera-tys-gamer-oversize\/","name":"Sudadera TYS Gamer Oversize - MODA SABEL","isPartOf":{"@id":"https:\/\/modasabel.com\/en\/#website"},"datePublished":"2025-01-27T17:08:07+00:00","dateModified":"2025-01-27T17:08:07+00:00","description":"La sudadera TYS Gamer Oversize es el complemento perfecto para quienes disfrutan del mundo gaming y buscan expresar su pasi\u00f3n con estilo.","breadcrumb":{"@id":"https:\/\/modasabel.com\/en\/producto\/sudadera-tys-gamer-oversize\/#breadcrumb"},"inLanguage":"en-US","potentialAction":[{"@type":"ReadAction","target":["https:\/\/modasabel.com\/en\/producto\/sudadera-tys-gamer-oversize\/"]}]},{"@type":"BreadcrumbList","@id":"https:\/\/modasabel.com\/en\/producto\/sudadera-tys-gamer-oversize\/#breadcrumb","itemListElement":[{"@type":"ListItem","position":1,"name":"Inicio","item":"https:\/\/modasabel.com\/en\/"},{"@type":"ListItem","position":2,"name":"Tienda","item":"https:\/\/modasabel.com\/tienda\/"},{"@type":"ListItem","position":3,"name":"Sudadera TYS Gamer Oversize"}]},{"@type":"WebSite","@id":"https:\/\/modasabel.com\/en\/#website","url":"https:\/\/modasabel.com\/en\/","name":"MODA SABEL","description":"Marcas de ropa hombre y mujer","potentialAction":[{"@type":"SearchAction","target":{"@type":"EntryPoint","urlTemplate":"https:\/\/modasabel.com\/en\/?s={search_term_string}"},"query-input":"required name=search_term_string"}],"inLanguage":"en-US"}]}},"_links":{"self":[{"href":"https:\/\/modasabel.com\/en\/wp-json\/wp\/v2\/product\/6429","targetHints":{"allow":["GET"]}}],"collection":[{"href":"https:\/\/modasabel.com\/en\/wp-json\/wp\/v2\/product"}],"about":[{"href":"https:\/\/modasabel.com\/en\/wp-json\/wp\/v2\/types\/product"}],"replies":[{"embeddable":true,"href":"https:\/\/modasabel.com\/en\/wp-json\/wp\/v2\/comments?post=6429"}],"wp:featuredmedia":[{"embeddable":true,"href":"https:\/\/modasabel.com\/en\/wp-json\/wp\/v2\/media\/6435"}],"wp:attachment":[{"href":"https:\/\/modasabel.com\/en\/wp-json\/wp\/v2\/media?parent=6429"}],"wp:term":[{"taxonomy":"marca-hombre","embeddable":true,"href":"https:\/\/modasabel.com\/en\/wp-json\/wp\/v2\/marca-hombre?post=6429"},{"taxonomy":"marca-interior-hombre","embeddable":true,"href":"https:\/\/modasabel.com\/en\/wp-json\/wp\/v2\/marca-interior-hombre?post=6429"},{"taxonomy":"marca-interior-mujer","embeddable":true,"href":"https:\/\/modasabel.com\/en\/wp-json\/wp\/v2\/marca-interior-mujer?post=6429"},{"taxonomy":"marca-mujer","embeddable":true,"href":"https:\/\/modasabel.com\/en\/wp-json\/wp\/v2\/marca-mujer?post=6429"},{"taxonomy":"product_brand","embeddable":true,"href":"https:\/\/modasabel.com\/en\/wp-json\/wp\/v2\/product_brand?post=6429"},{"taxonomy":"product_cat","embeddable":true,"href":"https:\/\/modasabel.com\/en\/wp-json\/wp\/v2\/product_cat?post=6429"},{"taxonomy":"product_tag","embeddable":true,"href":"https:\/\/modasabel.com\/en\/wp-json\/wp\/v2\/product_tag?post=6429"}],"curies":[{"name":"wp","href":"https:\/\/api.w.org\/{rel}","templated":true}]}}