{"id":6257,"date":"2024-11-12T13:01:42","date_gmt":"2024-11-12T12:01:42","guid":{"rendered":"https:\/\/modasabel.com\/?post_type=product&#038;p=6257"},"modified":"2025-01-17T19:01:36","modified_gmt":"2025-01-17T18:01:36","slug":"pack-2-boxers-estampados-hombre-ysabel-mora-rojo-y-negro","status":"publish","type":"product","link":"https:\/\/modasabel.com\/en\/producto\/pack-2-boxers-estampados-hombre-ysabel-mora-rojo-y-negro\/","title":{"rendered":"Pack 2 B\u00f3xers Estampados Hombre Ysabel Mora (Rojo y Negro)"},"content":{"rendered":"<p>Este pack de 2 b\u00f3xers para hombre de la marca Ysabel Mora combina comodidad y estilo con divertidos estampados. Dise\u00f1ados en tonos rojo y negro, estos b\u00f3xers ofrecen un ajuste c\u00f3modo y son ideales para el uso diario.<\/p>\n","protected":false},"excerpt":{"rendered":"<p>Este pack de 2 b\u00f3xers para hombre de la marca Ysabel Mora combina comodidad y estilo con divertidos estampados. Dise\u00f1ados en tonos rojo y negro, estos b\u00f3xers ofrecen un ajuste c\u00f3modo y son ideales para el uso diario.<\/p>\n","protected":false},"featured_media":6261,"comment_status":"closed","ping_status":"closed","template":"","meta":{"_acf_changed":false,"site-sidebar-layout":"default","site-content-layout":"","ast-site-content-layout":"default","site-content-style":"default","site-sidebar-style":"default","ast-global-header-display":"","ast-banner-title-visibility":"","ast-main-header-display":"","ast-hfb-above-header-display":"","ast-hfb-below-header-display":"","ast-hfb-mobile-header-display":"","site-post-title":"","ast-breadcrumbs-content":"","ast-featured-img":"","footer-sml-layout":"","ast-disable-related-posts":"","theme-transparent-header-meta":"default","adv-header-id-meta":"","stick-header-meta":"","header-above-stick-meta":"","header-main-stick-meta":"","header-below-stick-meta":"","astra-migrate-meta-layouts":"set","ast-page-background-enabled":"default","ast-page-background-meta":{"desktop":{"background-color":"var(--ast-global-color-4)","background-image":"","background-repeat":"repeat","background-position":"center center","background-size":"auto","background-attachment":"scroll","background-type":"","background-media":"","overlay-type":"","overlay-color":"","overlay-opacity":"","overlay-gradient":""},"tablet":{"background-color":"","background-image":"","background-repeat":"repeat","background-position":"center center","background-size":"auto","background-attachment":"scroll","background-type":"","background-media":"","overlay-type":"","overlay-color":"","overlay-opacity":"","overlay-gradient":""},"mobile":{"background-color":"","background-image":"","background-repeat":"repeat","background-position":"center center","background-size":"auto","background-attachment":"scroll","background-type":"","background-media":"","overlay-type":"","overlay-color":"","overlay-opacity":"","overlay-gradient":""}},"ast-content-background-meta":{"desktop":{"background-color":"var(--ast-global-color-5)","background-image":"","background-repeat":"repeat","background-position":"center center","background-size":"auto","background-attachment":"scroll","background-type":"","background-media":"","overlay-type":"","overlay-color":"","overlay-opacity":"","overlay-gradient":""},"tablet":{"background-color":"var(--ast-global-color-5)","background-image":"","background-repeat":"repeat","background-position":"center center","background-size":"auto","background-attachment":"scroll","background-type":"","background-media":"","overlay-type":"","overlay-color":"","overlay-opacity":"","overlay-gradient":""},"mobile":{"background-color":"var(--ast-global-color-5)","background-image":"","background-repeat":"repeat","background-position":"center center","background-size":"auto","background-attachment":"scroll","background-type":"","background-media":"","overlay-type":"","overlay-color":"","overlay-opacity":"","overlay-gradient":""}}},"marca-hombre":[],"marca-interior-hombre":[228],"marca-interior-mujer":[],"marca-mujer":[],"product_brand":[],"product_cat":[64,56],"product_tag":[],"class_list":{"0":"post-6257","1":"product","2":"type-product","3":"status-publish","4":"has-post-thumbnail","6":"marca-interior-hombre-ysabel-mora","7":"product_cat-boxer-y-slips","8":"product_cat-moda-intima-hombre","9":"pa_tallaje-boxer-slip-48-m","10":"pa_tallaje-boxer-slip-52-l","11":"pa_tallaje-boxer-slip-56-xl","12":"desktop-align-left","13":"tablet-align-left","14":"mobile-align-left","16":"first","17":"instock","18":"taxable","19":"shipping-taxable","20":"purchasable","21":"product-type-variable"},"acf":[],"yoast_head":"<!-- This site is optimized with the Yoast SEO plugin v22.1 - https:\/\/yoast.com\/wordpress\/plugins\/seo\/ -->\n<title>Pack 2 B\u00f3xers Estampados Hombre Ysabel Mora (Rojo y Negro) - MODA SABEL<\/title>\n<meta name=\"description\" content=\"Este pack de 2 b\u00f3xers para hombre de la marca Ysabel Mora combina comodidad y estilo con divertidos estampados. Dise\u00f1ados en tonos rojo y negro\" \/>\n<meta name=\"robots\" content=\"index, follow, max-snippet:-1, max-image-preview:large, max-video-preview:-1\" \/>\n<link rel=\"canonical\" href=\"https:\/\/modasabel.com\/en\/producto\/pack-2-boxers-estampados-hombre-ysabel-mora-rojo-y-negro\/\" \/>\n<meta property=\"og:locale\" content=\"en_US\" \/>\n<meta property=\"og:type\" content=\"article\" \/>\n<meta property=\"og:title\" content=\"Pack 2 B\u00f3xers Estampados Hombre Ysabel Mora (Rojo y Negro) - MODA SABEL\" \/>\n<meta property=\"og:description\" content=\"Este pack de 2 b\u00f3xers para hombre de la marca Ysabel Mora combina comodidad y estilo con divertidos estampados. Dise\u00f1ados en tonos rojo y negro\" \/>\n<meta property=\"og:url\" content=\"https:\/\/modasabel.com\/en\/producto\/pack-2-boxers-estampados-hombre-ysabel-mora-rojo-y-negro\/\" \/>\n<meta property=\"og:site_name\" content=\"MODA SABEL\" \/>\n<meta property=\"article:modified_time\" content=\"2025-01-17T18:01:36+00:00\" \/>\n<meta property=\"og:image\" content=\"https:\/\/modasabel.com\/wp-content\/uploads\/2024\/11\/20365KIT-1-pack-boxer-hombre-ysabel-mora-multicolor.webp\" \/>\n\t<meta property=\"og:image:width\" content=\"500\" \/>\n\t<meta property=\"og:image:height\" content=\"750\" \/>\n\t<meta property=\"og:image:type\" content=\"image\/webp\" \/>\n<meta name=\"twitter:card\" content=\"summary_large_image\" \/>\n<meta name=\"twitter:label1\" content=\"Est. reading time\" \/>\n\t<meta name=\"twitter:data1\" content=\"1 minute\" \/>\n<script type=\"application\/ld+json\" class=\"yoast-schema-graph\">{\"@context\":\"https:\/\/schema.org\",\"@graph\":[{\"@type\":\"WebPage\",\"@id\":\"https:\/\/modasabel.com\/en\/producto\/pack-2-boxers-estampados-hombre-ysabel-mora-rojo-y-negro\/\",\"url\":\"https:\/\/modasabel.com\/en\/producto\/pack-2-boxers-estampados-hombre-ysabel-mora-rojo-y-negro\/\",\"name\":\"Pack 2 B\u00f3xers Estampados Hombre Ysabel Mora (Rojo y Negro) - MODA SABEL\",\"isPartOf\":{\"@id\":\"https:\/\/modasabel.com\/en\/#website\"},\"datePublished\":\"2024-11-12T12:01:42+00:00\",\"dateModified\":\"2025-01-17T18:01:36+00:00\",\"description\":\"Este pack de 2 b\u00f3xers para hombre de la marca Ysabel Mora combina comodidad y estilo con divertidos estampados. Dise\u00f1ados en tonos rojo y negro\",\"breadcrumb\":{\"@id\":\"https:\/\/modasabel.com\/en\/producto\/pack-2-boxers-estampados-hombre-ysabel-mora-rojo-y-negro\/#breadcrumb\"},\"inLanguage\":\"en-US\",\"potentialAction\":[{\"@type\":\"ReadAction\",\"target\":[\"https:\/\/modasabel.com\/en\/producto\/pack-2-boxers-estampados-hombre-ysabel-mora-rojo-y-negro\/\"]}]},{\"@type\":\"BreadcrumbList\",\"@id\":\"https:\/\/modasabel.com\/en\/producto\/pack-2-boxers-estampados-hombre-ysabel-mora-rojo-y-negro\/#breadcrumb\",\"itemListElement\":[{\"@type\":\"ListItem\",\"position\":1,\"name\":\"Inicio\",\"item\":\"https:\/\/modasabel.com\/en\/\"},{\"@type\":\"ListItem\",\"position\":2,\"name\":\"Tienda\",\"item\":\"https:\/\/modasabel.com\/tienda\/\"},{\"@type\":\"ListItem\",\"position\":3,\"name\":\"Pack 2 B\u00f3xers Estampados Hombre Ysabel Mora (Rojo y Negro)\"}]},{\"@type\":\"WebSite\",\"@id\":\"https:\/\/modasabel.com\/en\/#website\",\"url\":\"https:\/\/modasabel.com\/en\/\",\"name\":\"MODA SABEL\",\"description\":\"Marcas de ropa hombre y mujer\",\"potentialAction\":[{\"@type\":\"SearchAction\",\"target\":{\"@type\":\"EntryPoint\",\"urlTemplate\":\"https:\/\/modasabel.com\/en\/?s={search_term_string}\"},\"query-input\":\"required name=search_term_string\"}],\"inLanguage\":\"en-US\"}]}<\/script>\n<!-- \/ Yoast SEO plugin. -->","yoast_head_json":{"title":"Pack 2 B\u00f3xers Estampados Hombre Ysabel Mora (Rojo y Negro) - MODA SABEL","description":"Este pack de 2 b\u00f3xers para hombre de la marca Ysabel Mora combina comodidad y estilo con divertidos estampados. Dise\u00f1ados en tonos rojo y negro","robots":{"index":"index","follow":"follow","max-snippet":"max-snippet:-1","max-image-preview":"max-image-preview:large","max-video-preview":"max-video-preview:-1"},"canonical":"https:\/\/modasabel.com\/en\/producto\/pack-2-boxers-estampados-hombre-ysabel-mora-rojo-y-negro\/","og_locale":"en_US","og_type":"article","og_title":"Pack 2 B\u00f3xers Estampados Hombre Ysabel Mora (Rojo y Negro) - MODA SABEL","og_description":"Este pack de 2 b\u00f3xers para hombre de la marca Ysabel Mora combina comodidad y estilo con divertidos estampados. Dise\u00f1ados en tonos rojo y negro","og_url":"https:\/\/modasabel.com\/en\/producto\/pack-2-boxers-estampados-hombre-ysabel-mora-rojo-y-negro\/","og_site_name":"MODA SABEL","article_modified_time":"2025-01-17T18:01:36+00:00","og_image":[{"width":500,"height":750,"url":"https:\/\/modasabel.com\/wp-content\/uploads\/2024\/11\/20365KIT-1-pack-boxer-hombre-ysabel-mora-multicolor.webp","type":"image\/webp"}],"twitter_card":"summary_large_image","twitter_misc":{"Est. reading time":"1 minute"},"schema":{"@context":"https:\/\/schema.org","@graph":[{"@type":"WebPage","@id":"https:\/\/modasabel.com\/en\/producto\/pack-2-boxers-estampados-hombre-ysabel-mora-rojo-y-negro\/","url":"https:\/\/modasabel.com\/en\/producto\/pack-2-boxers-estampados-hombre-ysabel-mora-rojo-y-negro\/","name":"Pack 2 B\u00f3xers Estampados Hombre Ysabel Mora (Rojo y Negro) - MODA SABEL","isPartOf":{"@id":"https:\/\/modasabel.com\/en\/#website"},"datePublished":"2024-11-12T12:01:42+00:00","dateModified":"2025-01-17T18:01:36+00:00","description":"Este pack de 2 b\u00f3xers para hombre de la marca Ysabel Mora combina comodidad y estilo con divertidos estampados. Dise\u00f1ados en tonos rojo y negro","breadcrumb":{"@id":"https:\/\/modasabel.com\/en\/producto\/pack-2-boxers-estampados-hombre-ysabel-mora-rojo-y-negro\/#breadcrumb"},"inLanguage":"en-US","potentialAction":[{"@type":"ReadAction","target":["https:\/\/modasabel.com\/en\/producto\/pack-2-boxers-estampados-hombre-ysabel-mora-rojo-y-negro\/"]}]},{"@type":"BreadcrumbList","@id":"https:\/\/modasabel.com\/en\/producto\/pack-2-boxers-estampados-hombre-ysabel-mora-rojo-y-negro\/#breadcrumb","itemListElement":[{"@type":"ListItem","position":1,"name":"Inicio","item":"https:\/\/modasabel.com\/en\/"},{"@type":"ListItem","position":2,"name":"Tienda","item":"https:\/\/modasabel.com\/tienda\/"},{"@type":"ListItem","position":3,"name":"Pack 2 B\u00f3xers Estampados Hombre Ysabel Mora (Rojo y Negro)"}]},{"@type":"WebSite","@id":"https:\/\/modasabel.com\/en\/#website","url":"https:\/\/modasabel.com\/en\/","name":"MODA SABEL","description":"Marcas de ropa hombre y mujer","potentialAction":[{"@type":"SearchAction","target":{"@type":"EntryPoint","urlTemplate":"https:\/\/modasabel.com\/en\/?s={search_term_string}"},"query-input":"required name=search_term_string"}],"inLanguage":"en-US"}]}},"_links":{"self":[{"href":"https:\/\/modasabel.com\/en\/wp-json\/wp\/v2\/product\/6257","targetHints":{"allow":["GET"]}}],"collection":[{"href":"https:\/\/modasabel.com\/en\/wp-json\/wp\/v2\/product"}],"about":[{"href":"https:\/\/modasabel.com\/en\/wp-json\/wp\/v2\/types\/product"}],"replies":[{"embeddable":true,"href":"https:\/\/modasabel.com\/en\/wp-json\/wp\/v2\/comments?post=6257"}],"wp:featuredmedia":[{"embeddable":true,"href":"https:\/\/modasabel.com\/en\/wp-json\/wp\/v2\/media\/6261"}],"wp:attachment":[{"href":"https:\/\/modasabel.com\/en\/wp-json\/wp\/v2\/media?parent=6257"}],"wp:term":[{"taxonomy":"marca-hombre","embeddable":true,"href":"https:\/\/modasabel.com\/en\/wp-json\/wp\/v2\/marca-hombre?post=6257"},{"taxonomy":"marca-interior-hombre","embeddable":true,"href":"https:\/\/modasabel.com\/en\/wp-json\/wp\/v2\/marca-interior-hombre?post=6257"},{"taxonomy":"marca-interior-mujer","embeddable":true,"href":"https:\/\/modasabel.com\/en\/wp-json\/wp\/v2\/marca-interior-mujer?post=6257"},{"taxonomy":"marca-mujer","embeddable":true,"href":"https:\/\/modasabel.com\/en\/wp-json\/wp\/v2\/marca-mujer?post=6257"},{"taxonomy":"product_brand","embeddable":true,"href":"https:\/\/modasabel.com\/en\/wp-json\/wp\/v2\/product_brand?post=6257"},{"taxonomy":"product_cat","embeddable":true,"href":"https:\/\/modasabel.com\/en\/wp-json\/wp\/v2\/product_cat?post=6257"},{"taxonomy":"product_tag","embeddable":true,"href":"https:\/\/modasabel.com\/en\/wp-json\/wp\/v2\/product_tag?post=6257"}],"curies":[{"name":"wp","href":"https:\/\/api.w.org\/{rel}","templated":true}]}}