{"id":6168,"date":"2024-11-12T10:54:16","date_gmt":"2024-11-12T09:54:16","guid":{"rendered":"https:\/\/modasabel.com\/?post_type=product&#038;p=6168"},"modified":"2026-01-27T17:14:10","modified_gmt":"2026-01-27T16:14:10","slug":"camiseta-termica-con-encaje-para-mujer-marca-ysabel-mora","status":"publish","type":"product","link":"https:\/\/modasabel.com\/en\/producto\/camiseta-termica-con-encaje-para-mujer-marca-ysabel-mora\/","title":{"rendered":"Camiseta T\u00e9rmica con Encaje para Mujer &#8211; Marca Ysabel Mora"},"content":{"rendered":"<p><span>Mantente abrigada sin renunciar al estilo con esta camiseta t\u00e9rmica para mujer de la marca Ysabel Mora. Dise\u00f1ada en color negro y con detalles de encaje en el escote y los hombros, combina elegancia y funcionalidad en una sola prenda. Su tejido t\u00e9rmico de alta calidad retiene el calor corporal, proporcionando confort en los d\u00edas m\u00e1s fr\u00edos. Ideal para usar como capa base o como prenda exterior en looks casuales. Una prenda esencial para quienes buscan estilo y calidez.<\/span><\/p>\n<p><strong><span>Caracter\u00edsticas clave:<\/span><\/strong><\/p>\n<ul>\n<li><span>Camiseta t\u00e9rmica para mujer en color negro<\/span><\/li>\n<li><span>Marca: Ysabel Mora<\/span><\/li>\n<li><span>Detalles de encaje en el escote y los hombros.<\/span><\/li>\n<li><span>Tejido t\u00e9rmico que retiene el calor corporal.<\/span><\/li>\n<li><span>Perfecta para el invierno o climas fr\u00edos.<\/span><\/li>\n<\/ul>\n","protected":false},"excerpt":{"rendered":"<p>Mantente abrigada sin renunciar al estilo con esta camiseta t\u00e9rmica para mujer de la marca Ysabel Mora. Dise\u00f1ada en color negro y con detalles de encaje en el escote y los hombros, combina elegancia y funcionalidad en una sola prenda. Su tejido t\u00e9rmico de alta calidad retiene el calor corporal, proporcionando confort en los d\u00edas [&hellip;]<\/p>\n","protected":false},"featured_media":6172,"comment_status":"closed","ping_status":"closed","template":"","meta":{"_acf_changed":false,"site-sidebar-layout":"default","site-content-layout":"","ast-site-content-layout":"default","site-content-style":"default","site-sidebar-style":"default","ast-global-header-display":"","ast-banner-title-visibility":"","ast-main-header-display":"","ast-hfb-above-header-display":"","ast-hfb-below-header-display":"","ast-hfb-mobile-header-display":"","site-post-title":"","ast-breadcrumbs-content":"","ast-featured-img":"","footer-sml-layout":"","ast-disable-related-posts":"","theme-transparent-header-meta":"default","adv-header-id-meta":"","stick-header-meta":"","header-above-stick-meta":"","header-main-stick-meta":"","header-below-stick-meta":"","astra-migrate-meta-layouts":"set","ast-page-background-enabled":"default","ast-page-background-meta":{"desktop":{"background-color":"var(--ast-global-color-4)","background-image":"","background-repeat":"repeat","background-position":"center center","background-size":"auto","background-attachment":"scroll","background-type":"","background-media":"","overlay-type":"","overlay-color":"","overlay-opacity":"","overlay-gradient":""},"tablet":{"background-color":"","background-image":"","background-repeat":"repeat","background-position":"center center","background-size":"auto","background-attachment":"scroll","background-type":"","background-media":"","overlay-type":"","overlay-color":"","overlay-opacity":"","overlay-gradient":""},"mobile":{"background-color":"","background-image":"","background-repeat":"repeat","background-position":"center center","background-size":"auto","background-attachment":"scroll","background-type":"","background-media":"","overlay-type":"","overlay-color":"","overlay-opacity":"","overlay-gradient":""}},"ast-content-background-meta":{"desktop":{"background-color":"var(--ast-global-color-5)","background-image":"","background-repeat":"repeat","background-position":"center center","background-size":"auto","background-attachment":"scroll","background-type":"","background-media":"","overlay-type":"","overlay-color":"","overlay-opacity":"","overlay-gradient":""},"tablet":{"background-color":"var(--ast-global-color-5)","background-image":"","background-repeat":"repeat","background-position":"center center","background-size":"auto","background-attachment":"scroll","background-type":"","background-media":"","overlay-type":"","overlay-color":"","overlay-opacity":"","overlay-gradient":""},"mobile":{"background-color":"var(--ast-global-color-5)","background-image":"","background-repeat":"repeat","background-position":"center center","background-size":"auto","background-attachment":"scroll","background-type":"","background-media":"","overlay-type":"","overlay-color":"","overlay-opacity":"","overlay-gradient":""}}},"marca-hombre":[],"marca-interior-hombre":[],"marca-interior-mujer":[222],"marca-mujer":[],"product_brand":[],"product_cat":[60,55],"product_tag":[],"class_list":{"0":"post-6168","1":"product","2":"type-product","3":"status-publish","4":"has-post-thumbnail","6":"marca-interior-mujer-ysabel-mora","7":"product_cat-camisetas-interior","8":"product_cat-moda-intima-mujer","9":"pa_tallas-camisetas-l","10":"pa_tallas-camisetas-m","11":"pa_tallas-camisetas-s","12":"desktop-align-left","13":"tablet-align-left","14":"mobile-align-left","16":"first","17":"instock","18":"taxable","19":"shipping-taxable","20":"purchasable","21":"product-type-variable"},"acf":[],"yoast_head":"<!-- This site is optimized with the Yoast SEO plugin v22.1 - https:\/\/yoast.com\/wordpress\/plugins\/seo\/ -->\n<title>Camiseta T\u00e9rmica con Encaje para Mujer - Marca Ysabel Mora - MODA SABEL<\/title>\n<meta name=\"description\" content=\"Mantente abrigada sin renunciar al estilo con esta camiseta t\u00e9rmica para mujer de la marca Ysabel Mora. Dise\u00f1ada en color negro y con detalles de encaje\" \/>\n<meta name=\"robots\" content=\"index, follow, max-snippet:-1, max-image-preview:large, max-video-preview:-1\" \/>\n<link rel=\"canonical\" href=\"https:\/\/modasabel.com\/en\/producto\/camiseta-termica-con-encaje-para-mujer-marca-ysabel-mora\/\" \/>\n<meta property=\"og:locale\" content=\"en_US\" \/>\n<meta property=\"og:type\" content=\"article\" \/>\n<meta property=\"og:title\" content=\"Camiseta T\u00e9rmica con Encaje para Mujer - Marca Ysabel Mora - MODA SABEL\" \/>\n<meta property=\"og:description\" content=\"Mantente abrigada sin renunciar al estilo con esta camiseta t\u00e9rmica para mujer de la marca Ysabel Mora. Dise\u00f1ada en color negro y con detalles de encaje\" \/>\n<meta property=\"og:url\" content=\"https:\/\/modasabel.com\/en\/producto\/camiseta-termica-con-encaje-para-mujer-marca-ysabel-mora\/\" \/>\n<meta property=\"og:site_name\" content=\"MODA SABEL\" \/>\n<meta property=\"article:modified_time\" content=\"2026-01-27T16:14:10+00:00\" \/>\n<meta property=\"og:image\" content=\"https:\/\/modasabel.com\/wp-content\/uploads\/2024\/11\/70019-7-camiseta-termica-mujer-ysabel-mora-negro.webp\" \/>\n\t<meta property=\"og:image:width\" content=\"500\" \/>\n\t<meta property=\"og:image:height\" content=\"750\" \/>\n\t<meta property=\"og:image:type\" content=\"image\/webp\" \/>\n<meta name=\"twitter:card\" content=\"summary_large_image\" \/>\n<meta name=\"twitter:label1\" content=\"Est. reading time\" \/>\n\t<meta name=\"twitter:data1\" content=\"1 minute\" \/>\n<script type=\"application\/ld+json\" class=\"yoast-schema-graph\">{\"@context\":\"https:\/\/schema.org\",\"@graph\":[{\"@type\":\"WebPage\",\"@id\":\"https:\/\/modasabel.com\/en\/producto\/camiseta-termica-con-encaje-para-mujer-marca-ysabel-mora\/\",\"url\":\"https:\/\/modasabel.com\/en\/producto\/camiseta-termica-con-encaje-para-mujer-marca-ysabel-mora\/\",\"name\":\"Camiseta T\u00e9rmica con Encaje para Mujer - Marca Ysabel Mora - MODA SABEL\",\"isPartOf\":{\"@id\":\"https:\/\/modasabel.com\/en\/#website\"},\"datePublished\":\"2024-11-12T09:54:16+00:00\",\"dateModified\":\"2026-01-27T16:14:10+00:00\",\"description\":\"Mantente abrigada sin renunciar al estilo con esta camiseta t\u00e9rmica para mujer de la marca Ysabel Mora. Dise\u00f1ada en color negro y con detalles de encaje\",\"breadcrumb\":{\"@id\":\"https:\/\/modasabel.com\/en\/producto\/camiseta-termica-con-encaje-para-mujer-marca-ysabel-mora\/#breadcrumb\"},\"inLanguage\":\"en-US\",\"potentialAction\":[{\"@type\":\"ReadAction\",\"target\":[\"https:\/\/modasabel.com\/en\/producto\/camiseta-termica-con-encaje-para-mujer-marca-ysabel-mora\/\"]}]},{\"@type\":\"BreadcrumbList\",\"@id\":\"https:\/\/modasabel.com\/en\/producto\/camiseta-termica-con-encaje-para-mujer-marca-ysabel-mora\/#breadcrumb\",\"itemListElement\":[{\"@type\":\"ListItem\",\"position\":1,\"name\":\"Inicio\",\"item\":\"https:\/\/modasabel.com\/en\/\"},{\"@type\":\"ListItem\",\"position\":2,\"name\":\"Tienda\",\"item\":\"https:\/\/modasabel.com\/tienda\/\"},{\"@type\":\"ListItem\",\"position\":3,\"name\":\"Camiseta T\u00e9rmica con Encaje para Mujer &#8211; Marca Ysabel Mora\"}]},{\"@type\":\"WebSite\",\"@id\":\"https:\/\/modasabel.com\/en\/#website\",\"url\":\"https:\/\/modasabel.com\/en\/\",\"name\":\"MODA SABEL\",\"description\":\"Marcas de ropa hombre y mujer\",\"potentialAction\":[{\"@type\":\"SearchAction\",\"target\":{\"@type\":\"EntryPoint\",\"urlTemplate\":\"https:\/\/modasabel.com\/en\/?s={search_term_string}\"},\"query-input\":\"required name=search_term_string\"}],\"inLanguage\":\"en-US\"}]}<\/script>\n<!-- \/ Yoast SEO plugin. -->","yoast_head_json":{"title":"Camiseta T\u00e9rmica con Encaje para Mujer - Marca Ysabel Mora - MODA SABEL","description":"Mantente abrigada sin renunciar al estilo con esta camiseta t\u00e9rmica para mujer de la marca Ysabel Mora. Dise\u00f1ada en color negro y con detalles de encaje","robots":{"index":"index","follow":"follow","max-snippet":"max-snippet:-1","max-image-preview":"max-image-preview:large","max-video-preview":"max-video-preview:-1"},"canonical":"https:\/\/modasabel.com\/en\/producto\/camiseta-termica-con-encaje-para-mujer-marca-ysabel-mora\/","og_locale":"en_US","og_type":"article","og_title":"Camiseta T\u00e9rmica con Encaje para Mujer - Marca Ysabel Mora - MODA SABEL","og_description":"Mantente abrigada sin renunciar al estilo con esta camiseta t\u00e9rmica para mujer de la marca Ysabel Mora. Dise\u00f1ada en color negro y con detalles de encaje","og_url":"https:\/\/modasabel.com\/en\/producto\/camiseta-termica-con-encaje-para-mujer-marca-ysabel-mora\/","og_site_name":"MODA SABEL","article_modified_time":"2026-01-27T16:14:10+00:00","og_image":[{"width":500,"height":750,"url":"https:\/\/modasabel.com\/wp-content\/uploads\/2024\/11\/70019-7-camiseta-termica-mujer-ysabel-mora-negro.webp","type":"image\/webp"}],"twitter_card":"summary_large_image","twitter_misc":{"Est. reading time":"1 minute"},"schema":{"@context":"https:\/\/schema.org","@graph":[{"@type":"WebPage","@id":"https:\/\/modasabel.com\/en\/producto\/camiseta-termica-con-encaje-para-mujer-marca-ysabel-mora\/","url":"https:\/\/modasabel.com\/en\/producto\/camiseta-termica-con-encaje-para-mujer-marca-ysabel-mora\/","name":"Camiseta T\u00e9rmica con Encaje para Mujer - Marca Ysabel Mora - MODA SABEL","isPartOf":{"@id":"https:\/\/modasabel.com\/en\/#website"},"datePublished":"2024-11-12T09:54:16+00:00","dateModified":"2026-01-27T16:14:10+00:00","description":"Mantente abrigada sin renunciar al estilo con esta camiseta t\u00e9rmica para mujer de la marca Ysabel Mora. Dise\u00f1ada en color negro y con detalles de encaje","breadcrumb":{"@id":"https:\/\/modasabel.com\/en\/producto\/camiseta-termica-con-encaje-para-mujer-marca-ysabel-mora\/#breadcrumb"},"inLanguage":"en-US","potentialAction":[{"@type":"ReadAction","target":["https:\/\/modasabel.com\/en\/producto\/camiseta-termica-con-encaje-para-mujer-marca-ysabel-mora\/"]}]},{"@type":"BreadcrumbList","@id":"https:\/\/modasabel.com\/en\/producto\/camiseta-termica-con-encaje-para-mujer-marca-ysabel-mora\/#breadcrumb","itemListElement":[{"@type":"ListItem","position":1,"name":"Inicio","item":"https:\/\/modasabel.com\/en\/"},{"@type":"ListItem","position":2,"name":"Tienda","item":"https:\/\/modasabel.com\/tienda\/"},{"@type":"ListItem","position":3,"name":"Camiseta T\u00e9rmica con Encaje para Mujer &#8211; Marca Ysabel Mora"}]},{"@type":"WebSite","@id":"https:\/\/modasabel.com\/en\/#website","url":"https:\/\/modasabel.com\/en\/","name":"MODA SABEL","description":"Marcas de ropa hombre y mujer","potentialAction":[{"@type":"SearchAction","target":{"@type":"EntryPoint","urlTemplate":"https:\/\/modasabel.com\/en\/?s={search_term_string}"},"query-input":"required name=search_term_string"}],"inLanguage":"en-US"}]}},"_links":{"self":[{"href":"https:\/\/modasabel.com\/en\/wp-json\/wp\/v2\/product\/6168","targetHints":{"allow":["GET"]}}],"collection":[{"href":"https:\/\/modasabel.com\/en\/wp-json\/wp\/v2\/product"}],"about":[{"href":"https:\/\/modasabel.com\/en\/wp-json\/wp\/v2\/types\/product"}],"replies":[{"embeddable":true,"href":"https:\/\/modasabel.com\/en\/wp-json\/wp\/v2\/comments?post=6168"}],"wp:featuredmedia":[{"embeddable":true,"href":"https:\/\/modasabel.com\/en\/wp-json\/wp\/v2\/media\/6172"}],"wp:attachment":[{"href":"https:\/\/modasabel.com\/en\/wp-json\/wp\/v2\/media?parent=6168"}],"wp:term":[{"taxonomy":"marca-hombre","embeddable":true,"href":"https:\/\/modasabel.com\/en\/wp-json\/wp\/v2\/marca-hombre?post=6168"},{"taxonomy":"marca-interior-hombre","embeddable":true,"href":"https:\/\/modasabel.com\/en\/wp-json\/wp\/v2\/marca-interior-hombre?post=6168"},{"taxonomy":"marca-interior-mujer","embeddable":true,"href":"https:\/\/modasabel.com\/en\/wp-json\/wp\/v2\/marca-interior-mujer?post=6168"},{"taxonomy":"marca-mujer","embeddable":true,"href":"https:\/\/modasabel.com\/en\/wp-json\/wp\/v2\/marca-mujer?post=6168"},{"taxonomy":"product_brand","embeddable":true,"href":"https:\/\/modasabel.com\/en\/wp-json\/wp\/v2\/product_brand?post=6168"},{"taxonomy":"product_cat","embeddable":true,"href":"https:\/\/modasabel.com\/en\/wp-json\/wp\/v2\/product_cat?post=6168"},{"taxonomy":"product_tag","embeddable":true,"href":"https:\/\/modasabel.com\/en\/wp-json\/wp\/v2\/product_tag?post=6168"}],"curies":[{"name":"wp","href":"https:\/\/api.w.org\/{rel}","templated":true}]}}