{"id":4624,"date":"2024-08-09T18:08:15","date_gmt":"2024-08-09T16:08:15","guid":{"rendered":"https:\/\/modasabel.com\/?post_type=product&#038;p=4624"},"modified":"2024-10-10T17:40:32","modified_gmt":"2024-10-10T15:40:32","slug":"culotte-antirroce-corte-laser-algodon-ysabel-mora","status":"publish","type":"product","link":"https:\/\/modasabel.com\/en\/producto\/culotte-antirroce-corte-laser-algodon-ysabel-mora\/","title":{"rendered":"Culotte Antirroce Corte Laser ALgod\u00f3n Ysabel Mora"},"content":{"rendered":"<p><b>Sabemos que enfrentar el d\u00eda a d\u00eda no siempre es una pasarela, \u00a1pero eso no significa que no puedas sentirte genial mientras lo haces! Aqu\u00ed viene tu nuevo compa\u00f1ero infalible: nuestro culotte antirroce l\u00e1ser de algod\u00f3n Ysabel MOra<\/b><\/p>\n<p><b>Composici\u00f3n:\u00a0<\/b>80% Algod\u00f3n, 20% Elastano<\/p>\n","protected":false},"excerpt":{"rendered":"<p>Sabemos que enfrentar el d\u00eda a d\u00eda no siempre es una pasarela, \u00a1pero eso no significa que no puedas sentirte genial mientras lo haces! Aqu\u00ed viene tu nuevo compa\u00f1ero infalible: nuestro culotte antirroce l\u00e1ser de algod\u00f3n Ysabel MOra Composici\u00f3n:\u00a080% Algod\u00f3n, 20% Elastano<\/p>\n","protected":false},"featured_media":4629,"comment_status":"closed","ping_status":"closed","template":"","meta":{"_acf_changed":false,"site-sidebar-layout":"default","site-content-layout":"","ast-site-content-layout":"default","site-content-style":"default","site-sidebar-style":"default","ast-global-header-display":"","ast-banner-title-visibility":"","ast-main-header-display":"","ast-hfb-above-header-display":"","ast-hfb-below-header-display":"","ast-hfb-mobile-header-display":"","site-post-title":"","ast-breadcrumbs-content":"","ast-featured-img":"","footer-sml-layout":"","ast-disable-related-posts":"","theme-transparent-header-meta":"default","adv-header-id-meta":"","stick-header-meta":"","header-above-stick-meta":"","header-main-stick-meta":"","header-below-stick-meta":"","astra-migrate-meta-layouts":"set","ast-page-background-enabled":"default","ast-page-background-meta":{"desktop":{"background-color":"var(--ast-global-color-4)","background-image":"","background-repeat":"repeat","background-position":"center center","background-size":"auto","background-attachment":"scroll","background-type":"","background-media":"","overlay-type":"","overlay-color":"","overlay-opacity":"","overlay-gradient":""},"tablet":{"background-color":"","background-image":"","background-repeat":"repeat","background-position":"center center","background-size":"auto","background-attachment":"scroll","background-type":"","background-media":"","overlay-type":"","overlay-color":"","overlay-opacity":"","overlay-gradient":""},"mobile":{"background-color":"","background-image":"","background-repeat":"repeat","background-position":"center center","background-size":"auto","background-attachment":"scroll","background-type":"","background-media":"","overlay-type":"","overlay-color":"","overlay-opacity":"","overlay-gradient":""}},"ast-content-background-meta":{"desktop":{"background-color":"var(--ast-global-color-5)","background-image":"","background-repeat":"repeat","background-position":"center center","background-size":"auto","background-attachment":"scroll","background-type":"","background-media":"","overlay-type":"","overlay-color":"","overlay-opacity":"","overlay-gradient":""},"tablet":{"background-color":"var(--ast-global-color-5)","background-image":"","background-repeat":"repeat","background-position":"center center","background-size":"auto","background-attachment":"scroll","background-type":"","background-media":"","overlay-type":"","overlay-color":"","overlay-opacity":"","overlay-gradient":""},"mobile":{"background-color":"var(--ast-global-color-5)","background-image":"","background-repeat":"repeat","background-position":"center center","background-size":"auto","background-attachment":"scroll","background-type":"","background-media":"","overlay-type":"","overlay-color":"","overlay-opacity":"","overlay-gradient":""}}},"marca-hombre":[],"marca-interior-hombre":[],"marca-interior-mujer":[222],"marca-mujer":[],"product_brand":[],"product_cat":[16,58,55],"product_tag":[],"class_list":{"0":"post-4624","1":"product","2":"type-product","3":"status-publish","4":"has-post-thumbnail","6":"marca-interior-mujer-ysabel-mora","7":"product_cat-sin-categorizar","8":"product_cat-bragas-y-tangas","9":"product_cat-moda-intima-mujer","10":"pa_tallas-camisetas-l","11":"pa_tallas-camisetas-m","12":"pa_tallas-camisetas-s","13":"pa_tallas-camisetas-xl","14":"desktop-align-left","15":"tablet-align-left","16":"mobile-align-left","18":"first","19":"instock","20":"taxable","21":"shipping-taxable","22":"purchasable","23":"product-type-variable"},"acf":[],"yoast_head":"<!-- This site is optimized with the Yoast SEO plugin v22.1 - https:\/\/yoast.com\/wordpress\/plugins\/seo\/ -->\n<title>Culotte Antirroce Corte Laser ALgod\u00f3n Ysabel Mora - MODA SABEL<\/title>\n<meta name=\"description\" content=\"Aqu\u00ed viene tu nuevo compa\u00f1ero infalible: nuestro culotte antirroce l\u00e1ser de algod\u00f3n Ysabel MOra\" \/>\n<meta name=\"robots\" content=\"index, follow, max-snippet:-1, max-image-preview:large, max-video-preview:-1\" \/>\n<link rel=\"canonical\" href=\"https:\/\/modasabel.com\/en\/producto\/culotte-antirroce-corte-laser-algodon-ysabel-mora\/\" \/>\n<meta property=\"og:locale\" content=\"en_US\" \/>\n<meta property=\"og:type\" content=\"article\" \/>\n<meta property=\"og:title\" content=\"Culotte Antirroce Corte Laser ALgod\u00f3n Ysabel Mora - MODA SABEL\" \/>\n<meta property=\"og:description\" content=\"Aqu\u00ed viene tu nuevo compa\u00f1ero infalible: nuestro culotte antirroce l\u00e1ser de algod\u00f3n Ysabel MOra\" \/>\n<meta property=\"og:url\" content=\"https:\/\/modasabel.com\/en\/producto\/culotte-antirroce-corte-laser-algodon-ysabel-mora\/\" \/>\n<meta property=\"og:site_name\" content=\"MODA SABEL\" \/>\n<meta property=\"article:modified_time\" content=\"2024-10-10T15:40:32+00:00\" \/>\n<meta property=\"og:image\" content=\"https:\/\/modasabel.com\/wp-content\/uploads\/2024\/08\/19665-1-culotte-antirroce-laser-mujer-ysabel-mora-nude_600x.webp\" \/>\n\t<meta property=\"og:image:width\" content=\"600\" \/>\n\t<meta property=\"og:image:height\" content=\"900\" \/>\n\t<meta property=\"og:image:type\" content=\"image\/webp\" \/>\n<meta name=\"twitter:card\" content=\"summary_large_image\" \/>\n<meta name=\"twitter:label1\" content=\"Est. reading time\" \/>\n\t<meta name=\"twitter:data1\" content=\"1 minute\" \/>\n<script type=\"application\/ld+json\" class=\"yoast-schema-graph\">{\"@context\":\"https:\/\/schema.org\",\"@graph\":[{\"@type\":\"WebPage\",\"@id\":\"https:\/\/modasabel.com\/en\/producto\/culotte-antirroce-corte-laser-algodon-ysabel-mora\/\",\"url\":\"https:\/\/modasabel.com\/en\/producto\/culotte-antirroce-corte-laser-algodon-ysabel-mora\/\",\"name\":\"Culotte Antirroce Corte Laser ALgod\u00f3n Ysabel Mora - MODA SABEL\",\"isPartOf\":{\"@id\":\"https:\/\/modasabel.com\/en\/#website\"},\"datePublished\":\"2024-08-09T16:08:15+00:00\",\"dateModified\":\"2024-10-10T15:40:32+00:00\",\"description\":\"Aqu\u00ed viene tu nuevo compa\u00f1ero infalible: nuestro culotte antirroce l\u00e1ser de algod\u00f3n Ysabel MOra\",\"breadcrumb\":{\"@id\":\"https:\/\/modasabel.com\/en\/producto\/culotte-antirroce-corte-laser-algodon-ysabel-mora\/#breadcrumb\"},\"inLanguage\":\"en-US\",\"potentialAction\":[{\"@type\":\"ReadAction\",\"target\":[\"https:\/\/modasabel.com\/en\/producto\/culotte-antirroce-corte-laser-algodon-ysabel-mora\/\"]}]},{\"@type\":\"BreadcrumbList\",\"@id\":\"https:\/\/modasabel.com\/en\/producto\/culotte-antirroce-corte-laser-algodon-ysabel-mora\/#breadcrumb\",\"itemListElement\":[{\"@type\":\"ListItem\",\"position\":1,\"name\":\"Inicio\",\"item\":\"https:\/\/modasabel.com\/en\/\"},{\"@type\":\"ListItem\",\"position\":2,\"name\":\"Tienda\",\"item\":\"https:\/\/modasabel.com\/tienda\/\"},{\"@type\":\"ListItem\",\"position\":3,\"name\":\"Culotte Antirroce Corte Laser ALgod\u00f3n Ysabel Mora\"}]},{\"@type\":\"WebSite\",\"@id\":\"https:\/\/modasabel.com\/en\/#website\",\"url\":\"https:\/\/modasabel.com\/en\/\",\"name\":\"MODA SABEL\",\"description\":\"Marcas de ropa hombre y mujer\",\"potentialAction\":[{\"@type\":\"SearchAction\",\"target\":{\"@type\":\"EntryPoint\",\"urlTemplate\":\"https:\/\/modasabel.com\/en\/?s={search_term_string}\"},\"query-input\":\"required name=search_term_string\"}],\"inLanguage\":\"en-US\"}]}<\/script>\n<!-- \/ Yoast SEO plugin. -->","yoast_head_json":{"title":"Culotte Antirroce Corte Laser ALgod\u00f3n Ysabel Mora - MODA SABEL","description":"Aqu\u00ed viene tu nuevo compa\u00f1ero infalible: nuestro culotte antirroce l\u00e1ser de algod\u00f3n Ysabel MOra","robots":{"index":"index","follow":"follow","max-snippet":"max-snippet:-1","max-image-preview":"max-image-preview:large","max-video-preview":"max-video-preview:-1"},"canonical":"https:\/\/modasabel.com\/en\/producto\/culotte-antirroce-corte-laser-algodon-ysabel-mora\/","og_locale":"en_US","og_type":"article","og_title":"Culotte Antirroce Corte Laser ALgod\u00f3n Ysabel Mora - MODA SABEL","og_description":"Aqu\u00ed viene tu nuevo compa\u00f1ero infalible: nuestro culotte antirroce l\u00e1ser de algod\u00f3n Ysabel MOra","og_url":"https:\/\/modasabel.com\/en\/producto\/culotte-antirroce-corte-laser-algodon-ysabel-mora\/","og_site_name":"MODA SABEL","article_modified_time":"2024-10-10T15:40:32+00:00","og_image":[{"width":600,"height":900,"url":"https:\/\/modasabel.com\/wp-content\/uploads\/2024\/08\/19665-1-culotte-antirroce-laser-mujer-ysabel-mora-nude_600x.webp","type":"image\/webp"}],"twitter_card":"summary_large_image","twitter_misc":{"Est. reading time":"1 minute"},"schema":{"@context":"https:\/\/schema.org","@graph":[{"@type":"WebPage","@id":"https:\/\/modasabel.com\/en\/producto\/culotte-antirroce-corte-laser-algodon-ysabel-mora\/","url":"https:\/\/modasabel.com\/en\/producto\/culotte-antirroce-corte-laser-algodon-ysabel-mora\/","name":"Culotte Antirroce Corte Laser ALgod\u00f3n Ysabel Mora - MODA SABEL","isPartOf":{"@id":"https:\/\/modasabel.com\/en\/#website"},"datePublished":"2024-08-09T16:08:15+00:00","dateModified":"2024-10-10T15:40:32+00:00","description":"Aqu\u00ed viene tu nuevo compa\u00f1ero infalible: nuestro culotte antirroce l\u00e1ser de algod\u00f3n Ysabel MOra","breadcrumb":{"@id":"https:\/\/modasabel.com\/en\/producto\/culotte-antirroce-corte-laser-algodon-ysabel-mora\/#breadcrumb"},"inLanguage":"en-US","potentialAction":[{"@type":"ReadAction","target":["https:\/\/modasabel.com\/en\/producto\/culotte-antirroce-corte-laser-algodon-ysabel-mora\/"]}]},{"@type":"BreadcrumbList","@id":"https:\/\/modasabel.com\/en\/producto\/culotte-antirroce-corte-laser-algodon-ysabel-mora\/#breadcrumb","itemListElement":[{"@type":"ListItem","position":1,"name":"Inicio","item":"https:\/\/modasabel.com\/en\/"},{"@type":"ListItem","position":2,"name":"Tienda","item":"https:\/\/modasabel.com\/tienda\/"},{"@type":"ListItem","position":3,"name":"Culotte Antirroce Corte Laser ALgod\u00f3n Ysabel Mora"}]},{"@type":"WebSite","@id":"https:\/\/modasabel.com\/en\/#website","url":"https:\/\/modasabel.com\/en\/","name":"MODA SABEL","description":"Marcas de ropa hombre y mujer","potentialAction":[{"@type":"SearchAction","target":{"@type":"EntryPoint","urlTemplate":"https:\/\/modasabel.com\/en\/?s={search_term_string}"},"query-input":"required name=search_term_string"}],"inLanguage":"en-US"}]}},"_links":{"self":[{"href":"https:\/\/modasabel.com\/en\/wp-json\/wp\/v2\/product\/4624","targetHints":{"allow":["GET"]}}],"collection":[{"href":"https:\/\/modasabel.com\/en\/wp-json\/wp\/v2\/product"}],"about":[{"href":"https:\/\/modasabel.com\/en\/wp-json\/wp\/v2\/types\/product"}],"replies":[{"embeddable":true,"href":"https:\/\/modasabel.com\/en\/wp-json\/wp\/v2\/comments?post=4624"}],"wp:featuredmedia":[{"embeddable":true,"href":"https:\/\/modasabel.com\/en\/wp-json\/wp\/v2\/media\/4629"}],"wp:attachment":[{"href":"https:\/\/modasabel.com\/en\/wp-json\/wp\/v2\/media?parent=4624"}],"wp:term":[{"taxonomy":"marca-hombre","embeddable":true,"href":"https:\/\/modasabel.com\/en\/wp-json\/wp\/v2\/marca-hombre?post=4624"},{"taxonomy":"marca-interior-hombre","embeddable":true,"href":"https:\/\/modasabel.com\/en\/wp-json\/wp\/v2\/marca-interior-hombre?post=4624"},{"taxonomy":"marca-interior-mujer","embeddable":true,"href":"https:\/\/modasabel.com\/en\/wp-json\/wp\/v2\/marca-interior-mujer?post=4624"},{"taxonomy":"marca-mujer","embeddable":true,"href":"https:\/\/modasabel.com\/en\/wp-json\/wp\/v2\/marca-mujer?post=4624"},{"taxonomy":"product_brand","embeddable":true,"href":"https:\/\/modasabel.com\/en\/wp-json\/wp\/v2\/product_brand?post=4624"},{"taxonomy":"product_cat","embeddable":true,"href":"https:\/\/modasabel.com\/en\/wp-json\/wp\/v2\/product_cat?post=4624"},{"taxonomy":"product_tag","embeddable":true,"href":"https:\/\/modasabel.com\/en\/wp-json\/wp\/v2\/product_tag?post=4624"}],"curies":[{"name":"wp","href":"https:\/\/api.w.org\/{rel}","templated":true}]}}