{"id":4603,"date":"2024-07-23T18:34:51","date_gmt":"2024-07-23T16:34:51","guid":{"rendered":"https:\/\/modasabel.com\/?post_type=product&#038;p=4603"},"modified":"2025-07-14T18:52:43","modified_gmt":"2025-07-14T16:52:43","slug":"pinky-basicos-invisibles-ysabel-mora","status":"publish","type":"product","link":"https:\/\/modasabel.com\/en\/producto\/pinky-basicos-invisibles-ysabel-mora\/","title":{"rendered":"PINKY B\u00c1SICOS INVISIBLES YSABEL MORA"},"content":{"rendered":"<p>Presentamos los incre\u00edbles calcetines pinkis de algod\u00f3n de Ysabel Mora. Estos pinkis de algod\u00f3n, tambi\u00e9n conocidos como invisibles, son el secreto mejor guardado de los amantes del calzado. Esta disimulada prenda se desliza discretamente en tus zapatos, brindando una comodidad excepcional sin comprometer su estilo.<\/p>\n","protected":false},"excerpt":{"rendered":"<p>Presentamos los incre\u00edbles calcetines pinkis de algod\u00f3n de Ysabel Mora. Estos pinkis de algod\u00f3n, tambi\u00e9n conocidos como invisibles, son el secreto mejor guardado de los amantes del calzado. Esta disimulada prenda se desliza discretamente en tus zapatos, brindando una comodidad excepcional sin comprometer su estilo.<\/p>\n","protected":false},"featured_media":4610,"comment_status":"closed","ping_status":"closed","template":"","meta":{"_acf_changed":false,"site-sidebar-layout":"default","site-content-layout":"","ast-site-content-layout":"default","site-content-style":"default","site-sidebar-style":"default","ast-global-header-display":"","ast-banner-title-visibility":"","ast-main-header-display":"","ast-hfb-above-header-display":"","ast-hfb-below-header-display":"","ast-hfb-mobile-header-display":"","site-post-title":"","ast-breadcrumbs-content":"","ast-featured-img":"","footer-sml-layout":"","ast-disable-related-posts":"","theme-transparent-header-meta":"default","adv-header-id-meta":"","stick-header-meta":"","header-above-stick-meta":"","header-main-stick-meta":"","header-below-stick-meta":"","astra-migrate-meta-layouts":"set","ast-page-background-enabled":"default","ast-page-background-meta":{"desktop":{"background-color":"var(--ast-global-color-4)","background-image":"","background-repeat":"repeat","background-position":"center center","background-size":"auto","background-attachment":"scroll","background-type":"","background-media":"","overlay-type":"","overlay-color":"","overlay-opacity":"","overlay-gradient":""},"tablet":{"background-color":"","background-image":"","background-repeat":"repeat","background-position":"center center","background-size":"auto","background-attachment":"scroll","background-type":"","background-media":"","overlay-type":"","overlay-color":"","overlay-opacity":"","overlay-gradient":""},"mobile":{"background-color":"","background-image":"","background-repeat":"repeat","background-position":"center center","background-size":"auto","background-attachment":"scroll","background-type":"","background-media":"","overlay-type":"","overlay-color":"","overlay-opacity":"","overlay-gradient":""}},"ast-content-background-meta":{"desktop":{"background-color":"var(--ast-global-color-5)","background-image":"","background-repeat":"repeat","background-position":"center center","background-size":"auto","background-attachment":"scroll","background-type":"","background-media":"","overlay-type":"","overlay-color":"","overlay-opacity":"","overlay-gradient":""},"tablet":{"background-color":"var(--ast-global-color-5)","background-image":"","background-repeat":"repeat","background-position":"center center","background-size":"auto","background-attachment":"scroll","background-type":"","background-media":"","overlay-type":"","overlay-color":"","overlay-opacity":"","overlay-gradient":""},"mobile":{"background-color":"var(--ast-global-color-5)","background-image":"","background-repeat":"repeat","background-position":"center center","background-size":"auto","background-attachment":"scroll","background-type":"","background-media":"","overlay-type":"","overlay-color":"","overlay-opacity":"","overlay-gradient":""}}},"marca-hombre":[],"marca-interior-hombre":[228],"marca-interior-mujer":[],"marca-mujer":[],"product_brand":[],"product_cat":[65,56],"product_tag":[],"class_list":{"0":"post-4603","1":"product","2":"type-product","3":"status-publish","4":"has-post-thumbnail","6":"marca-interior-hombre-ysabel-mora","7":"product_cat-calcetines-moda-intima-hombre","8":"product_cat-moda-intima-hombre","9":"pa_color-arena","10":"pa_color-negro","11":"pa_tallaje-boxer-slip-36-41","12":"pa_tallaje-boxer-slip-41-46","13":"desktop-align-left","14":"tablet-align-left","15":"mobile-align-left","17":"first","18":"instock","19":"taxable","20":"shipping-taxable","21":"purchasable","22":"product-type-variable"},"acf":[],"yoast_head":"<!-- This site is optimized with the Yoast SEO plugin v22.1 - https:\/\/yoast.com\/wordpress\/plugins\/seo\/ -->\n<title>PINKY B\u00c1SICOS INVISIBLES YSABEL MORA - MODA SABEL<\/title>\n<meta name=\"description\" content=\"Presentamos los incre\u00edbles calcetines pinkis de algod\u00f3n de Ysabel Mora. Estos pinkis de algod\u00f3n, tambi\u00e9n conocidos como invisibles,\" \/>\n<meta name=\"robots\" content=\"index, follow, max-snippet:-1, max-image-preview:large, max-video-preview:-1\" \/>\n<link rel=\"canonical\" href=\"https:\/\/modasabel.com\/en\/producto\/pinky-basicos-invisibles-ysabel-mora\/\" \/>\n<meta property=\"og:locale\" content=\"en_US\" \/>\n<meta property=\"og:type\" content=\"article\" \/>\n<meta property=\"og:title\" content=\"PINKY B\u00c1SICOS INVISIBLES YSABEL MORA - MODA SABEL\" \/>\n<meta property=\"og:description\" content=\"Presentamos los incre\u00edbles calcetines pinkis de algod\u00f3n de Ysabel Mora. Estos pinkis de algod\u00f3n, tambi\u00e9n conocidos como invisibles,\" \/>\n<meta property=\"og:url\" content=\"https:\/\/modasabel.com\/en\/producto\/pinky-basicos-invisibles-ysabel-mora\/\" \/>\n<meta property=\"og:site_name\" content=\"MODA SABEL\" \/>\n<meta property=\"article:modified_time\" content=\"2025-07-14T16:52:43+00:00\" \/>\n<meta property=\"og:image\" content=\"https:\/\/modasabel.com\/wp-content\/uploads\/2024\/07\/17390_1_pinky_invisible_-_Marino_e039db32-7363-43bc-885e-a8e36fc14a00_1200x1800.webp\" \/>\n\t<meta property=\"og:image:width\" content=\"1200\" \/>\n\t<meta property=\"og:image:height\" content=\"1799\" \/>\n\t<meta property=\"og:image:type\" content=\"image\/webp\" \/>\n<meta name=\"twitter:card\" content=\"summary_large_image\" \/>\n<meta name=\"twitter:label1\" content=\"Est. reading time\" \/>\n\t<meta name=\"twitter:data1\" content=\"1 minute\" \/>\n<script type=\"application\/ld+json\" class=\"yoast-schema-graph\">{\"@context\":\"https:\/\/schema.org\",\"@graph\":[{\"@type\":\"WebPage\",\"@id\":\"https:\/\/modasabel.com\/en\/producto\/pinky-basicos-invisibles-ysabel-mora\/\",\"url\":\"https:\/\/modasabel.com\/en\/producto\/pinky-basicos-invisibles-ysabel-mora\/\",\"name\":\"PINKY B\u00c1SICOS INVISIBLES YSABEL MORA - MODA SABEL\",\"isPartOf\":{\"@id\":\"https:\/\/modasabel.com\/en\/#website\"},\"datePublished\":\"2024-07-23T16:34:51+00:00\",\"dateModified\":\"2025-07-14T16:52:43+00:00\",\"description\":\"Presentamos los incre\u00edbles calcetines pinkis de algod\u00f3n de Ysabel Mora. Estos pinkis de algod\u00f3n, tambi\u00e9n conocidos como invisibles,\",\"breadcrumb\":{\"@id\":\"https:\/\/modasabel.com\/en\/producto\/pinky-basicos-invisibles-ysabel-mora\/#breadcrumb\"},\"inLanguage\":\"en-US\",\"potentialAction\":[{\"@type\":\"ReadAction\",\"target\":[\"https:\/\/modasabel.com\/en\/producto\/pinky-basicos-invisibles-ysabel-mora\/\"]}]},{\"@type\":\"BreadcrumbList\",\"@id\":\"https:\/\/modasabel.com\/en\/producto\/pinky-basicos-invisibles-ysabel-mora\/#breadcrumb\",\"itemListElement\":[{\"@type\":\"ListItem\",\"position\":1,\"name\":\"Inicio\",\"item\":\"https:\/\/modasabel.com\/en\/\"},{\"@type\":\"ListItem\",\"position\":2,\"name\":\"Tienda\",\"item\":\"https:\/\/modasabel.com\/tienda\/\"},{\"@type\":\"ListItem\",\"position\":3,\"name\":\"PINKY B\u00c1SICOS INVISIBLES YSABEL MORA\"}]},{\"@type\":\"WebSite\",\"@id\":\"https:\/\/modasabel.com\/en\/#website\",\"url\":\"https:\/\/modasabel.com\/en\/\",\"name\":\"MODA SABEL\",\"description\":\"Marcas de ropa hombre y mujer\",\"potentialAction\":[{\"@type\":\"SearchAction\",\"target\":{\"@type\":\"EntryPoint\",\"urlTemplate\":\"https:\/\/modasabel.com\/en\/?s={search_term_string}\"},\"query-input\":\"required name=search_term_string\"}],\"inLanguage\":\"en-US\"}]}<\/script>\n<!-- \/ Yoast SEO plugin. -->","yoast_head_json":{"title":"PINKY B\u00c1SICOS INVISIBLES YSABEL MORA - MODA SABEL","description":"Presentamos los incre\u00edbles calcetines pinkis de algod\u00f3n de Ysabel Mora. Estos pinkis de algod\u00f3n, tambi\u00e9n conocidos como invisibles,","robots":{"index":"index","follow":"follow","max-snippet":"max-snippet:-1","max-image-preview":"max-image-preview:large","max-video-preview":"max-video-preview:-1"},"canonical":"https:\/\/modasabel.com\/en\/producto\/pinky-basicos-invisibles-ysabel-mora\/","og_locale":"en_US","og_type":"article","og_title":"PINKY B\u00c1SICOS INVISIBLES YSABEL MORA - MODA SABEL","og_description":"Presentamos los incre\u00edbles calcetines pinkis de algod\u00f3n de Ysabel Mora. Estos pinkis de algod\u00f3n, tambi\u00e9n conocidos como invisibles,","og_url":"https:\/\/modasabel.com\/en\/producto\/pinky-basicos-invisibles-ysabel-mora\/","og_site_name":"MODA SABEL","article_modified_time":"2025-07-14T16:52:43+00:00","og_image":[{"width":1200,"height":1799,"url":"https:\/\/modasabel.com\/wp-content\/uploads\/2024\/07\/17390_1_pinky_invisible_-_Marino_e039db32-7363-43bc-885e-a8e36fc14a00_1200x1800.webp","type":"image\/webp"}],"twitter_card":"summary_large_image","twitter_misc":{"Est. reading time":"1 minute"},"schema":{"@context":"https:\/\/schema.org","@graph":[{"@type":"WebPage","@id":"https:\/\/modasabel.com\/en\/producto\/pinky-basicos-invisibles-ysabel-mora\/","url":"https:\/\/modasabel.com\/en\/producto\/pinky-basicos-invisibles-ysabel-mora\/","name":"PINKY B\u00c1SICOS INVISIBLES YSABEL MORA - MODA SABEL","isPartOf":{"@id":"https:\/\/modasabel.com\/en\/#website"},"datePublished":"2024-07-23T16:34:51+00:00","dateModified":"2025-07-14T16:52:43+00:00","description":"Presentamos los incre\u00edbles calcetines pinkis de algod\u00f3n de Ysabel Mora. Estos pinkis de algod\u00f3n, tambi\u00e9n conocidos como invisibles,","breadcrumb":{"@id":"https:\/\/modasabel.com\/en\/producto\/pinky-basicos-invisibles-ysabel-mora\/#breadcrumb"},"inLanguage":"en-US","potentialAction":[{"@type":"ReadAction","target":["https:\/\/modasabel.com\/en\/producto\/pinky-basicos-invisibles-ysabel-mora\/"]}]},{"@type":"BreadcrumbList","@id":"https:\/\/modasabel.com\/en\/producto\/pinky-basicos-invisibles-ysabel-mora\/#breadcrumb","itemListElement":[{"@type":"ListItem","position":1,"name":"Inicio","item":"https:\/\/modasabel.com\/en\/"},{"@type":"ListItem","position":2,"name":"Tienda","item":"https:\/\/modasabel.com\/tienda\/"},{"@type":"ListItem","position":3,"name":"PINKY B\u00c1SICOS INVISIBLES YSABEL MORA"}]},{"@type":"WebSite","@id":"https:\/\/modasabel.com\/en\/#website","url":"https:\/\/modasabel.com\/en\/","name":"MODA SABEL","description":"Marcas de ropa hombre y mujer","potentialAction":[{"@type":"SearchAction","target":{"@type":"EntryPoint","urlTemplate":"https:\/\/modasabel.com\/en\/?s={search_term_string}"},"query-input":"required name=search_term_string"}],"inLanguage":"en-US"}]}},"_links":{"self":[{"href":"https:\/\/modasabel.com\/en\/wp-json\/wp\/v2\/product\/4603","targetHints":{"allow":["GET"]}}],"collection":[{"href":"https:\/\/modasabel.com\/en\/wp-json\/wp\/v2\/product"}],"about":[{"href":"https:\/\/modasabel.com\/en\/wp-json\/wp\/v2\/types\/product"}],"replies":[{"embeddable":true,"href":"https:\/\/modasabel.com\/en\/wp-json\/wp\/v2\/comments?post=4603"}],"wp:featuredmedia":[{"embeddable":true,"href":"https:\/\/modasabel.com\/en\/wp-json\/wp\/v2\/media\/4610"}],"wp:attachment":[{"href":"https:\/\/modasabel.com\/en\/wp-json\/wp\/v2\/media?parent=4603"}],"wp:term":[{"taxonomy":"marca-hombre","embeddable":true,"href":"https:\/\/modasabel.com\/en\/wp-json\/wp\/v2\/marca-hombre?post=4603"},{"taxonomy":"marca-interior-hombre","embeddable":true,"href":"https:\/\/modasabel.com\/en\/wp-json\/wp\/v2\/marca-interior-hombre?post=4603"},{"taxonomy":"marca-interior-mujer","embeddable":true,"href":"https:\/\/modasabel.com\/en\/wp-json\/wp\/v2\/marca-interior-mujer?post=4603"},{"taxonomy":"marca-mujer","embeddable":true,"href":"https:\/\/modasabel.com\/en\/wp-json\/wp\/v2\/marca-mujer?post=4603"},{"taxonomy":"product_brand","embeddable":true,"href":"https:\/\/modasabel.com\/en\/wp-json\/wp\/v2\/product_brand?post=4603"},{"taxonomy":"product_cat","embeddable":true,"href":"https:\/\/modasabel.com\/en\/wp-json\/wp\/v2\/product_cat?post=4603"},{"taxonomy":"product_tag","embeddable":true,"href":"https:\/\/modasabel.com\/en\/wp-json\/wp\/v2\/product_tag?post=4603"}],"curies":[{"name":"wp","href":"https:\/\/api.w.org\/{rel}","templated":true}]}}