{"id":4550,"date":"2024-07-09T19:37:48","date_gmt":"2024-07-09T17:37:48","guid":{"rendered":"https:\/\/modasabel.com\/?post_type=product&#038;p=4550"},"modified":"2024-10-10T17:40:33","modified_gmt":"2024-10-10T15:40:33","slug":"braguita-arena-midi-microfibra-avet","status":"publish","type":"product","link":"https:\/\/modasabel.com\/en\/producto\/braguita-arena-midi-microfibra-avet\/","title":{"rendered":"BRAGUITA ARENA MIDI MICROFIBRA AVET"},"content":{"rendered":"<p>Braguita midi Avet de microfibra. Banda de tejido muy save en los camales, para conseguir una mayor adaptabilidad a la silueta sin ning\u00fan tipo de opresi\u00f3n. Tiene un tacto muy suave y sedoso, proporcionando una gran comodidad. Dise\u00f1ada y fabricada en Espa\u00f1a.<\/p>\n<p>*Composici\u00f3n 90% Poliamida, 10% Lycra<\/p>\n","protected":false},"excerpt":{"rendered":"<p>Braguita midi Avet de microfibra. Banda de tejido muy save en los camales, para conseguir una mayor adaptabilidad a la silueta sin ning\u00fan tipo de opresi\u00f3n. Tiene un tacto muy suave y sedoso, proporcionando una gran comodidad. Dise\u00f1ada y fabricada en Espa\u00f1a. *Composici\u00f3n 90% Poliamida, 10% Lycra<\/p>\n","protected":false},"featured_media":4554,"comment_status":"closed","ping_status":"closed","template":"","meta":{"_acf_changed":false,"site-sidebar-layout":"default","site-content-layout":"","ast-site-content-layout":"default","site-content-style":"default","site-sidebar-style":"default","ast-global-header-display":"","ast-banner-title-visibility":"","ast-main-header-display":"","ast-hfb-above-header-display":"","ast-hfb-below-header-display":"","ast-hfb-mobile-header-display":"","site-post-title":"","ast-breadcrumbs-content":"","ast-featured-img":"","footer-sml-layout":"","ast-disable-related-posts":"","theme-transparent-header-meta":"default","adv-header-id-meta":"","stick-header-meta":"","header-above-stick-meta":"","header-main-stick-meta":"","header-below-stick-meta":"","astra-migrate-meta-layouts":"set","ast-page-background-enabled":"default","ast-page-background-meta":{"desktop":{"background-color":"var(--ast-global-color-4)","background-image":"","background-repeat":"repeat","background-position":"center center","background-size":"auto","background-attachment":"scroll","background-type":"","background-media":"","overlay-type":"","overlay-color":"","overlay-opacity":"","overlay-gradient":""},"tablet":{"background-color":"","background-image":"","background-repeat":"repeat","background-position":"center center","background-size":"auto","background-attachment":"scroll","background-type":"","background-media":"","overlay-type":"","overlay-color":"","overlay-opacity":"","overlay-gradient":""},"mobile":{"background-color":"","background-image":"","background-repeat":"repeat","background-position":"center center","background-size":"auto","background-attachment":"scroll","background-type":"","background-media":"","overlay-type":"","overlay-color":"","overlay-opacity":"","overlay-gradient":""}},"ast-content-background-meta":{"desktop":{"background-color":"var(--ast-global-color-5)","background-image":"","background-repeat":"repeat","background-position":"center center","background-size":"auto","background-attachment":"scroll","background-type":"","background-media":"","overlay-type":"","overlay-color":"","overlay-opacity":"","overlay-gradient":""},"tablet":{"background-color":"var(--ast-global-color-5)","background-image":"","background-repeat":"repeat","background-position":"center center","background-size":"auto","background-attachment":"scroll","background-type":"","background-media":"","overlay-type":"","overlay-color":"","overlay-opacity":"","overlay-gradient":""},"mobile":{"background-color":"var(--ast-global-color-5)","background-image":"","background-repeat":"repeat","background-position":"center center","background-size":"auto","background-attachment":"scroll","background-type":"","background-media":"","overlay-type":"","overlay-color":"","overlay-opacity":"","overlay-gradient":""}}},"marca-hombre":[],"marca-interior-hombre":[],"marca-interior-mujer":[216],"marca-mujer":[],"product_brand":[],"product_cat":[58,55],"product_tag":[],"class_list":{"0":"post-4550","1":"product","2":"type-product","3":"status-publish","4":"has-post-thumbnail","6":"marca-interior-mujer-avet","7":"product_cat-bragas-y-tangas","8":"product_cat-moda-intima-mujer","9":"pa_talla-l","10":"pa_talla-m","11":"pa_talla-xl","12":"desktop-align-left","13":"tablet-align-left","14":"mobile-align-left","16":"first","17":"instock","18":"featured","19":"taxable","20":"shipping-taxable","21":"purchasable","22":"product-type-variable"},"acf":[],"yoast_head":"<!-- This site is optimized with the Yoast SEO plugin v22.1 - https:\/\/yoast.com\/wordpress\/plugins\/seo\/ -->\n<title>BRAGUITA ARENA MIDI MICROFIBRA AVET - MODA SABEL<\/title>\n<meta name=\"description\" content=\"Braguita midi Avet de microfibra. Banda de tejido muy save en los camales, para conseguir una mayor adaptabilidad a la silueta sin ning\u00fan tipo de opresi\u00f3n\" \/>\n<meta name=\"robots\" content=\"index, follow, max-snippet:-1, max-image-preview:large, max-video-preview:-1\" \/>\n<link rel=\"canonical\" href=\"https:\/\/modasabel.com\/en\/producto\/braguita-arena-midi-microfibra-avet\/\" \/>\n<meta property=\"og:locale\" content=\"en_US\" \/>\n<meta property=\"og:type\" content=\"article\" \/>\n<meta property=\"og:title\" content=\"BRAGUITA ARENA MIDI MICROFIBRA AVET - MODA SABEL\" \/>\n<meta property=\"og:description\" content=\"Braguita midi Avet de microfibra. Banda de tejido muy save en los camales, para conseguir una mayor adaptabilidad a la silueta sin ning\u00fan tipo de opresi\u00f3n\" \/>\n<meta property=\"og:url\" content=\"https:\/\/modasabel.com\/en\/producto\/braguita-arena-midi-microfibra-avet\/\" \/>\n<meta property=\"og:site_name\" content=\"MODA SABEL\" \/>\n<meta property=\"article:modified_time\" content=\"2024-10-10T15:40:33+00:00\" \/>\n<meta property=\"og:image\" content=\"https:\/\/modasabel.com\/wp-content\/uploads\/2024\/07\/braga-mujer-maxi-avet-3244-microfibra-3244-2.webp\" \/>\n\t<meta property=\"og:image:width\" content=\"750\" \/>\n\t<meta property=\"og:image:height\" content=\"750\" \/>\n\t<meta property=\"og:image:type\" content=\"image\/webp\" \/>\n<meta name=\"twitter:card\" content=\"summary_large_image\" \/>\n<meta name=\"twitter:label1\" content=\"Est. reading time\" \/>\n\t<meta name=\"twitter:data1\" content=\"1 minute\" \/>\n<script type=\"application\/ld+json\" class=\"yoast-schema-graph\">{\"@context\":\"https:\/\/schema.org\",\"@graph\":[{\"@type\":\"WebPage\",\"@id\":\"https:\/\/modasabel.com\/en\/producto\/braguita-arena-midi-microfibra-avet\/\",\"url\":\"https:\/\/modasabel.com\/en\/producto\/braguita-arena-midi-microfibra-avet\/\",\"name\":\"BRAGUITA ARENA MIDI MICROFIBRA AVET - MODA SABEL\",\"isPartOf\":{\"@id\":\"https:\/\/modasabel.com\/en\/#website\"},\"datePublished\":\"2024-07-09T17:37:48+00:00\",\"dateModified\":\"2024-10-10T15:40:33+00:00\",\"description\":\"Braguita midi Avet de microfibra. Banda de tejido muy save en los camales, para conseguir una mayor adaptabilidad a la silueta sin ning\u00fan tipo de opresi\u00f3n\",\"breadcrumb\":{\"@id\":\"https:\/\/modasabel.com\/en\/producto\/braguita-arena-midi-microfibra-avet\/#breadcrumb\"},\"inLanguage\":\"en-US\",\"potentialAction\":[{\"@type\":\"ReadAction\",\"target\":[\"https:\/\/modasabel.com\/en\/producto\/braguita-arena-midi-microfibra-avet\/\"]}]},{\"@type\":\"BreadcrumbList\",\"@id\":\"https:\/\/modasabel.com\/en\/producto\/braguita-arena-midi-microfibra-avet\/#breadcrumb\",\"itemListElement\":[{\"@type\":\"ListItem\",\"position\":1,\"name\":\"Inicio\",\"item\":\"https:\/\/modasabel.com\/en\/\"},{\"@type\":\"ListItem\",\"position\":2,\"name\":\"Tienda\",\"item\":\"https:\/\/modasabel.com\/tienda\/\"},{\"@type\":\"ListItem\",\"position\":3,\"name\":\"BRAGUITA ARENA MIDI MICROFIBRA AVET\"}]},{\"@type\":\"WebSite\",\"@id\":\"https:\/\/modasabel.com\/en\/#website\",\"url\":\"https:\/\/modasabel.com\/en\/\",\"name\":\"MODA SABEL\",\"description\":\"Marcas de ropa hombre y mujer\",\"potentialAction\":[{\"@type\":\"SearchAction\",\"target\":{\"@type\":\"EntryPoint\",\"urlTemplate\":\"https:\/\/modasabel.com\/en\/?s={search_term_string}\"},\"query-input\":\"required name=search_term_string\"}],\"inLanguage\":\"en-US\"}]}<\/script>\n<!-- \/ Yoast SEO plugin. -->","yoast_head_json":{"title":"BRAGUITA ARENA MIDI MICROFIBRA AVET - MODA SABEL","description":"Braguita midi Avet de microfibra. Banda de tejido muy save en los camales, para conseguir una mayor adaptabilidad a la silueta sin ning\u00fan tipo de opresi\u00f3n","robots":{"index":"index","follow":"follow","max-snippet":"max-snippet:-1","max-image-preview":"max-image-preview:large","max-video-preview":"max-video-preview:-1"},"canonical":"https:\/\/modasabel.com\/en\/producto\/braguita-arena-midi-microfibra-avet\/","og_locale":"en_US","og_type":"article","og_title":"BRAGUITA ARENA MIDI MICROFIBRA AVET - MODA SABEL","og_description":"Braguita midi Avet de microfibra. Banda de tejido muy save en los camales, para conseguir una mayor adaptabilidad a la silueta sin ning\u00fan tipo de opresi\u00f3n","og_url":"https:\/\/modasabel.com\/en\/producto\/braguita-arena-midi-microfibra-avet\/","og_site_name":"MODA SABEL","article_modified_time":"2024-10-10T15:40:33+00:00","og_image":[{"width":750,"height":750,"url":"https:\/\/modasabel.com\/wp-content\/uploads\/2024\/07\/braga-mujer-maxi-avet-3244-microfibra-3244-2.webp","type":"image\/webp"}],"twitter_card":"summary_large_image","twitter_misc":{"Est. reading time":"1 minute"},"schema":{"@context":"https:\/\/schema.org","@graph":[{"@type":"WebPage","@id":"https:\/\/modasabel.com\/en\/producto\/braguita-arena-midi-microfibra-avet\/","url":"https:\/\/modasabel.com\/en\/producto\/braguita-arena-midi-microfibra-avet\/","name":"BRAGUITA ARENA MIDI MICROFIBRA AVET - MODA SABEL","isPartOf":{"@id":"https:\/\/modasabel.com\/en\/#website"},"datePublished":"2024-07-09T17:37:48+00:00","dateModified":"2024-10-10T15:40:33+00:00","description":"Braguita midi Avet de microfibra. Banda de tejido muy save en los camales, para conseguir una mayor adaptabilidad a la silueta sin ning\u00fan tipo de opresi\u00f3n","breadcrumb":{"@id":"https:\/\/modasabel.com\/en\/producto\/braguita-arena-midi-microfibra-avet\/#breadcrumb"},"inLanguage":"en-US","potentialAction":[{"@type":"ReadAction","target":["https:\/\/modasabel.com\/en\/producto\/braguita-arena-midi-microfibra-avet\/"]}]},{"@type":"BreadcrumbList","@id":"https:\/\/modasabel.com\/en\/producto\/braguita-arena-midi-microfibra-avet\/#breadcrumb","itemListElement":[{"@type":"ListItem","position":1,"name":"Inicio","item":"https:\/\/modasabel.com\/en\/"},{"@type":"ListItem","position":2,"name":"Tienda","item":"https:\/\/modasabel.com\/tienda\/"},{"@type":"ListItem","position":3,"name":"BRAGUITA ARENA MIDI MICROFIBRA AVET"}]},{"@type":"WebSite","@id":"https:\/\/modasabel.com\/en\/#website","url":"https:\/\/modasabel.com\/en\/","name":"MODA SABEL","description":"Marcas de ropa hombre y mujer","potentialAction":[{"@type":"SearchAction","target":{"@type":"EntryPoint","urlTemplate":"https:\/\/modasabel.com\/en\/?s={search_term_string}"},"query-input":"required name=search_term_string"}],"inLanguage":"en-US"}]}},"_links":{"self":[{"href":"https:\/\/modasabel.com\/en\/wp-json\/wp\/v2\/product\/4550","targetHints":{"allow":["GET"]}}],"collection":[{"href":"https:\/\/modasabel.com\/en\/wp-json\/wp\/v2\/product"}],"about":[{"href":"https:\/\/modasabel.com\/en\/wp-json\/wp\/v2\/types\/product"}],"replies":[{"embeddable":true,"href":"https:\/\/modasabel.com\/en\/wp-json\/wp\/v2\/comments?post=4550"}],"wp:featuredmedia":[{"embeddable":true,"href":"https:\/\/modasabel.com\/en\/wp-json\/wp\/v2\/media\/4554"}],"wp:attachment":[{"href":"https:\/\/modasabel.com\/en\/wp-json\/wp\/v2\/media?parent=4550"}],"wp:term":[{"taxonomy":"marca-hombre","embeddable":true,"href":"https:\/\/modasabel.com\/en\/wp-json\/wp\/v2\/marca-hombre?post=4550"},{"taxonomy":"marca-interior-hombre","embeddable":true,"href":"https:\/\/modasabel.com\/en\/wp-json\/wp\/v2\/marca-interior-hombre?post=4550"},{"taxonomy":"marca-interior-mujer","embeddable":true,"href":"https:\/\/modasabel.com\/en\/wp-json\/wp\/v2\/marca-interior-mujer?post=4550"},{"taxonomy":"marca-mujer","embeddable":true,"href":"https:\/\/modasabel.com\/en\/wp-json\/wp\/v2\/marca-mujer?post=4550"},{"taxonomy":"product_brand","embeddable":true,"href":"https:\/\/modasabel.com\/en\/wp-json\/wp\/v2\/product_brand?post=4550"},{"taxonomy":"product_cat","embeddable":true,"href":"https:\/\/modasabel.com\/en\/wp-json\/wp\/v2\/product_cat?post=4550"},{"taxonomy":"product_tag","embeddable":true,"href":"https:\/\/modasabel.com\/en\/wp-json\/wp\/v2\/product_tag?post=4550"}],"curies":[{"name":"wp","href":"https:\/\/api.w.org\/{rel}","templated":true}]}}