{"id":3800,"date":"2024-04-22T12:06:27","date_gmt":"2024-04-22T10:06:27","guid":{"rendered":"https:\/\/modasabel.com\/?post_type=product&#038;p=3800"},"modified":"2026-01-14T18:13:16","modified_gmt":"2026-01-14T17:13:16","slug":"vaqueros-lois-billy-valentino-slim-gris-acido","status":"publish","type":"product","link":"https:\/\/modasabel.com\/en\/producto\/vaqueros-lois-billy-valentino-slim-gris-acido\/","title":{"rendered":"Vaqueros Lois &#8220;Billy-Valentino&#8221; Slim Gris \u00c1cido"},"content":{"rendered":"<p>Descubre los vaqueros Lois &#8220;Billy-Valentino&#8221; Slim en gris \u00e1cido, ideales para un estilo urbano. Corte ajustado y cintura media para confort diario. Un b\u00e1sico con estilo para tu colecci\u00f3n<\/p>\n","protected":false},"excerpt":{"rendered":"<p>Descubre los vaqueros Lois &#8220;Billy-Valentino&#8221; Slim en gris \u00e1cido, ideales para un estilo urbano. Corte ajustado y cintura media para confort diario. Un b\u00e1sico con estilo para tu colecci\u00f3n<\/p>\n","protected":false},"featured_media":3810,"comment_status":"closed","ping_status":"closed","template":"","meta":{"_acf_changed":false,"site-sidebar-layout":"default","site-content-layout":"","ast-site-content-layout":"default","site-content-style":"default","site-sidebar-style":"default","ast-global-header-display":"","ast-banner-title-visibility":"","ast-main-header-display":"","ast-hfb-above-header-display":"","ast-hfb-below-header-display":"","ast-hfb-mobile-header-display":"","site-post-title":"","ast-breadcrumbs-content":"","ast-featured-img":"","footer-sml-layout":"","ast-disable-related-posts":"","theme-transparent-header-meta":"default","adv-header-id-meta":"","stick-header-meta":"","header-above-stick-meta":"","header-main-stick-meta":"","header-below-stick-meta":"","astra-migrate-meta-layouts":"set","ast-page-background-enabled":"default","ast-page-background-meta":{"desktop":{"background-color":"var(--ast-global-color-4)","background-image":"","background-repeat":"repeat","background-position":"center center","background-size":"auto","background-attachment":"scroll","background-type":"","background-media":"","overlay-type":"","overlay-color":"","overlay-opacity":"","overlay-gradient":""},"tablet":{"background-color":"","background-image":"","background-repeat":"repeat","background-position":"center center","background-size":"auto","background-attachment":"scroll","background-type":"","background-media":"","overlay-type":"","overlay-color":"","overlay-opacity":"","overlay-gradient":""},"mobile":{"background-color":"","background-image":"","background-repeat":"repeat","background-position":"center center","background-size":"auto","background-attachment":"scroll","background-type":"","background-media":"","overlay-type":"","overlay-color":"","overlay-opacity":"","overlay-gradient":""}},"ast-content-background-meta":{"desktop":{"background-color":"var(--ast-global-color-5)","background-image":"","background-repeat":"repeat","background-position":"center center","background-size":"auto","background-attachment":"scroll","background-type":"","background-media":"","overlay-type":"","overlay-color":"","overlay-opacity":"","overlay-gradient":""},"tablet":{"background-color":"var(--ast-global-color-5)","background-image":"","background-repeat":"repeat","background-position":"center center","background-size":"auto","background-attachment":"scroll","background-type":"","background-media":"","overlay-type":"","overlay-color":"","overlay-opacity":"","overlay-gradient":""},"mobile":{"background-color":"var(--ast-global-color-5)","background-image":"","background-repeat":"repeat","background-position":"center center","background-size":"auto","background-attachment":"scroll","background-type":"","background-media":"","overlay-type":"","overlay-color":"","overlay-opacity":"","overlay-gradient":""}}},"marca-hombre":[199],"marca-interior-hombre":[],"marca-interior-mujer":[],"marca-mujer":[],"product_brand":[],"product_cat":[16],"product_tag":[],"class_list":{"0":"post-3800","1":"product","2":"type-product","3":"status-publish","4":"has-post-thumbnail","6":"marca-hombre-lois-hombre-jeans-sudaderas-y-moda-vaquera","7":"product_cat-sin-categorizar","8":"pa_tallas-pantalon-hombre-119","9":"pa_tallas-pantalon-hombre-120","10":"pa_tallas-pantalon-hombre-121","11":"pa_tallas-pantalon-hombre-122","12":"pa_tallas-pantalon-hombre-123","13":"pa_tallas-pantalon-hombre-124","14":"pa_tallas-pantalon-hombre-125","15":"desktop-align-left","16":"tablet-align-left","17":"mobile-align-left","19":"first","20":"instock","21":"sale","22":"taxable","23":"shipping-taxable","24":"purchasable","25":"product-type-variable"},"acf":[],"yoast_head":"<!-- This site is optimized with the Yoast SEO plugin v22.1 - https:\/\/yoast.com\/wordpress\/plugins\/seo\/ -->\n<title>Vaqueros Lois &quot;Billy-Valentino&quot; Slim Gris \u00c1cido - MODA SABEL<\/title>\n<meta name=\"description\" content=\"Descubre los vaqueros Lois &quot;Billy-Valentino&quot; Slim en gris \u00e1cido, ideales para un estilo urbano. Corte ajustado y cintura media para confort diario.\" \/>\n<meta name=\"robots\" content=\"index, follow, max-snippet:-1, max-image-preview:large, max-video-preview:-1\" \/>\n<link rel=\"canonical\" href=\"https:\/\/modasabel.com\/en\/producto\/vaqueros-lois-billy-valentino-slim-gris-acido\/\" \/>\n<meta property=\"og:locale\" content=\"en_US\" \/>\n<meta property=\"og:type\" content=\"article\" \/>\n<meta property=\"og:title\" content=\"Vaqueros Lois &quot;Billy-Valentino&quot; Slim Gris \u00c1cido - MODA SABEL\" \/>\n<meta property=\"og:description\" content=\"Descubre los vaqueros Lois &quot;Billy-Valentino&quot; Slim en gris \u00e1cido, ideales para un estilo urbano. Corte ajustado y cintura media para confort diario.\" \/>\n<meta property=\"og:url\" content=\"https:\/\/modasabel.com\/en\/producto\/vaqueros-lois-billy-valentino-slim-gris-acido\/\" \/>\n<meta property=\"og:site_name\" content=\"MODA SABEL\" \/>\n<meta property=\"article:modified_time\" content=\"2026-01-14T17:13:16+00:00\" \/>\n<meta property=\"og:image\" content=\"https:\/\/modasabel.com\/wp-content\/uploads\/2024\/04\/101923607-delante.jpg\" \/>\n\t<meta property=\"og:image:width\" content=\"1250\" \/>\n\t<meta property=\"og:image:height\" content=\"1750\" \/>\n\t<meta property=\"og:image:type\" content=\"image\/jpeg\" \/>\n<meta name=\"twitter:card\" content=\"summary_large_image\" \/>\n<meta name=\"twitter:label1\" content=\"Est. reading time\" \/>\n\t<meta name=\"twitter:data1\" content=\"1 minute\" \/>\n<script type=\"application\/ld+json\" class=\"yoast-schema-graph\">{\"@context\":\"https:\/\/schema.org\",\"@graph\":[{\"@type\":\"WebPage\",\"@id\":\"https:\/\/modasabel.com\/en\/producto\/vaqueros-lois-billy-valentino-slim-gris-acido\/\",\"url\":\"https:\/\/modasabel.com\/en\/producto\/vaqueros-lois-billy-valentino-slim-gris-acido\/\",\"name\":\"Vaqueros Lois \\\"Billy-Valentino\\\" Slim Gris \u00c1cido - MODA SABEL\",\"isPartOf\":{\"@id\":\"https:\/\/modasabel.com\/en\/#website\"},\"datePublished\":\"2024-04-22T10:06:27+00:00\",\"dateModified\":\"2026-01-14T17:13:16+00:00\",\"description\":\"Descubre los vaqueros Lois \\\"Billy-Valentino\\\" Slim en gris \u00e1cido, ideales para un estilo urbano. Corte ajustado y cintura media para confort diario.\",\"breadcrumb\":{\"@id\":\"https:\/\/modasabel.com\/en\/producto\/vaqueros-lois-billy-valentino-slim-gris-acido\/#breadcrumb\"},\"inLanguage\":\"en-US\",\"potentialAction\":[{\"@type\":\"ReadAction\",\"target\":[\"https:\/\/modasabel.com\/en\/producto\/vaqueros-lois-billy-valentino-slim-gris-acido\/\"]}]},{\"@type\":\"BreadcrumbList\",\"@id\":\"https:\/\/modasabel.com\/en\/producto\/vaqueros-lois-billy-valentino-slim-gris-acido\/#breadcrumb\",\"itemListElement\":[{\"@type\":\"ListItem\",\"position\":1,\"name\":\"Inicio\",\"item\":\"https:\/\/modasabel.com\/en\/\"},{\"@type\":\"ListItem\",\"position\":2,\"name\":\"Tienda\",\"item\":\"https:\/\/modasabel.com\/tienda\/\"},{\"@type\":\"ListItem\",\"position\":3,\"name\":\"Vaqueros Lois &#8220;Billy-Valentino&#8221; Slim Gris \u00c1cido\"}]},{\"@type\":\"WebSite\",\"@id\":\"https:\/\/modasabel.com\/en\/#website\",\"url\":\"https:\/\/modasabel.com\/en\/\",\"name\":\"MODA SABEL\",\"description\":\"Marcas de ropa hombre y mujer\",\"potentialAction\":[{\"@type\":\"SearchAction\",\"target\":{\"@type\":\"EntryPoint\",\"urlTemplate\":\"https:\/\/modasabel.com\/en\/?s={search_term_string}\"},\"query-input\":\"required name=search_term_string\"}],\"inLanguage\":\"en-US\"}]}<\/script>\n<!-- \/ Yoast SEO plugin. -->","yoast_head_json":{"title":"Vaqueros Lois \"Billy-Valentino\" Slim Gris \u00c1cido - MODA SABEL","description":"Descubre los vaqueros Lois \"Billy-Valentino\" Slim en gris \u00e1cido, ideales para un estilo urbano. Corte ajustado y cintura media para confort diario.","robots":{"index":"index","follow":"follow","max-snippet":"max-snippet:-1","max-image-preview":"max-image-preview:large","max-video-preview":"max-video-preview:-1"},"canonical":"https:\/\/modasabel.com\/en\/producto\/vaqueros-lois-billy-valentino-slim-gris-acido\/","og_locale":"en_US","og_type":"article","og_title":"Vaqueros Lois \"Billy-Valentino\" Slim Gris \u00c1cido - MODA SABEL","og_description":"Descubre los vaqueros Lois \"Billy-Valentino\" Slim en gris \u00e1cido, ideales para un estilo urbano. Corte ajustado y cintura media para confort diario.","og_url":"https:\/\/modasabel.com\/en\/producto\/vaqueros-lois-billy-valentino-slim-gris-acido\/","og_site_name":"MODA SABEL","article_modified_time":"2026-01-14T17:13:16+00:00","og_image":[{"width":1250,"height":1750,"url":"https:\/\/modasabel.com\/wp-content\/uploads\/2024\/04\/101923607-delante.jpg","type":"image\/jpeg"}],"twitter_card":"summary_large_image","twitter_misc":{"Est. reading time":"1 minute"},"schema":{"@context":"https:\/\/schema.org","@graph":[{"@type":"WebPage","@id":"https:\/\/modasabel.com\/en\/producto\/vaqueros-lois-billy-valentino-slim-gris-acido\/","url":"https:\/\/modasabel.com\/en\/producto\/vaqueros-lois-billy-valentino-slim-gris-acido\/","name":"Vaqueros Lois \"Billy-Valentino\" Slim Gris \u00c1cido - MODA SABEL","isPartOf":{"@id":"https:\/\/modasabel.com\/en\/#website"},"datePublished":"2024-04-22T10:06:27+00:00","dateModified":"2026-01-14T17:13:16+00:00","description":"Descubre los vaqueros Lois \"Billy-Valentino\" Slim en gris \u00e1cido, ideales para un estilo urbano. Corte ajustado y cintura media para confort diario.","breadcrumb":{"@id":"https:\/\/modasabel.com\/en\/producto\/vaqueros-lois-billy-valentino-slim-gris-acido\/#breadcrumb"},"inLanguage":"en-US","potentialAction":[{"@type":"ReadAction","target":["https:\/\/modasabel.com\/en\/producto\/vaqueros-lois-billy-valentino-slim-gris-acido\/"]}]},{"@type":"BreadcrumbList","@id":"https:\/\/modasabel.com\/en\/producto\/vaqueros-lois-billy-valentino-slim-gris-acido\/#breadcrumb","itemListElement":[{"@type":"ListItem","position":1,"name":"Inicio","item":"https:\/\/modasabel.com\/en\/"},{"@type":"ListItem","position":2,"name":"Tienda","item":"https:\/\/modasabel.com\/tienda\/"},{"@type":"ListItem","position":3,"name":"Vaqueros Lois &#8220;Billy-Valentino&#8221; Slim Gris \u00c1cido"}]},{"@type":"WebSite","@id":"https:\/\/modasabel.com\/en\/#website","url":"https:\/\/modasabel.com\/en\/","name":"MODA SABEL","description":"Marcas de ropa hombre y mujer","potentialAction":[{"@type":"SearchAction","target":{"@type":"EntryPoint","urlTemplate":"https:\/\/modasabel.com\/en\/?s={search_term_string}"},"query-input":"required name=search_term_string"}],"inLanguage":"en-US"}]}},"_links":{"self":[{"href":"https:\/\/modasabel.com\/en\/wp-json\/wp\/v2\/product\/3800","targetHints":{"allow":["GET"]}}],"collection":[{"href":"https:\/\/modasabel.com\/en\/wp-json\/wp\/v2\/product"}],"about":[{"href":"https:\/\/modasabel.com\/en\/wp-json\/wp\/v2\/types\/product"}],"replies":[{"embeddable":true,"href":"https:\/\/modasabel.com\/en\/wp-json\/wp\/v2\/comments?post=3800"}],"wp:featuredmedia":[{"embeddable":true,"href":"https:\/\/modasabel.com\/en\/wp-json\/wp\/v2\/media\/3810"}],"wp:attachment":[{"href":"https:\/\/modasabel.com\/en\/wp-json\/wp\/v2\/media?parent=3800"}],"wp:term":[{"taxonomy":"marca-hombre","embeddable":true,"href":"https:\/\/modasabel.com\/en\/wp-json\/wp\/v2\/marca-hombre?post=3800"},{"taxonomy":"marca-interior-hombre","embeddable":true,"href":"https:\/\/modasabel.com\/en\/wp-json\/wp\/v2\/marca-interior-hombre?post=3800"},{"taxonomy":"marca-interior-mujer","embeddable":true,"href":"https:\/\/modasabel.com\/en\/wp-json\/wp\/v2\/marca-interior-mujer?post=3800"},{"taxonomy":"marca-mujer","embeddable":true,"href":"https:\/\/modasabel.com\/en\/wp-json\/wp\/v2\/marca-mujer?post=3800"},{"taxonomy":"product_brand","embeddable":true,"href":"https:\/\/modasabel.com\/en\/wp-json\/wp\/v2\/product_brand?post=3800"},{"taxonomy":"product_cat","embeddable":true,"href":"https:\/\/modasabel.com\/en\/wp-json\/wp\/v2\/product_cat?post=3800"},{"taxonomy":"product_tag","embeddable":true,"href":"https:\/\/modasabel.com\/en\/wp-json\/wp\/v2\/product_tag?post=3800"}],"curies":[{"name":"wp","href":"https:\/\/api.w.org\/{rel}","templated":true}]}}