{"id":3013,"date":"2024-03-16T11:33:40","date_gmt":"2024-03-16T10:33:40","guid":{"rendered":"https:\/\/modasabel.com\/?post_type=product&#038;p=3013"},"modified":"2026-01-14T17:30:24","modified_gmt":"2026-01-14T16:30:24","slug":"camiseta-tys-skater-freedom","status":"publish","type":"product","link":"https:\/\/modasabel.com\/en\/producto\/camiseta-tys-skater-freedom\/","title":{"rendered":"Camiseta TYS Skater Freedom"},"content":{"rendered":"<p>La Camiseta TYS Skater Freedom es un homenaje a la libertad sobre ruedas. Su estampado muestra a un carism\u00e1tico personaje disfrutando del skate, acompa\u00f1ado del lema &#8216;FREEDOM&#8217; que subraya un estilo de vida sin ataduras. En un tono gris vers\u00e1til, esta camiseta es ideal para aquellos que viven con pasi\u00f3n y buscan expresar su individualidad<\/p>\n<p>Composici\u00f3n: 100% Algod\u00f3n<\/p>\n","protected":false},"excerpt":{"rendered":"<p>La Camiseta TYS Skater Freedom es un homenaje a la libertad sobre ruedas. Su estampado muestra a un carism\u00e1tico personaje disfrutando del skate, acompa\u00f1ado del lema &#8216;FREEDOM&#8217; que subraya un estilo de vida sin ataduras. En un tono gris vers\u00e1til, esta camiseta es ideal para aquellos que viven con pasi\u00f3n y buscan expresar su individualidad [&hellip;]<\/p>\n","protected":false},"featured_media":3017,"comment_status":"closed","ping_status":"closed","template":"","meta":{"_acf_changed":false,"site-sidebar-layout":"default","site-content-layout":"","ast-site-content-layout":"default","site-content-style":"default","site-sidebar-style":"default","ast-global-header-display":"","ast-banner-title-visibility":"","ast-main-header-display":"","ast-hfb-above-header-display":"","ast-hfb-below-header-display":"","ast-hfb-mobile-header-display":"","site-post-title":"","ast-breadcrumbs-content":"","ast-featured-img":"","footer-sml-layout":"","ast-disable-related-posts":"","theme-transparent-header-meta":"default","adv-header-id-meta":"","stick-header-meta":"","header-above-stick-meta":"","header-main-stick-meta":"","header-below-stick-meta":"","astra-migrate-meta-layouts":"set","ast-page-background-enabled":"default","ast-page-background-meta":{"desktop":{"background-color":"var(--ast-global-color-4)","background-image":"","background-repeat":"repeat","background-position":"center center","background-size":"auto","background-attachment":"scroll","background-type":"","background-media":"","overlay-type":"","overlay-color":"","overlay-opacity":"","overlay-gradient":""},"tablet":{"background-color":"","background-image":"","background-repeat":"repeat","background-position":"center center","background-size":"auto","background-attachment":"scroll","background-type":"","background-media":"","overlay-type":"","overlay-color":"","overlay-opacity":"","overlay-gradient":""},"mobile":{"background-color":"","background-image":"","background-repeat":"repeat","background-position":"center center","background-size":"auto","background-attachment":"scroll","background-type":"","background-media":"","overlay-type":"","overlay-color":"","overlay-opacity":"","overlay-gradient":""}},"ast-content-background-meta":{"desktop":{"background-color":"var(--ast-global-color-5)","background-image":"","background-repeat":"repeat","background-position":"center center","background-size":"auto","background-attachment":"scroll","background-type":"","background-media":"","overlay-type":"","overlay-color":"","overlay-opacity":"","overlay-gradient":""},"tablet":{"background-color":"var(--ast-global-color-5)","background-image":"","background-repeat":"repeat","background-position":"center center","background-size":"auto","background-attachment":"scroll","background-type":"","background-media":"","overlay-type":"","overlay-color":"","overlay-opacity":"","overlay-gradient":""},"mobile":{"background-color":"var(--ast-global-color-5)","background-image":"","background-repeat":"repeat","background-position":"center center","background-size":"auto","background-attachment":"scroll","background-type":"","background-media":"","overlay-type":"","overlay-color":"","overlay-opacity":"","overlay-gradient":""}}},"marca-hombre":[201],"marca-interior-hombre":[],"marca-interior-mujer":[],"marca-mujer":[],"product_brand":[],"product_cat":[39,17],"product_tag":[],"class_list":{"0":"post-3013","1":"product","2":"type-product","3":"status-publish","4":"has-post-thumbnail","6":"marca-hombre-tys-camisetas","7":"product_cat-camisetas","8":"product_cat-hombre","9":"pa_tallas-camisetas-2xl","10":"pa_tallas-camisetas-l","11":"pa_tallas-camisetas-xl","12":"desktop-align-left","13":"tablet-align-left","14":"mobile-align-left","16":"first","17":"instock","18":"sale","19":"taxable","20":"shipping-taxable","21":"purchasable","22":"product-type-variable"},"acf":[],"yoast_head":"<!-- This site is optimized with the Yoast SEO plugin v22.1 - https:\/\/yoast.com\/wordpress\/plugins\/seo\/ -->\n<title>Camiseta TYS Skater Freedom - MODA SABEL<\/title>\n<meta name=\"description\" content=\"La Camiseta TYS Skater Freedom es un homenaje a la libertad sobre ruedas. Su estampado muestra a un carism\u00e1tico personaje disfrutando del skate, acompa\u00f1ado del lema &#039;FREEDOM&#039; que subraya un estilo de vida sin ataduras. En un tono gris vers\u00e1til, esta camiseta es ideal para aquellos que viven con pasi\u00f3n y buscan expresar su individualidad\" \/>\n<meta name=\"robots\" content=\"index, follow, max-snippet:-1, max-image-preview:large, max-video-preview:-1\" \/>\n<link rel=\"canonical\" href=\"https:\/\/modasabel.com\/en\/producto\/camiseta-tys-skater-freedom\/\" \/>\n<meta property=\"og:locale\" content=\"en_US\" \/>\n<meta property=\"og:type\" content=\"article\" \/>\n<meta property=\"og:title\" content=\"Camiseta TYS Skater Freedom - MODA SABEL\" \/>\n<meta property=\"og:description\" content=\"La Camiseta TYS Skater Freedom es un homenaje a la libertad sobre ruedas. Su estampado muestra a un carism\u00e1tico personaje disfrutando del skate, acompa\u00f1ado del lema &#039;FREEDOM&#039; que subraya un estilo de vida sin ataduras. En un tono gris vers\u00e1til, esta camiseta es ideal para aquellos que viven con pasi\u00f3n y buscan expresar su individualidad\" \/>\n<meta property=\"og:url\" content=\"https:\/\/modasabel.com\/en\/producto\/camiseta-tys-skater-freedom\/\" \/>\n<meta property=\"og:site_name\" content=\"MODA SABEL\" \/>\n<meta property=\"article:modified_time\" content=\"2026-01-14T16:30:24+00:00\" \/>\n<meta property=\"og:image\" content=\"https:\/\/modasabel.com\/wp-content\/uploads\/2024\/03\/camiseta-canillas-24C33.jpg\" \/>\n\t<meta property=\"og:image:width\" content=\"700\" \/>\n\t<meta property=\"og:image:height\" content=\"800\" \/>\n\t<meta property=\"og:image:type\" content=\"image\/jpeg\" \/>\n<meta name=\"twitter:card\" content=\"summary_large_image\" \/>\n<meta name=\"twitter:label1\" content=\"Est. reading time\" \/>\n\t<meta name=\"twitter:data1\" content=\"1 minute\" \/>\n<script type=\"application\/ld+json\" class=\"yoast-schema-graph\">{\"@context\":\"https:\/\/schema.org\",\"@graph\":[{\"@type\":\"WebPage\",\"@id\":\"https:\/\/modasabel.com\/en\/producto\/camiseta-tys-skater-freedom\/\",\"url\":\"https:\/\/modasabel.com\/en\/producto\/camiseta-tys-skater-freedom\/\",\"name\":\"Camiseta TYS Skater Freedom - MODA SABEL\",\"isPartOf\":{\"@id\":\"https:\/\/modasabel.com\/en\/#website\"},\"datePublished\":\"2024-03-16T10:33:40+00:00\",\"dateModified\":\"2026-01-14T16:30:24+00:00\",\"description\":\"La Camiseta TYS Skater Freedom es un homenaje a la libertad sobre ruedas. Su estampado muestra a un carism\u00e1tico personaje disfrutando del skate, acompa\u00f1ado del lema 'FREEDOM' que subraya un estilo de vida sin ataduras. En un tono gris vers\u00e1til, esta camiseta es ideal para aquellos que viven con pasi\u00f3n y buscan expresar su individualidad\",\"breadcrumb\":{\"@id\":\"https:\/\/modasabel.com\/en\/producto\/camiseta-tys-skater-freedom\/#breadcrumb\"},\"inLanguage\":\"en-US\",\"potentialAction\":[{\"@type\":\"ReadAction\",\"target\":[\"https:\/\/modasabel.com\/en\/producto\/camiseta-tys-skater-freedom\/\"]}]},{\"@type\":\"BreadcrumbList\",\"@id\":\"https:\/\/modasabel.com\/en\/producto\/camiseta-tys-skater-freedom\/#breadcrumb\",\"itemListElement\":[{\"@type\":\"ListItem\",\"position\":1,\"name\":\"Inicio\",\"item\":\"https:\/\/modasabel.com\/en\/\"},{\"@type\":\"ListItem\",\"position\":2,\"name\":\"Tienda\",\"item\":\"https:\/\/modasabel.com\/tienda\/\"},{\"@type\":\"ListItem\",\"position\":3,\"name\":\"Camiseta TYS Skater Freedom\"}]},{\"@type\":\"WebSite\",\"@id\":\"https:\/\/modasabel.com\/en\/#website\",\"url\":\"https:\/\/modasabel.com\/en\/\",\"name\":\"MODA SABEL\",\"description\":\"Marcas de ropa hombre y mujer\",\"potentialAction\":[{\"@type\":\"SearchAction\",\"target\":{\"@type\":\"EntryPoint\",\"urlTemplate\":\"https:\/\/modasabel.com\/en\/?s={search_term_string}\"},\"query-input\":\"required name=search_term_string\"}],\"inLanguage\":\"en-US\"}]}<\/script>\n<!-- \/ Yoast SEO plugin. -->","yoast_head_json":{"title":"Camiseta TYS Skater Freedom - MODA SABEL","description":"La Camiseta TYS Skater Freedom es un homenaje a la libertad sobre ruedas. Su estampado muestra a un carism\u00e1tico personaje disfrutando del skate, acompa\u00f1ado del lema 'FREEDOM' que subraya un estilo de vida sin ataduras. En un tono gris vers\u00e1til, esta camiseta es ideal para aquellos que viven con pasi\u00f3n y buscan expresar su individualidad","robots":{"index":"index","follow":"follow","max-snippet":"max-snippet:-1","max-image-preview":"max-image-preview:large","max-video-preview":"max-video-preview:-1"},"canonical":"https:\/\/modasabel.com\/en\/producto\/camiseta-tys-skater-freedom\/","og_locale":"en_US","og_type":"article","og_title":"Camiseta TYS Skater Freedom - MODA SABEL","og_description":"La Camiseta TYS Skater Freedom es un homenaje a la libertad sobre ruedas. Su estampado muestra a un carism\u00e1tico personaje disfrutando del skate, acompa\u00f1ado del lema 'FREEDOM' que subraya un estilo de vida sin ataduras. En un tono gris vers\u00e1til, esta camiseta es ideal para aquellos que viven con pasi\u00f3n y buscan expresar su individualidad","og_url":"https:\/\/modasabel.com\/en\/producto\/camiseta-tys-skater-freedom\/","og_site_name":"MODA SABEL","article_modified_time":"2026-01-14T16:30:24+00:00","og_image":[{"width":700,"height":800,"url":"https:\/\/modasabel.com\/wp-content\/uploads\/2024\/03\/camiseta-canillas-24C33.jpg","type":"image\/jpeg"}],"twitter_card":"summary_large_image","twitter_misc":{"Est. reading time":"1 minute"},"schema":{"@context":"https:\/\/schema.org","@graph":[{"@type":"WebPage","@id":"https:\/\/modasabel.com\/en\/producto\/camiseta-tys-skater-freedom\/","url":"https:\/\/modasabel.com\/en\/producto\/camiseta-tys-skater-freedom\/","name":"Camiseta TYS Skater Freedom - MODA SABEL","isPartOf":{"@id":"https:\/\/modasabel.com\/en\/#website"},"datePublished":"2024-03-16T10:33:40+00:00","dateModified":"2026-01-14T16:30:24+00:00","description":"La Camiseta TYS Skater Freedom es un homenaje a la libertad sobre ruedas. Su estampado muestra a un carism\u00e1tico personaje disfrutando del skate, acompa\u00f1ado del lema 'FREEDOM' que subraya un estilo de vida sin ataduras. En un tono gris vers\u00e1til, esta camiseta es ideal para aquellos que viven con pasi\u00f3n y buscan expresar su individualidad","breadcrumb":{"@id":"https:\/\/modasabel.com\/en\/producto\/camiseta-tys-skater-freedom\/#breadcrumb"},"inLanguage":"en-US","potentialAction":[{"@type":"ReadAction","target":["https:\/\/modasabel.com\/en\/producto\/camiseta-tys-skater-freedom\/"]}]},{"@type":"BreadcrumbList","@id":"https:\/\/modasabel.com\/en\/producto\/camiseta-tys-skater-freedom\/#breadcrumb","itemListElement":[{"@type":"ListItem","position":1,"name":"Inicio","item":"https:\/\/modasabel.com\/en\/"},{"@type":"ListItem","position":2,"name":"Tienda","item":"https:\/\/modasabel.com\/tienda\/"},{"@type":"ListItem","position":3,"name":"Camiseta TYS Skater Freedom"}]},{"@type":"WebSite","@id":"https:\/\/modasabel.com\/en\/#website","url":"https:\/\/modasabel.com\/en\/","name":"MODA SABEL","description":"Marcas de ropa hombre y mujer","potentialAction":[{"@type":"SearchAction","target":{"@type":"EntryPoint","urlTemplate":"https:\/\/modasabel.com\/en\/?s={search_term_string}"},"query-input":"required name=search_term_string"}],"inLanguage":"en-US"}]}},"_links":{"self":[{"href":"https:\/\/modasabel.com\/en\/wp-json\/wp\/v2\/product\/3013","targetHints":{"allow":["GET"]}}],"collection":[{"href":"https:\/\/modasabel.com\/en\/wp-json\/wp\/v2\/product"}],"about":[{"href":"https:\/\/modasabel.com\/en\/wp-json\/wp\/v2\/types\/product"}],"replies":[{"embeddable":true,"href":"https:\/\/modasabel.com\/en\/wp-json\/wp\/v2\/comments?post=3013"}],"wp:featuredmedia":[{"embeddable":true,"href":"https:\/\/modasabel.com\/en\/wp-json\/wp\/v2\/media\/3017"}],"wp:attachment":[{"href":"https:\/\/modasabel.com\/en\/wp-json\/wp\/v2\/media?parent=3013"}],"wp:term":[{"taxonomy":"marca-hombre","embeddable":true,"href":"https:\/\/modasabel.com\/en\/wp-json\/wp\/v2\/marca-hombre?post=3013"},{"taxonomy":"marca-interior-hombre","embeddable":true,"href":"https:\/\/modasabel.com\/en\/wp-json\/wp\/v2\/marca-interior-hombre?post=3013"},{"taxonomy":"marca-interior-mujer","embeddable":true,"href":"https:\/\/modasabel.com\/en\/wp-json\/wp\/v2\/marca-interior-mujer?post=3013"},{"taxonomy":"marca-mujer","embeddable":true,"href":"https:\/\/modasabel.com\/en\/wp-json\/wp\/v2\/marca-mujer?post=3013"},{"taxonomy":"product_brand","embeddable":true,"href":"https:\/\/modasabel.com\/en\/wp-json\/wp\/v2\/product_brand?post=3013"},{"taxonomy":"product_cat","embeddable":true,"href":"https:\/\/modasabel.com\/en\/wp-json\/wp\/v2\/product_cat?post=3013"},{"taxonomy":"product_tag","embeddable":true,"href":"https:\/\/modasabel.com\/en\/wp-json\/wp\/v2\/product_tag?post=3013"}],"curies":[{"name":"wp","href":"https:\/\/api.w.org\/{rel}","templated":true}]}}