{"id":2988,"date":"2024-03-16T10:52:43","date_gmt":"2024-03-16T09:52:43","guid":{"rendered":"https:\/\/modasabel.com\/?post_type=product&#038;p=2988"},"modified":"2025-01-13T13:01:46","modified_gmt":"2025-01-13T12:01:46","slug":"camiseta-tys-seat-heritage-race","status":"publish","type":"product","link":"https:\/\/modasabel.com\/en\/producto\/camiseta-tys-seat-heritage-race\/","title":{"rendered":"Camiseta TYS Seat Heritage Race"},"content":{"rendered":"<p>La Camiseta TYS Heritage Racer rinde homenaje a los cl\u00e1sicos del automovilismo. Con un estampado vintage de un coche de carreras y el nombre SEAT, esta pieza en gris esencial captura la pasi\u00f3n por la velocidad y el dise\u00f1o retro. Ideal para los aficionados de los coches y la moda con historia<\/p>\n<p>Composici\u00f3n: 100% Algod\u00f3n<\/p>\n","protected":false},"excerpt":{"rendered":"<p>La Camiseta TYS Heritage Racer rinde homenaje a los cl\u00e1sicos del automovilismo. Con un estampado vintage de un coche de carreras y el nombre SEAT, esta pieza en gris esencial captura la pasi\u00f3n por la velocidad y el dise\u00f1o retro. Ideal para los aficionados de los coches y la moda con historia Composici\u00f3n: 100% Algod\u00f3n<\/p>\n","protected":false},"featured_media":2993,"comment_status":"closed","ping_status":"closed","template":"","meta":{"_acf_changed":false,"site-sidebar-layout":"default","site-content-layout":"","ast-site-content-layout":"default","site-content-style":"default","site-sidebar-style":"default","ast-global-header-display":"","ast-banner-title-visibility":"","ast-main-header-display":"","ast-hfb-above-header-display":"","ast-hfb-below-header-display":"","ast-hfb-mobile-header-display":"","site-post-title":"","ast-breadcrumbs-content":"","ast-featured-img":"","footer-sml-layout":"","ast-disable-related-posts":"","theme-transparent-header-meta":"default","adv-header-id-meta":"","stick-header-meta":"","header-above-stick-meta":"","header-main-stick-meta":"","header-below-stick-meta":"","astra-migrate-meta-layouts":"set","ast-page-background-enabled":"default","ast-page-background-meta":{"desktop":{"background-color":"var(--ast-global-color-4)","background-image":"","background-repeat":"repeat","background-position":"center center","background-size":"auto","background-attachment":"scroll","background-type":"","background-media":"","overlay-type":"","overlay-color":"","overlay-opacity":"","overlay-gradient":""},"tablet":{"background-color":"","background-image":"","background-repeat":"repeat","background-position":"center center","background-size":"auto","background-attachment":"scroll","background-type":"","background-media":"","overlay-type":"","overlay-color":"","overlay-opacity":"","overlay-gradient":""},"mobile":{"background-color":"","background-image":"","background-repeat":"repeat","background-position":"center center","background-size":"auto","background-attachment":"scroll","background-type":"","background-media":"","overlay-type":"","overlay-color":"","overlay-opacity":"","overlay-gradient":""}},"ast-content-background-meta":{"desktop":{"background-color":"var(--ast-global-color-5)","background-image":"","background-repeat":"repeat","background-position":"center center","background-size":"auto","background-attachment":"scroll","background-type":"","background-media":"","overlay-type":"","overlay-color":"","overlay-opacity":"","overlay-gradient":""},"tablet":{"background-color":"var(--ast-global-color-5)","background-image":"","background-repeat":"repeat","background-position":"center center","background-size":"auto","background-attachment":"scroll","background-type":"","background-media":"","overlay-type":"","overlay-color":"","overlay-opacity":"","overlay-gradient":""},"mobile":{"background-color":"var(--ast-global-color-5)","background-image":"","background-repeat":"repeat","background-position":"center center","background-size":"auto","background-attachment":"scroll","background-type":"","background-media":"","overlay-type":"","overlay-color":"","overlay-opacity":"","overlay-gradient":""}}},"marca-hombre":[201],"marca-interior-hombre":[],"marca-interior-mujer":[],"marca-mujer":[],"product_brand":[],"product_cat":[39,17],"product_tag":[],"class_list":{"0":"post-2988","1":"product","2":"type-product","3":"status-publish","4":"has-post-thumbnail","6":"marca-hombre-tys-camisetas","7":"product_cat-camisetas","8":"product_cat-hombre","9":"pa_tallas-camisetas-2xl","10":"pa_tallas-camisetas-l","11":"pa_tallas-camisetas-m","12":"pa_tallas-camisetas-xl","13":"desktop-align-left","14":"tablet-align-left","15":"mobile-align-left","17":"first","18":"instock","19":"sale","20":"taxable","21":"shipping-taxable","22":"purchasable","23":"product-type-variable"},"acf":[],"yoast_head":"<!-- This site is optimized with the Yoast SEO plugin v22.1 - https:\/\/yoast.com\/wordpress\/plugins\/seo\/ -->\n<title>Camiseta TYS Seat Heritage Race - MODA SABEL<\/title>\n<meta name=\"description\" content=\"La Camiseta TYS Heritage Racer rinde homenaje a los cl\u00e1sicos del automovilismo. Con un estampado vintage de un coche de carreras y el nombre SEAT, esta pieza en gris esencial captura la pasi\u00f3n por la velocidad y el dise\u00f1o retro. Ideal para los aficionados de los coches y la moda con historia Composici\u00f3n: 100% Algod\u00f3n\" \/>\n<meta name=\"robots\" content=\"index, follow, max-snippet:-1, max-image-preview:large, max-video-preview:-1\" \/>\n<link rel=\"canonical\" href=\"https:\/\/modasabel.com\/en\/producto\/camiseta-tys-seat-heritage-race\/\" \/>\n<meta property=\"og:locale\" content=\"en_US\" \/>\n<meta property=\"og:type\" content=\"article\" \/>\n<meta property=\"og:title\" content=\"Camiseta TYS Seat Heritage Race - MODA SABEL\" \/>\n<meta property=\"og:description\" content=\"La Camiseta TYS Heritage Racer rinde homenaje a los cl\u00e1sicos del automovilismo. Con un estampado vintage de un coche de carreras y el nombre SEAT, esta pieza en gris esencial captura la pasi\u00f3n por la velocidad y el dise\u00f1o retro. Ideal para los aficionados de los coches y la moda con historia Composici\u00f3n: 100% Algod\u00f3n\" \/>\n<meta property=\"og:url\" content=\"https:\/\/modasabel.com\/en\/producto\/camiseta-tys-seat-heritage-race\/\" \/>\n<meta property=\"og:site_name\" content=\"MODA SABEL\" \/>\n<meta property=\"article:modified_time\" content=\"2025-01-13T12:01:46+00:00\" \/>\n<meta property=\"og:image\" content=\"https:\/\/modasabel.com\/wp-content\/uploads\/2024\/03\/camiseta-1430-24C46.jpg\" \/>\n\t<meta property=\"og:image:width\" content=\"700\" \/>\n\t<meta property=\"og:image:height\" content=\"800\" \/>\n\t<meta property=\"og:image:type\" content=\"image\/jpeg\" \/>\n<meta name=\"twitter:card\" content=\"summary_large_image\" \/>\n<meta name=\"twitter:label1\" content=\"Est. reading time\" \/>\n\t<meta name=\"twitter:data1\" content=\"1 minute\" \/>\n<script type=\"application\/ld+json\" class=\"yoast-schema-graph\">{\"@context\":\"https:\/\/schema.org\",\"@graph\":[{\"@type\":\"WebPage\",\"@id\":\"https:\/\/modasabel.com\/en\/producto\/camiseta-tys-seat-heritage-race\/\",\"url\":\"https:\/\/modasabel.com\/en\/producto\/camiseta-tys-seat-heritage-race\/\",\"name\":\"Camiseta TYS Seat Heritage Race - MODA SABEL\",\"isPartOf\":{\"@id\":\"https:\/\/modasabel.com\/en\/#website\"},\"datePublished\":\"2024-03-16T09:52:43+00:00\",\"dateModified\":\"2025-01-13T12:01:46+00:00\",\"description\":\"La Camiseta TYS Heritage Racer rinde homenaje a los cl\u00e1sicos del automovilismo. Con un estampado vintage de un coche de carreras y el nombre SEAT, esta pieza en gris esencial captura la pasi\u00f3n por la velocidad y el dise\u00f1o retro. Ideal para los aficionados de los coches y la moda con historia Composici\u00f3n: 100% Algod\u00f3n\",\"breadcrumb\":{\"@id\":\"https:\/\/modasabel.com\/en\/producto\/camiseta-tys-seat-heritage-race\/#breadcrumb\"},\"inLanguage\":\"en-US\",\"potentialAction\":[{\"@type\":\"ReadAction\",\"target\":[\"https:\/\/modasabel.com\/en\/producto\/camiseta-tys-seat-heritage-race\/\"]}]},{\"@type\":\"BreadcrumbList\",\"@id\":\"https:\/\/modasabel.com\/en\/producto\/camiseta-tys-seat-heritage-race\/#breadcrumb\",\"itemListElement\":[{\"@type\":\"ListItem\",\"position\":1,\"name\":\"Inicio\",\"item\":\"https:\/\/modasabel.com\/en\/\"},{\"@type\":\"ListItem\",\"position\":2,\"name\":\"Tienda\",\"item\":\"https:\/\/modasabel.com\/tienda\/\"},{\"@type\":\"ListItem\",\"position\":3,\"name\":\"Camiseta TYS Seat Heritage Race\"}]},{\"@type\":\"WebSite\",\"@id\":\"https:\/\/modasabel.com\/en\/#website\",\"url\":\"https:\/\/modasabel.com\/en\/\",\"name\":\"MODA SABEL\",\"description\":\"Marcas de ropa hombre y mujer\",\"potentialAction\":[{\"@type\":\"SearchAction\",\"target\":{\"@type\":\"EntryPoint\",\"urlTemplate\":\"https:\/\/modasabel.com\/en\/?s={search_term_string}\"},\"query-input\":\"required name=search_term_string\"}],\"inLanguage\":\"en-US\"}]}<\/script>\n<!-- \/ Yoast SEO plugin. -->","yoast_head_json":{"title":"Camiseta TYS Seat Heritage Race - MODA SABEL","description":"La Camiseta TYS Heritage Racer rinde homenaje a los cl\u00e1sicos del automovilismo. Con un estampado vintage de un coche de carreras y el nombre SEAT, esta pieza en gris esencial captura la pasi\u00f3n por la velocidad y el dise\u00f1o retro. Ideal para los aficionados de los coches y la moda con historia Composici\u00f3n: 100% Algod\u00f3n","robots":{"index":"index","follow":"follow","max-snippet":"max-snippet:-1","max-image-preview":"max-image-preview:large","max-video-preview":"max-video-preview:-1"},"canonical":"https:\/\/modasabel.com\/en\/producto\/camiseta-tys-seat-heritage-race\/","og_locale":"en_US","og_type":"article","og_title":"Camiseta TYS Seat Heritage Race - MODA SABEL","og_description":"La Camiseta TYS Heritage Racer rinde homenaje a los cl\u00e1sicos del automovilismo. Con un estampado vintage de un coche de carreras y el nombre SEAT, esta pieza en gris esencial captura la pasi\u00f3n por la velocidad y el dise\u00f1o retro. Ideal para los aficionados de los coches y la moda con historia Composici\u00f3n: 100% Algod\u00f3n","og_url":"https:\/\/modasabel.com\/en\/producto\/camiseta-tys-seat-heritage-race\/","og_site_name":"MODA SABEL","article_modified_time":"2025-01-13T12:01:46+00:00","og_image":[{"width":700,"height":800,"url":"https:\/\/modasabel.com\/wp-content\/uploads\/2024\/03\/camiseta-1430-24C46.jpg","type":"image\/jpeg"}],"twitter_card":"summary_large_image","twitter_misc":{"Est. reading time":"1 minute"},"schema":{"@context":"https:\/\/schema.org","@graph":[{"@type":"WebPage","@id":"https:\/\/modasabel.com\/en\/producto\/camiseta-tys-seat-heritage-race\/","url":"https:\/\/modasabel.com\/en\/producto\/camiseta-tys-seat-heritage-race\/","name":"Camiseta TYS Seat Heritage Race - MODA SABEL","isPartOf":{"@id":"https:\/\/modasabel.com\/en\/#website"},"datePublished":"2024-03-16T09:52:43+00:00","dateModified":"2025-01-13T12:01:46+00:00","description":"La Camiseta TYS Heritage Racer rinde homenaje a los cl\u00e1sicos del automovilismo. Con un estampado vintage de un coche de carreras y el nombre SEAT, esta pieza en gris esencial captura la pasi\u00f3n por la velocidad y el dise\u00f1o retro. Ideal para los aficionados de los coches y la moda con historia Composici\u00f3n: 100% Algod\u00f3n","breadcrumb":{"@id":"https:\/\/modasabel.com\/en\/producto\/camiseta-tys-seat-heritage-race\/#breadcrumb"},"inLanguage":"en-US","potentialAction":[{"@type":"ReadAction","target":["https:\/\/modasabel.com\/en\/producto\/camiseta-tys-seat-heritage-race\/"]}]},{"@type":"BreadcrumbList","@id":"https:\/\/modasabel.com\/en\/producto\/camiseta-tys-seat-heritage-race\/#breadcrumb","itemListElement":[{"@type":"ListItem","position":1,"name":"Inicio","item":"https:\/\/modasabel.com\/en\/"},{"@type":"ListItem","position":2,"name":"Tienda","item":"https:\/\/modasabel.com\/tienda\/"},{"@type":"ListItem","position":3,"name":"Camiseta TYS Seat Heritage Race"}]},{"@type":"WebSite","@id":"https:\/\/modasabel.com\/en\/#website","url":"https:\/\/modasabel.com\/en\/","name":"MODA SABEL","description":"Marcas de ropa hombre y mujer","potentialAction":[{"@type":"SearchAction","target":{"@type":"EntryPoint","urlTemplate":"https:\/\/modasabel.com\/en\/?s={search_term_string}"},"query-input":"required name=search_term_string"}],"inLanguage":"en-US"}]}},"_links":{"self":[{"href":"https:\/\/modasabel.com\/en\/wp-json\/wp\/v2\/product\/2988","targetHints":{"allow":["GET"]}}],"collection":[{"href":"https:\/\/modasabel.com\/en\/wp-json\/wp\/v2\/product"}],"about":[{"href":"https:\/\/modasabel.com\/en\/wp-json\/wp\/v2\/types\/product"}],"replies":[{"embeddable":true,"href":"https:\/\/modasabel.com\/en\/wp-json\/wp\/v2\/comments?post=2988"}],"wp:featuredmedia":[{"embeddable":true,"href":"https:\/\/modasabel.com\/en\/wp-json\/wp\/v2\/media\/2993"}],"wp:attachment":[{"href":"https:\/\/modasabel.com\/en\/wp-json\/wp\/v2\/media?parent=2988"}],"wp:term":[{"taxonomy":"marca-hombre","embeddable":true,"href":"https:\/\/modasabel.com\/en\/wp-json\/wp\/v2\/marca-hombre?post=2988"},{"taxonomy":"marca-interior-hombre","embeddable":true,"href":"https:\/\/modasabel.com\/en\/wp-json\/wp\/v2\/marca-interior-hombre?post=2988"},{"taxonomy":"marca-interior-mujer","embeddable":true,"href":"https:\/\/modasabel.com\/en\/wp-json\/wp\/v2\/marca-interior-mujer?post=2988"},{"taxonomy":"marca-mujer","embeddable":true,"href":"https:\/\/modasabel.com\/en\/wp-json\/wp\/v2\/marca-mujer?post=2988"},{"taxonomy":"product_brand","embeddable":true,"href":"https:\/\/modasabel.com\/en\/wp-json\/wp\/v2\/product_brand?post=2988"},{"taxonomy":"product_cat","embeddable":true,"href":"https:\/\/modasabel.com\/en\/wp-json\/wp\/v2\/product_cat?post=2988"},{"taxonomy":"product_tag","embeddable":true,"href":"https:\/\/modasabel.com\/en\/wp-json\/wp\/v2\/product_tag?post=2988"}],"curies":[{"name":"wp","href":"https:\/\/api.w.org\/{rel}","templated":true}]}}