{"id":2650,"date":"2024-03-14T11:30:35","date_gmt":"2024-03-14T10:30:35","guid":{"rendered":"https:\/\/modasabel.com\/?post_type=product&#038;p=2650"},"modified":"2026-01-14T17:28:06","modified_gmt":"2026-01-14T16:28:06","slug":"jeans-hombre-sixvalves-slim-noir","status":"publish","type":"product","link":"https:\/\/modasabel.com\/en\/producto\/jeans-hombre-sixvalves-slim-noir\/","title":{"rendered":"Jeans hombre Sixvalves Slim Noir"},"content":{"rendered":"<table style=\"border-collapse: collapse; width: 1034px; height: 541px;\" border=\"0\" width=\"88\" cellspacing=\"0\" cellpadding=\"0\">\n<tbody>\n<tr style=\"height: 17.25pt;\">\n<td class=\"xl65\" style=\"height: 17.25pt; width: 66pt;\" width=\"88\" height=\"23\">Atr\u00e9vete a destacar con el Denim Sixvalves Slim Negro. Su dise\u00f1o pitillo y color intenso son el lienzo perfecto para cualquier look, desde el m\u00e1s casual hasta el m\u00e1s elegante. Es el jean que promete versatilidad y estilo sin esfuerzo en tu vestuario.<\/td>\n<\/tr>\n<\/tbody>\n<\/table>\n","protected":false},"excerpt":{"rendered":"<p>Atr\u00e9vete a destacar con el Denim Sixvalves Slim Negro. Su dise\u00f1o pitillo y color intenso son el lienzo perfecto para cualquier look, desde el m\u00e1s casual hasta el m\u00e1s elegante. Es el jean que promete versatilidad y estilo sin esfuerzo en tu vestuario.<\/p>\n","protected":false},"featured_media":2657,"comment_status":"closed","ping_status":"closed","template":"","meta":{"_acf_changed":false,"site-sidebar-layout":"default","site-content-layout":"","ast-site-content-layout":"default","site-content-style":"default","site-sidebar-style":"default","ast-global-header-display":"","ast-banner-title-visibility":"","ast-main-header-display":"","ast-hfb-above-header-display":"","ast-hfb-below-header-display":"","ast-hfb-mobile-header-display":"","site-post-title":"","ast-breadcrumbs-content":"","ast-featured-img":"","footer-sml-layout":"","ast-disable-related-posts":"","theme-transparent-header-meta":"default","adv-header-id-meta":"","stick-header-meta":"","header-above-stick-meta":"","header-main-stick-meta":"","header-below-stick-meta":"","astra-migrate-meta-layouts":"set","ast-page-background-enabled":"default","ast-page-background-meta":{"desktop":{"background-color":"var(--ast-global-color-4)","background-image":"","background-repeat":"repeat","background-position":"center center","background-size":"auto","background-attachment":"scroll","background-type":"","background-media":"","overlay-type":"","overlay-color":"","overlay-opacity":"","overlay-gradient":""},"tablet":{"background-color":"","background-image":"","background-repeat":"repeat","background-position":"center center","background-size":"auto","background-attachment":"scroll","background-type":"","background-media":"","overlay-type":"","overlay-color":"","overlay-opacity":"","overlay-gradient":""},"mobile":{"background-color":"","background-image":"","background-repeat":"repeat","background-position":"center center","background-size":"auto","background-attachment":"scroll","background-type":"","background-media":"","overlay-type":"","overlay-color":"","overlay-opacity":"","overlay-gradient":""}},"ast-content-background-meta":{"desktop":{"background-color":"var(--ast-global-color-5)","background-image":"","background-repeat":"repeat","background-position":"center center","background-size":"auto","background-attachment":"scroll","background-type":"","background-media":"","overlay-type":"","overlay-color":"","overlay-opacity":"","overlay-gradient":""},"tablet":{"background-color":"var(--ast-global-color-5)","background-image":"","background-repeat":"repeat","background-position":"center center","background-size":"auto","background-attachment":"scroll","background-type":"","background-media":"","overlay-type":"","overlay-color":"","overlay-opacity":"","overlay-gradient":""},"mobile":{"background-color":"var(--ast-global-color-5)","background-image":"","background-repeat":"repeat","background-position":"center center","background-size":"auto","background-attachment":"scroll","background-type":"","background-media":"","overlay-type":"","overlay-color":"","overlay-opacity":"","overlay-gradient":""}}},"marca-hombre":[200],"marca-interior-hombre":[],"marca-interior-mujer":[],"marca-mujer":[],"product_brand":[],"product_cat":[17,38],"product_tag":[],"class_list":{"0":"post-2650","1":"product","2":"type-product","3":"status-publish","4":"has-post-thumbnail","6":"marca-hombre-sixvalves","7":"product_cat-hombre","8":"product_cat-tejanos","9":"pa_tallas-pantalon-hombre-119","10":"pa_tallas-pantalon-hombre-120","11":"pa_tallas-pantalon-hombre-122","12":"pa_tallas-pantalon-hombre-123","13":"pa_tallas-pantalon-hombre-124","14":"pa_tallas-pantalon-hombre-125","15":"desktop-align-left","16":"tablet-align-left","17":"mobile-align-left","19":"first","20":"instock","21":"sale","22":"taxable","23":"shipping-taxable","24":"purchasable","25":"product-type-variable"},"acf":[],"yoast_head":"<!-- This site is optimized with the Yoast SEO plugin v22.1 - https:\/\/yoast.com\/wordpress\/plugins\/seo\/ -->\n<title>Jeans hombre Sixvalves Slim Noir - MODA SABEL<\/title>\n<meta name=\"description\" content=\"Atr\u00e9vete a destacar con el Denim Sixvalves Slim Negro. Su dise\u00f1o pitillo y color intenso son el lienzo perfecto para cualquier look, desde el m\u00e1s casual hasta el m\u00e1s elegante. Es el jean que promete versatilidad y estilo sin esfuerzo en tu vestuario.\" \/>\n<meta name=\"robots\" content=\"index, follow, max-snippet:-1, max-image-preview:large, max-video-preview:-1\" \/>\n<link rel=\"canonical\" href=\"https:\/\/modasabel.com\/en\/producto\/jeans-hombre-sixvalves-slim-noir\/\" \/>\n<meta property=\"og:locale\" content=\"en_US\" \/>\n<meta property=\"og:type\" content=\"article\" \/>\n<meta property=\"og:title\" content=\"Jeans hombre Sixvalves Slim Noir - MODA SABEL\" \/>\n<meta property=\"og:description\" content=\"Atr\u00e9vete a destacar con el Denim Sixvalves Slim Negro. Su dise\u00f1o pitillo y color intenso son el lienzo perfecto para cualquier look, desde el m\u00e1s casual hasta el m\u00e1s elegante. Es el jean que promete versatilidad y estilo sin esfuerzo en tu vestuario.\" \/>\n<meta property=\"og:url\" content=\"https:\/\/modasabel.com\/en\/producto\/jeans-hombre-sixvalves-slim-noir\/\" \/>\n<meta property=\"og:site_name\" content=\"MODA SABEL\" \/>\n<meta property=\"article:modified_time\" content=\"2026-01-14T16:28:06+00:00\" \/>\n<meta property=\"og:image\" content=\"https:\/\/modasabel.com\/wp-content\/uploads\/2024\/03\/50014-1349-delante.jpg\" \/>\n\t<meta property=\"og:image:width\" content=\"900\" \/>\n\t<meta property=\"og:image:height\" content=\"1755\" \/>\n\t<meta property=\"og:image:type\" content=\"image\/jpeg\" \/>\n<meta name=\"twitter:card\" content=\"summary_large_image\" \/>\n<meta name=\"twitter:label1\" content=\"Est. reading time\" \/>\n\t<meta name=\"twitter:data1\" content=\"1 minute\" \/>\n<script type=\"application\/ld+json\" class=\"yoast-schema-graph\">{\"@context\":\"https:\/\/schema.org\",\"@graph\":[{\"@type\":\"WebPage\",\"@id\":\"https:\/\/modasabel.com\/en\/producto\/jeans-hombre-sixvalves-slim-noir\/\",\"url\":\"https:\/\/modasabel.com\/en\/producto\/jeans-hombre-sixvalves-slim-noir\/\",\"name\":\"Jeans hombre Sixvalves Slim Noir - MODA SABEL\",\"isPartOf\":{\"@id\":\"https:\/\/modasabel.com\/en\/#website\"},\"datePublished\":\"2024-03-14T10:30:35+00:00\",\"dateModified\":\"2026-01-14T16:28:06+00:00\",\"description\":\"Atr\u00e9vete a destacar con el Denim Sixvalves Slim Negro. Su dise\u00f1o pitillo y color intenso son el lienzo perfecto para cualquier look, desde el m\u00e1s casual hasta el m\u00e1s elegante. Es el jean que promete versatilidad y estilo sin esfuerzo en tu vestuario.\",\"breadcrumb\":{\"@id\":\"https:\/\/modasabel.com\/en\/producto\/jeans-hombre-sixvalves-slim-noir\/#breadcrumb\"},\"inLanguage\":\"en-US\",\"potentialAction\":[{\"@type\":\"ReadAction\",\"target\":[\"https:\/\/modasabel.com\/en\/producto\/jeans-hombre-sixvalves-slim-noir\/\"]}]},{\"@type\":\"BreadcrumbList\",\"@id\":\"https:\/\/modasabel.com\/en\/producto\/jeans-hombre-sixvalves-slim-noir\/#breadcrumb\",\"itemListElement\":[{\"@type\":\"ListItem\",\"position\":1,\"name\":\"Inicio\",\"item\":\"https:\/\/modasabel.com\/en\/\"},{\"@type\":\"ListItem\",\"position\":2,\"name\":\"Tienda\",\"item\":\"https:\/\/modasabel.com\/tienda\/\"},{\"@type\":\"ListItem\",\"position\":3,\"name\":\"Jeans hombre Sixvalves Slim Noir\"}]},{\"@type\":\"WebSite\",\"@id\":\"https:\/\/modasabel.com\/en\/#website\",\"url\":\"https:\/\/modasabel.com\/en\/\",\"name\":\"MODA SABEL\",\"description\":\"Marcas de ropa hombre y mujer\",\"potentialAction\":[{\"@type\":\"SearchAction\",\"target\":{\"@type\":\"EntryPoint\",\"urlTemplate\":\"https:\/\/modasabel.com\/en\/?s={search_term_string}\"},\"query-input\":\"required name=search_term_string\"}],\"inLanguage\":\"en-US\"}]}<\/script>\n<!-- \/ Yoast SEO plugin. -->","yoast_head_json":{"title":"Jeans hombre Sixvalves Slim Noir - MODA SABEL","description":"Atr\u00e9vete a destacar con el Denim Sixvalves Slim Negro. Su dise\u00f1o pitillo y color intenso son el lienzo perfecto para cualquier look, desde el m\u00e1s casual hasta el m\u00e1s elegante. Es el jean que promete versatilidad y estilo sin esfuerzo en tu vestuario.","robots":{"index":"index","follow":"follow","max-snippet":"max-snippet:-1","max-image-preview":"max-image-preview:large","max-video-preview":"max-video-preview:-1"},"canonical":"https:\/\/modasabel.com\/en\/producto\/jeans-hombre-sixvalves-slim-noir\/","og_locale":"en_US","og_type":"article","og_title":"Jeans hombre Sixvalves Slim Noir - MODA SABEL","og_description":"Atr\u00e9vete a destacar con el Denim Sixvalves Slim Negro. Su dise\u00f1o pitillo y color intenso son el lienzo perfecto para cualquier look, desde el m\u00e1s casual hasta el m\u00e1s elegante. Es el jean que promete versatilidad y estilo sin esfuerzo en tu vestuario.","og_url":"https:\/\/modasabel.com\/en\/producto\/jeans-hombre-sixvalves-slim-noir\/","og_site_name":"MODA SABEL","article_modified_time":"2026-01-14T16:28:06+00:00","og_image":[{"width":900,"height":1755,"url":"https:\/\/modasabel.com\/wp-content\/uploads\/2024\/03\/50014-1349-delante.jpg","type":"image\/jpeg"}],"twitter_card":"summary_large_image","twitter_misc":{"Est. reading time":"1 minute"},"schema":{"@context":"https:\/\/schema.org","@graph":[{"@type":"WebPage","@id":"https:\/\/modasabel.com\/en\/producto\/jeans-hombre-sixvalves-slim-noir\/","url":"https:\/\/modasabel.com\/en\/producto\/jeans-hombre-sixvalves-slim-noir\/","name":"Jeans hombre Sixvalves Slim Noir - MODA SABEL","isPartOf":{"@id":"https:\/\/modasabel.com\/en\/#website"},"datePublished":"2024-03-14T10:30:35+00:00","dateModified":"2026-01-14T16:28:06+00:00","description":"Atr\u00e9vete a destacar con el Denim Sixvalves Slim Negro. Su dise\u00f1o pitillo y color intenso son el lienzo perfecto para cualquier look, desde el m\u00e1s casual hasta el m\u00e1s elegante. Es el jean que promete versatilidad y estilo sin esfuerzo en tu vestuario.","breadcrumb":{"@id":"https:\/\/modasabel.com\/en\/producto\/jeans-hombre-sixvalves-slim-noir\/#breadcrumb"},"inLanguage":"en-US","potentialAction":[{"@type":"ReadAction","target":["https:\/\/modasabel.com\/en\/producto\/jeans-hombre-sixvalves-slim-noir\/"]}]},{"@type":"BreadcrumbList","@id":"https:\/\/modasabel.com\/en\/producto\/jeans-hombre-sixvalves-slim-noir\/#breadcrumb","itemListElement":[{"@type":"ListItem","position":1,"name":"Inicio","item":"https:\/\/modasabel.com\/en\/"},{"@type":"ListItem","position":2,"name":"Tienda","item":"https:\/\/modasabel.com\/tienda\/"},{"@type":"ListItem","position":3,"name":"Jeans hombre Sixvalves Slim Noir"}]},{"@type":"WebSite","@id":"https:\/\/modasabel.com\/en\/#website","url":"https:\/\/modasabel.com\/en\/","name":"MODA SABEL","description":"Marcas de ropa hombre y mujer","potentialAction":[{"@type":"SearchAction","target":{"@type":"EntryPoint","urlTemplate":"https:\/\/modasabel.com\/en\/?s={search_term_string}"},"query-input":"required name=search_term_string"}],"inLanguage":"en-US"}]}},"_links":{"self":[{"href":"https:\/\/modasabel.com\/en\/wp-json\/wp\/v2\/product\/2650","targetHints":{"allow":["GET"]}}],"collection":[{"href":"https:\/\/modasabel.com\/en\/wp-json\/wp\/v2\/product"}],"about":[{"href":"https:\/\/modasabel.com\/en\/wp-json\/wp\/v2\/types\/product"}],"replies":[{"embeddable":true,"href":"https:\/\/modasabel.com\/en\/wp-json\/wp\/v2\/comments?post=2650"}],"wp:featuredmedia":[{"embeddable":true,"href":"https:\/\/modasabel.com\/en\/wp-json\/wp\/v2\/media\/2657"}],"wp:attachment":[{"href":"https:\/\/modasabel.com\/en\/wp-json\/wp\/v2\/media?parent=2650"}],"wp:term":[{"taxonomy":"marca-hombre","embeddable":true,"href":"https:\/\/modasabel.com\/en\/wp-json\/wp\/v2\/marca-hombre?post=2650"},{"taxonomy":"marca-interior-hombre","embeddable":true,"href":"https:\/\/modasabel.com\/en\/wp-json\/wp\/v2\/marca-interior-hombre?post=2650"},{"taxonomy":"marca-interior-mujer","embeddable":true,"href":"https:\/\/modasabel.com\/en\/wp-json\/wp\/v2\/marca-interior-mujer?post=2650"},{"taxonomy":"marca-mujer","embeddable":true,"href":"https:\/\/modasabel.com\/en\/wp-json\/wp\/v2\/marca-mujer?post=2650"},{"taxonomy":"product_brand","embeddable":true,"href":"https:\/\/modasabel.com\/en\/wp-json\/wp\/v2\/product_brand?post=2650"},{"taxonomy":"product_cat","embeddable":true,"href":"https:\/\/modasabel.com\/en\/wp-json\/wp\/v2\/product_cat?post=2650"},{"taxonomy":"product_tag","embeddable":true,"href":"https:\/\/modasabel.com\/en\/wp-json\/wp\/v2\/product_tag?post=2650"}],"curies":[{"name":"wp","href":"https:\/\/api.w.org\/{rel}","templated":true}]}}