{"id":2460,"date":"2024-03-07T17:58:37","date_gmt":"2024-03-07T16:58:37","guid":{"rendered":"https:\/\/modasabel.com\/?post_type=product&#038;p=2460"},"modified":"2025-01-13T12:26:39","modified_gmt":"2025-01-13T11:26:39","slug":"camiseta-sixvalves-urban-chic","status":"publish","type":"product","link":"https:\/\/modasabel.com\/en\/producto\/camiseta-sixvalves-urban-chic\/","title":{"rendered":"Camiseta Sixvalves Urban Chic"},"content":{"rendered":"<table style=\"border-collapse: collapse; width: 966px; height: 351px;\" border=\"0\" width=\"88\" cellspacing=\"0\" cellpadding=\"0\">\n<tbody>\n<tr style=\"height: 17.25pt;\">\n<td class=\"xl63\" style=\"height: 17.25pt; width: 66pt;\" width=\"88\" height=\"23\">Luce un estilo urbano con la camiseta Sixvalves Urban Chic. Su dise\u00f1o en azul marino presenta un estampado llamativo para un look casual distintivo. Confeccionada en algod\u00f3n suave, es la combinaci\u00f3n ideal de moda y confort para tu d\u00eda a d\u00eda.<\/td>\n<\/tr>\n<\/tbody>\n<\/table>\n","protected":false},"excerpt":{"rendered":"<p>Luce un estilo urbano con la camiseta Sixvalves Urban Chic. Su dise\u00f1o en azul marino presenta un estampado llamativo para un look casual distintivo. Confeccionada en algod\u00f3n suave, es la combinaci\u00f3n ideal de moda y confort para tu d\u00eda a d\u00eda.<\/p>\n","protected":false},"featured_media":2461,"comment_status":"closed","ping_status":"closed","template":"","meta":{"_acf_changed":false,"site-sidebar-layout":"default","site-content-layout":"","ast-site-content-layout":"default","site-content-style":"default","site-sidebar-style":"default","ast-global-header-display":"","ast-banner-title-visibility":"","ast-main-header-display":"","ast-hfb-above-header-display":"","ast-hfb-below-header-display":"","ast-hfb-mobile-header-display":"","site-post-title":"","ast-breadcrumbs-content":"","ast-featured-img":"","footer-sml-layout":"","ast-disable-related-posts":"","theme-transparent-header-meta":"default","adv-header-id-meta":"","stick-header-meta":"","header-above-stick-meta":"","header-main-stick-meta":"","header-below-stick-meta":"","astra-migrate-meta-layouts":"set","ast-page-background-enabled":"default","ast-page-background-meta":{"desktop":{"background-color":"var(--ast-global-color-4)","background-image":"","background-repeat":"repeat","background-position":"center center","background-size":"auto","background-attachment":"scroll","background-type":"","background-media":"","overlay-type":"","overlay-color":"","overlay-opacity":"","overlay-gradient":""},"tablet":{"background-color":"","background-image":"","background-repeat":"repeat","background-position":"center center","background-size":"auto","background-attachment":"scroll","background-type":"","background-media":"","overlay-type":"","overlay-color":"","overlay-opacity":"","overlay-gradient":""},"mobile":{"background-color":"","background-image":"","background-repeat":"repeat","background-position":"center center","background-size":"auto","background-attachment":"scroll","background-type":"","background-media":"","overlay-type":"","overlay-color":"","overlay-opacity":"","overlay-gradient":""}},"ast-content-background-meta":{"desktop":{"background-color":"var(--ast-global-color-5)","background-image":"","background-repeat":"repeat","background-position":"center center","background-size":"auto","background-attachment":"scroll","background-type":"","background-media":"","overlay-type":"","overlay-color":"","overlay-opacity":"","overlay-gradient":""},"tablet":{"background-color":"var(--ast-global-color-5)","background-image":"","background-repeat":"repeat","background-position":"center center","background-size":"auto","background-attachment":"scroll","background-type":"","background-media":"","overlay-type":"","overlay-color":"","overlay-opacity":"","overlay-gradient":""},"mobile":{"background-color":"var(--ast-global-color-5)","background-image":"","background-repeat":"repeat","background-position":"center center","background-size":"auto","background-attachment":"scroll","background-type":"","background-media":"","overlay-type":"","overlay-color":"","overlay-opacity":"","overlay-gradient":""}}},"marca-hombre":[200],"marca-interior-hombre":[],"marca-interior-mujer":[],"marca-mujer":[],"product_brand":[],"product_cat":[39,17],"product_tag":[],"class_list":{"0":"post-2460","1":"product","2":"type-product","3":"status-publish","4":"has-post-thumbnail","6":"marca-hombre-sixvalves","7":"product_cat-camisetas","8":"product_cat-hombre","9":"pa_tallas-camisetas-m","10":"pa_tallas-camisetas-s","11":"desktop-align-left","12":"tablet-align-left","13":"mobile-align-left","15":"first","16":"instock","17":"sale","18":"taxable","19":"shipping-taxable","20":"purchasable","21":"product-type-variable"},"acf":[],"yoast_head":"<!-- This site is optimized with the Yoast SEO plugin v22.1 - https:\/\/yoast.com\/wordpress\/plugins\/seo\/ -->\n<title>Camiseta Sixvalves Urban Chic - MODA SABEL<\/title>\n<meta name=\"description\" content=\"Luce un estilo urbano con la camiseta Sixvalves Urban Chic. Su dise\u00f1o en azul marino presenta un estampado llamativo para un look casual distintivo. Confeccionada en algod\u00f3n suave, es la combinaci\u00f3n ideal de moda y confort para tu d\u00eda a d\u00eda.\" \/>\n<meta name=\"robots\" content=\"index, follow, max-snippet:-1, max-image-preview:large, max-video-preview:-1\" \/>\n<link rel=\"canonical\" href=\"https:\/\/modasabel.com\/en\/producto\/camiseta-sixvalves-urban-chic\/\" \/>\n<meta property=\"og:locale\" content=\"en_US\" \/>\n<meta property=\"og:type\" content=\"article\" \/>\n<meta property=\"og:title\" content=\"Camiseta Sixvalves Urban Chic - MODA SABEL\" \/>\n<meta property=\"og:description\" content=\"Luce un estilo urbano con la camiseta Sixvalves Urban Chic. Su dise\u00f1o en azul marino presenta un estampado llamativo para un look casual distintivo. Confeccionada en algod\u00f3n suave, es la combinaci\u00f3n ideal de moda y confort para tu d\u00eda a d\u00eda.\" \/>\n<meta property=\"og:url\" content=\"https:\/\/modasabel.com\/en\/producto\/camiseta-sixvalves-urban-chic\/\" \/>\n<meta property=\"og:site_name\" content=\"MODA SABEL\" \/>\n<meta property=\"article:modified_time\" content=\"2025-01-13T11:26:39+00:00\" \/>\n<meta property=\"og:image\" content=\"https:\/\/modasabel.com\/wp-content\/uploads\/2024\/03\/55056-1185-delante.jpg\" \/>\n\t<meta property=\"og:image:width\" content=\"900\" \/>\n\t<meta property=\"og:image:height\" content=\"990\" \/>\n\t<meta property=\"og:image:type\" content=\"image\/jpeg\" \/>\n<meta name=\"twitter:card\" content=\"summary_large_image\" \/>\n<meta name=\"twitter:label1\" content=\"Est. reading time\" \/>\n\t<meta name=\"twitter:data1\" content=\"1 minute\" \/>\n<script type=\"application\/ld+json\" class=\"yoast-schema-graph\">{\"@context\":\"https:\/\/schema.org\",\"@graph\":[{\"@type\":\"WebPage\",\"@id\":\"https:\/\/modasabel.com\/en\/producto\/camiseta-sixvalves-urban-chic\/\",\"url\":\"https:\/\/modasabel.com\/en\/producto\/camiseta-sixvalves-urban-chic\/\",\"name\":\"Camiseta Sixvalves Urban Chic - MODA SABEL\",\"isPartOf\":{\"@id\":\"https:\/\/modasabel.com\/en\/#website\"},\"datePublished\":\"2024-03-07T16:58:37+00:00\",\"dateModified\":\"2025-01-13T11:26:39+00:00\",\"description\":\"Luce un estilo urbano con la camiseta Sixvalves Urban Chic. Su dise\u00f1o en azul marino presenta un estampado llamativo para un look casual distintivo. Confeccionada en algod\u00f3n suave, es la combinaci\u00f3n ideal de moda y confort para tu d\u00eda a d\u00eda.\",\"breadcrumb\":{\"@id\":\"https:\/\/modasabel.com\/en\/producto\/camiseta-sixvalves-urban-chic\/#breadcrumb\"},\"inLanguage\":\"en-US\",\"potentialAction\":[{\"@type\":\"ReadAction\",\"target\":[\"https:\/\/modasabel.com\/en\/producto\/camiseta-sixvalves-urban-chic\/\"]}]},{\"@type\":\"BreadcrumbList\",\"@id\":\"https:\/\/modasabel.com\/en\/producto\/camiseta-sixvalves-urban-chic\/#breadcrumb\",\"itemListElement\":[{\"@type\":\"ListItem\",\"position\":1,\"name\":\"Inicio\",\"item\":\"https:\/\/modasabel.com\/en\/\"},{\"@type\":\"ListItem\",\"position\":2,\"name\":\"Tienda\",\"item\":\"https:\/\/modasabel.com\/tienda\/\"},{\"@type\":\"ListItem\",\"position\":3,\"name\":\"Camiseta Sixvalves Urban Chic\"}]},{\"@type\":\"WebSite\",\"@id\":\"https:\/\/modasabel.com\/en\/#website\",\"url\":\"https:\/\/modasabel.com\/en\/\",\"name\":\"MODA SABEL\",\"description\":\"Marcas de ropa hombre y mujer\",\"potentialAction\":[{\"@type\":\"SearchAction\",\"target\":{\"@type\":\"EntryPoint\",\"urlTemplate\":\"https:\/\/modasabel.com\/en\/?s={search_term_string}\"},\"query-input\":\"required name=search_term_string\"}],\"inLanguage\":\"en-US\"}]}<\/script>\n<!-- \/ Yoast SEO plugin. -->","yoast_head_json":{"title":"Camiseta Sixvalves Urban Chic - MODA SABEL","description":"Luce un estilo urbano con la camiseta Sixvalves Urban Chic. Su dise\u00f1o en azul marino presenta un estampado llamativo para un look casual distintivo. Confeccionada en algod\u00f3n suave, es la combinaci\u00f3n ideal de moda y confort para tu d\u00eda a d\u00eda.","robots":{"index":"index","follow":"follow","max-snippet":"max-snippet:-1","max-image-preview":"max-image-preview:large","max-video-preview":"max-video-preview:-1"},"canonical":"https:\/\/modasabel.com\/en\/producto\/camiseta-sixvalves-urban-chic\/","og_locale":"en_US","og_type":"article","og_title":"Camiseta Sixvalves Urban Chic - MODA SABEL","og_description":"Luce un estilo urbano con la camiseta Sixvalves Urban Chic. Su dise\u00f1o en azul marino presenta un estampado llamativo para un look casual distintivo. Confeccionada en algod\u00f3n suave, es la combinaci\u00f3n ideal de moda y confort para tu d\u00eda a d\u00eda.","og_url":"https:\/\/modasabel.com\/en\/producto\/camiseta-sixvalves-urban-chic\/","og_site_name":"MODA SABEL","article_modified_time":"2025-01-13T11:26:39+00:00","og_image":[{"width":900,"height":990,"url":"https:\/\/modasabel.com\/wp-content\/uploads\/2024\/03\/55056-1185-delante.jpg","type":"image\/jpeg"}],"twitter_card":"summary_large_image","twitter_misc":{"Est. reading time":"1 minute"},"schema":{"@context":"https:\/\/schema.org","@graph":[{"@type":"WebPage","@id":"https:\/\/modasabel.com\/en\/producto\/camiseta-sixvalves-urban-chic\/","url":"https:\/\/modasabel.com\/en\/producto\/camiseta-sixvalves-urban-chic\/","name":"Camiseta Sixvalves Urban Chic - MODA SABEL","isPartOf":{"@id":"https:\/\/modasabel.com\/en\/#website"},"datePublished":"2024-03-07T16:58:37+00:00","dateModified":"2025-01-13T11:26:39+00:00","description":"Luce un estilo urbano con la camiseta Sixvalves Urban Chic. Su dise\u00f1o en azul marino presenta un estampado llamativo para un look casual distintivo. Confeccionada en algod\u00f3n suave, es la combinaci\u00f3n ideal de moda y confort para tu d\u00eda a d\u00eda.","breadcrumb":{"@id":"https:\/\/modasabel.com\/en\/producto\/camiseta-sixvalves-urban-chic\/#breadcrumb"},"inLanguage":"en-US","potentialAction":[{"@type":"ReadAction","target":["https:\/\/modasabel.com\/en\/producto\/camiseta-sixvalves-urban-chic\/"]}]},{"@type":"BreadcrumbList","@id":"https:\/\/modasabel.com\/en\/producto\/camiseta-sixvalves-urban-chic\/#breadcrumb","itemListElement":[{"@type":"ListItem","position":1,"name":"Inicio","item":"https:\/\/modasabel.com\/en\/"},{"@type":"ListItem","position":2,"name":"Tienda","item":"https:\/\/modasabel.com\/tienda\/"},{"@type":"ListItem","position":3,"name":"Camiseta Sixvalves Urban Chic"}]},{"@type":"WebSite","@id":"https:\/\/modasabel.com\/en\/#website","url":"https:\/\/modasabel.com\/en\/","name":"MODA SABEL","description":"Marcas de ropa hombre y mujer","potentialAction":[{"@type":"SearchAction","target":{"@type":"EntryPoint","urlTemplate":"https:\/\/modasabel.com\/en\/?s={search_term_string}"},"query-input":"required name=search_term_string"}],"inLanguage":"en-US"}]}},"_links":{"self":[{"href":"https:\/\/modasabel.com\/en\/wp-json\/wp\/v2\/product\/2460","targetHints":{"allow":["GET"]}}],"collection":[{"href":"https:\/\/modasabel.com\/en\/wp-json\/wp\/v2\/product"}],"about":[{"href":"https:\/\/modasabel.com\/en\/wp-json\/wp\/v2\/types\/product"}],"replies":[{"embeddable":true,"href":"https:\/\/modasabel.com\/en\/wp-json\/wp\/v2\/comments?post=2460"}],"wp:featuredmedia":[{"embeddable":true,"href":"https:\/\/modasabel.com\/en\/wp-json\/wp\/v2\/media\/2461"}],"wp:attachment":[{"href":"https:\/\/modasabel.com\/en\/wp-json\/wp\/v2\/media?parent=2460"}],"wp:term":[{"taxonomy":"marca-hombre","embeddable":true,"href":"https:\/\/modasabel.com\/en\/wp-json\/wp\/v2\/marca-hombre?post=2460"},{"taxonomy":"marca-interior-hombre","embeddable":true,"href":"https:\/\/modasabel.com\/en\/wp-json\/wp\/v2\/marca-interior-hombre?post=2460"},{"taxonomy":"marca-interior-mujer","embeddable":true,"href":"https:\/\/modasabel.com\/en\/wp-json\/wp\/v2\/marca-interior-mujer?post=2460"},{"taxonomy":"marca-mujer","embeddable":true,"href":"https:\/\/modasabel.com\/en\/wp-json\/wp\/v2\/marca-mujer?post=2460"},{"taxonomy":"product_brand","embeddable":true,"href":"https:\/\/modasabel.com\/en\/wp-json\/wp\/v2\/product_brand?post=2460"},{"taxonomy":"product_cat","embeddable":true,"href":"https:\/\/modasabel.com\/en\/wp-json\/wp\/v2\/product_cat?post=2460"},{"taxonomy":"product_tag","embeddable":true,"href":"https:\/\/modasabel.com\/en\/wp-json\/wp\/v2\/product_tag?post=2460"}],"curies":[{"name":"wp","href":"https:\/\/api.w.org\/{rel}","templated":true}]}}