{"id":2335,"date":"2024-03-01T12:12:45","date_gmt":"2024-03-01T11:12:45","guid":{"rendered":"https:\/\/modasabel.com\/?post_type=product&#038;p=2335"},"modified":"2024-10-10T18:35:10","modified_gmt":"2024-10-10T16:35:10","slug":"camiseta-interior-hombre-abanderado-a040w","status":"publish","type":"product","link":"https:\/\/modasabel.com\/en\/producto\/camiseta-interior-hombre-abanderado-a040w\/","title":{"rendered":"Camiseta interior hombre Abanderado A040W"},"content":{"rendered":"<p class=\"p1\">Camiseta interior de hombre, la marca Abanderado en manga corta y cuello redondo con tejido de algod\u00f3n el\u00e1stico inteligente que se adapta a tu temperatura y actividad, con termorregulaci\u00f3n X-Temp activa que absorbe la humedad y la expulsa al exterior manteniendo la piel seca durante todo el d\u00eda. Composici\u00f3n: 95% Algod\u00f3n y 5% Elastano.<\/p>\n","protected":false},"excerpt":{"rendered":"<p>Camiseta interior de hombre, la marca Abanderado en manga corta y cuello redondo con tejido de algod\u00f3n el\u00e1stico inteligente que se adapta a tu temperatura y actividad, con termorregulaci\u00f3n X-Temp activa que absorbe la humedad y la expulsa al exterior manteniendo la piel seca durante todo el d\u00eda. Composici\u00f3n: 95% Algod\u00f3n y 5% Elastano.<\/p>\n","protected":false},"featured_media":2323,"comment_status":"closed","ping_status":"closed","template":"","meta":{"_acf_changed":false,"site-sidebar-layout":"default","site-content-layout":"","ast-site-content-layout":"default","site-content-style":"default","site-sidebar-style":"default","ast-global-header-display":"","ast-banner-title-visibility":"","ast-main-header-display":"","ast-hfb-above-header-display":"","ast-hfb-below-header-display":"","ast-hfb-mobile-header-display":"","site-post-title":"","ast-breadcrumbs-content":"","ast-featured-img":"","footer-sml-layout":"","ast-disable-related-posts":"","theme-transparent-header-meta":"default","adv-header-id-meta":"","stick-header-meta":"","header-above-stick-meta":"","header-main-stick-meta":"","header-below-stick-meta":"","astra-migrate-meta-layouts":"set","ast-page-background-enabled":"default","ast-page-background-meta":{"desktop":{"background-color":"var(--ast-global-color-4)","background-image":"","background-repeat":"repeat","background-position":"center center","background-size":"auto","background-attachment":"scroll","background-type":"","background-media":"","overlay-type":"","overlay-color":"","overlay-opacity":"","overlay-gradient":""},"tablet":{"background-color":"","background-image":"","background-repeat":"repeat","background-position":"center center","background-size":"auto","background-attachment":"scroll","background-type":"","background-media":"","overlay-type":"","overlay-color":"","overlay-opacity":"","overlay-gradient":""},"mobile":{"background-color":"","background-image":"","background-repeat":"repeat","background-position":"center center","background-size":"auto","background-attachment":"scroll","background-type":"","background-media":"","overlay-type":"","overlay-color":"","overlay-opacity":"","overlay-gradient":""}},"ast-content-background-meta":{"desktop":{"background-color":"var(--ast-global-color-5)","background-image":"","background-repeat":"repeat","background-position":"center center","background-size":"auto","background-attachment":"scroll","background-type":"","background-media":"","overlay-type":"","overlay-color":"","overlay-opacity":"","overlay-gradient":""},"tablet":{"background-color":"var(--ast-global-color-5)","background-image":"","background-repeat":"repeat","background-position":"center center","background-size":"auto","background-attachment":"scroll","background-type":"","background-media":"","overlay-type":"","overlay-color":"","overlay-opacity":"","overlay-gradient":""},"mobile":{"background-color":"var(--ast-global-color-5)","background-image":"","background-repeat":"repeat","background-position":"center center","background-size":"auto","background-attachment":"scroll","background-type":"","background-media":"","overlay-type":"","overlay-color":"","overlay-opacity":"","overlay-gradient":""}}},"marca-hombre":[],"marca-interior-hombre":[225],"marca-interior-mujer":[],"marca-mujer":[],"product_brand":[],"product_cat":[66,56],"product_tag":[],"class_list":{"0":"post-2335","1":"product","2":"type-product","3":"status-publish","4":"has-post-thumbnail","6":"marca-interior-hombre-abanderado","7":"product_cat-camisetas-interior-moda-intima-hombre","8":"product_cat-moda-intima-hombre","9":"pa_color-blanco","10":"pa_color-negro","11":"pa_talla-2xl","12":"pa_talla-l","13":"pa_talla-m","14":"pa_talla-xl","15":"desktop-align-left","16":"tablet-align-left","17":"mobile-align-left","19":"first","20":"instock","21":"taxable","22":"shipping-taxable","23":"purchasable","24":"product-type-variable"},"acf":[],"yoast_head":"<!-- This site is optimized with the Yoast SEO plugin v22.1 - https:\/\/yoast.com\/wordpress\/plugins\/seo\/ -->\n<title>Camiseta interior hombre Abanderado A040W - MODA SABEL<\/title>\n<meta name=\"robots\" content=\"index, follow, max-snippet:-1, max-image-preview:large, max-video-preview:-1\" \/>\n<link rel=\"canonical\" href=\"https:\/\/modasabel.com\/en\/producto\/camiseta-interior-hombre-abanderado-a040w\/\" \/>\n<meta property=\"og:locale\" content=\"en_US\" \/>\n<meta property=\"og:type\" content=\"article\" \/>\n<meta property=\"og:title\" content=\"Camiseta interior hombre Abanderado A040W - MODA SABEL\" \/>\n<meta property=\"og:description\" content=\"Camiseta interior de hombre, la marca Abanderado en manga corta y cuello redondo con tejido de algod\u00f3n el\u00e1stico inteligente que se adapta a tu temperatura y actividad, con termorregulaci\u00f3n X-Temp activa que absorbe la humedad y la expulsa al exterior manteniendo la piel seca durante todo el d\u00eda. Composici\u00f3n: 95% Algod\u00f3n y 5% Elastano.\" \/>\n<meta property=\"og:url\" content=\"https:\/\/modasabel.com\/en\/producto\/camiseta-interior-hombre-abanderado-a040w\/\" \/>\n<meta property=\"og:site_name\" content=\"MODA SABEL\" \/>\n<meta property=\"article:modified_time\" content=\"2024-10-10T16:35:10+00:00\" \/>\n<meta property=\"og:image\" content=\"https:\/\/modasabel.com\/wp-content\/uploads\/2024\/03\/Camiseta-redondo-X-Temp-Ref.A040W.jpg\" \/>\n\t<meta property=\"og:image:width\" content=\"1674\" \/>\n\t<meta property=\"og:image:height\" content=\"1783\" \/>\n\t<meta property=\"og:image:type\" content=\"image\/jpeg\" \/>\n<meta name=\"twitter:card\" content=\"summary_large_image\" \/>\n<meta name=\"twitter:label1\" content=\"Est. reading time\" \/>\n\t<meta name=\"twitter:data1\" content=\"1 minute\" \/>\n<script type=\"application\/ld+json\" class=\"yoast-schema-graph\">{\"@context\":\"https:\/\/schema.org\",\"@graph\":[{\"@type\":\"WebPage\",\"@id\":\"https:\/\/modasabel.com\/en\/producto\/camiseta-interior-hombre-abanderado-a040w\/\",\"url\":\"https:\/\/modasabel.com\/en\/producto\/camiseta-interior-hombre-abanderado-a040w\/\",\"name\":\"Camiseta interior hombre Abanderado A040W - MODA SABEL\",\"isPartOf\":{\"@id\":\"https:\/\/modasabel.com\/en\/#website\"},\"datePublished\":\"2024-03-01T11:12:45+00:00\",\"dateModified\":\"2024-10-10T16:35:10+00:00\",\"breadcrumb\":{\"@id\":\"https:\/\/modasabel.com\/en\/producto\/camiseta-interior-hombre-abanderado-a040w\/#breadcrumb\"},\"inLanguage\":\"en-US\",\"potentialAction\":[{\"@type\":\"ReadAction\",\"target\":[\"https:\/\/modasabel.com\/en\/producto\/camiseta-interior-hombre-abanderado-a040w\/\"]}]},{\"@type\":\"BreadcrumbList\",\"@id\":\"https:\/\/modasabel.com\/en\/producto\/camiseta-interior-hombre-abanderado-a040w\/#breadcrumb\",\"itemListElement\":[{\"@type\":\"ListItem\",\"position\":1,\"name\":\"Inicio\",\"item\":\"https:\/\/modasabel.com\/en\/\"},{\"@type\":\"ListItem\",\"position\":2,\"name\":\"Tienda\",\"item\":\"https:\/\/modasabel.com\/tienda\/\"},{\"@type\":\"ListItem\",\"position\":3,\"name\":\"Camiseta interior hombre Abanderado A040W\"}]},{\"@type\":\"WebSite\",\"@id\":\"https:\/\/modasabel.com\/en\/#website\",\"url\":\"https:\/\/modasabel.com\/en\/\",\"name\":\"MODA SABEL\",\"description\":\"Marcas de ropa hombre y mujer\",\"potentialAction\":[{\"@type\":\"SearchAction\",\"target\":{\"@type\":\"EntryPoint\",\"urlTemplate\":\"https:\/\/modasabel.com\/en\/?s={search_term_string}\"},\"query-input\":\"required name=search_term_string\"}],\"inLanguage\":\"en-US\"}]}<\/script>\n<!-- \/ Yoast SEO plugin. -->","yoast_head_json":{"title":"Camiseta interior hombre Abanderado A040W - MODA SABEL","robots":{"index":"index","follow":"follow","max-snippet":"max-snippet:-1","max-image-preview":"max-image-preview:large","max-video-preview":"max-video-preview:-1"},"canonical":"https:\/\/modasabel.com\/en\/producto\/camiseta-interior-hombre-abanderado-a040w\/","og_locale":"en_US","og_type":"article","og_title":"Camiseta interior hombre Abanderado A040W - MODA SABEL","og_description":"Camiseta interior de hombre, la marca Abanderado en manga corta y cuello redondo con tejido de algod\u00f3n el\u00e1stico inteligente que se adapta a tu temperatura y actividad, con termorregulaci\u00f3n X-Temp activa que absorbe la humedad y la expulsa al exterior manteniendo la piel seca durante todo el d\u00eda. Composici\u00f3n: 95% Algod\u00f3n y 5% Elastano.","og_url":"https:\/\/modasabel.com\/en\/producto\/camiseta-interior-hombre-abanderado-a040w\/","og_site_name":"MODA SABEL","article_modified_time":"2024-10-10T16:35:10+00:00","og_image":[{"width":1674,"height":1783,"url":"https:\/\/modasabel.com\/wp-content\/uploads\/2024\/03\/Camiseta-redondo-X-Temp-Ref.A040W.jpg","type":"image\/jpeg"}],"twitter_card":"summary_large_image","twitter_misc":{"Est. reading time":"1 minute"},"schema":{"@context":"https:\/\/schema.org","@graph":[{"@type":"WebPage","@id":"https:\/\/modasabel.com\/en\/producto\/camiseta-interior-hombre-abanderado-a040w\/","url":"https:\/\/modasabel.com\/en\/producto\/camiseta-interior-hombre-abanderado-a040w\/","name":"Camiseta interior hombre Abanderado A040W - MODA SABEL","isPartOf":{"@id":"https:\/\/modasabel.com\/en\/#website"},"datePublished":"2024-03-01T11:12:45+00:00","dateModified":"2024-10-10T16:35:10+00:00","breadcrumb":{"@id":"https:\/\/modasabel.com\/en\/producto\/camiseta-interior-hombre-abanderado-a040w\/#breadcrumb"},"inLanguage":"en-US","potentialAction":[{"@type":"ReadAction","target":["https:\/\/modasabel.com\/en\/producto\/camiseta-interior-hombre-abanderado-a040w\/"]}]},{"@type":"BreadcrumbList","@id":"https:\/\/modasabel.com\/en\/producto\/camiseta-interior-hombre-abanderado-a040w\/#breadcrumb","itemListElement":[{"@type":"ListItem","position":1,"name":"Inicio","item":"https:\/\/modasabel.com\/en\/"},{"@type":"ListItem","position":2,"name":"Tienda","item":"https:\/\/modasabel.com\/tienda\/"},{"@type":"ListItem","position":3,"name":"Camiseta interior hombre Abanderado A040W"}]},{"@type":"WebSite","@id":"https:\/\/modasabel.com\/en\/#website","url":"https:\/\/modasabel.com\/en\/","name":"MODA SABEL","description":"Marcas de ropa hombre y mujer","potentialAction":[{"@type":"SearchAction","target":{"@type":"EntryPoint","urlTemplate":"https:\/\/modasabel.com\/en\/?s={search_term_string}"},"query-input":"required name=search_term_string"}],"inLanguage":"en-US"}]}},"_links":{"self":[{"href":"https:\/\/modasabel.com\/en\/wp-json\/wp\/v2\/product\/2335","targetHints":{"allow":["GET"]}}],"collection":[{"href":"https:\/\/modasabel.com\/en\/wp-json\/wp\/v2\/product"}],"about":[{"href":"https:\/\/modasabel.com\/en\/wp-json\/wp\/v2\/types\/product"}],"replies":[{"embeddable":true,"href":"https:\/\/modasabel.com\/en\/wp-json\/wp\/v2\/comments?post=2335"}],"wp:featuredmedia":[{"embeddable":true,"href":"https:\/\/modasabel.com\/en\/wp-json\/wp\/v2\/media\/2323"}],"wp:attachment":[{"href":"https:\/\/modasabel.com\/en\/wp-json\/wp\/v2\/media?parent=2335"}],"wp:term":[{"taxonomy":"marca-hombre","embeddable":true,"href":"https:\/\/modasabel.com\/en\/wp-json\/wp\/v2\/marca-hombre?post=2335"},{"taxonomy":"marca-interior-hombre","embeddable":true,"href":"https:\/\/modasabel.com\/en\/wp-json\/wp\/v2\/marca-interior-hombre?post=2335"},{"taxonomy":"marca-interior-mujer","embeddable":true,"href":"https:\/\/modasabel.com\/en\/wp-json\/wp\/v2\/marca-interior-mujer?post=2335"},{"taxonomy":"marca-mujer","embeddable":true,"href":"https:\/\/modasabel.com\/en\/wp-json\/wp\/v2\/marca-mujer?post=2335"},{"taxonomy":"product_brand","embeddable":true,"href":"https:\/\/modasabel.com\/en\/wp-json\/wp\/v2\/product_brand?post=2335"},{"taxonomy":"product_cat","embeddable":true,"href":"https:\/\/modasabel.com\/en\/wp-json\/wp\/v2\/product_cat?post=2335"},{"taxonomy":"product_tag","embeddable":true,"href":"https:\/\/modasabel.com\/en\/wp-json\/wp\/v2\/product_tag?post=2335"}],"curies":[{"name":"wp","href":"https:\/\/api.w.org\/{rel}","templated":true}]}}