{"id":1593,"date":"2024-02-12T10:08:40","date_gmt":"2024-02-12T09:08:40","guid":{"rendered":"https:\/\/modasabel.com\/?post_type=product&#038;p=1593"},"modified":"2024-10-10T18:54:18","modified_gmt":"2024-10-10T16:54:18","slug":"pack-3-bragas-les-pockets-de-dim","status":"publish","type":"product","link":"https:\/\/modasabel.com\/en\/producto\/pack-3-bragas-les-pockets-de-dim\/","title":{"rendered":"Pack 3 bragas Les Pockets de DIM"},"content":{"rendered":"<p class=\"p1\">Les Pockets de DIM es una gama cl\u00e1sica y c\u00f3moda, fabricada en algod\u00f3n elastano para adaptarse a los movimientos y que la puedas llevar a diario.Est\u00e1n disponibles en distintos colores, preguntanos y te informaremos de los que tenemos disponibles en tu talla.<\/p>\n","protected":false},"excerpt":{"rendered":"<p>Les Pockets de DIM es una gama cl\u00e1sica y c\u00f3moda, fabricada en algod\u00f3n elastano para adaptarse a los movimientos y que la puedas llevar a diario.Est\u00e1n disponibles en distintos colores, preguntanos y te informaremos de los que tenemos disponibles en tu talla.<\/p>\n","protected":false},"featured_media":1594,"comment_status":"closed","ping_status":"closed","template":"","meta":{"_acf_changed":false,"site-sidebar-layout":"default","site-content-layout":"","ast-site-content-layout":"default","site-content-style":"default","site-sidebar-style":"default","ast-global-header-display":"","ast-banner-title-visibility":"","ast-main-header-display":"","ast-hfb-above-header-display":"","ast-hfb-below-header-display":"","ast-hfb-mobile-header-display":"","site-post-title":"","ast-breadcrumbs-content":"","ast-featured-img":"","footer-sml-layout":"","ast-disable-related-posts":"","theme-transparent-header-meta":"default","adv-header-id-meta":"","stick-header-meta":"","header-above-stick-meta":"","header-main-stick-meta":"","header-below-stick-meta":"","astra-migrate-meta-layouts":"set","ast-page-background-enabled":"default","ast-page-background-meta":{"desktop":{"background-color":"var(--ast-global-color-4)","background-image":"","background-repeat":"repeat","background-position":"center center","background-size":"auto","background-attachment":"scroll","background-type":"","background-media":"","overlay-type":"","overlay-color":"","overlay-opacity":"","overlay-gradient":""},"tablet":{"background-color":"","background-image":"","background-repeat":"repeat","background-position":"center center","background-size":"auto","background-attachment":"scroll","background-type":"","background-media":"","overlay-type":"","overlay-color":"","overlay-opacity":"","overlay-gradient":""},"mobile":{"background-color":"","background-image":"","background-repeat":"repeat","background-position":"center center","background-size":"auto","background-attachment":"scroll","background-type":"","background-media":"","overlay-type":"","overlay-color":"","overlay-opacity":"","overlay-gradient":""}},"ast-content-background-meta":{"desktop":{"background-color":"var(--ast-global-color-5)","background-image":"","background-repeat":"repeat","background-position":"center center","background-size":"auto","background-attachment":"scroll","background-type":"","background-media":"","overlay-type":"","overlay-color":"","overlay-opacity":"","overlay-gradient":""},"tablet":{"background-color":"var(--ast-global-color-5)","background-image":"","background-repeat":"repeat","background-position":"center center","background-size":"auto","background-attachment":"scroll","background-type":"","background-media":"","overlay-type":"","overlay-color":"","overlay-opacity":"","overlay-gradient":""},"mobile":{"background-color":"var(--ast-global-color-5)","background-image":"","background-repeat":"repeat","background-position":"center center","background-size":"auto","background-attachment":"scroll","background-type":"","background-media":"","overlay-type":"","overlay-color":"","overlay-opacity":"","overlay-gradient":""}}},"marca-hombre":[],"marca-interior-hombre":[],"marca-interior-mujer":[214],"marca-mujer":[],"product_brand":[],"product_cat":[58,55],"product_tag":[84],"class_list":{"0":"post-1593","1":"product","2":"type-product","3":"status-publish","4":"has-post-thumbnail","6":"marca-interior-mujer-dim","7":"product_cat-bragas-y-tangas","8":"product_cat-moda-intima-mujer","9":"product_tag-dim","10":"pa_talla-l","11":"pa_talla-m","12":"pa_talla-s","13":"desktop-align-left","14":"tablet-align-left","15":"mobile-align-left","17":"first","18":"instock","19":"taxable","20":"shipping-taxable","21":"purchasable","22":"product-type-variable"},"acf":[],"yoast_head":"<!-- This site is optimized with the Yoast SEO plugin v22.1 - https:\/\/yoast.com\/wordpress\/plugins\/seo\/ -->\n<title>Pack 3 bragas Les Pockets de DIM - MODA SABEL<\/title>\n<meta name=\"robots\" content=\"index, follow, max-snippet:-1, max-image-preview:large, max-video-preview:-1\" \/>\n<link rel=\"canonical\" href=\"https:\/\/modasabel.com\/en\/producto\/pack-3-bragas-les-pockets-de-dim\/\" \/>\n<meta property=\"og:locale\" content=\"en_US\" \/>\n<meta property=\"og:type\" content=\"article\" \/>\n<meta property=\"og:title\" content=\"Pack 3 bragas Les Pockets de DIM - MODA SABEL\" \/>\n<meta property=\"og:description\" content=\"Les Pockets de DIM es una gama cl\u00e1sica y c\u00f3moda, fabricada en algod\u00f3n elastano para adaptarse a los movimientos y que la puedas llevar a diario.Est\u00e1n disponibles en distintos colores, preguntanos y te informaremos de los que tenemos disponibles en tu talla.\" \/>\n<meta property=\"og:url\" content=\"https:\/\/modasabel.com\/en\/producto\/pack-3-bragas-les-pockets-de-dim\/\" \/>\n<meta property=\"og:site_name\" content=\"MODA SABEL\" \/>\n<meta property=\"article:modified_time\" content=\"2024-10-10T16:54:18+00:00\" \/>\n<meta property=\"og:image\" content=\"https:\/\/modasabel.com\/wp-content\/uploads\/2024\/02\/braga-mini-mujer-dim-ad04c17-les-poquets-pack-de-3-AD04C17-1.jpg\" \/>\n\t<meta property=\"og:image:width\" content=\"1674\" \/>\n\t<meta property=\"og:image:height\" content=\"1783\" \/>\n\t<meta property=\"og:image:type\" content=\"image\/jpeg\" \/>\n<meta name=\"twitter:card\" content=\"summary_large_image\" \/>\n<meta name=\"twitter:label1\" content=\"Est. reading time\" \/>\n\t<meta name=\"twitter:data1\" content=\"1 minute\" \/>\n<script type=\"application\/ld+json\" class=\"yoast-schema-graph\">{\"@context\":\"https:\/\/schema.org\",\"@graph\":[{\"@type\":\"WebPage\",\"@id\":\"https:\/\/modasabel.com\/en\/producto\/pack-3-bragas-les-pockets-de-dim\/\",\"url\":\"https:\/\/modasabel.com\/en\/producto\/pack-3-bragas-les-pockets-de-dim\/\",\"name\":\"Pack 3 bragas Les Pockets de DIM - MODA SABEL\",\"isPartOf\":{\"@id\":\"https:\/\/modasabel.com\/en\/#website\"},\"datePublished\":\"2024-02-12T09:08:40+00:00\",\"dateModified\":\"2024-10-10T16:54:18+00:00\",\"breadcrumb\":{\"@id\":\"https:\/\/modasabel.com\/en\/producto\/pack-3-bragas-les-pockets-de-dim\/#breadcrumb\"},\"inLanguage\":\"en-US\",\"potentialAction\":[{\"@type\":\"ReadAction\",\"target\":[\"https:\/\/modasabel.com\/en\/producto\/pack-3-bragas-les-pockets-de-dim\/\"]}]},{\"@type\":\"BreadcrumbList\",\"@id\":\"https:\/\/modasabel.com\/en\/producto\/pack-3-bragas-les-pockets-de-dim\/#breadcrumb\",\"itemListElement\":[{\"@type\":\"ListItem\",\"position\":1,\"name\":\"Inicio\",\"item\":\"https:\/\/modasabel.com\/en\/\"},{\"@type\":\"ListItem\",\"position\":2,\"name\":\"Tienda\",\"item\":\"https:\/\/modasabel.com\/tienda\/\"},{\"@type\":\"ListItem\",\"position\":3,\"name\":\"Pack 3 bragas Les Pockets de DIM\"}]},{\"@type\":\"WebSite\",\"@id\":\"https:\/\/modasabel.com\/en\/#website\",\"url\":\"https:\/\/modasabel.com\/en\/\",\"name\":\"MODA SABEL\",\"description\":\"Marcas de ropa hombre y mujer\",\"potentialAction\":[{\"@type\":\"SearchAction\",\"target\":{\"@type\":\"EntryPoint\",\"urlTemplate\":\"https:\/\/modasabel.com\/en\/?s={search_term_string}\"},\"query-input\":\"required name=search_term_string\"}],\"inLanguage\":\"en-US\"}]}<\/script>\n<!-- \/ Yoast SEO plugin. -->","yoast_head_json":{"title":"Pack 3 bragas Les Pockets de DIM - MODA SABEL","robots":{"index":"index","follow":"follow","max-snippet":"max-snippet:-1","max-image-preview":"max-image-preview:large","max-video-preview":"max-video-preview:-1"},"canonical":"https:\/\/modasabel.com\/en\/producto\/pack-3-bragas-les-pockets-de-dim\/","og_locale":"en_US","og_type":"article","og_title":"Pack 3 bragas Les Pockets de DIM - MODA SABEL","og_description":"Les Pockets de DIM es una gama cl\u00e1sica y c\u00f3moda, fabricada en algod\u00f3n elastano para adaptarse a los movimientos y que la puedas llevar a diario.Est\u00e1n disponibles en distintos colores, preguntanos y te informaremos de los que tenemos disponibles en tu talla.","og_url":"https:\/\/modasabel.com\/en\/producto\/pack-3-bragas-les-pockets-de-dim\/","og_site_name":"MODA SABEL","article_modified_time":"2024-10-10T16:54:18+00:00","og_image":[{"width":1674,"height":1783,"url":"https:\/\/modasabel.com\/wp-content\/uploads\/2024\/02\/braga-mini-mujer-dim-ad04c17-les-poquets-pack-de-3-AD04C17-1.jpg","type":"image\/jpeg"}],"twitter_card":"summary_large_image","twitter_misc":{"Est. reading time":"1 minute"},"schema":{"@context":"https:\/\/schema.org","@graph":[{"@type":"WebPage","@id":"https:\/\/modasabel.com\/en\/producto\/pack-3-bragas-les-pockets-de-dim\/","url":"https:\/\/modasabel.com\/en\/producto\/pack-3-bragas-les-pockets-de-dim\/","name":"Pack 3 bragas Les Pockets de DIM - MODA SABEL","isPartOf":{"@id":"https:\/\/modasabel.com\/en\/#website"},"datePublished":"2024-02-12T09:08:40+00:00","dateModified":"2024-10-10T16:54:18+00:00","breadcrumb":{"@id":"https:\/\/modasabel.com\/en\/producto\/pack-3-bragas-les-pockets-de-dim\/#breadcrumb"},"inLanguage":"en-US","potentialAction":[{"@type":"ReadAction","target":["https:\/\/modasabel.com\/en\/producto\/pack-3-bragas-les-pockets-de-dim\/"]}]},{"@type":"BreadcrumbList","@id":"https:\/\/modasabel.com\/en\/producto\/pack-3-bragas-les-pockets-de-dim\/#breadcrumb","itemListElement":[{"@type":"ListItem","position":1,"name":"Inicio","item":"https:\/\/modasabel.com\/en\/"},{"@type":"ListItem","position":2,"name":"Tienda","item":"https:\/\/modasabel.com\/tienda\/"},{"@type":"ListItem","position":3,"name":"Pack 3 bragas Les Pockets de DIM"}]},{"@type":"WebSite","@id":"https:\/\/modasabel.com\/en\/#website","url":"https:\/\/modasabel.com\/en\/","name":"MODA SABEL","description":"Marcas de ropa hombre y mujer","potentialAction":[{"@type":"SearchAction","target":{"@type":"EntryPoint","urlTemplate":"https:\/\/modasabel.com\/en\/?s={search_term_string}"},"query-input":"required name=search_term_string"}],"inLanguage":"en-US"}]}},"_links":{"self":[{"href":"https:\/\/modasabel.com\/en\/wp-json\/wp\/v2\/product\/1593","targetHints":{"allow":["GET"]}}],"collection":[{"href":"https:\/\/modasabel.com\/en\/wp-json\/wp\/v2\/product"}],"about":[{"href":"https:\/\/modasabel.com\/en\/wp-json\/wp\/v2\/types\/product"}],"replies":[{"embeddable":true,"href":"https:\/\/modasabel.com\/en\/wp-json\/wp\/v2\/comments?post=1593"}],"wp:featuredmedia":[{"embeddable":true,"href":"https:\/\/modasabel.com\/en\/wp-json\/wp\/v2\/media\/1594"}],"wp:attachment":[{"href":"https:\/\/modasabel.com\/en\/wp-json\/wp\/v2\/media?parent=1593"}],"wp:term":[{"taxonomy":"marca-hombre","embeddable":true,"href":"https:\/\/modasabel.com\/en\/wp-json\/wp\/v2\/marca-hombre?post=1593"},{"taxonomy":"marca-interior-hombre","embeddable":true,"href":"https:\/\/modasabel.com\/en\/wp-json\/wp\/v2\/marca-interior-hombre?post=1593"},{"taxonomy":"marca-interior-mujer","embeddable":true,"href":"https:\/\/modasabel.com\/en\/wp-json\/wp\/v2\/marca-interior-mujer?post=1593"},{"taxonomy":"marca-mujer","embeddable":true,"href":"https:\/\/modasabel.com\/en\/wp-json\/wp\/v2\/marca-mujer?post=1593"},{"taxonomy":"product_brand","embeddable":true,"href":"https:\/\/modasabel.com\/en\/wp-json\/wp\/v2\/product_brand?post=1593"},{"taxonomy":"product_cat","embeddable":true,"href":"https:\/\/modasabel.com\/en\/wp-json\/wp\/v2\/product_cat?post=1593"},{"taxonomy":"product_tag","embeddable":true,"href":"https:\/\/modasabel.com\/en\/wp-json\/wp\/v2\/product_tag?post=1593"}],"curies":[{"name":"wp","href":"https:\/\/api.w.org\/{rel}","templated":true}]}}