{"id":11093,"date":"2026-02-27T18:34:19","date_gmt":"2026-02-27T17:34:19","guid":{"rendered":"https:\/\/modasabel.com\/?post_type=product&#038;p=11093"},"modified":"2026-04-11T12:59:57","modified_gmt":"2026-04-11T10:59:57","slug":"vaquero-basico-negro-mujer-goma-oculta-jarman-ref-6159072","status":"publish","type":"product","link":"https:\/\/modasabel.com\/en\/producto\/vaquero-basico-negro-mujer-goma-oculta-jarman-ref-6159072\/","title":{"rendered":"Vaquero b\u00e1sico negro mujer goma oculta \u2013 Jarman REF: 6159072"},"content":{"rendered":"<p data-start=\"205\" data-end=\"419\">Vaquero b\u00e1sico de mujer Jarman en color negro, un imprescindible atemporal que no puede faltar en el armario. Confeccionado en denim el\u00e1stico de alta comodidad, se adapta al cuerpo estilizando la figura sin marcar.<\/p>\n<p data-start=\"421\" data-end=\"712\">Incorpora <strong data-start=\"431\" data-end=\"469\">goma interior oculta en la cintura<\/strong>, un detalle clave que mejora el ajuste y aporta comodidad extra sin que se aprecie por fuera. Su corte recto ligeramente ajustado lo convierte en un modelo muy vers\u00e1til, perfecto tanto para looks informales como para conjuntos m\u00e1s arreglados.<\/p>\n<p data-start=\"714\" data-end=\"818\">Ideal si buscas un <strong data-start=\"733\" data-end=\"817\">vaquero negro b\u00e1sico de mujer con goma oculta en la cintura c\u00f3modo y favorecedor<\/strong>.<\/p>\n<p data-start=\"820\" data-end=\"867\">\ud83d\udcf2 WhatsApp: 622491371<\/p>\n","protected":false},"excerpt":{"rendered":"<p>Vaquero b\u00e1sico de mujer Jarman en color negro, un imprescindible atemporal que no puede faltar en el armario. Confeccionado en denim el\u00e1stico de alta comodidad, se adapta al cuerpo estilizando la figura sin marcar. Incorpora goma interior oculta en la cintura, un detalle clave que mejora el ajuste y aporta comodidad extra sin que se [&hellip;]<\/p>\n","protected":false},"featured_media":11103,"comment_status":"closed","ping_status":"closed","template":"","meta":{"_acf_changed":false,"site-sidebar-layout":"default","site-content-layout":"","ast-site-content-layout":"default","site-content-style":"default","site-sidebar-style":"default","ast-global-header-display":"","ast-banner-title-visibility":"","ast-main-header-display":"","ast-hfb-above-header-display":"","ast-hfb-below-header-display":"","ast-hfb-mobile-header-display":"","site-post-title":"","ast-breadcrumbs-content":"","ast-featured-img":"","footer-sml-layout":"","ast-disable-related-posts":"","theme-transparent-header-meta":"default","adv-header-id-meta":"","stick-header-meta":"","header-above-stick-meta":"","header-main-stick-meta":"","header-below-stick-meta":"","astra-migrate-meta-layouts":"set","ast-page-background-enabled":"default","ast-page-background-meta":{"desktop":{"background-color":"var(--ast-global-color-4)","background-image":"","background-repeat":"repeat","background-position":"center center","background-size":"auto","background-attachment":"scroll","background-type":"","background-media":"","overlay-type":"","overlay-color":"","overlay-opacity":"","overlay-gradient":""},"tablet":{"background-color":"","background-image":"","background-repeat":"repeat","background-position":"center center","background-size":"auto","background-attachment":"scroll","background-type":"","background-media":"","overlay-type":"","overlay-color":"","overlay-opacity":"","overlay-gradient":""},"mobile":{"background-color":"","background-image":"","background-repeat":"repeat","background-position":"center center","background-size":"auto","background-attachment":"scroll","background-type":"","background-media":"","overlay-type":"","overlay-color":"","overlay-opacity":"","overlay-gradient":""}},"ast-content-background-meta":{"desktop":{"background-color":"var(--ast-global-color-5)","background-image":"","background-repeat":"repeat","background-position":"center center","background-size":"auto","background-attachment":"scroll","background-type":"","background-media":"","overlay-type":"","overlay-color":"","overlay-opacity":"","overlay-gradient":""},"tablet":{"background-color":"var(--ast-global-color-5)","background-image":"","background-repeat":"repeat","background-position":"center center","background-size":"auto","background-attachment":"scroll","background-type":"","background-media":"","overlay-type":"","overlay-color":"","overlay-opacity":"","overlay-gradient":""},"mobile":{"background-color":"var(--ast-global-color-5)","background-image":"","background-repeat":"repeat","background-position":"center center","background-size":"auto","background-attachment":"scroll","background-type":"","background-media":"","overlay-type":"","overlay-color":"","overlay-opacity":"","overlay-gradient":""}}},"marca-hombre":[],"marca-interior-hombre":[],"marca-interior-mujer":[],"marca-mujer":[211],"product_brand":[],"product_cat":[18,46],"product_tag":[],"class_list":{"0":"post-11093","1":"product","2":"type-product","3":"status-publish","4":"has-post-thumbnail","6":"marca-mujer-jarman","7":"product_cat-mujer","8":"product_cat-tejanos-mujer","9":"pa_tallaje-numerico-142","10":"pa_tallaje-numerico-143","11":"pa_tallaje-numerico-144","12":"pa_tallaje-numerico-145","13":"pa_tallaje-numerico-146","14":"desktop-align-left","15":"tablet-align-left","16":"mobile-align-left","18":"first","19":"instock","20":"taxable","21":"shipping-taxable","22":"purchasable","23":"product-type-variable"},"acf":[],"yoast_head":"<!-- This site is optimized with the Yoast SEO plugin v22.1 - https:\/\/yoast.com\/wordpress\/plugins\/seo\/ -->\n<title>Vaquero b\u00e1sico negro mujer goma oculta \u2013 Jarman REF: 6159072 - MODA SABEL<\/title>\n<meta name=\"description\" content=\"Vaquero negro b\u00e1sico de mujer Jarman con goma interior oculta en la cintura. Denim el\u00e1stico c\u00f3modo y vers\u00e1til para primavera verano 2026.\" \/>\n<meta name=\"robots\" content=\"index, follow, max-snippet:-1, max-image-preview:large, max-video-preview:-1\" \/>\n<link rel=\"canonical\" href=\"https:\/\/modasabel.com\/en\/producto\/vaquero-basico-negro-mujer-goma-oculta-jarman-ref-6159072\/\" \/>\n<meta property=\"og:locale\" content=\"en_US\" \/>\n<meta property=\"og:type\" content=\"article\" \/>\n<meta property=\"og:title\" content=\"Vaquero b\u00e1sico negro mujer goma oculta \u2013 Jarman REF: 6159072 - MODA SABEL\" \/>\n<meta property=\"og:description\" content=\"Vaquero negro b\u00e1sico de mujer Jarman con goma interior oculta en la cintura. Denim el\u00e1stico c\u00f3modo y vers\u00e1til para primavera verano 2026.\" \/>\n<meta property=\"og:url\" content=\"https:\/\/modasabel.com\/en\/producto\/vaquero-basico-negro-mujer-goma-oculta-jarman-ref-6159072\/\" \/>\n<meta property=\"og:site_name\" content=\"MODA SABEL\" \/>\n<meta property=\"article:modified_time\" content=\"2026-04-11T10:59:57+00:00\" \/>\n<meta property=\"og:image\" content=\"https:\/\/modasabel.com\/wp-content\/uploads\/2026\/02\/ChatGPT-Image-27-feb-2026-18_33_35.png\" \/>\n\t<meta property=\"og:image:width\" content=\"1024\" \/>\n\t<meta property=\"og:image:height\" content=\"1536\" \/>\n\t<meta property=\"og:image:type\" content=\"image\/png\" \/>\n<meta name=\"twitter:card\" content=\"summary_large_image\" \/>\n<meta name=\"twitter:label1\" content=\"Est. reading time\" \/>\n\t<meta name=\"twitter:data1\" content=\"1 minute\" \/>\n<script type=\"application\/ld+json\" class=\"yoast-schema-graph\">{\"@context\":\"https:\/\/schema.org\",\"@graph\":[{\"@type\":\"WebPage\",\"@id\":\"https:\/\/modasabel.com\/en\/producto\/vaquero-basico-negro-mujer-goma-oculta-jarman-ref-6159072\/\",\"url\":\"https:\/\/modasabel.com\/en\/producto\/vaquero-basico-negro-mujer-goma-oculta-jarman-ref-6159072\/\",\"name\":\"Vaquero b\u00e1sico negro mujer goma oculta \u2013 Jarman REF: 6159072 - MODA SABEL\",\"isPartOf\":{\"@id\":\"https:\/\/modasabel.com\/en\/#website\"},\"datePublished\":\"2026-02-27T17:34:19+00:00\",\"dateModified\":\"2026-04-11T10:59:57+00:00\",\"description\":\"Vaquero negro b\u00e1sico de mujer Jarman con goma interior oculta en la cintura. Denim el\u00e1stico c\u00f3modo y vers\u00e1til para primavera verano 2026.\",\"breadcrumb\":{\"@id\":\"https:\/\/modasabel.com\/en\/producto\/vaquero-basico-negro-mujer-goma-oculta-jarman-ref-6159072\/#breadcrumb\"},\"inLanguage\":\"en-US\",\"potentialAction\":[{\"@type\":\"ReadAction\",\"target\":[\"https:\/\/modasabel.com\/en\/producto\/vaquero-basico-negro-mujer-goma-oculta-jarman-ref-6159072\/\"]}]},{\"@type\":\"BreadcrumbList\",\"@id\":\"https:\/\/modasabel.com\/en\/producto\/vaquero-basico-negro-mujer-goma-oculta-jarman-ref-6159072\/#breadcrumb\",\"itemListElement\":[{\"@type\":\"ListItem\",\"position\":1,\"name\":\"Inicio\",\"item\":\"https:\/\/modasabel.com\/en\/\"},{\"@type\":\"ListItem\",\"position\":2,\"name\":\"Tienda\",\"item\":\"https:\/\/modasabel.com\/tienda\/\"},{\"@type\":\"ListItem\",\"position\":3,\"name\":\"Vaquero b\u00e1sico negro mujer goma oculta \u2013 Jarman REF: 6159072\"}]},{\"@type\":\"WebSite\",\"@id\":\"https:\/\/modasabel.com\/en\/#website\",\"url\":\"https:\/\/modasabel.com\/en\/\",\"name\":\"MODA SABEL\",\"description\":\"Marcas de ropa hombre y mujer\",\"potentialAction\":[{\"@type\":\"SearchAction\",\"target\":{\"@type\":\"EntryPoint\",\"urlTemplate\":\"https:\/\/modasabel.com\/en\/?s={search_term_string}\"},\"query-input\":\"required name=search_term_string\"}],\"inLanguage\":\"en-US\"}]}<\/script>\n<!-- \/ Yoast SEO plugin. -->","yoast_head_json":{"title":"Vaquero b\u00e1sico negro mujer goma oculta \u2013 Jarman REF: 6159072 - MODA SABEL","description":"Vaquero negro b\u00e1sico de mujer Jarman con goma interior oculta en la cintura. Denim el\u00e1stico c\u00f3modo y vers\u00e1til para primavera verano 2026.","robots":{"index":"index","follow":"follow","max-snippet":"max-snippet:-1","max-image-preview":"max-image-preview:large","max-video-preview":"max-video-preview:-1"},"canonical":"https:\/\/modasabel.com\/en\/producto\/vaquero-basico-negro-mujer-goma-oculta-jarman-ref-6159072\/","og_locale":"en_US","og_type":"article","og_title":"Vaquero b\u00e1sico negro mujer goma oculta \u2013 Jarman REF: 6159072 - MODA SABEL","og_description":"Vaquero negro b\u00e1sico de mujer Jarman con goma interior oculta en la cintura. Denim el\u00e1stico c\u00f3modo y vers\u00e1til para primavera verano 2026.","og_url":"https:\/\/modasabel.com\/en\/producto\/vaquero-basico-negro-mujer-goma-oculta-jarman-ref-6159072\/","og_site_name":"MODA SABEL","article_modified_time":"2026-04-11T10:59:57+00:00","og_image":[{"width":1024,"height":1536,"url":"https:\/\/modasabel.com\/wp-content\/uploads\/2026\/02\/ChatGPT-Image-27-feb-2026-18_33_35.png","type":"image\/png"}],"twitter_card":"summary_large_image","twitter_misc":{"Est. reading time":"1 minute"},"schema":{"@context":"https:\/\/schema.org","@graph":[{"@type":"WebPage","@id":"https:\/\/modasabel.com\/en\/producto\/vaquero-basico-negro-mujer-goma-oculta-jarman-ref-6159072\/","url":"https:\/\/modasabel.com\/en\/producto\/vaquero-basico-negro-mujer-goma-oculta-jarman-ref-6159072\/","name":"Vaquero b\u00e1sico negro mujer goma oculta \u2013 Jarman REF: 6159072 - MODA SABEL","isPartOf":{"@id":"https:\/\/modasabel.com\/en\/#website"},"datePublished":"2026-02-27T17:34:19+00:00","dateModified":"2026-04-11T10:59:57+00:00","description":"Vaquero negro b\u00e1sico de mujer Jarman con goma interior oculta en la cintura. Denim el\u00e1stico c\u00f3modo y vers\u00e1til para primavera verano 2026.","breadcrumb":{"@id":"https:\/\/modasabel.com\/en\/producto\/vaquero-basico-negro-mujer-goma-oculta-jarman-ref-6159072\/#breadcrumb"},"inLanguage":"en-US","potentialAction":[{"@type":"ReadAction","target":["https:\/\/modasabel.com\/en\/producto\/vaquero-basico-negro-mujer-goma-oculta-jarman-ref-6159072\/"]}]},{"@type":"BreadcrumbList","@id":"https:\/\/modasabel.com\/en\/producto\/vaquero-basico-negro-mujer-goma-oculta-jarman-ref-6159072\/#breadcrumb","itemListElement":[{"@type":"ListItem","position":1,"name":"Inicio","item":"https:\/\/modasabel.com\/en\/"},{"@type":"ListItem","position":2,"name":"Tienda","item":"https:\/\/modasabel.com\/tienda\/"},{"@type":"ListItem","position":3,"name":"Vaquero b\u00e1sico negro mujer goma oculta \u2013 Jarman REF: 6159072"}]},{"@type":"WebSite","@id":"https:\/\/modasabel.com\/en\/#website","url":"https:\/\/modasabel.com\/en\/","name":"MODA SABEL","description":"Marcas de ropa hombre y mujer","potentialAction":[{"@type":"SearchAction","target":{"@type":"EntryPoint","urlTemplate":"https:\/\/modasabel.com\/en\/?s={search_term_string}"},"query-input":"required name=search_term_string"}],"inLanguage":"en-US"}]}},"_links":{"self":[{"href":"https:\/\/modasabel.com\/en\/wp-json\/wp\/v2\/product\/11093","targetHints":{"allow":["GET"]}}],"collection":[{"href":"https:\/\/modasabel.com\/en\/wp-json\/wp\/v2\/product"}],"about":[{"href":"https:\/\/modasabel.com\/en\/wp-json\/wp\/v2\/types\/product"}],"replies":[{"embeddable":true,"href":"https:\/\/modasabel.com\/en\/wp-json\/wp\/v2\/comments?post=11093"}],"wp:featuredmedia":[{"embeddable":true,"href":"https:\/\/modasabel.com\/en\/wp-json\/wp\/v2\/media\/11103"}],"wp:attachment":[{"href":"https:\/\/modasabel.com\/en\/wp-json\/wp\/v2\/media?parent=11093"}],"wp:term":[{"taxonomy":"marca-hombre","embeddable":true,"href":"https:\/\/modasabel.com\/en\/wp-json\/wp\/v2\/marca-hombre?post=11093"},{"taxonomy":"marca-interior-hombre","embeddable":true,"href":"https:\/\/modasabel.com\/en\/wp-json\/wp\/v2\/marca-interior-hombre?post=11093"},{"taxonomy":"marca-interior-mujer","embeddable":true,"href":"https:\/\/modasabel.com\/en\/wp-json\/wp\/v2\/marca-interior-mujer?post=11093"},{"taxonomy":"marca-mujer","embeddable":true,"href":"https:\/\/modasabel.com\/en\/wp-json\/wp\/v2\/marca-mujer?post=11093"},{"taxonomy":"product_brand","embeddable":true,"href":"https:\/\/modasabel.com\/en\/wp-json\/wp\/v2\/product_brand?post=11093"},{"taxonomy":"product_cat","embeddable":true,"href":"https:\/\/modasabel.com\/en\/wp-json\/wp\/v2\/product_cat?post=11093"},{"taxonomy":"product_tag","embeddable":true,"href":"https:\/\/modasabel.com\/en\/wp-json\/wp\/v2\/product_tag?post=11093"}],"curies":[{"name":"wp","href":"https:\/\/api.w.org\/{rel}","templated":true}]}}