{"id":11061,"date":"2026-02-27T17:46:26","date_gmt":"2026-02-27T16:46:26","guid":{"rendered":"https:\/\/modasabel.com\/?post_type=product&#038;p=11061"},"modified":"2026-02-27T17:46:26","modified_gmt":"2026-02-27T16:46:26","slug":"vaquero-beige-mujer-detalle-cadena-jarman-ref-54910315","status":"publish","type":"product","link":"https:\/\/modasabel.com\/en\/producto\/vaquero-beige-mujer-detalle-cadena-jarman-ref-54910315\/","title":{"rendered":"Vaquero beige mujer detalle cadena \u2013 Jarman (REF: 54910315)"},"content":{"rendered":"<p data-start=\"231\" data-end=\"466\">Vaquero de mujer Jarman en tono beige arena, un color neutro y elegante perfecto para la temporada primavera verano 2026. Confeccionado en tejido denim el\u00e1stico, se adapta c\u00f3modamente al cuerpo y estiliza la silueta sin perder confort.<\/p>\n<p data-start=\"468\" data-end=\"787\">Su corte recto ligeramente amplio y el bajo con acabado desflecado aportan un aire actual y favorecedor. Destaca el <strong data-start=\"584\" data-end=\"648\">detalle decorativo de cadena dorada en el bolsillo delantero<\/strong>, que a\u00f1ade un toque sofisticado y diferencial al dise\u00f1o. Una prenda vers\u00e1til que combina f\u00e1cilmente con tonos neutros o colores m\u00e1s vivos.<\/p>\n<p data-start=\"789\" data-end=\"877\">Ideal si buscas un <strong data-start=\"808\" data-end=\"876\">vaquero beige de mujer elegante y el\u00e1stico para primavera verano<\/strong>.<\/p>\n<p data-start=\"879\" data-end=\"926\">\ud83d\udcf2 WhatsApp: 622491371<\/p>\n","protected":false},"excerpt":{"rendered":"<p>Vaquero de mujer Jarman en tono beige arena, un color neutro y elegante perfecto para la temporada primavera verano 2026. Confeccionado en tejido denim el\u00e1stico, se adapta c\u00f3modamente al cuerpo y estiliza la silueta sin perder confort. Su corte recto ligeramente amplio y el bajo con acabado desflecado aportan un aire actual y favorecedor. Destaca [&hellip;]<\/p>\n","protected":false},"featured_media":11069,"comment_status":"closed","ping_status":"closed","template":"","meta":{"_acf_changed":false,"site-sidebar-layout":"default","site-content-layout":"","ast-site-content-layout":"default","site-content-style":"default","site-sidebar-style":"default","ast-global-header-display":"","ast-banner-title-visibility":"","ast-main-header-display":"","ast-hfb-above-header-display":"","ast-hfb-below-header-display":"","ast-hfb-mobile-header-display":"","site-post-title":"","ast-breadcrumbs-content":"","ast-featured-img":"","footer-sml-layout":"","ast-disable-related-posts":"","theme-transparent-header-meta":"default","adv-header-id-meta":"","stick-header-meta":"","header-above-stick-meta":"","header-main-stick-meta":"","header-below-stick-meta":"","astra-migrate-meta-layouts":"set","ast-page-background-enabled":"default","ast-page-background-meta":{"desktop":{"background-color":"var(--ast-global-color-4)","background-image":"","background-repeat":"repeat","background-position":"center center","background-size":"auto","background-attachment":"scroll","background-type":"","background-media":"","overlay-type":"","overlay-color":"","overlay-opacity":"","overlay-gradient":""},"tablet":{"background-color":"","background-image":"","background-repeat":"repeat","background-position":"center center","background-size":"auto","background-attachment":"scroll","background-type":"","background-media":"","overlay-type":"","overlay-color":"","overlay-opacity":"","overlay-gradient":""},"mobile":{"background-color":"","background-image":"","background-repeat":"repeat","background-position":"center center","background-size":"auto","background-attachment":"scroll","background-type":"","background-media":"","overlay-type":"","overlay-color":"","overlay-opacity":"","overlay-gradient":""}},"ast-content-background-meta":{"desktop":{"background-color":"var(--ast-global-color-5)","background-image":"","background-repeat":"repeat","background-position":"center center","background-size":"auto","background-attachment":"scroll","background-type":"","background-media":"","overlay-type":"","overlay-color":"","overlay-opacity":"","overlay-gradient":""},"tablet":{"background-color":"var(--ast-global-color-5)","background-image":"","background-repeat":"repeat","background-position":"center center","background-size":"auto","background-attachment":"scroll","background-type":"","background-media":"","overlay-type":"","overlay-color":"","overlay-opacity":"","overlay-gradient":""},"mobile":{"background-color":"var(--ast-global-color-5)","background-image":"","background-repeat":"repeat","background-position":"center center","background-size":"auto","background-attachment":"scroll","background-type":"","background-media":"","overlay-type":"","overlay-color":"","overlay-opacity":"","overlay-gradient":""}}},"marca-hombre":[],"marca-interior-hombre":[],"marca-interior-mujer":[],"marca-mujer":[211],"product_brand":[],"product_cat":[18,191,46],"product_tag":[],"class_list":{"0":"post-11061","1":"product","2":"type-product","3":"status-publish","4":"has-post-thumbnail","6":"marca-mujer-jarman","7":"product_cat-mujer","8":"product_cat-pantalones-mujer","9":"product_cat-tejanos-mujer","10":"pa_tallaje-numerico-141","11":"pa_tallaje-numerico-142","12":"pa_tallaje-numerico-143","13":"pa_tallaje-numerico-144","14":"pa_tallaje-numerico-145","15":"desktop-align-left","16":"tablet-align-left","17":"mobile-align-left","19":"first","20":"instock","21":"taxable","22":"shipping-taxable","23":"purchasable","24":"product-type-variable"},"acf":[],"yoast_head":"<!-- This site is optimized with the Yoast SEO plugin v22.1 - https:\/\/yoast.com\/wordpress\/plugins\/seo\/ -->\n<title>Vaquero beige mujer detalle cadena \u2013 Jarman (REF: 54910315) - MODA SABEL<\/title>\n<meta name=\"description\" content=\"Vaquero beige de mujer Jarman con tejido el\u00e1stico y detalle de cadena dorada. Dise\u00f1o elegante y moderno para primavera verano 2026.\" \/>\n<meta name=\"robots\" content=\"index, follow, max-snippet:-1, max-image-preview:large, max-video-preview:-1\" \/>\n<link rel=\"canonical\" href=\"https:\/\/modasabel.com\/en\/producto\/vaquero-beige-mujer-detalle-cadena-jarman-ref-54910315\/\" \/>\n<meta property=\"og:locale\" content=\"en_US\" \/>\n<meta property=\"og:type\" content=\"article\" \/>\n<meta property=\"og:title\" content=\"Vaquero beige mujer detalle cadena \u2013 Jarman (REF: 54910315) - MODA SABEL\" \/>\n<meta property=\"og:description\" content=\"Vaquero beige de mujer Jarman con tejido el\u00e1stico y detalle de cadena dorada. Dise\u00f1o elegante y moderno para primavera verano 2026.\" \/>\n<meta property=\"og:url\" content=\"https:\/\/modasabel.com\/en\/producto\/vaquero-beige-mujer-detalle-cadena-jarman-ref-54910315\/\" \/>\n<meta property=\"og:site_name\" content=\"MODA SABEL\" \/>\n<meta property=\"og:image\" content=\"https:\/\/modasabel.com\/wp-content\/uploads\/2026\/02\/54910315.png\" \/>\n\t<meta property=\"og:image:width\" content=\"1024\" \/>\n\t<meta property=\"og:image:height\" content=\"1536\" \/>\n\t<meta property=\"og:image:type\" content=\"image\/png\" \/>\n<meta name=\"twitter:card\" content=\"summary_large_image\" \/>\n<meta name=\"twitter:label1\" content=\"Est. reading time\" \/>\n\t<meta name=\"twitter:data1\" content=\"1 minute\" \/>\n<script type=\"application\/ld+json\" class=\"yoast-schema-graph\">{\"@context\":\"https:\/\/schema.org\",\"@graph\":[{\"@type\":\"WebPage\",\"@id\":\"https:\/\/modasabel.com\/en\/producto\/vaquero-beige-mujer-detalle-cadena-jarman-ref-54910315\/\",\"url\":\"https:\/\/modasabel.com\/en\/producto\/vaquero-beige-mujer-detalle-cadena-jarman-ref-54910315\/\",\"name\":\"Vaquero beige mujer detalle cadena \u2013 Jarman (REF: 54910315) - MODA SABEL\",\"isPartOf\":{\"@id\":\"https:\/\/modasabel.com\/en\/#website\"},\"datePublished\":\"2026-02-27T16:46:26+00:00\",\"dateModified\":\"2026-02-27T16:46:26+00:00\",\"description\":\"Vaquero beige de mujer Jarman con tejido el\u00e1stico y detalle de cadena dorada. Dise\u00f1o elegante y moderno para primavera verano 2026.\",\"breadcrumb\":{\"@id\":\"https:\/\/modasabel.com\/en\/producto\/vaquero-beige-mujer-detalle-cadena-jarman-ref-54910315\/#breadcrumb\"},\"inLanguage\":\"en-US\",\"potentialAction\":[{\"@type\":\"ReadAction\",\"target\":[\"https:\/\/modasabel.com\/en\/producto\/vaquero-beige-mujer-detalle-cadena-jarman-ref-54910315\/\"]}]},{\"@type\":\"BreadcrumbList\",\"@id\":\"https:\/\/modasabel.com\/en\/producto\/vaquero-beige-mujer-detalle-cadena-jarman-ref-54910315\/#breadcrumb\",\"itemListElement\":[{\"@type\":\"ListItem\",\"position\":1,\"name\":\"Inicio\",\"item\":\"https:\/\/modasabel.com\/en\/\"},{\"@type\":\"ListItem\",\"position\":2,\"name\":\"Tienda\",\"item\":\"https:\/\/modasabel.com\/tienda\/\"},{\"@type\":\"ListItem\",\"position\":3,\"name\":\"Vaquero beige mujer detalle cadena \u2013 Jarman (REF: 54910315)\"}]},{\"@type\":\"WebSite\",\"@id\":\"https:\/\/modasabel.com\/en\/#website\",\"url\":\"https:\/\/modasabel.com\/en\/\",\"name\":\"MODA SABEL\",\"description\":\"Marcas de ropa hombre y mujer\",\"potentialAction\":[{\"@type\":\"SearchAction\",\"target\":{\"@type\":\"EntryPoint\",\"urlTemplate\":\"https:\/\/modasabel.com\/en\/?s={search_term_string}\"},\"query-input\":\"required name=search_term_string\"}],\"inLanguage\":\"en-US\"}]}<\/script>\n<!-- \/ Yoast SEO plugin. -->","yoast_head_json":{"title":"Vaquero beige mujer detalle cadena \u2013 Jarman (REF: 54910315) - MODA SABEL","description":"Vaquero beige de mujer Jarman con tejido el\u00e1stico y detalle de cadena dorada. Dise\u00f1o elegante y moderno para primavera verano 2026.","robots":{"index":"index","follow":"follow","max-snippet":"max-snippet:-1","max-image-preview":"max-image-preview:large","max-video-preview":"max-video-preview:-1"},"canonical":"https:\/\/modasabel.com\/en\/producto\/vaquero-beige-mujer-detalle-cadena-jarman-ref-54910315\/","og_locale":"en_US","og_type":"article","og_title":"Vaquero beige mujer detalle cadena \u2013 Jarman (REF: 54910315) - MODA SABEL","og_description":"Vaquero beige de mujer Jarman con tejido el\u00e1stico y detalle de cadena dorada. Dise\u00f1o elegante y moderno para primavera verano 2026.","og_url":"https:\/\/modasabel.com\/en\/producto\/vaquero-beige-mujer-detalle-cadena-jarman-ref-54910315\/","og_site_name":"MODA SABEL","og_image":[{"width":1024,"height":1536,"url":"https:\/\/modasabel.com\/wp-content\/uploads\/2026\/02\/54910315.png","type":"image\/png"}],"twitter_card":"summary_large_image","twitter_misc":{"Est. reading time":"1 minute"},"schema":{"@context":"https:\/\/schema.org","@graph":[{"@type":"WebPage","@id":"https:\/\/modasabel.com\/en\/producto\/vaquero-beige-mujer-detalle-cadena-jarman-ref-54910315\/","url":"https:\/\/modasabel.com\/en\/producto\/vaquero-beige-mujer-detalle-cadena-jarman-ref-54910315\/","name":"Vaquero beige mujer detalle cadena \u2013 Jarman (REF: 54910315) - MODA SABEL","isPartOf":{"@id":"https:\/\/modasabel.com\/en\/#website"},"datePublished":"2026-02-27T16:46:26+00:00","dateModified":"2026-02-27T16:46:26+00:00","description":"Vaquero beige de mujer Jarman con tejido el\u00e1stico y detalle de cadena dorada. Dise\u00f1o elegante y moderno para primavera verano 2026.","breadcrumb":{"@id":"https:\/\/modasabel.com\/en\/producto\/vaquero-beige-mujer-detalle-cadena-jarman-ref-54910315\/#breadcrumb"},"inLanguage":"en-US","potentialAction":[{"@type":"ReadAction","target":["https:\/\/modasabel.com\/en\/producto\/vaquero-beige-mujer-detalle-cadena-jarman-ref-54910315\/"]}]},{"@type":"BreadcrumbList","@id":"https:\/\/modasabel.com\/en\/producto\/vaquero-beige-mujer-detalle-cadena-jarman-ref-54910315\/#breadcrumb","itemListElement":[{"@type":"ListItem","position":1,"name":"Inicio","item":"https:\/\/modasabel.com\/en\/"},{"@type":"ListItem","position":2,"name":"Tienda","item":"https:\/\/modasabel.com\/tienda\/"},{"@type":"ListItem","position":3,"name":"Vaquero beige mujer detalle cadena \u2013 Jarman (REF: 54910315)"}]},{"@type":"WebSite","@id":"https:\/\/modasabel.com\/en\/#website","url":"https:\/\/modasabel.com\/en\/","name":"MODA SABEL","description":"Marcas de ropa hombre y mujer","potentialAction":[{"@type":"SearchAction","target":{"@type":"EntryPoint","urlTemplate":"https:\/\/modasabel.com\/en\/?s={search_term_string}"},"query-input":"required name=search_term_string"}],"inLanguage":"en-US"}]}},"_links":{"self":[{"href":"https:\/\/modasabel.com\/en\/wp-json\/wp\/v2\/product\/11061","targetHints":{"allow":["GET"]}}],"collection":[{"href":"https:\/\/modasabel.com\/en\/wp-json\/wp\/v2\/product"}],"about":[{"href":"https:\/\/modasabel.com\/en\/wp-json\/wp\/v2\/types\/product"}],"replies":[{"embeddable":true,"href":"https:\/\/modasabel.com\/en\/wp-json\/wp\/v2\/comments?post=11061"}],"wp:featuredmedia":[{"embeddable":true,"href":"https:\/\/modasabel.com\/en\/wp-json\/wp\/v2\/media\/11069"}],"wp:attachment":[{"href":"https:\/\/modasabel.com\/en\/wp-json\/wp\/v2\/media?parent=11061"}],"wp:term":[{"taxonomy":"marca-hombre","embeddable":true,"href":"https:\/\/modasabel.com\/en\/wp-json\/wp\/v2\/marca-hombre?post=11061"},{"taxonomy":"marca-interior-hombre","embeddable":true,"href":"https:\/\/modasabel.com\/en\/wp-json\/wp\/v2\/marca-interior-hombre?post=11061"},{"taxonomy":"marca-interior-mujer","embeddable":true,"href":"https:\/\/modasabel.com\/en\/wp-json\/wp\/v2\/marca-interior-mujer?post=11061"},{"taxonomy":"marca-mujer","embeddable":true,"href":"https:\/\/modasabel.com\/en\/wp-json\/wp\/v2\/marca-mujer?post=11061"},{"taxonomy":"product_brand","embeddable":true,"href":"https:\/\/modasabel.com\/en\/wp-json\/wp\/v2\/product_brand?post=11061"},{"taxonomy":"product_cat","embeddable":true,"href":"https:\/\/modasabel.com\/en\/wp-json\/wp\/v2\/product_cat?post=11061"},{"taxonomy":"product_tag","embeddable":true,"href":"https:\/\/modasabel.com\/en\/wp-json\/wp\/v2\/product_tag?post=11061"}],"curies":[{"name":"wp","href":"https:\/\/api.w.org\/{rel}","templated":true}]}}