{"id":11052,"date":"2026-02-27T17:37:05","date_gmt":"2026-02-27T16:37:05","guid":{"rendered":"https:\/\/modasabel.com\/?post_type=product&#038;p=11052"},"modified":"2026-03-26T07:42:13","modified_gmt":"2026-03-26T06:42:13","slug":"pantalon-de-rayas-mujer-punto-fresco-jarman-ref-51710177","status":"publish","type":"product","link":"https:\/\/modasabel.com\/en\/producto\/pantalon-de-rayas-mujer-punto-fresco-jarman-ref-51710177\/","title":{"rendered":"Pantal\u00f3n de rayas mujer punto fresco \u2013 Jarman (REF: 51710177)"},"content":{"rendered":"<p data-start=\"175\" data-end=\"450\">Pantal\u00f3n de mujer Jarman confeccionado en <strong data-start=\"217\" data-end=\"242\">punto fresco y ligero<\/strong>, perfecto para primavera y verano. Su tejido suave y el\u00e1stico aporta una comodidad excepcional, adapt\u00e1ndose al cuerpo sin oprimir gracias a su <strong data-start=\"386\" data-end=\"415\">cintura con goma el\u00e1stica<\/strong>, sello caracter\u00edstico de la marca.<\/p>\n<p data-start=\"452\" data-end=\"745\">Su dise\u00f1o de <strong data-start=\"465\" data-end=\"520\">rayas verticales en tonos arena, beige, teja y gris<\/strong> estiliza visualmente la silueta y aporta un toque elegante y actual. El corte recto ligeramente amplio lo convierte en una prenda muy favorecedora y vers\u00e1til, ideal tanto para el d\u00eda a d\u00eda como para ocasiones m\u00e1s especiales.<\/p>\n<p data-start=\"747\" data-end=\"859\">Una opci\u00f3n perfecta si buscas un <strong data-start=\"780\" data-end=\"858\">pantal\u00f3n de rayas para mujer en punto fresco c\u00f3modo y elegante para verano<\/strong>.<\/p>\n<p data-start=\"861\" data-end=\"908\">\ud83d\udcf2 WhatsApp: 622491371<\/p>\n","protected":false},"excerpt":{"rendered":"<p>Pantal\u00f3n de mujer Jarman confeccionado en punto fresco y ligero, perfecto para primavera y verano. Su tejido suave y el\u00e1stico aporta una comodidad excepcional, adapt\u00e1ndose al cuerpo sin oprimir gracias a su cintura con goma el\u00e1stica, sello caracter\u00edstico de la marca. Su dise\u00f1o de rayas verticales en tonos arena, beige, teja y gris estiliza visualmente [&hellip;]<\/p>\n","protected":false},"featured_media":11059,"comment_status":"closed","ping_status":"closed","template":"","meta":{"_acf_changed":false,"site-sidebar-layout":"default","site-content-layout":"","ast-site-content-layout":"default","site-content-style":"default","site-sidebar-style":"default","ast-global-header-display":"","ast-banner-title-visibility":"","ast-main-header-display":"","ast-hfb-above-header-display":"","ast-hfb-below-header-display":"","ast-hfb-mobile-header-display":"","site-post-title":"","ast-breadcrumbs-content":"","ast-featured-img":"","footer-sml-layout":"","ast-disable-related-posts":"","theme-transparent-header-meta":"default","adv-header-id-meta":"","stick-header-meta":"","header-above-stick-meta":"","header-main-stick-meta":"","header-below-stick-meta":"","astra-migrate-meta-layouts":"set","ast-page-background-enabled":"default","ast-page-background-meta":{"desktop":{"background-color":"var(--ast-global-color-4)","background-image":"","background-repeat":"repeat","background-position":"center center","background-size":"auto","background-attachment":"scroll","background-type":"","background-media":"","overlay-type":"","overlay-color":"","overlay-opacity":"","overlay-gradient":""},"tablet":{"background-color":"","background-image":"","background-repeat":"repeat","background-position":"center center","background-size":"auto","background-attachment":"scroll","background-type":"","background-media":"","overlay-type":"","overlay-color":"","overlay-opacity":"","overlay-gradient":""},"mobile":{"background-color":"","background-image":"","background-repeat":"repeat","background-position":"center center","background-size":"auto","background-attachment":"scroll","background-type":"","background-media":"","overlay-type":"","overlay-color":"","overlay-opacity":"","overlay-gradient":""}},"ast-content-background-meta":{"desktop":{"background-color":"var(--ast-global-color-5)","background-image":"","background-repeat":"repeat","background-position":"center center","background-size":"auto","background-attachment":"scroll","background-type":"","background-media":"","overlay-type":"","overlay-color":"","overlay-opacity":"","overlay-gradient":""},"tablet":{"background-color":"var(--ast-global-color-5)","background-image":"","background-repeat":"repeat","background-position":"center center","background-size":"auto","background-attachment":"scroll","background-type":"","background-media":"","overlay-type":"","overlay-color":"","overlay-opacity":"","overlay-gradient":""},"mobile":{"background-color":"var(--ast-global-color-5)","background-image":"","background-repeat":"repeat","background-position":"center center","background-size":"auto","background-attachment":"scroll","background-type":"","background-media":"","overlay-type":"","overlay-color":"","overlay-opacity":"","overlay-gradient":""}}},"marca-hombre":[],"marca-interior-hombre":[],"marca-interior-mujer":[],"marca-mujer":[211],"product_brand":[],"product_cat":[18,191],"product_tag":[],"class_list":{"0":"post-11052","1":"product","2":"type-product","3":"status-publish","4":"has-post-thumbnail","6":"marca-mujer-jarman","7":"product_cat-mujer","8":"product_cat-pantalones-mujer","9":"pa_tallaje-numerico-141","10":"pa_tallaje-numerico-142","11":"pa_tallaje-numerico-143","12":"pa_tallaje-numerico-144","13":"pa_tallaje-numerico-145","14":"desktop-align-left","15":"tablet-align-left","16":"mobile-align-left","18":"first","19":"instock","20":"taxable","21":"shipping-taxable","22":"purchasable","23":"product-type-variable"},"acf":[],"yoast_head":"<!-- This site is optimized with the Yoast SEO plugin v22.1 - https:\/\/yoast.com\/wordpress\/plugins\/seo\/ -->\n<title>Pantal\u00f3n de rayas mujer punto fresco \u2013 Jarman (REF: 51710177) - MODA SABEL<\/title>\n<meta name=\"description\" content=\"Pantal\u00f3n de rayas para mujer Jarman en punto fresco y ligero. Con cintura el\u00e1stica c\u00f3moda, ideal para primavera verano 2026.\" \/>\n<meta name=\"robots\" content=\"index, follow, max-snippet:-1, max-image-preview:large, max-video-preview:-1\" \/>\n<link rel=\"canonical\" href=\"https:\/\/modasabel.com\/en\/producto\/pantalon-de-rayas-mujer-punto-fresco-jarman-ref-51710177\/\" \/>\n<meta property=\"og:locale\" content=\"en_US\" \/>\n<meta property=\"og:type\" content=\"article\" \/>\n<meta property=\"og:title\" content=\"Pantal\u00f3n de rayas mujer punto fresco \u2013 Jarman (REF: 51710177) - MODA SABEL\" \/>\n<meta property=\"og:description\" content=\"Pantal\u00f3n de rayas para mujer Jarman en punto fresco y ligero. Con cintura el\u00e1stica c\u00f3moda, ideal para primavera verano 2026.\" \/>\n<meta property=\"og:url\" content=\"https:\/\/modasabel.com\/en\/producto\/pantalon-de-rayas-mujer-punto-fresco-jarman-ref-51710177\/\" \/>\n<meta property=\"og:site_name\" content=\"MODA SABEL\" \/>\n<meta property=\"article:modified_time\" content=\"2026-03-26T06:42:13+00:00\" \/>\n<meta property=\"og:image\" content=\"https:\/\/modasabel.com\/wp-content\/uploads\/2026\/02\/51710177-720x1080-1.jpg\" \/>\n\t<meta property=\"og:image:width\" content=\"720\" \/>\n\t<meta property=\"og:image:height\" content=\"1080\" \/>\n\t<meta property=\"og:image:type\" content=\"image\/jpeg\" \/>\n<meta name=\"twitter:card\" content=\"summary_large_image\" \/>\n<meta name=\"twitter:label1\" content=\"Est. reading time\" \/>\n\t<meta name=\"twitter:data1\" content=\"1 minute\" \/>\n<script type=\"application\/ld+json\" class=\"yoast-schema-graph\">{\"@context\":\"https:\/\/schema.org\",\"@graph\":[{\"@type\":\"WebPage\",\"@id\":\"https:\/\/modasabel.com\/en\/producto\/pantalon-de-rayas-mujer-punto-fresco-jarman-ref-51710177\/\",\"url\":\"https:\/\/modasabel.com\/en\/producto\/pantalon-de-rayas-mujer-punto-fresco-jarman-ref-51710177\/\",\"name\":\"Pantal\u00f3n de rayas mujer punto fresco \u2013 Jarman (REF: 51710177) - MODA SABEL\",\"isPartOf\":{\"@id\":\"https:\/\/modasabel.com\/en\/#website\"},\"datePublished\":\"2026-02-27T16:37:05+00:00\",\"dateModified\":\"2026-03-26T06:42:13+00:00\",\"description\":\"Pantal\u00f3n de rayas para mujer Jarman en punto fresco y ligero. Con cintura el\u00e1stica c\u00f3moda, ideal para primavera verano 2026.\",\"breadcrumb\":{\"@id\":\"https:\/\/modasabel.com\/en\/producto\/pantalon-de-rayas-mujer-punto-fresco-jarman-ref-51710177\/#breadcrumb\"},\"inLanguage\":\"en-US\",\"potentialAction\":[{\"@type\":\"ReadAction\",\"target\":[\"https:\/\/modasabel.com\/en\/producto\/pantalon-de-rayas-mujer-punto-fresco-jarman-ref-51710177\/\"]}]},{\"@type\":\"BreadcrumbList\",\"@id\":\"https:\/\/modasabel.com\/en\/producto\/pantalon-de-rayas-mujer-punto-fresco-jarman-ref-51710177\/#breadcrumb\",\"itemListElement\":[{\"@type\":\"ListItem\",\"position\":1,\"name\":\"Inicio\",\"item\":\"https:\/\/modasabel.com\/en\/\"},{\"@type\":\"ListItem\",\"position\":2,\"name\":\"Tienda\",\"item\":\"https:\/\/modasabel.com\/tienda\/\"},{\"@type\":\"ListItem\",\"position\":3,\"name\":\"Pantal\u00f3n de rayas mujer punto fresco \u2013 Jarman (REF: 51710177)\"}]},{\"@type\":\"WebSite\",\"@id\":\"https:\/\/modasabel.com\/en\/#website\",\"url\":\"https:\/\/modasabel.com\/en\/\",\"name\":\"MODA SABEL\",\"description\":\"Marcas de ropa hombre y mujer\",\"potentialAction\":[{\"@type\":\"SearchAction\",\"target\":{\"@type\":\"EntryPoint\",\"urlTemplate\":\"https:\/\/modasabel.com\/en\/?s={search_term_string}\"},\"query-input\":\"required name=search_term_string\"}],\"inLanguage\":\"en-US\"}]}<\/script>\n<!-- \/ Yoast SEO plugin. -->","yoast_head_json":{"title":"Pantal\u00f3n de rayas mujer punto fresco \u2013 Jarman (REF: 51710177) - MODA SABEL","description":"Pantal\u00f3n de rayas para mujer Jarman en punto fresco y ligero. Con cintura el\u00e1stica c\u00f3moda, ideal para primavera verano 2026.","robots":{"index":"index","follow":"follow","max-snippet":"max-snippet:-1","max-image-preview":"max-image-preview:large","max-video-preview":"max-video-preview:-1"},"canonical":"https:\/\/modasabel.com\/en\/producto\/pantalon-de-rayas-mujer-punto-fresco-jarman-ref-51710177\/","og_locale":"en_US","og_type":"article","og_title":"Pantal\u00f3n de rayas mujer punto fresco \u2013 Jarman (REF: 51710177) - MODA SABEL","og_description":"Pantal\u00f3n de rayas para mujer Jarman en punto fresco y ligero. Con cintura el\u00e1stica c\u00f3moda, ideal para primavera verano 2026.","og_url":"https:\/\/modasabel.com\/en\/producto\/pantalon-de-rayas-mujer-punto-fresco-jarman-ref-51710177\/","og_site_name":"MODA SABEL","article_modified_time":"2026-03-26T06:42:13+00:00","og_image":[{"width":720,"height":1080,"url":"https:\/\/modasabel.com\/wp-content\/uploads\/2026\/02\/51710177-720x1080-1.jpg","type":"image\/jpeg"}],"twitter_card":"summary_large_image","twitter_misc":{"Est. reading time":"1 minute"},"schema":{"@context":"https:\/\/schema.org","@graph":[{"@type":"WebPage","@id":"https:\/\/modasabel.com\/en\/producto\/pantalon-de-rayas-mujer-punto-fresco-jarman-ref-51710177\/","url":"https:\/\/modasabel.com\/en\/producto\/pantalon-de-rayas-mujer-punto-fresco-jarman-ref-51710177\/","name":"Pantal\u00f3n de rayas mujer punto fresco \u2013 Jarman (REF: 51710177) - MODA SABEL","isPartOf":{"@id":"https:\/\/modasabel.com\/en\/#website"},"datePublished":"2026-02-27T16:37:05+00:00","dateModified":"2026-03-26T06:42:13+00:00","description":"Pantal\u00f3n de rayas para mujer Jarman en punto fresco y ligero. Con cintura el\u00e1stica c\u00f3moda, ideal para primavera verano 2026.","breadcrumb":{"@id":"https:\/\/modasabel.com\/en\/producto\/pantalon-de-rayas-mujer-punto-fresco-jarman-ref-51710177\/#breadcrumb"},"inLanguage":"en-US","potentialAction":[{"@type":"ReadAction","target":["https:\/\/modasabel.com\/en\/producto\/pantalon-de-rayas-mujer-punto-fresco-jarman-ref-51710177\/"]}]},{"@type":"BreadcrumbList","@id":"https:\/\/modasabel.com\/en\/producto\/pantalon-de-rayas-mujer-punto-fresco-jarman-ref-51710177\/#breadcrumb","itemListElement":[{"@type":"ListItem","position":1,"name":"Inicio","item":"https:\/\/modasabel.com\/en\/"},{"@type":"ListItem","position":2,"name":"Tienda","item":"https:\/\/modasabel.com\/tienda\/"},{"@type":"ListItem","position":3,"name":"Pantal\u00f3n de rayas mujer punto fresco \u2013 Jarman (REF: 51710177)"}]},{"@type":"WebSite","@id":"https:\/\/modasabel.com\/en\/#website","url":"https:\/\/modasabel.com\/en\/","name":"MODA SABEL","description":"Marcas de ropa hombre y mujer","potentialAction":[{"@type":"SearchAction","target":{"@type":"EntryPoint","urlTemplate":"https:\/\/modasabel.com\/en\/?s={search_term_string}"},"query-input":"required name=search_term_string"}],"inLanguage":"en-US"}]}},"_links":{"self":[{"href":"https:\/\/modasabel.com\/en\/wp-json\/wp\/v2\/product\/11052","targetHints":{"allow":["GET"]}}],"collection":[{"href":"https:\/\/modasabel.com\/en\/wp-json\/wp\/v2\/product"}],"about":[{"href":"https:\/\/modasabel.com\/en\/wp-json\/wp\/v2\/types\/product"}],"replies":[{"embeddable":true,"href":"https:\/\/modasabel.com\/en\/wp-json\/wp\/v2\/comments?post=11052"}],"wp:featuredmedia":[{"embeddable":true,"href":"https:\/\/modasabel.com\/en\/wp-json\/wp\/v2\/media\/11059"}],"wp:attachment":[{"href":"https:\/\/modasabel.com\/en\/wp-json\/wp\/v2\/media?parent=11052"}],"wp:term":[{"taxonomy":"marca-hombre","embeddable":true,"href":"https:\/\/modasabel.com\/en\/wp-json\/wp\/v2\/marca-hombre?post=11052"},{"taxonomy":"marca-interior-hombre","embeddable":true,"href":"https:\/\/modasabel.com\/en\/wp-json\/wp\/v2\/marca-interior-hombre?post=11052"},{"taxonomy":"marca-interior-mujer","embeddable":true,"href":"https:\/\/modasabel.com\/en\/wp-json\/wp\/v2\/marca-interior-mujer?post=11052"},{"taxonomy":"marca-mujer","embeddable":true,"href":"https:\/\/modasabel.com\/en\/wp-json\/wp\/v2\/marca-mujer?post=11052"},{"taxonomy":"product_brand","embeddable":true,"href":"https:\/\/modasabel.com\/en\/wp-json\/wp\/v2\/product_brand?post=11052"},{"taxonomy":"product_cat","embeddable":true,"href":"https:\/\/modasabel.com\/en\/wp-json\/wp\/v2\/product_cat?post=11052"},{"taxonomy":"product_tag","embeddable":true,"href":"https:\/\/modasabel.com\/en\/wp-json\/wp\/v2\/product_tag?post=11052"}],"curies":[{"name":"wp","href":"https:\/\/api.w.org\/{rel}","templated":true}]}}