{"id":11041,"date":"2026-02-27T17:32:05","date_gmt":"2026-02-27T16:32:05","guid":{"rendered":"https:\/\/modasabel.com\/?post_type=product&#038;p=11041"},"modified":"2026-02-27T17:32:05","modified_gmt":"2026-02-27T16:32:05","slug":"pantalon-negro-mujer-goma-cintura-jarman-ref-5171693","status":"publish","type":"product","link":"https:\/\/modasabel.com\/en\/producto\/pantalon-negro-mujer-goma-cintura-jarman-ref-5171693\/","title":{"rendered":"Pantal\u00f3n negro mujer goma cintura \u2013 Jarman REF: 5171693"},"content":{"rendered":"<p data-start=\"1326\" data-end=\"1546\">Pantal\u00f3n de mujer Jarman en color negro, dise\u00f1ado para ofrecer m\u00e1xima comodidad gracias a su <strong data-start=\"1419\" data-end=\"1454\">cintura el\u00e1stica con goma vista<\/strong>, que se adapta al cuerpo sin marcar y proporciona un ajuste perfecto durante todo el d\u00eda.<\/p>\n<p data-start=\"1548\" data-end=\"1738\">Su corte recto estiliza la silueta y lo convierte en un b\u00e1sico imprescindible de fondo de armario. Ideal para combinar con blusas, camisetas o chaquetas y crear looks vers\u00e1tiles y elegantes.<\/p>\n<p data-start=\"1740\" data-end=\"1834\">Perfecto si buscas un <strong data-start=\"1762\" data-end=\"1833\">pantal\u00f3n negro de mujer con goma en la cintura c\u00f3modo y favorecedor<\/strong>.<\/p>\n<p data-start=\"1836\" data-end=\"1883\">\ud83d\udcf2 WhatsApp: 622491371<\/p>\n","protected":false},"excerpt":{"rendered":"<p>Pantal\u00f3n de mujer Jarman en color negro, dise\u00f1ado para ofrecer m\u00e1xima comodidad gracias a su cintura el\u00e1stica con goma vista, que se adapta al cuerpo sin marcar y proporciona un ajuste perfecto durante todo el d\u00eda. Su corte recto estiliza la silueta y lo convierte en un b\u00e1sico imprescindible de fondo de armario. Ideal para [&hellip;]<\/p>\n","protected":false},"featured_media":11050,"comment_status":"closed","ping_status":"closed","template":"","meta":{"_acf_changed":false,"site-sidebar-layout":"default","site-content-layout":"","ast-site-content-layout":"default","site-content-style":"default","site-sidebar-style":"default","ast-global-header-display":"","ast-banner-title-visibility":"","ast-main-header-display":"","ast-hfb-above-header-display":"","ast-hfb-below-header-display":"","ast-hfb-mobile-header-display":"","site-post-title":"","ast-breadcrumbs-content":"","ast-featured-img":"","footer-sml-layout":"","ast-disable-related-posts":"","theme-transparent-header-meta":"default","adv-header-id-meta":"","stick-header-meta":"","header-above-stick-meta":"","header-main-stick-meta":"","header-below-stick-meta":"","astra-migrate-meta-layouts":"set","ast-page-background-enabled":"default","ast-page-background-meta":{"desktop":{"background-color":"var(--ast-global-color-4)","background-image":"","background-repeat":"repeat","background-position":"center center","background-size":"auto","background-attachment":"scroll","background-type":"","background-media":"","overlay-type":"","overlay-color":"","overlay-opacity":"","overlay-gradient":""},"tablet":{"background-color":"","background-image":"","background-repeat":"repeat","background-position":"center center","background-size":"auto","background-attachment":"scroll","background-type":"","background-media":"","overlay-type":"","overlay-color":"","overlay-opacity":"","overlay-gradient":""},"mobile":{"background-color":"","background-image":"","background-repeat":"repeat","background-position":"center center","background-size":"auto","background-attachment":"scroll","background-type":"","background-media":"","overlay-type":"","overlay-color":"","overlay-opacity":"","overlay-gradient":""}},"ast-content-background-meta":{"desktop":{"background-color":"var(--ast-global-color-5)","background-image":"","background-repeat":"repeat","background-position":"center center","background-size":"auto","background-attachment":"scroll","background-type":"","background-media":"","overlay-type":"","overlay-color":"","overlay-opacity":"","overlay-gradient":""},"tablet":{"background-color":"var(--ast-global-color-5)","background-image":"","background-repeat":"repeat","background-position":"center center","background-size":"auto","background-attachment":"scroll","background-type":"","background-media":"","overlay-type":"","overlay-color":"","overlay-opacity":"","overlay-gradient":""},"mobile":{"background-color":"var(--ast-global-color-5)","background-image":"","background-repeat":"repeat","background-position":"center center","background-size":"auto","background-attachment":"scroll","background-type":"","background-media":"","overlay-type":"","overlay-color":"","overlay-opacity":"","overlay-gradient":""}}},"marca-hombre":[],"marca-interior-hombre":[],"marca-interior-mujer":[],"marca-mujer":[211],"product_brand":[],"product_cat":[18,191],"product_tag":[],"class_list":{"0":"post-11041","1":"product","2":"type-product","3":"status-publish","4":"has-post-thumbnail","6":"marca-mujer-jarman","7":"product_cat-mujer","8":"product_cat-pantalones-mujer","9":"pa_tallaje-numerico-141","10":"pa_tallaje-numerico-142","11":"pa_tallaje-numerico-143","12":"pa_tallaje-numerico-144","13":"pa_tallaje-numerico-145","14":"pa_tallaje-numerico-146","15":"desktop-align-left","16":"tablet-align-left","17":"mobile-align-left","19":"first","20":"instock","21":"taxable","22":"shipping-taxable","23":"purchasable","24":"product-type-variable"},"acf":[],"yoast_head":"<!-- This site is optimized with the Yoast SEO plugin v22.1 - https:\/\/yoast.com\/wordpress\/plugins\/seo\/ -->\n<title>Pantal\u00f3n negro mujer goma cintura \u2013 Jarman REF: 5171693 - MODA SABEL<\/title>\n<meta name=\"description\" content=\"Pantal\u00f3n negro de mujer Jarman con cintura el\u00e1stica de goma. Dise\u00f1o c\u00f3modo y elegante ideal para primavera verano 2026.\" \/>\n<meta name=\"robots\" content=\"index, follow, max-snippet:-1, max-image-preview:large, max-video-preview:-1\" \/>\n<link rel=\"canonical\" href=\"https:\/\/modasabel.com\/en\/producto\/pantalon-negro-mujer-goma-cintura-jarman-ref-5171693\/\" \/>\n<meta property=\"og:locale\" content=\"en_US\" \/>\n<meta property=\"og:type\" content=\"article\" \/>\n<meta property=\"og:title\" content=\"Pantal\u00f3n negro mujer goma cintura \u2013 Jarman REF: 5171693 - MODA SABEL\" \/>\n<meta property=\"og:description\" content=\"Pantal\u00f3n negro de mujer Jarman con cintura el\u00e1stica de goma. Dise\u00f1o c\u00f3modo y elegante ideal para primavera verano 2026.\" \/>\n<meta property=\"og:url\" content=\"https:\/\/modasabel.com\/en\/producto\/pantalon-negro-mujer-goma-cintura-jarman-ref-5171693\/\" \/>\n<meta property=\"og:site_name\" content=\"MODA SABEL\" \/>\n<meta property=\"og:image\" content=\"https:\/\/modasabel.com\/wp-content\/uploads\/2026\/02\/5171693-negro.png\" \/>\n\t<meta property=\"og:image:width\" content=\"1024\" \/>\n\t<meta property=\"og:image:height\" content=\"1536\" \/>\n\t<meta property=\"og:image:type\" content=\"image\/png\" \/>\n<meta name=\"twitter:card\" content=\"summary_large_image\" \/>\n<meta name=\"twitter:label1\" content=\"Est. reading time\" \/>\n\t<meta name=\"twitter:data1\" content=\"1 minute\" \/>\n<script type=\"application\/ld+json\" class=\"yoast-schema-graph\">{\"@context\":\"https:\/\/schema.org\",\"@graph\":[{\"@type\":\"WebPage\",\"@id\":\"https:\/\/modasabel.com\/en\/producto\/pantalon-negro-mujer-goma-cintura-jarman-ref-5171693\/\",\"url\":\"https:\/\/modasabel.com\/en\/producto\/pantalon-negro-mujer-goma-cintura-jarman-ref-5171693\/\",\"name\":\"Pantal\u00f3n negro mujer goma cintura \u2013 Jarman REF: 5171693 - MODA SABEL\",\"isPartOf\":{\"@id\":\"https:\/\/modasabel.com\/en\/#website\"},\"datePublished\":\"2026-02-27T16:32:05+00:00\",\"dateModified\":\"2026-02-27T16:32:05+00:00\",\"description\":\"Pantal\u00f3n negro de mujer Jarman con cintura el\u00e1stica de goma. Dise\u00f1o c\u00f3modo y elegante ideal para primavera verano 2026.\",\"breadcrumb\":{\"@id\":\"https:\/\/modasabel.com\/en\/producto\/pantalon-negro-mujer-goma-cintura-jarman-ref-5171693\/#breadcrumb\"},\"inLanguage\":\"en-US\",\"potentialAction\":[{\"@type\":\"ReadAction\",\"target\":[\"https:\/\/modasabel.com\/en\/producto\/pantalon-negro-mujer-goma-cintura-jarman-ref-5171693\/\"]}]},{\"@type\":\"BreadcrumbList\",\"@id\":\"https:\/\/modasabel.com\/en\/producto\/pantalon-negro-mujer-goma-cintura-jarman-ref-5171693\/#breadcrumb\",\"itemListElement\":[{\"@type\":\"ListItem\",\"position\":1,\"name\":\"Inicio\",\"item\":\"https:\/\/modasabel.com\/en\/\"},{\"@type\":\"ListItem\",\"position\":2,\"name\":\"Tienda\",\"item\":\"https:\/\/modasabel.com\/tienda\/\"},{\"@type\":\"ListItem\",\"position\":3,\"name\":\"Pantal\u00f3n negro mujer goma cintura \u2013 Jarman REF: 5171693\"}]},{\"@type\":\"WebSite\",\"@id\":\"https:\/\/modasabel.com\/en\/#website\",\"url\":\"https:\/\/modasabel.com\/en\/\",\"name\":\"MODA SABEL\",\"description\":\"Marcas de ropa hombre y mujer\",\"potentialAction\":[{\"@type\":\"SearchAction\",\"target\":{\"@type\":\"EntryPoint\",\"urlTemplate\":\"https:\/\/modasabel.com\/en\/?s={search_term_string}\"},\"query-input\":\"required name=search_term_string\"}],\"inLanguage\":\"en-US\"}]}<\/script>\n<!-- \/ Yoast SEO plugin. -->","yoast_head_json":{"title":"Pantal\u00f3n negro mujer goma cintura \u2013 Jarman REF: 5171693 - MODA SABEL","description":"Pantal\u00f3n negro de mujer Jarman con cintura el\u00e1stica de goma. Dise\u00f1o c\u00f3modo y elegante ideal para primavera verano 2026.","robots":{"index":"index","follow":"follow","max-snippet":"max-snippet:-1","max-image-preview":"max-image-preview:large","max-video-preview":"max-video-preview:-1"},"canonical":"https:\/\/modasabel.com\/en\/producto\/pantalon-negro-mujer-goma-cintura-jarman-ref-5171693\/","og_locale":"en_US","og_type":"article","og_title":"Pantal\u00f3n negro mujer goma cintura \u2013 Jarman REF: 5171693 - MODA SABEL","og_description":"Pantal\u00f3n negro de mujer Jarman con cintura el\u00e1stica de goma. Dise\u00f1o c\u00f3modo y elegante ideal para primavera verano 2026.","og_url":"https:\/\/modasabel.com\/en\/producto\/pantalon-negro-mujer-goma-cintura-jarman-ref-5171693\/","og_site_name":"MODA SABEL","og_image":[{"width":1024,"height":1536,"url":"https:\/\/modasabel.com\/wp-content\/uploads\/2026\/02\/5171693-negro.png","type":"image\/png"}],"twitter_card":"summary_large_image","twitter_misc":{"Est. reading time":"1 minute"},"schema":{"@context":"https:\/\/schema.org","@graph":[{"@type":"WebPage","@id":"https:\/\/modasabel.com\/en\/producto\/pantalon-negro-mujer-goma-cintura-jarman-ref-5171693\/","url":"https:\/\/modasabel.com\/en\/producto\/pantalon-negro-mujer-goma-cintura-jarman-ref-5171693\/","name":"Pantal\u00f3n negro mujer goma cintura \u2013 Jarman REF: 5171693 - MODA SABEL","isPartOf":{"@id":"https:\/\/modasabel.com\/en\/#website"},"datePublished":"2026-02-27T16:32:05+00:00","dateModified":"2026-02-27T16:32:05+00:00","description":"Pantal\u00f3n negro de mujer Jarman con cintura el\u00e1stica de goma. Dise\u00f1o c\u00f3modo y elegante ideal para primavera verano 2026.","breadcrumb":{"@id":"https:\/\/modasabel.com\/en\/producto\/pantalon-negro-mujer-goma-cintura-jarman-ref-5171693\/#breadcrumb"},"inLanguage":"en-US","potentialAction":[{"@type":"ReadAction","target":["https:\/\/modasabel.com\/en\/producto\/pantalon-negro-mujer-goma-cintura-jarman-ref-5171693\/"]}]},{"@type":"BreadcrumbList","@id":"https:\/\/modasabel.com\/en\/producto\/pantalon-negro-mujer-goma-cintura-jarman-ref-5171693\/#breadcrumb","itemListElement":[{"@type":"ListItem","position":1,"name":"Inicio","item":"https:\/\/modasabel.com\/en\/"},{"@type":"ListItem","position":2,"name":"Tienda","item":"https:\/\/modasabel.com\/tienda\/"},{"@type":"ListItem","position":3,"name":"Pantal\u00f3n negro mujer goma cintura \u2013 Jarman REF: 5171693"}]},{"@type":"WebSite","@id":"https:\/\/modasabel.com\/en\/#website","url":"https:\/\/modasabel.com\/en\/","name":"MODA SABEL","description":"Marcas de ropa hombre y mujer","potentialAction":[{"@type":"SearchAction","target":{"@type":"EntryPoint","urlTemplate":"https:\/\/modasabel.com\/en\/?s={search_term_string}"},"query-input":"required name=search_term_string"}],"inLanguage":"en-US"}]}},"_links":{"self":[{"href":"https:\/\/modasabel.com\/en\/wp-json\/wp\/v2\/product\/11041","targetHints":{"allow":["GET"]}}],"collection":[{"href":"https:\/\/modasabel.com\/en\/wp-json\/wp\/v2\/product"}],"about":[{"href":"https:\/\/modasabel.com\/en\/wp-json\/wp\/v2\/types\/product"}],"replies":[{"embeddable":true,"href":"https:\/\/modasabel.com\/en\/wp-json\/wp\/v2\/comments?post=11041"}],"wp:featuredmedia":[{"embeddable":true,"href":"https:\/\/modasabel.com\/en\/wp-json\/wp\/v2\/media\/11050"}],"wp:attachment":[{"href":"https:\/\/modasabel.com\/en\/wp-json\/wp\/v2\/media?parent=11041"}],"wp:term":[{"taxonomy":"marca-hombre","embeddable":true,"href":"https:\/\/modasabel.com\/en\/wp-json\/wp\/v2\/marca-hombre?post=11041"},{"taxonomy":"marca-interior-hombre","embeddable":true,"href":"https:\/\/modasabel.com\/en\/wp-json\/wp\/v2\/marca-interior-hombre?post=11041"},{"taxonomy":"marca-interior-mujer","embeddable":true,"href":"https:\/\/modasabel.com\/en\/wp-json\/wp\/v2\/marca-interior-mujer?post=11041"},{"taxonomy":"marca-mujer","embeddable":true,"href":"https:\/\/modasabel.com\/en\/wp-json\/wp\/v2\/marca-mujer?post=11041"},{"taxonomy":"product_brand","embeddable":true,"href":"https:\/\/modasabel.com\/en\/wp-json\/wp\/v2\/product_brand?post=11041"},{"taxonomy":"product_cat","embeddable":true,"href":"https:\/\/modasabel.com\/en\/wp-json\/wp\/v2\/product_cat?post=11041"},{"taxonomy":"product_tag","embeddable":true,"href":"https:\/\/modasabel.com\/en\/wp-json\/wp\/v2\/product_tag?post=11041"}],"curies":[{"name":"wp","href":"https:\/\/api.w.org\/{rel}","templated":true}]}}