{"id":11030,"date":"2026-02-27T17:27:53","date_gmt":"2026-02-27T16:27:53","guid":{"rendered":"https:\/\/modasabel.com\/?post_type=product&#038;p=11030"},"modified":"2026-04-11T13:01:58","modified_gmt":"2026-04-11T11:01:58","slug":"pantalon-azul-marino-mujer-goma-cintura-jarman-ref-5171693","status":"publish","type":"product","link":"https:\/\/modasabel.com\/en\/producto\/pantalon-azul-marino-mujer-goma-cintura-jarman-ref-5171693\/","title":{"rendered":"Pantal\u00f3n azul marino mujer goma cintura \u2013 Jarman REF: 5171693"},"content":{"rendered":"<p data-start=\"379\" data-end=\"639\">Pantal\u00f3n de mujer Jarman en color azul marino, confeccionado en tejido el\u00e1stico de gran comodidad. Su punto fuerte es la <strong data-start=\"500\" data-end=\"535\">cintura con goma el\u00e1stica vista<\/strong>, que se adapta perfectamente al contorno sin oprimir y aporta ese confort caracter\u00edstico de la marca.<\/p>\n<p data-start=\"641\" data-end=\"879\">El corte recto ligeramente amplio estiliza la pierna y lo convierte en una prenda vers\u00e1til, ideal tanto para looks m\u00e1s arreglados como para el d\u00eda a d\u00eda. Un b\u00e1sico elegante y atemporal imprescindible en la colecci\u00f3n Primavera Verano 2026.<\/p>\n<p data-start=\"881\" data-end=\"975\">Ideal si buscas un <strong data-start=\"900\" data-end=\"974\">pantal\u00f3n azul marino de mujer con goma en la cintura c\u00f3modo y elegante<\/strong>.<\/p>\n<p data-start=\"977\" data-end=\"1024\">\ud83d\udcf2 WhatsApp: 622491371<\/p>\n","protected":false},"excerpt":{"rendered":"<p>Pantal\u00f3n de mujer Jarman en color azul marino, confeccionado en tejido el\u00e1stico de gran comodidad. Su punto fuerte es la cintura con goma el\u00e1stica vista, que se adapta perfectamente al contorno sin oprimir y aporta ese confort caracter\u00edstico de la marca. El corte recto ligeramente amplio estiliza la pierna y lo convierte en una prenda [&hellip;]<\/p>\n","protected":false},"featured_media":11039,"comment_status":"closed","ping_status":"closed","template":"","meta":{"_acf_changed":false,"site-sidebar-layout":"default","site-content-layout":"","ast-site-content-layout":"default","site-content-style":"default","site-sidebar-style":"default","ast-global-header-display":"","ast-banner-title-visibility":"","ast-main-header-display":"","ast-hfb-above-header-display":"","ast-hfb-below-header-display":"","ast-hfb-mobile-header-display":"","site-post-title":"","ast-breadcrumbs-content":"","ast-featured-img":"","footer-sml-layout":"","ast-disable-related-posts":"","theme-transparent-header-meta":"default","adv-header-id-meta":"","stick-header-meta":"","header-above-stick-meta":"","header-main-stick-meta":"","header-below-stick-meta":"","astra-migrate-meta-layouts":"set","ast-page-background-enabled":"default","ast-page-background-meta":{"desktop":{"background-color":"var(--ast-global-color-4)","background-image":"","background-repeat":"repeat","background-position":"center center","background-size":"auto","background-attachment":"scroll","background-type":"","background-media":"","overlay-type":"","overlay-color":"","overlay-opacity":"","overlay-gradient":""},"tablet":{"background-color":"","background-image":"","background-repeat":"repeat","background-position":"center center","background-size":"auto","background-attachment":"scroll","background-type":"","background-media":"","overlay-type":"","overlay-color":"","overlay-opacity":"","overlay-gradient":""},"mobile":{"background-color":"","background-image":"","background-repeat":"repeat","background-position":"center center","background-size":"auto","background-attachment":"scroll","background-type":"","background-media":"","overlay-type":"","overlay-color":"","overlay-opacity":"","overlay-gradient":""}},"ast-content-background-meta":{"desktop":{"background-color":"var(--ast-global-color-5)","background-image":"","background-repeat":"repeat","background-position":"center center","background-size":"auto","background-attachment":"scroll","background-type":"","background-media":"","overlay-type":"","overlay-color":"","overlay-opacity":"","overlay-gradient":""},"tablet":{"background-color":"var(--ast-global-color-5)","background-image":"","background-repeat":"repeat","background-position":"center center","background-size":"auto","background-attachment":"scroll","background-type":"","background-media":"","overlay-type":"","overlay-color":"","overlay-opacity":"","overlay-gradient":""},"mobile":{"background-color":"var(--ast-global-color-5)","background-image":"","background-repeat":"repeat","background-position":"center center","background-size":"auto","background-attachment":"scroll","background-type":"","background-media":"","overlay-type":"","overlay-color":"","overlay-opacity":"","overlay-gradient":""}}},"marca-hombre":[],"marca-interior-hombre":[],"marca-interior-mujer":[],"marca-mujer":[211],"product_brand":[],"product_cat":[18,191],"product_tag":[],"class_list":{"0":"post-11030","1":"product","2":"type-product","3":"status-publish","4":"has-post-thumbnail","6":"marca-mujer-jarman","7":"product_cat-mujer","8":"product_cat-pantalones-mujer","9":"pa_tallaje-numerico-142","10":"pa_tallaje-numerico-143","11":"pa_tallaje-numerico-144","12":"pa_tallaje-numerico-145","13":"pa_tallaje-numerico-146","14":"pa_tallaje-numerico-147","15":"desktop-align-left","16":"tablet-align-left","17":"mobile-align-left","19":"first","20":"instock","21":"taxable","22":"shipping-taxable","23":"purchasable","24":"product-type-variable"},"acf":[],"yoast_head":"<!-- This site is optimized with the Yoast SEO plugin v22.1 - https:\/\/yoast.com\/wordpress\/plugins\/seo\/ -->\n<title>Pantal\u00f3n azul marino mujer goma cintura \u2013 Jarman REF: 5171693 - MODA SABEL<\/title>\n<meta name=\"description\" content=\"Pantal\u00f3n azul marino de mujer Jarman con cintura el\u00e1stica de goma. Corte recto c\u00f3modo y elegante para primavera verano 2026.\" \/>\n<meta name=\"robots\" content=\"index, follow, max-snippet:-1, max-image-preview:large, max-video-preview:-1\" \/>\n<link rel=\"canonical\" href=\"https:\/\/modasabel.com\/en\/producto\/pantalon-azul-marino-mujer-goma-cintura-jarman-ref-5171693\/\" \/>\n<meta property=\"og:locale\" content=\"en_US\" \/>\n<meta property=\"og:type\" content=\"article\" \/>\n<meta property=\"og:title\" content=\"Pantal\u00f3n azul marino mujer goma cintura \u2013 Jarman REF: 5171693 - MODA SABEL\" \/>\n<meta property=\"og:description\" content=\"Pantal\u00f3n azul marino de mujer Jarman con cintura el\u00e1stica de goma. Corte recto c\u00f3modo y elegante para primavera verano 2026.\" \/>\n<meta property=\"og:url\" content=\"https:\/\/modasabel.com\/en\/producto\/pantalon-azul-marino-mujer-goma-cintura-jarman-ref-5171693\/\" \/>\n<meta property=\"og:site_name\" content=\"MODA SABEL\" \/>\n<meta property=\"article:modified_time\" content=\"2026-04-11T11:01:58+00:00\" \/>\n<meta property=\"og:image\" content=\"https:\/\/modasabel.com\/wp-content\/uploads\/2026\/02\/5171693-720x1080-1.jpg\" \/>\n\t<meta property=\"og:image:width\" content=\"720\" \/>\n\t<meta property=\"og:image:height\" content=\"1080\" \/>\n\t<meta property=\"og:image:type\" content=\"image\/jpeg\" \/>\n<meta name=\"twitter:card\" content=\"summary_large_image\" \/>\n<meta name=\"twitter:label1\" content=\"Est. reading time\" \/>\n\t<meta name=\"twitter:data1\" content=\"1 minute\" \/>\n<script type=\"application\/ld+json\" class=\"yoast-schema-graph\">{\"@context\":\"https:\/\/schema.org\",\"@graph\":[{\"@type\":\"WebPage\",\"@id\":\"https:\/\/modasabel.com\/en\/producto\/pantalon-azul-marino-mujer-goma-cintura-jarman-ref-5171693\/\",\"url\":\"https:\/\/modasabel.com\/en\/producto\/pantalon-azul-marino-mujer-goma-cintura-jarman-ref-5171693\/\",\"name\":\"Pantal\u00f3n azul marino mujer goma cintura \u2013 Jarman REF: 5171693 - MODA SABEL\",\"isPartOf\":{\"@id\":\"https:\/\/modasabel.com\/en\/#website\"},\"datePublished\":\"2026-02-27T16:27:53+00:00\",\"dateModified\":\"2026-04-11T11:01:58+00:00\",\"description\":\"Pantal\u00f3n azul marino de mujer Jarman con cintura el\u00e1stica de goma. Corte recto c\u00f3modo y elegante para primavera verano 2026.\",\"breadcrumb\":{\"@id\":\"https:\/\/modasabel.com\/en\/producto\/pantalon-azul-marino-mujer-goma-cintura-jarman-ref-5171693\/#breadcrumb\"},\"inLanguage\":\"en-US\",\"potentialAction\":[{\"@type\":\"ReadAction\",\"target\":[\"https:\/\/modasabel.com\/en\/producto\/pantalon-azul-marino-mujer-goma-cintura-jarman-ref-5171693\/\"]}]},{\"@type\":\"BreadcrumbList\",\"@id\":\"https:\/\/modasabel.com\/en\/producto\/pantalon-azul-marino-mujer-goma-cintura-jarman-ref-5171693\/#breadcrumb\",\"itemListElement\":[{\"@type\":\"ListItem\",\"position\":1,\"name\":\"Inicio\",\"item\":\"https:\/\/modasabel.com\/en\/\"},{\"@type\":\"ListItem\",\"position\":2,\"name\":\"Tienda\",\"item\":\"https:\/\/modasabel.com\/tienda\/\"},{\"@type\":\"ListItem\",\"position\":3,\"name\":\"Pantal\u00f3n azul marino mujer goma cintura \u2013 Jarman REF: 5171693\"}]},{\"@type\":\"WebSite\",\"@id\":\"https:\/\/modasabel.com\/en\/#website\",\"url\":\"https:\/\/modasabel.com\/en\/\",\"name\":\"MODA SABEL\",\"description\":\"Marcas de ropa hombre y mujer\",\"potentialAction\":[{\"@type\":\"SearchAction\",\"target\":{\"@type\":\"EntryPoint\",\"urlTemplate\":\"https:\/\/modasabel.com\/en\/?s={search_term_string}\"},\"query-input\":\"required name=search_term_string\"}],\"inLanguage\":\"en-US\"}]}<\/script>\n<!-- \/ Yoast SEO plugin. -->","yoast_head_json":{"title":"Pantal\u00f3n azul marino mujer goma cintura \u2013 Jarman REF: 5171693 - MODA SABEL","description":"Pantal\u00f3n azul marino de mujer Jarman con cintura el\u00e1stica de goma. Corte recto c\u00f3modo y elegante para primavera verano 2026.","robots":{"index":"index","follow":"follow","max-snippet":"max-snippet:-1","max-image-preview":"max-image-preview:large","max-video-preview":"max-video-preview:-1"},"canonical":"https:\/\/modasabel.com\/en\/producto\/pantalon-azul-marino-mujer-goma-cintura-jarman-ref-5171693\/","og_locale":"en_US","og_type":"article","og_title":"Pantal\u00f3n azul marino mujer goma cintura \u2013 Jarman REF: 5171693 - MODA SABEL","og_description":"Pantal\u00f3n azul marino de mujer Jarman con cintura el\u00e1stica de goma. Corte recto c\u00f3modo y elegante para primavera verano 2026.","og_url":"https:\/\/modasabel.com\/en\/producto\/pantalon-azul-marino-mujer-goma-cintura-jarman-ref-5171693\/","og_site_name":"MODA SABEL","article_modified_time":"2026-04-11T11:01:58+00:00","og_image":[{"width":720,"height":1080,"url":"https:\/\/modasabel.com\/wp-content\/uploads\/2026\/02\/5171693-720x1080-1.jpg","type":"image\/jpeg"}],"twitter_card":"summary_large_image","twitter_misc":{"Est. reading time":"1 minute"},"schema":{"@context":"https:\/\/schema.org","@graph":[{"@type":"WebPage","@id":"https:\/\/modasabel.com\/en\/producto\/pantalon-azul-marino-mujer-goma-cintura-jarman-ref-5171693\/","url":"https:\/\/modasabel.com\/en\/producto\/pantalon-azul-marino-mujer-goma-cintura-jarman-ref-5171693\/","name":"Pantal\u00f3n azul marino mujer goma cintura \u2013 Jarman REF: 5171693 - MODA SABEL","isPartOf":{"@id":"https:\/\/modasabel.com\/en\/#website"},"datePublished":"2026-02-27T16:27:53+00:00","dateModified":"2026-04-11T11:01:58+00:00","description":"Pantal\u00f3n azul marino de mujer Jarman con cintura el\u00e1stica de goma. Corte recto c\u00f3modo y elegante para primavera verano 2026.","breadcrumb":{"@id":"https:\/\/modasabel.com\/en\/producto\/pantalon-azul-marino-mujer-goma-cintura-jarman-ref-5171693\/#breadcrumb"},"inLanguage":"en-US","potentialAction":[{"@type":"ReadAction","target":["https:\/\/modasabel.com\/en\/producto\/pantalon-azul-marino-mujer-goma-cintura-jarman-ref-5171693\/"]}]},{"@type":"BreadcrumbList","@id":"https:\/\/modasabel.com\/en\/producto\/pantalon-azul-marino-mujer-goma-cintura-jarman-ref-5171693\/#breadcrumb","itemListElement":[{"@type":"ListItem","position":1,"name":"Inicio","item":"https:\/\/modasabel.com\/en\/"},{"@type":"ListItem","position":2,"name":"Tienda","item":"https:\/\/modasabel.com\/tienda\/"},{"@type":"ListItem","position":3,"name":"Pantal\u00f3n azul marino mujer goma cintura \u2013 Jarman REF: 5171693"}]},{"@type":"WebSite","@id":"https:\/\/modasabel.com\/en\/#website","url":"https:\/\/modasabel.com\/en\/","name":"MODA SABEL","description":"Marcas de ropa hombre y mujer","potentialAction":[{"@type":"SearchAction","target":{"@type":"EntryPoint","urlTemplate":"https:\/\/modasabel.com\/en\/?s={search_term_string}"},"query-input":"required name=search_term_string"}],"inLanguage":"en-US"}]}},"_links":{"self":[{"href":"https:\/\/modasabel.com\/en\/wp-json\/wp\/v2\/product\/11030","targetHints":{"allow":["GET"]}}],"collection":[{"href":"https:\/\/modasabel.com\/en\/wp-json\/wp\/v2\/product"}],"about":[{"href":"https:\/\/modasabel.com\/en\/wp-json\/wp\/v2\/types\/product"}],"replies":[{"embeddable":true,"href":"https:\/\/modasabel.com\/en\/wp-json\/wp\/v2\/comments?post=11030"}],"wp:featuredmedia":[{"embeddable":true,"href":"https:\/\/modasabel.com\/en\/wp-json\/wp\/v2\/media\/11039"}],"wp:attachment":[{"href":"https:\/\/modasabel.com\/en\/wp-json\/wp\/v2\/media?parent=11030"}],"wp:term":[{"taxonomy":"marca-hombre","embeddable":true,"href":"https:\/\/modasabel.com\/en\/wp-json\/wp\/v2\/marca-hombre?post=11030"},{"taxonomy":"marca-interior-hombre","embeddable":true,"href":"https:\/\/modasabel.com\/en\/wp-json\/wp\/v2\/marca-interior-hombre?post=11030"},{"taxonomy":"marca-interior-mujer","embeddable":true,"href":"https:\/\/modasabel.com\/en\/wp-json\/wp\/v2\/marca-interior-mujer?post=11030"},{"taxonomy":"marca-mujer","embeddable":true,"href":"https:\/\/modasabel.com\/en\/wp-json\/wp\/v2\/marca-mujer?post=11030"},{"taxonomy":"product_brand","embeddable":true,"href":"https:\/\/modasabel.com\/en\/wp-json\/wp\/v2\/product_brand?post=11030"},{"taxonomy":"product_cat","embeddable":true,"href":"https:\/\/modasabel.com\/en\/wp-json\/wp\/v2\/product_cat?post=11030"},{"taxonomy":"product_tag","embeddable":true,"href":"https:\/\/modasabel.com\/en\/wp-json\/wp\/v2\/product_tag?post=11030"}],"curies":[{"name":"wp","href":"https:\/\/api.w.org\/{rel}","templated":true}]}}