{"id":11019,"date":"2026-02-27T17:21:46","date_gmt":"2026-02-27T16:21:46","guid":{"rendered":"https:\/\/modasabel.com\/?post_type=product&#038;p=11019"},"modified":"2026-04-11T13:03:32","modified_gmt":"2026-04-11T11:03:32","slug":"vaquero-verde-cropped-de-mujer-elastico-jarman-ref-36790315","status":"publish","type":"product","link":"https:\/\/modasabel.com\/en\/producto\/vaquero-verde-cropped-de-mujer-elastico-jarman-ref-36790315\/","title":{"rendered":"Vaquero verde cropped de mujer el\u00e1stico \u2013 Jarman REF: 36790315"},"content":{"rendered":"<p data-start=\"202\" data-end=\"671\">Vaquero de mujer en color verde intenso, uno de los tonos protagonistas de la colecci\u00f3n Primavera Verano 2026 de Jarman. Su corte recto ligeramente acampanado en el bajo y el largo cropped estilizan la silueta y aportan un toque actual. Confeccionado en tejido denim el\u00e1stico, se adapta c\u00f3modamente al cuerpo, ofreciendo libertad de movimiento durante todo el d\u00eda. Un modelo moderno y favorecedor, perfecto para combinar con prendas neutras y dar protagonismo al color.<\/p>\n<p data-start=\"673\" data-end=\"765\">Ideal si buscas un <strong data-start=\"692\" data-end=\"764\">vaquero verde de mujer el\u00e1stico y moderno para primavera verano 2026<\/strong>.<\/p>\n<p data-start=\"767\" data-end=\"837\">\ud83d\udcf2 M\u00e1s info y pedidos por WhatsApp: 622491371<\/p>\n","protected":false},"excerpt":{"rendered":"<p>Vaquero de mujer en color verde intenso, uno de los tonos protagonistas de la colecci\u00f3n Primavera Verano 2026 de Jarman. Su corte recto ligeramente acampanado en el bajo y el largo cropped estilizan la silueta y aportan un toque actual. Confeccionado en tejido denim el\u00e1stico, se adapta c\u00f3modamente al cuerpo, ofreciendo libertad de movimiento durante [&hellip;]<\/p>\n","protected":false},"featured_media":11026,"comment_status":"closed","ping_status":"closed","template":"","meta":{"_acf_changed":false,"site-sidebar-layout":"default","site-content-layout":"","ast-site-content-layout":"default","site-content-style":"default","site-sidebar-style":"default","ast-global-header-display":"","ast-banner-title-visibility":"","ast-main-header-display":"","ast-hfb-above-header-display":"","ast-hfb-below-header-display":"","ast-hfb-mobile-header-display":"","site-post-title":"","ast-breadcrumbs-content":"","ast-featured-img":"","footer-sml-layout":"","ast-disable-related-posts":"","theme-transparent-header-meta":"default","adv-header-id-meta":"","stick-header-meta":"","header-above-stick-meta":"","header-main-stick-meta":"","header-below-stick-meta":"","astra-migrate-meta-layouts":"set","ast-page-background-enabled":"default","ast-page-background-meta":{"desktop":{"background-color":"var(--ast-global-color-4)","background-image":"","background-repeat":"repeat","background-position":"center center","background-size":"auto","background-attachment":"scroll","background-type":"","background-media":"","overlay-type":"","overlay-color":"","overlay-opacity":"","overlay-gradient":""},"tablet":{"background-color":"","background-image":"","background-repeat":"repeat","background-position":"center center","background-size":"auto","background-attachment":"scroll","background-type":"","background-media":"","overlay-type":"","overlay-color":"","overlay-opacity":"","overlay-gradient":""},"mobile":{"background-color":"","background-image":"","background-repeat":"repeat","background-position":"center center","background-size":"auto","background-attachment":"scroll","background-type":"","background-media":"","overlay-type":"","overlay-color":"","overlay-opacity":"","overlay-gradient":""}},"ast-content-background-meta":{"desktop":{"background-color":"var(--ast-global-color-5)","background-image":"","background-repeat":"repeat","background-position":"center center","background-size":"auto","background-attachment":"scroll","background-type":"","background-media":"","overlay-type":"","overlay-color":"","overlay-opacity":"","overlay-gradient":""},"tablet":{"background-color":"var(--ast-global-color-5)","background-image":"","background-repeat":"repeat","background-position":"center center","background-size":"auto","background-attachment":"scroll","background-type":"","background-media":"","overlay-type":"","overlay-color":"","overlay-opacity":"","overlay-gradient":""},"mobile":{"background-color":"var(--ast-global-color-5)","background-image":"","background-repeat":"repeat","background-position":"center center","background-size":"auto","background-attachment":"scroll","background-type":"","background-media":"","overlay-type":"","overlay-color":"","overlay-opacity":"","overlay-gradient":""}}},"marca-hombre":[],"marca-interior-hombre":[],"marca-interior-mujer":[],"marca-mujer":[211],"product_brand":[],"product_cat":[18,191,46],"product_tag":[],"class_list":{"0":"post-11019","1":"product","2":"type-product","3":"status-publish","4":"has-post-thumbnail","6":"marca-mujer-jarman","7":"product_cat-mujer","8":"product_cat-pantalones-mujer","9":"product_cat-tejanos-mujer","10":"pa_tallaje-numerico-140","11":"pa_tallaje-numerico-141","12":"pa_tallaje-numerico-142","13":"pa_tallaje-numerico-143","14":"pa_tallaje-numerico-144","15":"pa_tallaje-numerico-145","16":"desktop-align-left","17":"tablet-align-left","18":"mobile-align-left","20":"first","21":"instock","22":"taxable","23":"shipping-taxable","24":"purchasable","25":"product-type-variable"},"acf":[],"yoast_head":"<!-- This site is optimized with the Yoast SEO plugin v22.1 - https:\/\/yoast.com\/wordpress\/plugins\/seo\/ -->\n<title>Vaquero verde cropped de mujer el\u00e1stico \u2013 Jarman REF: 36790315 - MODA SABEL<\/title>\n<meta name=\"description\" content=\"Vaquero verde de mujer Jarman, el\u00e1stico y de corte cropped. Dise\u00f1o c\u00f3modo y actual para primavera verano 2026. Disponible en ModaSAbel.\" \/>\n<meta name=\"robots\" content=\"index, follow, max-snippet:-1, max-image-preview:large, max-video-preview:-1\" \/>\n<link rel=\"canonical\" href=\"https:\/\/modasabel.com\/en\/producto\/vaquero-verde-cropped-de-mujer-elastico-jarman-ref-36790315\/\" \/>\n<meta property=\"og:locale\" content=\"en_US\" \/>\n<meta property=\"og:type\" content=\"article\" \/>\n<meta property=\"og:title\" content=\"Vaquero verde cropped de mujer el\u00e1stico \u2013 Jarman REF: 36790315 - MODA SABEL\" \/>\n<meta property=\"og:description\" content=\"Vaquero verde de mujer Jarman, el\u00e1stico y de corte cropped. Dise\u00f1o c\u00f3modo y actual para primavera verano 2026. Disponible en ModaSAbel.\" \/>\n<meta property=\"og:url\" content=\"https:\/\/modasabel.com\/en\/producto\/vaquero-verde-cropped-de-mujer-elastico-jarman-ref-36790315\/\" \/>\n<meta property=\"og:site_name\" content=\"MODA SABEL\" \/>\n<meta property=\"article:modified_time\" content=\"2026-04-11T11:03:32+00:00\" \/>\n<meta property=\"og:image\" content=\"https:\/\/modasabel.com\/wp-content\/uploads\/2026\/02\/36790315-a-2.jpg\" \/>\n\t<meta property=\"og:image:width\" content=\"720\" \/>\n\t<meta property=\"og:image:height\" content=\"1080\" \/>\n\t<meta property=\"og:image:type\" content=\"image\/jpeg\" \/>\n<meta name=\"twitter:card\" content=\"summary_large_image\" \/>\n<meta name=\"twitter:label1\" content=\"Est. reading time\" \/>\n\t<meta name=\"twitter:data1\" content=\"1 minute\" \/>\n<script type=\"application\/ld+json\" class=\"yoast-schema-graph\">{\"@context\":\"https:\/\/schema.org\",\"@graph\":[{\"@type\":\"WebPage\",\"@id\":\"https:\/\/modasabel.com\/en\/producto\/vaquero-verde-cropped-de-mujer-elastico-jarman-ref-36790315\/\",\"url\":\"https:\/\/modasabel.com\/en\/producto\/vaquero-verde-cropped-de-mujer-elastico-jarman-ref-36790315\/\",\"name\":\"Vaquero verde cropped de mujer el\u00e1stico \u2013 Jarman REF: 36790315 - MODA SABEL\",\"isPartOf\":{\"@id\":\"https:\/\/modasabel.com\/en\/#website\"},\"datePublished\":\"2026-02-27T16:21:46+00:00\",\"dateModified\":\"2026-04-11T11:03:32+00:00\",\"description\":\"Vaquero verde de mujer Jarman, el\u00e1stico y de corte cropped. Dise\u00f1o c\u00f3modo y actual para primavera verano 2026. Disponible en ModaSAbel.\",\"breadcrumb\":{\"@id\":\"https:\/\/modasabel.com\/en\/producto\/vaquero-verde-cropped-de-mujer-elastico-jarman-ref-36790315\/#breadcrumb\"},\"inLanguage\":\"en-US\",\"potentialAction\":[{\"@type\":\"ReadAction\",\"target\":[\"https:\/\/modasabel.com\/en\/producto\/vaquero-verde-cropped-de-mujer-elastico-jarman-ref-36790315\/\"]}]},{\"@type\":\"BreadcrumbList\",\"@id\":\"https:\/\/modasabel.com\/en\/producto\/vaquero-verde-cropped-de-mujer-elastico-jarman-ref-36790315\/#breadcrumb\",\"itemListElement\":[{\"@type\":\"ListItem\",\"position\":1,\"name\":\"Inicio\",\"item\":\"https:\/\/modasabel.com\/en\/\"},{\"@type\":\"ListItem\",\"position\":2,\"name\":\"Tienda\",\"item\":\"https:\/\/modasabel.com\/tienda\/\"},{\"@type\":\"ListItem\",\"position\":3,\"name\":\"Vaquero verde cropped de mujer el\u00e1stico \u2013 Jarman REF: 36790315\"}]},{\"@type\":\"WebSite\",\"@id\":\"https:\/\/modasabel.com\/en\/#website\",\"url\":\"https:\/\/modasabel.com\/en\/\",\"name\":\"MODA SABEL\",\"description\":\"Marcas de ropa hombre y mujer\",\"potentialAction\":[{\"@type\":\"SearchAction\",\"target\":{\"@type\":\"EntryPoint\",\"urlTemplate\":\"https:\/\/modasabel.com\/en\/?s={search_term_string}\"},\"query-input\":\"required name=search_term_string\"}],\"inLanguage\":\"en-US\"}]}<\/script>\n<!-- \/ Yoast SEO plugin. -->","yoast_head_json":{"title":"Vaquero verde cropped de mujer el\u00e1stico \u2013 Jarman REF: 36790315 - MODA SABEL","description":"Vaquero verde de mujer Jarman, el\u00e1stico y de corte cropped. Dise\u00f1o c\u00f3modo y actual para primavera verano 2026. Disponible en ModaSAbel.","robots":{"index":"index","follow":"follow","max-snippet":"max-snippet:-1","max-image-preview":"max-image-preview:large","max-video-preview":"max-video-preview:-1"},"canonical":"https:\/\/modasabel.com\/en\/producto\/vaquero-verde-cropped-de-mujer-elastico-jarman-ref-36790315\/","og_locale":"en_US","og_type":"article","og_title":"Vaquero verde cropped de mujer el\u00e1stico \u2013 Jarman REF: 36790315 - MODA SABEL","og_description":"Vaquero verde de mujer Jarman, el\u00e1stico y de corte cropped. Dise\u00f1o c\u00f3modo y actual para primavera verano 2026. Disponible en ModaSAbel.","og_url":"https:\/\/modasabel.com\/en\/producto\/vaquero-verde-cropped-de-mujer-elastico-jarman-ref-36790315\/","og_site_name":"MODA SABEL","article_modified_time":"2026-04-11T11:03:32+00:00","og_image":[{"width":720,"height":1080,"url":"https:\/\/modasabel.com\/wp-content\/uploads\/2026\/02\/36790315-a-2.jpg","type":"image\/jpeg"}],"twitter_card":"summary_large_image","twitter_misc":{"Est. reading time":"1 minute"},"schema":{"@context":"https:\/\/schema.org","@graph":[{"@type":"WebPage","@id":"https:\/\/modasabel.com\/en\/producto\/vaquero-verde-cropped-de-mujer-elastico-jarman-ref-36790315\/","url":"https:\/\/modasabel.com\/en\/producto\/vaquero-verde-cropped-de-mujer-elastico-jarman-ref-36790315\/","name":"Vaquero verde cropped de mujer el\u00e1stico \u2013 Jarman REF: 36790315 - MODA SABEL","isPartOf":{"@id":"https:\/\/modasabel.com\/en\/#website"},"datePublished":"2026-02-27T16:21:46+00:00","dateModified":"2026-04-11T11:03:32+00:00","description":"Vaquero verde de mujer Jarman, el\u00e1stico y de corte cropped. Dise\u00f1o c\u00f3modo y actual para primavera verano 2026. Disponible en ModaSAbel.","breadcrumb":{"@id":"https:\/\/modasabel.com\/en\/producto\/vaquero-verde-cropped-de-mujer-elastico-jarman-ref-36790315\/#breadcrumb"},"inLanguage":"en-US","potentialAction":[{"@type":"ReadAction","target":["https:\/\/modasabel.com\/en\/producto\/vaquero-verde-cropped-de-mujer-elastico-jarman-ref-36790315\/"]}]},{"@type":"BreadcrumbList","@id":"https:\/\/modasabel.com\/en\/producto\/vaquero-verde-cropped-de-mujer-elastico-jarman-ref-36790315\/#breadcrumb","itemListElement":[{"@type":"ListItem","position":1,"name":"Inicio","item":"https:\/\/modasabel.com\/en\/"},{"@type":"ListItem","position":2,"name":"Tienda","item":"https:\/\/modasabel.com\/tienda\/"},{"@type":"ListItem","position":3,"name":"Vaquero verde cropped de mujer el\u00e1stico \u2013 Jarman REF: 36790315"}]},{"@type":"WebSite","@id":"https:\/\/modasabel.com\/en\/#website","url":"https:\/\/modasabel.com\/en\/","name":"MODA SABEL","description":"Marcas de ropa hombre y mujer","potentialAction":[{"@type":"SearchAction","target":{"@type":"EntryPoint","urlTemplate":"https:\/\/modasabel.com\/en\/?s={search_term_string}"},"query-input":"required name=search_term_string"}],"inLanguage":"en-US"}]}},"_links":{"self":[{"href":"https:\/\/modasabel.com\/en\/wp-json\/wp\/v2\/product\/11019","targetHints":{"allow":["GET"]}}],"collection":[{"href":"https:\/\/modasabel.com\/en\/wp-json\/wp\/v2\/product"}],"about":[{"href":"https:\/\/modasabel.com\/en\/wp-json\/wp\/v2\/types\/product"}],"replies":[{"embeddable":true,"href":"https:\/\/modasabel.com\/en\/wp-json\/wp\/v2\/comments?post=11019"}],"wp:featuredmedia":[{"embeddable":true,"href":"https:\/\/modasabel.com\/en\/wp-json\/wp\/v2\/media\/11026"}],"wp:attachment":[{"href":"https:\/\/modasabel.com\/en\/wp-json\/wp\/v2\/media?parent=11019"}],"wp:term":[{"taxonomy":"marca-hombre","embeddable":true,"href":"https:\/\/modasabel.com\/en\/wp-json\/wp\/v2\/marca-hombre?post=11019"},{"taxonomy":"marca-interior-hombre","embeddable":true,"href":"https:\/\/modasabel.com\/en\/wp-json\/wp\/v2\/marca-interior-hombre?post=11019"},{"taxonomy":"marca-interior-mujer","embeddable":true,"href":"https:\/\/modasabel.com\/en\/wp-json\/wp\/v2\/marca-interior-mujer?post=11019"},{"taxonomy":"marca-mujer","embeddable":true,"href":"https:\/\/modasabel.com\/en\/wp-json\/wp\/v2\/marca-mujer?post=11019"},{"taxonomy":"product_brand","embeddable":true,"href":"https:\/\/modasabel.com\/en\/wp-json\/wp\/v2\/product_brand?post=11019"},{"taxonomy":"product_cat","embeddable":true,"href":"https:\/\/modasabel.com\/en\/wp-json\/wp\/v2\/product_cat?post=11019"},{"taxonomy":"product_tag","embeddable":true,"href":"https:\/\/modasabel.com\/en\/wp-json\/wp\/v2\/product_tag?post=11019"}],"curies":[{"name":"wp","href":"https:\/\/api.w.org\/{rel}","templated":true}]}}