{"id":10984,"date":"2026-02-27T16:53:07","date_gmt":"2026-02-27T15:53:07","guid":{"rendered":"https:\/\/modasabel.com\/?post_type=product&#038;p=10984"},"modified":"2026-04-11T13:05:10","modified_gmt":"2026-04-11T11:05:10","slug":"vaquero-celeste-elastico-tobillero-de-mujer-jarman-ref-36960385","status":"publish","type":"product","link":"https:\/\/modasabel.com\/en\/producto\/vaquero-celeste-elastico-tobillero-de-mujer-jarman-ref-36960385\/","title":{"rendered":"Vaquero celeste el\u00e1stico tobillero de mujer Jarman REF:36960385"},"content":{"rendered":"<p data-start=\"267\" data-end=\"778\">Vaquero de mujer en tono celeste claro, uno de los colores protagonistas de la colecci\u00f3n Primavera-Verano 2026 de Jarman. Su corte recto ligeramente ajustado estiliza la silueta y el largo tobillero con peque\u00f1o desflecado en el bajo aporta un toque actual y desenfadado. Confeccionado en tejido denim el\u00e1stico, se adapta c\u00f3modamente al cuerpo sin perder su forma, ofreciendo libertad de movimiento durante todo el d\u00eda. Un tejano luminoso, fresco y muy f\u00e1cil de combinar con blusas, camisetas o americana ligera.<\/p>\n<p data-start=\"780\" data-end=\"876\">Ideal si buscas un <strong data-start=\"799\" data-end=\"875\">vaquero celeste de mujer c\u00f3modo y favorecedor para primavera verano 2026<\/strong>.<\/p>\n<p data-start=\"878\" data-end=\"948\">\ud83d\udcf2 M\u00e1s info y pedidos por WhatsApp: 622491371<\/p>\n","protected":false},"excerpt":{"rendered":"<p>Vaquero de mujer en tono celeste claro, uno de los colores protagonistas de la colecci\u00f3n Primavera-Verano 2026 de Jarman. Su corte recto ligeramente ajustado estiliza la silueta y el largo tobillero con peque\u00f1o desflecado en el bajo aporta un toque actual y desenfadado. Confeccionado en tejido denim el\u00e1stico, se adapta c\u00f3modamente al cuerpo sin perder [&hellip;]<\/p>\n","protected":false},"featured_media":10993,"comment_status":"closed","ping_status":"closed","template":"","meta":{"_acf_changed":false,"site-sidebar-layout":"default","site-content-layout":"","ast-site-content-layout":"default","site-content-style":"default","site-sidebar-style":"default","ast-global-header-display":"","ast-banner-title-visibility":"","ast-main-header-display":"","ast-hfb-above-header-display":"","ast-hfb-below-header-display":"","ast-hfb-mobile-header-display":"","site-post-title":"","ast-breadcrumbs-content":"","ast-featured-img":"","footer-sml-layout":"","ast-disable-related-posts":"","theme-transparent-header-meta":"default","adv-header-id-meta":"","stick-header-meta":"","header-above-stick-meta":"","header-main-stick-meta":"","header-below-stick-meta":"","astra-migrate-meta-layouts":"set","ast-page-background-enabled":"default","ast-page-background-meta":{"desktop":{"background-color":"var(--ast-global-color-4)","background-image":"","background-repeat":"repeat","background-position":"center center","background-size":"auto","background-attachment":"scroll","background-type":"","background-media":"","overlay-type":"","overlay-color":"","overlay-opacity":"","overlay-gradient":""},"tablet":{"background-color":"","background-image":"","background-repeat":"repeat","background-position":"center center","background-size":"auto","background-attachment":"scroll","background-type":"","background-media":"","overlay-type":"","overlay-color":"","overlay-opacity":"","overlay-gradient":""},"mobile":{"background-color":"","background-image":"","background-repeat":"repeat","background-position":"center center","background-size":"auto","background-attachment":"scroll","background-type":"","background-media":"","overlay-type":"","overlay-color":"","overlay-opacity":"","overlay-gradient":""}},"ast-content-background-meta":{"desktop":{"background-color":"var(--ast-global-color-5)","background-image":"","background-repeat":"repeat","background-position":"center center","background-size":"auto","background-attachment":"scroll","background-type":"","background-media":"","overlay-type":"","overlay-color":"","overlay-opacity":"","overlay-gradient":""},"tablet":{"background-color":"var(--ast-global-color-5)","background-image":"","background-repeat":"repeat","background-position":"center center","background-size":"auto","background-attachment":"scroll","background-type":"","background-media":"","overlay-type":"","overlay-color":"","overlay-opacity":"","overlay-gradient":""},"mobile":{"background-color":"var(--ast-global-color-5)","background-image":"","background-repeat":"repeat","background-position":"center center","background-size":"auto","background-attachment":"scroll","background-type":"","background-media":"","overlay-type":"","overlay-color":"","overlay-opacity":"","overlay-gradient":""}}},"marca-hombre":[],"marca-interior-hombre":[],"marca-interior-mujer":[],"marca-mujer":[211],"product_brand":[],"product_cat":[18,191,46],"product_tag":[],"class_list":{"0":"post-10984","1":"product","2":"type-product","3":"status-publish","4":"has-post-thumbnail","6":"marca-mujer-jarman","7":"product_cat-mujer","8":"product_cat-pantalones-mujer","9":"product_cat-tejanos-mujer","10":"pa_tallas-pantalon-mujer-118","11":"pa_tallas-pantalon-mujer-233","12":"pa_tallas-pantalon-mujer-234","13":"pa_tallas-pantalon-mujer-235","14":"pa_tallas-pantalon-mujer-236","15":"pa_tallas-pantalon-mujer-237","16":"desktop-align-left","17":"tablet-align-left","18":"mobile-align-left","20":"first","21":"instock","22":"taxable","23":"shipping-taxable","24":"purchasable","25":"product-type-variable"},"acf":[],"yoast_head":"<!-- This site is optimized with the Yoast SEO plugin v22.1 - https:\/\/yoast.com\/wordpress\/plugins\/seo\/ -->\n<title>Vaquero celeste el\u00e1stico tobillero de mujer Jarman REF:36960385 - MODA SABEL<\/title>\n<meta name=\"description\" content=\"Vaquero celeste el\u00e1stico y tobillero de mujer Jarman. Dise\u00f1o c\u00f3modo y favorecedor para primavera verano 2026. Compra online en ModaSAbel.\" \/>\n<meta name=\"robots\" content=\"index, follow, max-snippet:-1, max-image-preview:large, max-video-preview:-1\" \/>\n<link rel=\"canonical\" href=\"https:\/\/modasabel.com\/en\/producto\/vaquero-celeste-elastico-tobillero-de-mujer-jarman-ref-36960385\/\" \/>\n<meta property=\"og:locale\" content=\"en_US\" \/>\n<meta property=\"og:type\" content=\"article\" \/>\n<meta property=\"og:title\" content=\"Vaquero celeste el\u00e1stico tobillero de mujer Jarman REF:36960385 - MODA SABEL\" \/>\n<meta property=\"og:description\" content=\"Vaquero celeste el\u00e1stico y tobillero de mujer Jarman. Dise\u00f1o c\u00f3modo y favorecedor para primavera verano 2026. Compra online en ModaSAbel.\" \/>\n<meta property=\"og:url\" content=\"https:\/\/modasabel.com\/en\/producto\/vaquero-celeste-elastico-tobillero-de-mujer-jarman-ref-36960385\/\" \/>\n<meta property=\"og:site_name\" content=\"MODA SABEL\" \/>\n<meta property=\"article:modified_time\" content=\"2026-04-11T11:05:10+00:00\" \/>\n<meta property=\"og:image\" content=\"https:\/\/modasabel.com\/wp-content\/uploads\/2026\/02\/36960385.png\" \/>\n\t<meta property=\"og:image:width\" content=\"1024\" \/>\n\t<meta property=\"og:image:height\" content=\"1536\" \/>\n\t<meta property=\"og:image:type\" content=\"image\/png\" \/>\n<meta name=\"twitter:card\" content=\"summary_large_image\" \/>\n<meta name=\"twitter:label1\" content=\"Est. reading time\" \/>\n\t<meta name=\"twitter:data1\" content=\"1 minute\" \/>\n<script type=\"application\/ld+json\" class=\"yoast-schema-graph\">{\"@context\":\"https:\/\/schema.org\",\"@graph\":[{\"@type\":\"WebPage\",\"@id\":\"https:\/\/modasabel.com\/en\/producto\/vaquero-celeste-elastico-tobillero-de-mujer-jarman-ref-36960385\/\",\"url\":\"https:\/\/modasabel.com\/en\/producto\/vaquero-celeste-elastico-tobillero-de-mujer-jarman-ref-36960385\/\",\"name\":\"Vaquero celeste el\u00e1stico tobillero de mujer Jarman REF:36960385 - MODA SABEL\",\"isPartOf\":{\"@id\":\"https:\/\/modasabel.com\/en\/#website\"},\"datePublished\":\"2026-02-27T15:53:07+00:00\",\"dateModified\":\"2026-04-11T11:05:10+00:00\",\"description\":\"Vaquero celeste el\u00e1stico y tobillero de mujer Jarman. Dise\u00f1o c\u00f3modo y favorecedor para primavera verano 2026. Compra online en ModaSAbel.\",\"breadcrumb\":{\"@id\":\"https:\/\/modasabel.com\/en\/producto\/vaquero-celeste-elastico-tobillero-de-mujer-jarman-ref-36960385\/#breadcrumb\"},\"inLanguage\":\"en-US\",\"potentialAction\":[{\"@type\":\"ReadAction\",\"target\":[\"https:\/\/modasabel.com\/en\/producto\/vaquero-celeste-elastico-tobillero-de-mujer-jarman-ref-36960385\/\"]}]},{\"@type\":\"BreadcrumbList\",\"@id\":\"https:\/\/modasabel.com\/en\/producto\/vaquero-celeste-elastico-tobillero-de-mujer-jarman-ref-36960385\/#breadcrumb\",\"itemListElement\":[{\"@type\":\"ListItem\",\"position\":1,\"name\":\"Inicio\",\"item\":\"https:\/\/modasabel.com\/en\/\"},{\"@type\":\"ListItem\",\"position\":2,\"name\":\"Tienda\",\"item\":\"https:\/\/modasabel.com\/tienda\/\"},{\"@type\":\"ListItem\",\"position\":3,\"name\":\"Vaquero celeste el\u00e1stico tobillero de mujer Jarman REF:36960385\"}]},{\"@type\":\"WebSite\",\"@id\":\"https:\/\/modasabel.com\/en\/#website\",\"url\":\"https:\/\/modasabel.com\/en\/\",\"name\":\"MODA SABEL\",\"description\":\"Marcas de ropa hombre y mujer\",\"potentialAction\":[{\"@type\":\"SearchAction\",\"target\":{\"@type\":\"EntryPoint\",\"urlTemplate\":\"https:\/\/modasabel.com\/en\/?s={search_term_string}\"},\"query-input\":\"required name=search_term_string\"}],\"inLanguage\":\"en-US\"}]}<\/script>\n<!-- \/ Yoast SEO plugin. -->","yoast_head_json":{"title":"Vaquero celeste el\u00e1stico tobillero de mujer Jarman REF:36960385 - MODA SABEL","description":"Vaquero celeste el\u00e1stico y tobillero de mujer Jarman. Dise\u00f1o c\u00f3modo y favorecedor para primavera verano 2026. Compra online en ModaSAbel.","robots":{"index":"index","follow":"follow","max-snippet":"max-snippet:-1","max-image-preview":"max-image-preview:large","max-video-preview":"max-video-preview:-1"},"canonical":"https:\/\/modasabel.com\/en\/producto\/vaquero-celeste-elastico-tobillero-de-mujer-jarman-ref-36960385\/","og_locale":"en_US","og_type":"article","og_title":"Vaquero celeste el\u00e1stico tobillero de mujer Jarman REF:36960385 - MODA SABEL","og_description":"Vaquero celeste el\u00e1stico y tobillero de mujer Jarman. Dise\u00f1o c\u00f3modo y favorecedor para primavera verano 2026. Compra online en ModaSAbel.","og_url":"https:\/\/modasabel.com\/en\/producto\/vaquero-celeste-elastico-tobillero-de-mujer-jarman-ref-36960385\/","og_site_name":"MODA SABEL","article_modified_time":"2026-04-11T11:05:10+00:00","og_image":[{"width":1024,"height":1536,"url":"https:\/\/modasabel.com\/wp-content\/uploads\/2026\/02\/36960385.png","type":"image\/png"}],"twitter_card":"summary_large_image","twitter_misc":{"Est. reading time":"1 minute"},"schema":{"@context":"https:\/\/schema.org","@graph":[{"@type":"WebPage","@id":"https:\/\/modasabel.com\/en\/producto\/vaquero-celeste-elastico-tobillero-de-mujer-jarman-ref-36960385\/","url":"https:\/\/modasabel.com\/en\/producto\/vaquero-celeste-elastico-tobillero-de-mujer-jarman-ref-36960385\/","name":"Vaquero celeste el\u00e1stico tobillero de mujer Jarman REF:36960385 - MODA SABEL","isPartOf":{"@id":"https:\/\/modasabel.com\/en\/#website"},"datePublished":"2026-02-27T15:53:07+00:00","dateModified":"2026-04-11T11:05:10+00:00","description":"Vaquero celeste el\u00e1stico y tobillero de mujer Jarman. Dise\u00f1o c\u00f3modo y favorecedor para primavera verano 2026. Compra online en ModaSAbel.","breadcrumb":{"@id":"https:\/\/modasabel.com\/en\/producto\/vaquero-celeste-elastico-tobillero-de-mujer-jarman-ref-36960385\/#breadcrumb"},"inLanguage":"en-US","potentialAction":[{"@type":"ReadAction","target":["https:\/\/modasabel.com\/en\/producto\/vaquero-celeste-elastico-tobillero-de-mujer-jarman-ref-36960385\/"]}]},{"@type":"BreadcrumbList","@id":"https:\/\/modasabel.com\/en\/producto\/vaquero-celeste-elastico-tobillero-de-mujer-jarman-ref-36960385\/#breadcrumb","itemListElement":[{"@type":"ListItem","position":1,"name":"Inicio","item":"https:\/\/modasabel.com\/en\/"},{"@type":"ListItem","position":2,"name":"Tienda","item":"https:\/\/modasabel.com\/tienda\/"},{"@type":"ListItem","position":3,"name":"Vaquero celeste el\u00e1stico tobillero de mujer Jarman REF:36960385"}]},{"@type":"WebSite","@id":"https:\/\/modasabel.com\/en\/#website","url":"https:\/\/modasabel.com\/en\/","name":"MODA SABEL","description":"Marcas de ropa hombre y mujer","potentialAction":[{"@type":"SearchAction","target":{"@type":"EntryPoint","urlTemplate":"https:\/\/modasabel.com\/en\/?s={search_term_string}"},"query-input":"required name=search_term_string"}],"inLanguage":"en-US"}]}},"_links":{"self":[{"href":"https:\/\/modasabel.com\/en\/wp-json\/wp\/v2\/product\/10984","targetHints":{"allow":["GET"]}}],"collection":[{"href":"https:\/\/modasabel.com\/en\/wp-json\/wp\/v2\/product"}],"about":[{"href":"https:\/\/modasabel.com\/en\/wp-json\/wp\/v2\/types\/product"}],"replies":[{"embeddable":true,"href":"https:\/\/modasabel.com\/en\/wp-json\/wp\/v2\/comments?post=10984"}],"wp:featuredmedia":[{"embeddable":true,"href":"https:\/\/modasabel.com\/en\/wp-json\/wp\/v2\/media\/10993"}],"wp:attachment":[{"href":"https:\/\/modasabel.com\/en\/wp-json\/wp\/v2\/media?parent=10984"}],"wp:term":[{"taxonomy":"marca-hombre","embeddable":true,"href":"https:\/\/modasabel.com\/en\/wp-json\/wp\/v2\/marca-hombre?post=10984"},{"taxonomy":"marca-interior-hombre","embeddable":true,"href":"https:\/\/modasabel.com\/en\/wp-json\/wp\/v2\/marca-interior-hombre?post=10984"},{"taxonomy":"marca-interior-mujer","embeddable":true,"href":"https:\/\/modasabel.com\/en\/wp-json\/wp\/v2\/marca-interior-mujer?post=10984"},{"taxonomy":"marca-mujer","embeddable":true,"href":"https:\/\/modasabel.com\/en\/wp-json\/wp\/v2\/marca-mujer?post=10984"},{"taxonomy":"product_brand","embeddable":true,"href":"https:\/\/modasabel.com\/en\/wp-json\/wp\/v2\/product_brand?post=10984"},{"taxonomy":"product_cat","embeddable":true,"href":"https:\/\/modasabel.com\/en\/wp-json\/wp\/v2\/product_cat?post=10984"},{"taxonomy":"product_tag","embeddable":true,"href":"https:\/\/modasabel.com\/en\/wp-json\/wp\/v2\/product_tag?post=10984"}],"curies":[{"name":"wp","href":"https:\/\/api.w.org\/{rel}","templated":true}]}}