{"id":10957,"date":"2026-02-18T19:00:47","date_gmt":"2026-02-18T18:00:47","guid":{"rendered":"https:\/\/modasabel.com\/?post_type=product&#038;p=10957"},"modified":"2026-03-27T18:49:23","modified_gmt":"2026-03-27T17:49:23","slug":"reactivo-moda-pantalon-de-punto-mujer-tipo-chandal-ref-11803","status":"publish","type":"product","link":"https:\/\/modasabel.com\/en\/producto\/reactivo-moda-pantalon-de-punto-mujer-tipo-chandal-ref-11803\/","title":{"rendered":"Reactivo Moda Pantal\u00f3n de Punto Mujer Tipo Ch\u00e1ndal REF: 11803"},"content":{"rendered":"<p data-start=\"203\" data-end=\"555\">El pantal\u00f3n de punto para mujer Reactivo Moda REF: 11803 es una prenda comod\u00edsima, con ese tejido tipo ch\u00e1ndal suave y el\u00e1stico que sienta bien y apetece llevar a diario. Tiene un corte recto con pernera ancha que estiliza y aporta una ca\u00edda fluida, perfecto para looks casuales, conjuntos c\u00f3modos o para combinar con sudaderas, camisetas y zapatillas.<\/p>\n<p data-start=\"557\" data-end=\"880\">La cintura el\u00e1stica con cord\u00f3n ajustable se adapta muy bien al cuerpo, ofreciendo un ajuste c\u00f3modo sin apretar, ideal para moverte con libertad durante todo el d\u00eda. Disponible en tres colores f\u00e1ciles de combinar: beige, azul marino y amarillo suave, es un b\u00e1sico de temporada para un estilo relajado con un punto arreglado.<\/p>\n<p data-start=\"882\" data-end=\"1031\">Si buscas un <strong data-start=\"895\" data-end=\"962\">pantal\u00f3n de punto mujer tipo ch\u00e1ndal c\u00f3modo y con pernera ancha<\/strong>, este modelo de Reactivo Moda es una apuesta segura para tu armario.<\/p>\n<p data-start=\"1033\" data-end=\"1102\">Para m\u00e1s informaci\u00f3n o pedidos, escr\u00edbenos por WhatsApp al 622491371.<\/p>\n","protected":false},"excerpt":{"rendered":"<p>El pantal\u00f3n de punto para mujer Reactivo Moda REF: 11803 es una prenda comod\u00edsima, con ese tejido tipo ch\u00e1ndal suave y el\u00e1stico que sienta bien y apetece llevar a diario. Tiene un corte recto con pernera ancha que estiliza y aporta una ca\u00edda fluida, perfecto para looks casuales, conjuntos c\u00f3modos o para combinar con sudaderas, [&hellip;]<\/p>\n","protected":false},"featured_media":10961,"comment_status":"closed","ping_status":"closed","template":"","meta":{"_acf_changed":false,"site-sidebar-layout":"default","site-content-layout":"","ast-site-content-layout":"default","site-content-style":"default","site-sidebar-style":"default","ast-global-header-display":"","ast-banner-title-visibility":"","ast-main-header-display":"","ast-hfb-above-header-display":"","ast-hfb-below-header-display":"","ast-hfb-mobile-header-display":"","site-post-title":"","ast-breadcrumbs-content":"","ast-featured-img":"","footer-sml-layout":"","ast-disable-related-posts":"","theme-transparent-header-meta":"default","adv-header-id-meta":"","stick-header-meta":"","header-above-stick-meta":"","header-main-stick-meta":"","header-below-stick-meta":"","astra-migrate-meta-layouts":"set","ast-page-background-enabled":"default","ast-page-background-meta":{"desktop":{"background-color":"var(--ast-global-color-4)","background-image":"","background-repeat":"repeat","background-position":"center center","background-size":"auto","background-attachment":"scroll","background-type":"","background-media":"","overlay-type":"","overlay-color":"","overlay-opacity":"","overlay-gradient":""},"tablet":{"background-color":"","background-image":"","background-repeat":"repeat","background-position":"center center","background-size":"auto","background-attachment":"scroll","background-type":"","background-media":"","overlay-type":"","overlay-color":"","overlay-opacity":"","overlay-gradient":""},"mobile":{"background-color":"","background-image":"","background-repeat":"repeat","background-position":"center center","background-size":"auto","background-attachment":"scroll","background-type":"","background-media":"","overlay-type":"","overlay-color":"","overlay-opacity":"","overlay-gradient":""}},"ast-content-background-meta":{"desktop":{"background-color":"var(--ast-global-color-5)","background-image":"","background-repeat":"repeat","background-position":"center center","background-size":"auto","background-attachment":"scroll","background-type":"","background-media":"","overlay-type":"","overlay-color":"","overlay-opacity":"","overlay-gradient":""},"tablet":{"background-color":"var(--ast-global-color-5)","background-image":"","background-repeat":"repeat","background-position":"center center","background-size":"auto","background-attachment":"scroll","background-type":"","background-media":"","overlay-type":"","overlay-color":"","overlay-opacity":"","overlay-gradient":""},"mobile":{"background-color":"var(--ast-global-color-5)","background-image":"","background-repeat":"repeat","background-position":"center center","background-size":"auto","background-attachment":"scroll","background-type":"","background-media":"","overlay-type":"","overlay-color":"","overlay-opacity":"","overlay-gradient":""}}},"marca-hombre":[],"marca-interior-hombre":[],"marca-interior-mujer":[],"marca-mujer":[210],"product_brand":[],"product_cat":[18,191],"product_tag":[],"class_list":{"0":"post-10957","1":"product","2":"type-product","3":"status-publish","4":"has-post-thumbnail","6":"marca-mujer-reactivo-moda","7":"product_cat-mujer","8":"product_cat-pantalones-mujer","9":"pa_color-amarillo","10":"pa_color-azul-marino","11":"pa_color-beige","12":"pa_tallas-camisetas-unica","13":"desktop-align-left","14":"tablet-align-left","15":"mobile-align-left","17":"first","18":"instock","19":"taxable","20":"shipping-taxable","21":"purchasable","22":"product-type-variable"},"acf":[],"yoast_head":"<!-- This site is optimized with the Yoast SEO plugin v22.1 - https:\/\/yoast.com\/wordpress\/plugins\/seo\/ -->\n<title>Reactivo Moda Pantal\u00f3n de Punto Mujer Tipo Ch\u00e1ndal REF: 11803 - MODA SABEL<\/title>\n<meta name=\"description\" content=\"Pantal\u00f3n de punto mujer tipo ch\u00e1ndal Reactivo Moda. Tejido suave y el\u00e1stico, pernera ancha y cintura c\u00f3moda. Disponible en beige, azul marino y amarillo.\" \/>\n<meta name=\"robots\" content=\"index, follow, max-snippet:-1, max-image-preview:large, max-video-preview:-1\" \/>\n<link rel=\"canonical\" href=\"https:\/\/modasabel.com\/en\/producto\/reactivo-moda-pantalon-de-punto-mujer-tipo-chandal-ref-11803\/\" \/>\n<meta property=\"og:locale\" content=\"en_US\" \/>\n<meta property=\"og:type\" content=\"article\" \/>\n<meta property=\"og:title\" content=\"Reactivo Moda Pantal\u00f3n de Punto Mujer Tipo Ch\u00e1ndal REF: 11803 - MODA SABEL\" \/>\n<meta property=\"og:description\" content=\"Pantal\u00f3n de punto mujer tipo ch\u00e1ndal Reactivo Moda. Tejido suave y el\u00e1stico, pernera ancha y cintura c\u00f3moda. Disponible en beige, azul marino y amarillo.\" \/>\n<meta property=\"og:url\" content=\"https:\/\/modasabel.com\/en\/producto\/reactivo-moda-pantalon-de-punto-mujer-tipo-chandal-ref-11803\/\" \/>\n<meta property=\"og:site_name\" content=\"MODA SABEL\" \/>\n<meta property=\"article:modified_time\" content=\"2026-03-27T17:49:23+00:00\" \/>\n<meta property=\"og:image\" content=\"https:\/\/modasabel.com\/wp-content\/uploads\/2026\/02\/11803.jpeg\" \/>\n\t<meta property=\"og:image:width\" content=\"1600\" \/>\n\t<meta property=\"og:image:height\" content=\"1600\" \/>\n\t<meta property=\"og:image:type\" content=\"image\/jpeg\" \/>\n<meta name=\"twitter:card\" content=\"summary_large_image\" \/>\n<meta name=\"twitter:label1\" content=\"Est. reading time\" \/>\n\t<meta name=\"twitter:data1\" content=\"1 minute\" \/>\n<script type=\"application\/ld+json\" class=\"yoast-schema-graph\">{\"@context\":\"https:\/\/schema.org\",\"@graph\":[{\"@type\":\"WebPage\",\"@id\":\"https:\/\/modasabel.com\/en\/producto\/reactivo-moda-pantalon-de-punto-mujer-tipo-chandal-ref-11803\/\",\"url\":\"https:\/\/modasabel.com\/en\/producto\/reactivo-moda-pantalon-de-punto-mujer-tipo-chandal-ref-11803\/\",\"name\":\"Reactivo Moda Pantal\u00f3n de Punto Mujer Tipo Ch\u00e1ndal REF: 11803 - MODA SABEL\",\"isPartOf\":{\"@id\":\"https:\/\/modasabel.com\/en\/#website\"},\"datePublished\":\"2026-02-18T18:00:47+00:00\",\"dateModified\":\"2026-03-27T17:49:23+00:00\",\"description\":\"Pantal\u00f3n de punto mujer tipo ch\u00e1ndal Reactivo Moda. Tejido suave y el\u00e1stico, pernera ancha y cintura c\u00f3moda. Disponible en beige, azul marino y amarillo.\",\"breadcrumb\":{\"@id\":\"https:\/\/modasabel.com\/en\/producto\/reactivo-moda-pantalon-de-punto-mujer-tipo-chandal-ref-11803\/#breadcrumb\"},\"inLanguage\":\"en-US\",\"potentialAction\":[{\"@type\":\"ReadAction\",\"target\":[\"https:\/\/modasabel.com\/en\/producto\/reactivo-moda-pantalon-de-punto-mujer-tipo-chandal-ref-11803\/\"]}]},{\"@type\":\"BreadcrumbList\",\"@id\":\"https:\/\/modasabel.com\/en\/producto\/reactivo-moda-pantalon-de-punto-mujer-tipo-chandal-ref-11803\/#breadcrumb\",\"itemListElement\":[{\"@type\":\"ListItem\",\"position\":1,\"name\":\"Inicio\",\"item\":\"https:\/\/modasabel.com\/en\/\"},{\"@type\":\"ListItem\",\"position\":2,\"name\":\"Tienda\",\"item\":\"https:\/\/modasabel.com\/tienda\/\"},{\"@type\":\"ListItem\",\"position\":3,\"name\":\"Reactivo Moda Pantal\u00f3n de Punto Mujer Tipo Ch\u00e1ndal REF: 11803\"}]},{\"@type\":\"WebSite\",\"@id\":\"https:\/\/modasabel.com\/en\/#website\",\"url\":\"https:\/\/modasabel.com\/en\/\",\"name\":\"MODA SABEL\",\"description\":\"Marcas de ropa hombre y mujer\",\"potentialAction\":[{\"@type\":\"SearchAction\",\"target\":{\"@type\":\"EntryPoint\",\"urlTemplate\":\"https:\/\/modasabel.com\/en\/?s={search_term_string}\"},\"query-input\":\"required name=search_term_string\"}],\"inLanguage\":\"en-US\"}]}<\/script>\n<!-- \/ Yoast SEO plugin. -->","yoast_head_json":{"title":"Reactivo Moda Pantal\u00f3n de Punto Mujer Tipo Ch\u00e1ndal REF: 11803 - MODA SABEL","description":"Pantal\u00f3n de punto mujer tipo ch\u00e1ndal Reactivo Moda. Tejido suave y el\u00e1stico, pernera ancha y cintura c\u00f3moda. Disponible en beige, azul marino y amarillo.","robots":{"index":"index","follow":"follow","max-snippet":"max-snippet:-1","max-image-preview":"max-image-preview:large","max-video-preview":"max-video-preview:-1"},"canonical":"https:\/\/modasabel.com\/en\/producto\/reactivo-moda-pantalon-de-punto-mujer-tipo-chandal-ref-11803\/","og_locale":"en_US","og_type":"article","og_title":"Reactivo Moda Pantal\u00f3n de Punto Mujer Tipo Ch\u00e1ndal REF: 11803 - MODA SABEL","og_description":"Pantal\u00f3n de punto mujer tipo ch\u00e1ndal Reactivo Moda. Tejido suave y el\u00e1stico, pernera ancha y cintura c\u00f3moda. Disponible en beige, azul marino y amarillo.","og_url":"https:\/\/modasabel.com\/en\/producto\/reactivo-moda-pantalon-de-punto-mujer-tipo-chandal-ref-11803\/","og_site_name":"MODA SABEL","article_modified_time":"2026-03-27T17:49:23+00:00","og_image":[{"width":1600,"height":1600,"url":"https:\/\/modasabel.com\/wp-content\/uploads\/2026\/02\/11803.jpeg","type":"image\/jpeg"}],"twitter_card":"summary_large_image","twitter_misc":{"Est. reading time":"1 minute"},"schema":{"@context":"https:\/\/schema.org","@graph":[{"@type":"WebPage","@id":"https:\/\/modasabel.com\/en\/producto\/reactivo-moda-pantalon-de-punto-mujer-tipo-chandal-ref-11803\/","url":"https:\/\/modasabel.com\/en\/producto\/reactivo-moda-pantalon-de-punto-mujer-tipo-chandal-ref-11803\/","name":"Reactivo Moda Pantal\u00f3n de Punto Mujer Tipo Ch\u00e1ndal REF: 11803 - MODA SABEL","isPartOf":{"@id":"https:\/\/modasabel.com\/en\/#website"},"datePublished":"2026-02-18T18:00:47+00:00","dateModified":"2026-03-27T17:49:23+00:00","description":"Pantal\u00f3n de punto mujer tipo ch\u00e1ndal Reactivo Moda. Tejido suave y el\u00e1stico, pernera ancha y cintura c\u00f3moda. Disponible en beige, azul marino y amarillo.","breadcrumb":{"@id":"https:\/\/modasabel.com\/en\/producto\/reactivo-moda-pantalon-de-punto-mujer-tipo-chandal-ref-11803\/#breadcrumb"},"inLanguage":"en-US","potentialAction":[{"@type":"ReadAction","target":["https:\/\/modasabel.com\/en\/producto\/reactivo-moda-pantalon-de-punto-mujer-tipo-chandal-ref-11803\/"]}]},{"@type":"BreadcrumbList","@id":"https:\/\/modasabel.com\/en\/producto\/reactivo-moda-pantalon-de-punto-mujer-tipo-chandal-ref-11803\/#breadcrumb","itemListElement":[{"@type":"ListItem","position":1,"name":"Inicio","item":"https:\/\/modasabel.com\/en\/"},{"@type":"ListItem","position":2,"name":"Tienda","item":"https:\/\/modasabel.com\/tienda\/"},{"@type":"ListItem","position":3,"name":"Reactivo Moda Pantal\u00f3n de Punto Mujer Tipo Ch\u00e1ndal REF: 11803"}]},{"@type":"WebSite","@id":"https:\/\/modasabel.com\/en\/#website","url":"https:\/\/modasabel.com\/en\/","name":"MODA SABEL","description":"Marcas de ropa hombre y mujer","potentialAction":[{"@type":"SearchAction","target":{"@type":"EntryPoint","urlTemplate":"https:\/\/modasabel.com\/en\/?s={search_term_string}"},"query-input":"required name=search_term_string"}],"inLanguage":"en-US"}]}},"_links":{"self":[{"href":"https:\/\/modasabel.com\/en\/wp-json\/wp\/v2\/product\/10957","targetHints":{"allow":["GET"]}}],"collection":[{"href":"https:\/\/modasabel.com\/en\/wp-json\/wp\/v2\/product"}],"about":[{"href":"https:\/\/modasabel.com\/en\/wp-json\/wp\/v2\/types\/product"}],"replies":[{"embeddable":true,"href":"https:\/\/modasabel.com\/en\/wp-json\/wp\/v2\/comments?post=10957"}],"wp:featuredmedia":[{"embeddable":true,"href":"https:\/\/modasabel.com\/en\/wp-json\/wp\/v2\/media\/10961"}],"wp:attachment":[{"href":"https:\/\/modasabel.com\/en\/wp-json\/wp\/v2\/media?parent=10957"}],"wp:term":[{"taxonomy":"marca-hombre","embeddable":true,"href":"https:\/\/modasabel.com\/en\/wp-json\/wp\/v2\/marca-hombre?post=10957"},{"taxonomy":"marca-interior-hombre","embeddable":true,"href":"https:\/\/modasabel.com\/en\/wp-json\/wp\/v2\/marca-interior-hombre?post=10957"},{"taxonomy":"marca-interior-mujer","embeddable":true,"href":"https:\/\/modasabel.com\/en\/wp-json\/wp\/v2\/marca-interior-mujer?post=10957"},{"taxonomy":"marca-mujer","embeddable":true,"href":"https:\/\/modasabel.com\/en\/wp-json\/wp\/v2\/marca-mujer?post=10957"},{"taxonomy":"product_brand","embeddable":true,"href":"https:\/\/modasabel.com\/en\/wp-json\/wp\/v2\/product_brand?post=10957"},{"taxonomy":"product_cat","embeddable":true,"href":"https:\/\/modasabel.com\/en\/wp-json\/wp\/v2\/product_cat?post=10957"},{"taxonomy":"product_tag","embeddable":true,"href":"https:\/\/modasabel.com\/en\/wp-json\/wp\/v2\/product_tag?post=10957"}],"curies":[{"name":"wp","href":"https:\/\/api.w.org\/{rel}","templated":true}]}}