{"id":10942,"date":"2026-02-18T18:47:56","date_gmt":"2026-02-18T17:47:56","guid":{"rendered":"https:\/\/modasabel.com\/?post_type=product&#038;p=10942"},"modified":"2026-02-20T19:30:24","modified_gmt":"2026-02-20T18:30:24","slug":"reactivo-moda-sudadera-mujer-brooklyn-oversize-ref-251007","status":"publish","type":"product","link":"https:\/\/modasabel.com\/en\/producto\/reactivo-moda-sudadera-mujer-brooklyn-oversize-ref-251007\/","title":{"rendered":"Reactivo Moda Sudadera Mujer Brooklyn Oversize REF: 251007"},"content":{"rendered":"<p data-start=\"161\" data-end=\"549\">La sudadera de mujer Reactivo Moda REF: 251007 es una prenda c\u00f3moda y actual, perfecta para looks casuales de diario. Presenta un dise\u00f1o oversize con hombro ca\u00eddo y estampado frontal \u201cBrooklyn\u201d con detalle de palmera, aportando un estilo desenfadado y moderno. Su tejido suave y agradable al tacto la convierte en una opci\u00f3n ideal para entretiempo o para combinar en los d\u00edas m\u00e1s frescos.<\/p>\n<p data-start=\"551\" data-end=\"832\">Disponible en varios colores tendencia: amarillo, marr\u00f3n chocolate, azul y rosa empolvado, es muy f\u00e1cil de combinar con vaqueros, pantalones cargo o joggers. Su corte amplio favorece y aporta comodidad sin perder estilo, convirti\u00e9ndola en una sudadera vers\u00e1til para cualquier edad.<\/p>\n<p data-start=\"834\" data-end=\"998\">Si buscas una <strong data-start=\"848\" data-end=\"910\">sudadera oversize mujer estampada Brooklyn c\u00f3moda y actual<\/strong>, esta propuesta de Reactivo Moda es perfecta para renovar tu armario con estilo casual.<\/p>\n<p data-start=\"1000\" data-end=\"1072\">Para m\u00e1s informaci\u00f3n o pedidos puedes escribirnos al WhatsApp 622491371.<\/p>\n","protected":false},"excerpt":{"rendered":"<p>La sudadera de mujer Reactivo Moda REF: 251007 es una prenda c\u00f3moda y actual, perfecta para looks casuales de diario. Presenta un dise\u00f1o oversize con hombro ca\u00eddo y estampado frontal \u201cBrooklyn\u201d con detalle de palmera, aportando un estilo desenfadado y moderno. Su tejido suave y agradable al tacto la convierte en una opci\u00f3n ideal para [&hellip;]<\/p>\n","protected":false},"featured_media":10955,"comment_status":"closed","ping_status":"closed","template":"","meta":{"_acf_changed":false,"site-sidebar-layout":"default","site-content-layout":"","ast-site-content-layout":"default","site-content-style":"default","site-sidebar-style":"default","ast-global-header-display":"","ast-banner-title-visibility":"","ast-main-header-display":"","ast-hfb-above-header-display":"","ast-hfb-below-header-display":"","ast-hfb-mobile-header-display":"","site-post-title":"","ast-breadcrumbs-content":"","ast-featured-img":"","footer-sml-layout":"","ast-disable-related-posts":"","theme-transparent-header-meta":"default","adv-header-id-meta":"","stick-header-meta":"","header-above-stick-meta":"","header-main-stick-meta":"","header-below-stick-meta":"","astra-migrate-meta-layouts":"set","ast-page-background-enabled":"default","ast-page-background-meta":{"desktop":{"background-color":"var(--ast-global-color-4)","background-image":"","background-repeat":"repeat","background-position":"center center","background-size":"auto","background-attachment":"scroll","background-type":"","background-media":"","overlay-type":"","overlay-color":"","overlay-opacity":"","overlay-gradient":""},"tablet":{"background-color":"","background-image":"","background-repeat":"repeat","background-position":"center center","background-size":"auto","background-attachment":"scroll","background-type":"","background-media":"","overlay-type":"","overlay-color":"","overlay-opacity":"","overlay-gradient":""},"mobile":{"background-color":"","background-image":"","background-repeat":"repeat","background-position":"center center","background-size":"auto","background-attachment":"scroll","background-type":"","background-media":"","overlay-type":"","overlay-color":"","overlay-opacity":"","overlay-gradient":""}},"ast-content-background-meta":{"desktop":{"background-color":"var(--ast-global-color-5)","background-image":"","background-repeat":"repeat","background-position":"center center","background-size":"auto","background-attachment":"scroll","background-type":"","background-media":"","overlay-type":"","overlay-color":"","overlay-opacity":"","overlay-gradient":""},"tablet":{"background-color":"var(--ast-global-color-5)","background-image":"","background-repeat":"repeat","background-position":"center center","background-size":"auto","background-attachment":"scroll","background-type":"","background-media":"","overlay-type":"","overlay-color":"","overlay-opacity":"","overlay-gradient":""},"mobile":{"background-color":"var(--ast-global-color-5)","background-image":"","background-repeat":"repeat","background-position":"center center","background-size":"auto","background-attachment":"scroll","background-type":"","background-media":"","overlay-type":"","overlay-color":"","overlay-opacity":"","overlay-gradient":""}}},"marca-hombre":[],"marca-interior-hombre":[],"marca-interior-mujer":[],"marca-mujer":[210],"product_brand":[],"product_cat":[18,50],"product_tag":[],"class_list":{"0":"post-10942","1":"product","2":"type-product","3":"status-publish","4":"has-post-thumbnail","6":"marca-mujer-reactivo-moda","7":"product_cat-mujer","8":"product_cat-sudaderas-mujer","9":"pa_color-amarillo","10":"pa_color-azul","11":"pa_color-marron","12":"pa_color-rosa","13":"pa_tallas-camisetas-unica","14":"desktop-align-left","15":"tablet-align-left","16":"mobile-align-left","18":"first","19":"instock","20":"taxable","21":"shipping-taxable","22":"purchasable","23":"product-type-variable"},"acf":[],"yoast_head":"<!-- This site is optimized with the Yoast SEO plugin v22.1 - https:\/\/yoast.com\/wordpress\/plugins\/seo\/ -->\n<title>Reactivo Moda Sudadera Mujer Brooklyn Oversize REF: 251007 - MODA SABEL<\/title>\n<meta name=\"description\" content=\"Sudadera mujer Reactivo Moda Brooklyn REF: 251007. Dise\u00f1o oversize con estampado frontal. Disponible en varios colores.\" \/>\n<meta name=\"robots\" content=\"index, follow, max-snippet:-1, max-image-preview:large, max-video-preview:-1\" \/>\n<link rel=\"canonical\" href=\"https:\/\/modasabel.com\/en\/producto\/reactivo-moda-sudadera-mujer-brooklyn-oversize-ref-251007\/\" \/>\n<meta property=\"og:locale\" content=\"en_US\" \/>\n<meta property=\"og:type\" content=\"article\" \/>\n<meta property=\"og:title\" content=\"Reactivo Moda Sudadera Mujer Brooklyn Oversize REF: 251007 - MODA SABEL\" \/>\n<meta property=\"og:description\" content=\"Sudadera mujer Reactivo Moda Brooklyn REF: 251007. Dise\u00f1o oversize con estampado frontal. Disponible en varios colores.\" \/>\n<meta property=\"og:url\" content=\"https:\/\/modasabel.com\/en\/producto\/reactivo-moda-sudadera-mujer-brooklyn-oversize-ref-251007\/\" \/>\n<meta property=\"og:site_name\" content=\"MODA SABEL\" \/>\n<meta property=\"article:modified_time\" content=\"2026-02-20T18:30:24+00:00\" \/>\n<meta property=\"og:image\" content=\"https:\/\/modasabel.com\/wp-content\/uploads\/2026\/02\/ChatGPT-Image-18-feb-2026-18_35_53-683x1024.png\" \/>\n\t<meta property=\"og:image:width\" content=\"683\" \/>\n\t<meta property=\"og:image:height\" content=\"1024\" \/>\n\t<meta property=\"og:image:type\" content=\"image\/png\" \/>\n<meta name=\"twitter:card\" content=\"summary_large_image\" \/>\n<meta name=\"twitter:label1\" content=\"Est. reading time\" \/>\n\t<meta name=\"twitter:data1\" content=\"1 minute\" \/>\n<script type=\"application\/ld+json\" class=\"yoast-schema-graph\">{\"@context\":\"https:\/\/schema.org\",\"@graph\":[{\"@type\":\"WebPage\",\"@id\":\"https:\/\/modasabel.com\/en\/producto\/reactivo-moda-sudadera-mujer-brooklyn-oversize-ref-251007\/\",\"url\":\"https:\/\/modasabel.com\/en\/producto\/reactivo-moda-sudadera-mujer-brooklyn-oversize-ref-251007\/\",\"name\":\"Reactivo Moda Sudadera Mujer Brooklyn Oversize REF: 251007 - MODA SABEL\",\"isPartOf\":{\"@id\":\"https:\/\/modasabel.com\/en\/#website\"},\"datePublished\":\"2026-02-18T17:47:56+00:00\",\"dateModified\":\"2026-02-20T18:30:24+00:00\",\"description\":\"Sudadera mujer Reactivo Moda Brooklyn REF: 251007. Dise\u00f1o oversize con estampado frontal. Disponible en varios colores.\",\"breadcrumb\":{\"@id\":\"https:\/\/modasabel.com\/en\/producto\/reactivo-moda-sudadera-mujer-brooklyn-oversize-ref-251007\/#breadcrumb\"},\"inLanguage\":\"en-US\",\"potentialAction\":[{\"@type\":\"ReadAction\",\"target\":[\"https:\/\/modasabel.com\/en\/producto\/reactivo-moda-sudadera-mujer-brooklyn-oversize-ref-251007\/\"]}]},{\"@type\":\"BreadcrumbList\",\"@id\":\"https:\/\/modasabel.com\/en\/producto\/reactivo-moda-sudadera-mujer-brooklyn-oversize-ref-251007\/#breadcrumb\",\"itemListElement\":[{\"@type\":\"ListItem\",\"position\":1,\"name\":\"Inicio\",\"item\":\"https:\/\/modasabel.com\/en\/\"},{\"@type\":\"ListItem\",\"position\":2,\"name\":\"Tienda\",\"item\":\"https:\/\/modasabel.com\/tienda\/\"},{\"@type\":\"ListItem\",\"position\":3,\"name\":\"Reactivo Moda Sudadera Mujer Brooklyn Oversize REF: 251007\"}]},{\"@type\":\"WebSite\",\"@id\":\"https:\/\/modasabel.com\/en\/#website\",\"url\":\"https:\/\/modasabel.com\/en\/\",\"name\":\"MODA SABEL\",\"description\":\"Marcas de ropa hombre y mujer\",\"potentialAction\":[{\"@type\":\"SearchAction\",\"target\":{\"@type\":\"EntryPoint\",\"urlTemplate\":\"https:\/\/modasabel.com\/en\/?s={search_term_string}\"},\"query-input\":\"required name=search_term_string\"}],\"inLanguage\":\"en-US\"}]}<\/script>\n<!-- \/ Yoast SEO plugin. -->","yoast_head_json":{"title":"Reactivo Moda Sudadera Mujer Brooklyn Oversize REF: 251007 - MODA SABEL","description":"Sudadera mujer Reactivo Moda Brooklyn REF: 251007. Dise\u00f1o oversize con estampado frontal. Disponible en varios colores.","robots":{"index":"index","follow":"follow","max-snippet":"max-snippet:-1","max-image-preview":"max-image-preview:large","max-video-preview":"max-video-preview:-1"},"canonical":"https:\/\/modasabel.com\/en\/producto\/reactivo-moda-sudadera-mujer-brooklyn-oversize-ref-251007\/","og_locale":"en_US","og_type":"article","og_title":"Reactivo Moda Sudadera Mujer Brooklyn Oversize REF: 251007 - MODA SABEL","og_description":"Sudadera mujer Reactivo Moda Brooklyn REF: 251007. Dise\u00f1o oversize con estampado frontal. Disponible en varios colores.","og_url":"https:\/\/modasabel.com\/en\/producto\/reactivo-moda-sudadera-mujer-brooklyn-oversize-ref-251007\/","og_site_name":"MODA SABEL","article_modified_time":"2026-02-20T18:30:24+00:00","og_image":[{"width":683,"height":1024,"url":"https:\/\/modasabel.com\/wp-content\/uploads\/2026\/02\/ChatGPT-Image-18-feb-2026-18_35_53-683x1024.png","type":"image\/png"}],"twitter_card":"summary_large_image","twitter_misc":{"Est. reading time":"1 minute"},"schema":{"@context":"https:\/\/schema.org","@graph":[{"@type":"WebPage","@id":"https:\/\/modasabel.com\/en\/producto\/reactivo-moda-sudadera-mujer-brooklyn-oversize-ref-251007\/","url":"https:\/\/modasabel.com\/en\/producto\/reactivo-moda-sudadera-mujer-brooklyn-oversize-ref-251007\/","name":"Reactivo Moda Sudadera Mujer Brooklyn Oversize REF: 251007 - MODA SABEL","isPartOf":{"@id":"https:\/\/modasabel.com\/en\/#website"},"datePublished":"2026-02-18T17:47:56+00:00","dateModified":"2026-02-20T18:30:24+00:00","description":"Sudadera mujer Reactivo Moda Brooklyn REF: 251007. Dise\u00f1o oversize con estampado frontal. Disponible en varios colores.","breadcrumb":{"@id":"https:\/\/modasabel.com\/en\/producto\/reactivo-moda-sudadera-mujer-brooklyn-oversize-ref-251007\/#breadcrumb"},"inLanguage":"en-US","potentialAction":[{"@type":"ReadAction","target":["https:\/\/modasabel.com\/en\/producto\/reactivo-moda-sudadera-mujer-brooklyn-oversize-ref-251007\/"]}]},{"@type":"BreadcrumbList","@id":"https:\/\/modasabel.com\/en\/producto\/reactivo-moda-sudadera-mujer-brooklyn-oversize-ref-251007\/#breadcrumb","itemListElement":[{"@type":"ListItem","position":1,"name":"Inicio","item":"https:\/\/modasabel.com\/en\/"},{"@type":"ListItem","position":2,"name":"Tienda","item":"https:\/\/modasabel.com\/tienda\/"},{"@type":"ListItem","position":3,"name":"Reactivo Moda Sudadera Mujer Brooklyn Oversize REF: 251007"}]},{"@type":"WebSite","@id":"https:\/\/modasabel.com\/en\/#website","url":"https:\/\/modasabel.com\/en\/","name":"MODA SABEL","description":"Marcas de ropa hombre y mujer","potentialAction":[{"@type":"SearchAction","target":{"@type":"EntryPoint","urlTemplate":"https:\/\/modasabel.com\/en\/?s={search_term_string}"},"query-input":"required name=search_term_string"}],"inLanguage":"en-US"}]}},"_links":{"self":[{"href":"https:\/\/modasabel.com\/en\/wp-json\/wp\/v2\/product\/10942","targetHints":{"allow":["GET"]}}],"collection":[{"href":"https:\/\/modasabel.com\/en\/wp-json\/wp\/v2\/product"}],"about":[{"href":"https:\/\/modasabel.com\/en\/wp-json\/wp\/v2\/types\/product"}],"replies":[{"embeddable":true,"href":"https:\/\/modasabel.com\/en\/wp-json\/wp\/v2\/comments?post=10942"}],"wp:featuredmedia":[{"embeddable":true,"href":"https:\/\/modasabel.com\/en\/wp-json\/wp\/v2\/media\/10955"}],"wp:attachment":[{"href":"https:\/\/modasabel.com\/en\/wp-json\/wp\/v2\/media?parent=10942"}],"wp:term":[{"taxonomy":"marca-hombre","embeddable":true,"href":"https:\/\/modasabel.com\/en\/wp-json\/wp\/v2\/marca-hombre?post=10942"},{"taxonomy":"marca-interior-hombre","embeddable":true,"href":"https:\/\/modasabel.com\/en\/wp-json\/wp\/v2\/marca-interior-hombre?post=10942"},{"taxonomy":"marca-interior-mujer","embeddable":true,"href":"https:\/\/modasabel.com\/en\/wp-json\/wp\/v2\/marca-interior-mujer?post=10942"},{"taxonomy":"marca-mujer","embeddable":true,"href":"https:\/\/modasabel.com\/en\/wp-json\/wp\/v2\/marca-mujer?post=10942"},{"taxonomy":"product_brand","embeddable":true,"href":"https:\/\/modasabel.com\/en\/wp-json\/wp\/v2\/product_brand?post=10942"},{"taxonomy":"product_cat","embeddable":true,"href":"https:\/\/modasabel.com\/en\/wp-json\/wp\/v2\/product_cat?post=10942"},{"taxonomy":"product_tag","embeddable":true,"href":"https:\/\/modasabel.com\/en\/wp-json\/wp\/v2\/product_tag?post=10942"}],"curies":[{"name":"wp","href":"https:\/\/api.w.org\/{rel}","templated":true}]}}