{"id":10805,"date":"2026-04-11T12:36:14","date_gmt":"2026-04-11T10:36:14","guid":{"rendered":"https:\/\/modasabel.com\/?post_type=product&#038;p=10805"},"modified":"2026-04-11T12:36:14","modified_gmt":"2026-04-11T10:36:14","slug":"lois-jeans-raquel-chava-camiseta-negra-mujer-ref-423532932","status":"publish","type":"product","link":"https:\/\/modasabel.com\/en\/producto\/lois-jeans-raquel-chava-camiseta-negra-mujer-ref-423532932\/","title":{"rendered":"Lois Jeans Raquel Chava Camiseta Negra Mujer REF: 423532932"},"content":{"rendered":"<p>La <strong data-start=\"68\" data-end=\"119\">camiseta negra de mujer Lois Jeans Raquel Chava<\/strong> REF: 423532932 es una prenda b\u00e1sica con un toque ca\u00f1ero y muy favorecedor. Tiene escote en pico y dise\u00f1o <strong data-start=\"225\" data-end=\"239\">sin mangas<\/strong>, ideal para primavera-verano, y destaca por el detalle frontal con <strong data-start=\"307\" data-end=\"330\">brillos tipo strass<\/strong> formando el logo, que le da luz sin recargar. En los hombros lleva un acabado <strong data-start=\"409\" data-end=\"421\">trenzado<\/strong> que remata la prenda con un toque diferente y m\u00e1s cuidado. Perfecta para combinar con vaqueros, faldas o pantalones blancos, es ideal si buscas <strong data-start=\"566\" data-end=\"609\">una camiseta negra de mujer con brillos<\/strong> para elevar cualquier look casual.<\/p>\n<p>Si necesitas ayuda con la talla o quieres hacer tu pedido, escr\u00edbenos por WhatsApp al <strong data-start=\"731\" data-end=\"746\">622 491 371<\/strong>.<\/p>\n","protected":false},"excerpt":{"rendered":"<p>La camiseta negra de mujer Lois Jeans Raquel Chava REF: 423532932 es una prenda b\u00e1sica con un toque ca\u00f1ero y muy favorecedor. Tiene escote en pico y dise\u00f1o sin mangas, ideal para primavera-verano, y destaca por el detalle frontal con brillos tipo strass formando el logo, que le da luz sin recargar. En los hombros [&hellip;]<\/p>\n","protected":false},"featured_media":10808,"comment_status":"closed","ping_status":"closed","template":"","meta":{"_acf_changed":false,"site-sidebar-layout":"default","site-content-layout":"","ast-site-content-layout":"default","site-content-style":"default","site-sidebar-style":"default","ast-global-header-display":"","ast-banner-title-visibility":"","ast-main-header-display":"","ast-hfb-above-header-display":"","ast-hfb-below-header-display":"","ast-hfb-mobile-header-display":"","site-post-title":"","ast-breadcrumbs-content":"","ast-featured-img":"","footer-sml-layout":"","ast-disable-related-posts":"","theme-transparent-header-meta":"default","adv-header-id-meta":"","stick-header-meta":"","header-above-stick-meta":"","header-main-stick-meta":"","header-below-stick-meta":"","astra-migrate-meta-layouts":"set","ast-page-background-enabled":"default","ast-page-background-meta":{"desktop":{"background-color":"var(--ast-global-color-4)","background-image":"","background-repeat":"repeat","background-position":"center center","background-size":"auto","background-attachment":"scroll","background-type":"","background-media":"","overlay-type":"","overlay-color":"","overlay-opacity":"","overlay-gradient":""},"tablet":{"background-color":"","background-image":"","background-repeat":"repeat","background-position":"center center","background-size":"auto","background-attachment":"scroll","background-type":"","background-media":"","overlay-type":"","overlay-color":"","overlay-opacity":"","overlay-gradient":""},"mobile":{"background-color":"","background-image":"","background-repeat":"repeat","background-position":"center center","background-size":"auto","background-attachment":"scroll","background-type":"","background-media":"","overlay-type":"","overlay-color":"","overlay-opacity":"","overlay-gradient":""}},"ast-content-background-meta":{"desktop":{"background-color":"var(--ast-global-color-5)","background-image":"","background-repeat":"repeat","background-position":"center center","background-size":"auto","background-attachment":"scroll","background-type":"","background-media":"","overlay-type":"","overlay-color":"","overlay-opacity":"","overlay-gradient":""},"tablet":{"background-color":"var(--ast-global-color-5)","background-image":"","background-repeat":"repeat","background-position":"center center","background-size":"auto","background-attachment":"scroll","background-type":"","background-media":"","overlay-type":"","overlay-color":"","overlay-opacity":"","overlay-gradient":""},"mobile":{"background-color":"var(--ast-global-color-5)","background-image":"","background-repeat":"repeat","background-position":"center center","background-size":"auto","background-attachment":"scroll","background-type":"","background-media":"","overlay-type":"","overlay-color":"","overlay-opacity":"","overlay-gradient":""}}},"marca-hombre":[],"marca-interior-hombre":[],"marca-interior-mujer":[],"marca-mujer":[207],"product_brand":[],"product_cat":[47,18],"product_tag":[],"class_list":{"0":"post-10805","1":"product","2":"type-product","3":"status-publish","4":"has-post-thumbnail","6":"marca-mujer-lois-mujer-vaqueros-vestidos-y-moda-denim-espanola-modasabel","7":"product_cat-camisetas-mujer","8":"product_cat-mujer","9":"pa_tallas-camisetas-m","10":"pa_tallas-camisetas-s","11":"desktop-align-left","12":"tablet-align-left","13":"mobile-align-left","15":"first","16":"instock","17":"taxable","18":"shipping-taxable","19":"purchasable","20":"product-type-variable"},"acf":[],"yoast_head":"<!-- This site is optimized with the Yoast SEO plugin v22.1 - https:\/\/yoast.com\/wordpress\/plugins\/seo\/ -->\n<title>Lois Jeans Raquel Chava Camiseta Negra Mujer REF: 423532932 - MODA SABEL<\/title>\n<meta name=\"description\" content=\"Camiseta negra Lois Jeans Raquel Chava para mujer, sin mangas y escote pico, con detalle de brillos y acabado trenzado. REF: 423532932.\" \/>\n<meta name=\"robots\" content=\"index, follow, max-snippet:-1, max-image-preview:large, max-video-preview:-1\" \/>\n<link rel=\"canonical\" href=\"https:\/\/modasabel.com\/en\/producto\/lois-jeans-raquel-chava-camiseta-negra-mujer-ref-423532932\/\" \/>\n<meta property=\"og:locale\" content=\"en_US\" \/>\n<meta property=\"og:type\" content=\"article\" \/>\n<meta property=\"og:title\" content=\"Lois Jeans Raquel Chava Camiseta Negra Mujer REF: 423532932 - MODA SABEL\" \/>\n<meta property=\"og:description\" content=\"Camiseta negra Lois Jeans Raquel Chava para mujer, sin mangas y escote pico, con detalle de brillos y acabado trenzado. REF: 423532932.\" \/>\n<meta property=\"og:url\" content=\"https:\/\/modasabel.com\/en\/producto\/lois-jeans-raquel-chava-camiseta-negra-mujer-ref-423532932\/\" \/>\n<meta property=\"og:site_name\" content=\"MODA SABEL\" \/>\n<meta property=\"og:image\" content=\"https:\/\/modasabel.com\/wp-content\/uploads\/2026\/02\/423532932_RAQUEL_CHAVA_1.jpg\" \/>\n\t<meta property=\"og:image:width\" content=\"700\" \/>\n\t<meta property=\"og:image:height\" content=\"1284\" \/>\n\t<meta property=\"og:image:type\" content=\"image\/jpeg\" \/>\n<meta name=\"twitter:card\" content=\"summary_large_image\" \/>\n<meta name=\"twitter:label1\" content=\"Est. reading time\" \/>\n\t<meta name=\"twitter:data1\" content=\"1 minute\" \/>\n<script type=\"application\/ld+json\" class=\"yoast-schema-graph\">{\"@context\":\"https:\/\/schema.org\",\"@graph\":[{\"@type\":\"WebPage\",\"@id\":\"https:\/\/modasabel.com\/en\/producto\/lois-jeans-raquel-chava-camiseta-negra-mujer-ref-423532932\/\",\"url\":\"https:\/\/modasabel.com\/en\/producto\/lois-jeans-raquel-chava-camiseta-negra-mujer-ref-423532932\/\",\"name\":\"Lois Jeans Raquel Chava Camiseta Negra Mujer REF: 423532932 - MODA SABEL\",\"isPartOf\":{\"@id\":\"https:\/\/modasabel.com\/en\/#website\"},\"datePublished\":\"2026-04-11T10:36:14+00:00\",\"dateModified\":\"2026-04-11T10:36:14+00:00\",\"description\":\"Camiseta negra Lois Jeans Raquel Chava para mujer, sin mangas y escote pico, con detalle de brillos y acabado trenzado. REF: 423532932.\",\"breadcrumb\":{\"@id\":\"https:\/\/modasabel.com\/en\/producto\/lois-jeans-raquel-chava-camiseta-negra-mujer-ref-423532932\/#breadcrumb\"},\"inLanguage\":\"en-US\",\"potentialAction\":[{\"@type\":\"ReadAction\",\"target\":[\"https:\/\/modasabel.com\/en\/producto\/lois-jeans-raquel-chava-camiseta-negra-mujer-ref-423532932\/\"]}]},{\"@type\":\"BreadcrumbList\",\"@id\":\"https:\/\/modasabel.com\/en\/producto\/lois-jeans-raquel-chava-camiseta-negra-mujer-ref-423532932\/#breadcrumb\",\"itemListElement\":[{\"@type\":\"ListItem\",\"position\":1,\"name\":\"Inicio\",\"item\":\"https:\/\/modasabel.com\/en\/\"},{\"@type\":\"ListItem\",\"position\":2,\"name\":\"Tienda\",\"item\":\"https:\/\/modasabel.com\/tienda\/\"},{\"@type\":\"ListItem\",\"position\":3,\"name\":\"Lois Jeans Raquel Chava Camiseta Negra Mujer REF: 423532932\"}]},{\"@type\":\"WebSite\",\"@id\":\"https:\/\/modasabel.com\/en\/#website\",\"url\":\"https:\/\/modasabel.com\/en\/\",\"name\":\"MODA SABEL\",\"description\":\"Marcas de ropa hombre y mujer\",\"potentialAction\":[{\"@type\":\"SearchAction\",\"target\":{\"@type\":\"EntryPoint\",\"urlTemplate\":\"https:\/\/modasabel.com\/en\/?s={search_term_string}\"},\"query-input\":\"required name=search_term_string\"}],\"inLanguage\":\"en-US\"}]}<\/script>\n<!-- \/ Yoast SEO plugin. -->","yoast_head_json":{"title":"Lois Jeans Raquel Chava Camiseta Negra Mujer REF: 423532932 - MODA SABEL","description":"Camiseta negra Lois Jeans Raquel Chava para mujer, sin mangas y escote pico, con detalle de brillos y acabado trenzado. REF: 423532932.","robots":{"index":"index","follow":"follow","max-snippet":"max-snippet:-1","max-image-preview":"max-image-preview:large","max-video-preview":"max-video-preview:-1"},"canonical":"https:\/\/modasabel.com\/en\/producto\/lois-jeans-raquel-chava-camiseta-negra-mujer-ref-423532932\/","og_locale":"en_US","og_type":"article","og_title":"Lois Jeans Raquel Chava Camiseta Negra Mujer REF: 423532932 - MODA SABEL","og_description":"Camiseta negra Lois Jeans Raquel Chava para mujer, sin mangas y escote pico, con detalle de brillos y acabado trenzado. REF: 423532932.","og_url":"https:\/\/modasabel.com\/en\/producto\/lois-jeans-raquel-chava-camiseta-negra-mujer-ref-423532932\/","og_site_name":"MODA SABEL","og_image":[{"width":700,"height":1284,"url":"https:\/\/modasabel.com\/wp-content\/uploads\/2026\/02\/423532932_RAQUEL_CHAVA_1.jpg","type":"image\/jpeg"}],"twitter_card":"summary_large_image","twitter_misc":{"Est. reading time":"1 minute"},"schema":{"@context":"https:\/\/schema.org","@graph":[{"@type":"WebPage","@id":"https:\/\/modasabel.com\/en\/producto\/lois-jeans-raquel-chava-camiseta-negra-mujer-ref-423532932\/","url":"https:\/\/modasabel.com\/en\/producto\/lois-jeans-raquel-chava-camiseta-negra-mujer-ref-423532932\/","name":"Lois Jeans Raquel Chava Camiseta Negra Mujer REF: 423532932 - MODA SABEL","isPartOf":{"@id":"https:\/\/modasabel.com\/en\/#website"},"datePublished":"2026-04-11T10:36:14+00:00","dateModified":"2026-04-11T10:36:14+00:00","description":"Camiseta negra Lois Jeans Raquel Chava para mujer, sin mangas y escote pico, con detalle de brillos y acabado trenzado. REF: 423532932.","breadcrumb":{"@id":"https:\/\/modasabel.com\/en\/producto\/lois-jeans-raquel-chava-camiseta-negra-mujer-ref-423532932\/#breadcrumb"},"inLanguage":"en-US","potentialAction":[{"@type":"ReadAction","target":["https:\/\/modasabel.com\/en\/producto\/lois-jeans-raquel-chava-camiseta-negra-mujer-ref-423532932\/"]}]},{"@type":"BreadcrumbList","@id":"https:\/\/modasabel.com\/en\/producto\/lois-jeans-raquel-chava-camiseta-negra-mujer-ref-423532932\/#breadcrumb","itemListElement":[{"@type":"ListItem","position":1,"name":"Inicio","item":"https:\/\/modasabel.com\/en\/"},{"@type":"ListItem","position":2,"name":"Tienda","item":"https:\/\/modasabel.com\/tienda\/"},{"@type":"ListItem","position":3,"name":"Lois Jeans Raquel Chava Camiseta Negra Mujer REF: 423532932"}]},{"@type":"WebSite","@id":"https:\/\/modasabel.com\/en\/#website","url":"https:\/\/modasabel.com\/en\/","name":"MODA SABEL","description":"Marcas de ropa hombre y mujer","potentialAction":[{"@type":"SearchAction","target":{"@type":"EntryPoint","urlTemplate":"https:\/\/modasabel.com\/en\/?s={search_term_string}"},"query-input":"required name=search_term_string"}],"inLanguage":"en-US"}]}},"_links":{"self":[{"href":"https:\/\/modasabel.com\/en\/wp-json\/wp\/v2\/product\/10805","targetHints":{"allow":["GET"]}}],"collection":[{"href":"https:\/\/modasabel.com\/en\/wp-json\/wp\/v2\/product"}],"about":[{"href":"https:\/\/modasabel.com\/en\/wp-json\/wp\/v2\/types\/product"}],"replies":[{"embeddable":true,"href":"https:\/\/modasabel.com\/en\/wp-json\/wp\/v2\/comments?post=10805"}],"wp:featuredmedia":[{"embeddable":true,"href":"https:\/\/modasabel.com\/en\/wp-json\/wp\/v2\/media\/10808"}],"wp:attachment":[{"href":"https:\/\/modasabel.com\/en\/wp-json\/wp\/v2\/media?parent=10805"}],"wp:term":[{"taxonomy":"marca-hombre","embeddable":true,"href":"https:\/\/modasabel.com\/en\/wp-json\/wp\/v2\/marca-hombre?post=10805"},{"taxonomy":"marca-interior-hombre","embeddable":true,"href":"https:\/\/modasabel.com\/en\/wp-json\/wp\/v2\/marca-interior-hombre?post=10805"},{"taxonomy":"marca-interior-mujer","embeddable":true,"href":"https:\/\/modasabel.com\/en\/wp-json\/wp\/v2\/marca-interior-mujer?post=10805"},{"taxonomy":"marca-mujer","embeddable":true,"href":"https:\/\/modasabel.com\/en\/wp-json\/wp\/v2\/marca-mujer?post=10805"},{"taxonomy":"product_brand","embeddable":true,"href":"https:\/\/modasabel.com\/en\/wp-json\/wp\/v2\/product_brand?post=10805"},{"taxonomy":"product_cat","embeddable":true,"href":"https:\/\/modasabel.com\/en\/wp-json\/wp\/v2\/product_cat?post=10805"},{"taxonomy":"product_tag","embeddable":true,"href":"https:\/\/modasabel.com\/en\/wp-json\/wp\/v2\/product_tag?post=10805"}],"curies":[{"name":"wp","href":"https:\/\/api.w.org\/{rel}","templated":true}]}}