{"id":10568,"date":"2026-04-01T11:21:50","date_gmt":"2026-04-01T09:21:50","guid":{"rendered":"https:\/\/modasabel.com\/?post_type=product&#038;p=10568"},"modified":"2026-04-17T18:12:26","modified_gmt":"2026-04-17T16:12:26","slug":"senoretta-camison-azalea-ref-261134","status":"publish","type":"product","link":"https:\/\/modasabel.com\/en\/producto\/senoretta-camison-azalea-ref-261134\/","title":{"rendered":"Se\u00f1oretta Camis\u00f3n Azalea \u2013 REF: 261134"},"content":{"rendered":"<p>Camis\u00f3n de mujer de la marca <strong data-start=\"768\" data-end=\"781\">Se\u00f1oretta<\/strong>, confeccionado en un tejido suave y ligero que resulta muy agradable al contacto con la piel. Presenta un delicado estampado floral en tonos verdes y rosados sobre fondo claro, que aporta frescura y un aire natural. Su dise\u00f1o sin mangas y de corte c\u00f3modo lo convierte en una prenda ideal para descansar con total libertad de movimiento, combinando comodidad y estilo para las noches y momentos de relax en casa.<\/p>\n","protected":false},"excerpt":{"rendered":"<p>Camis\u00f3n de mujer de la marca Se\u00f1oretta, confeccionado en un tejido suave y ligero que resulta muy agradable al contacto con la piel. Presenta un delicado estampado floral en tonos verdes y rosados sobre fondo claro, que aporta frescura y un aire natural. Su dise\u00f1o sin mangas y de corte c\u00f3modo lo convierte en una [&hellip;]<\/p>\n","protected":false},"featured_media":10571,"comment_status":"closed","ping_status":"closed","template":"","meta":{"_acf_changed":false,"site-sidebar-layout":"default","site-content-layout":"","ast-site-content-layout":"default","site-content-style":"default","site-sidebar-style":"default","ast-global-header-display":"","ast-banner-title-visibility":"","ast-main-header-display":"","ast-hfb-above-header-display":"","ast-hfb-below-header-display":"","ast-hfb-mobile-header-display":"","site-post-title":"","ast-breadcrumbs-content":"","ast-featured-img":"","footer-sml-layout":"","ast-disable-related-posts":"","theme-transparent-header-meta":"default","adv-header-id-meta":"","stick-header-meta":"","header-above-stick-meta":"","header-main-stick-meta":"","header-below-stick-meta":"","astra-migrate-meta-layouts":"set","ast-page-background-enabled":"default","ast-page-background-meta":{"desktop":{"background-color":"var(--ast-global-color-4)","background-image":"","background-repeat":"repeat","background-position":"center center","background-size":"auto","background-attachment":"scroll","background-type":"","background-media":"","overlay-type":"","overlay-color":"","overlay-opacity":"","overlay-gradient":""},"tablet":{"background-color":"","background-image":"","background-repeat":"repeat","background-position":"center center","background-size":"auto","background-attachment":"scroll","background-type":"","background-media":"","overlay-type":"","overlay-color":"","overlay-opacity":"","overlay-gradient":""},"mobile":{"background-color":"","background-image":"","background-repeat":"repeat","background-position":"center center","background-size":"auto","background-attachment":"scroll","background-type":"","background-media":"","overlay-type":"","overlay-color":"","overlay-opacity":"","overlay-gradient":""}},"ast-content-background-meta":{"desktop":{"background-color":"var(--ast-global-color-5)","background-image":"","background-repeat":"repeat","background-position":"center center","background-size":"auto","background-attachment":"scroll","background-type":"","background-media":"","overlay-type":"","overlay-color":"","overlay-opacity":"","overlay-gradient":""},"tablet":{"background-color":"var(--ast-global-color-5)","background-image":"","background-repeat":"repeat","background-position":"center center","background-size":"auto","background-attachment":"scroll","background-type":"","background-media":"","overlay-type":"","overlay-color":"","overlay-opacity":"","overlay-gradient":""},"mobile":{"background-color":"var(--ast-global-color-5)","background-image":"","background-repeat":"repeat","background-position":"center center","background-size":"auto","background-attachment":"scroll","background-type":"","background-media":"","overlay-type":"","overlay-color":"","overlay-opacity":"","overlay-gradient":""}}},"marca-hombre":[],"marca-interior-hombre":[],"marca-interior-mujer":[221],"marca-mujer":[],"product_brand":[],"product_cat":[55,62],"product_tag":[],"class_list":{"0":"post-10568","1":"product","2":"type-product","3":"status-publish","4":"has-post-thumbnail","6":"marca-interior-mujer-descubre-la-comodidad-con-pijamas-batas-y-camisones-senoretta","7":"product_cat-moda-intima-mujer","8":"product_cat-pijamas-y-batas","9":"pa_tallas-camisetas-2xl","10":"pa_tallas-camisetas-xl","11":"desktop-align-left","12":"tablet-align-left","13":"mobile-align-left","15":"first","16":"instock","17":"taxable","18":"shipping-taxable","19":"purchasable","20":"product-type-variable"},"acf":[],"yoast_head":"<!-- This site is optimized with the Yoast SEO plugin v22.1 - https:\/\/yoast.com\/wordpress\/plugins\/seo\/ -->\n<title>Se\u00f1oretta Camis\u00f3n Azalea \u2013 REF: 261134 - MODA SABEL<\/title>\n<meta name=\"description\" content=\"Camis\u00f3n de mujer Se\u00f1oretta con estampado floral en tonos suaves, c\u00f3modo y ligero, ideal para dormir y estar en casa con estilo y confort.\" \/>\n<meta name=\"robots\" content=\"index, follow, max-snippet:-1, max-image-preview:large, max-video-preview:-1\" \/>\n<link rel=\"canonical\" href=\"https:\/\/modasabel.com\/en\/producto\/senoretta-camison-azalea-ref-261134\/\" \/>\n<meta property=\"og:locale\" content=\"en_US\" \/>\n<meta property=\"og:type\" content=\"article\" \/>\n<meta property=\"og:title\" content=\"Se\u00f1oretta Camis\u00f3n Azalea \u2013 REF: 261134 - MODA SABEL\" \/>\n<meta property=\"og:description\" content=\"Camis\u00f3n de mujer Se\u00f1oretta con estampado floral en tonos suaves, c\u00f3modo y ligero, ideal para dormir y estar en casa con estilo y confort.\" \/>\n<meta property=\"og:url\" content=\"https:\/\/modasabel.com\/en\/producto\/senoretta-camison-azalea-ref-261134\/\" \/>\n<meta property=\"og:site_name\" content=\"MODA SABEL\" \/>\n<meta property=\"article:modified_time\" content=\"2026-04-17T16:12:26+00:00\" \/>\n<meta property=\"og:image\" content=\"https:\/\/modasabel.com\/wp-content\/uploads\/2026\/02\/261134_10_10-825x1024.jpg\" \/>\n\t<meta property=\"og:image:width\" content=\"825\" \/>\n\t<meta property=\"og:image:height\" content=\"1024\" \/>\n\t<meta property=\"og:image:type\" content=\"image\/jpeg\" \/>\n<meta name=\"twitter:card\" content=\"summary_large_image\" \/>\n<meta name=\"twitter:label1\" content=\"Est. reading time\" \/>\n\t<meta name=\"twitter:data1\" content=\"1 minute\" \/>\n<script type=\"application\/ld+json\" class=\"yoast-schema-graph\">{\"@context\":\"https:\/\/schema.org\",\"@graph\":[{\"@type\":\"WebPage\",\"@id\":\"https:\/\/modasabel.com\/en\/producto\/senoretta-camison-azalea-ref-261134\/\",\"url\":\"https:\/\/modasabel.com\/en\/producto\/senoretta-camison-azalea-ref-261134\/\",\"name\":\"Se\u00f1oretta Camis\u00f3n Azalea \u2013 REF: 261134 - MODA SABEL\",\"isPartOf\":{\"@id\":\"https:\/\/modasabel.com\/en\/#website\"},\"datePublished\":\"2026-04-01T09:21:50+00:00\",\"dateModified\":\"2026-04-17T16:12:26+00:00\",\"description\":\"Camis\u00f3n de mujer Se\u00f1oretta con estampado floral en tonos suaves, c\u00f3modo y ligero, ideal para dormir y estar en casa con estilo y confort.\",\"breadcrumb\":{\"@id\":\"https:\/\/modasabel.com\/en\/producto\/senoretta-camison-azalea-ref-261134\/#breadcrumb\"},\"inLanguage\":\"en-US\",\"potentialAction\":[{\"@type\":\"ReadAction\",\"target\":[\"https:\/\/modasabel.com\/en\/producto\/senoretta-camison-azalea-ref-261134\/\"]}]},{\"@type\":\"BreadcrumbList\",\"@id\":\"https:\/\/modasabel.com\/en\/producto\/senoretta-camison-azalea-ref-261134\/#breadcrumb\",\"itemListElement\":[{\"@type\":\"ListItem\",\"position\":1,\"name\":\"Inicio\",\"item\":\"https:\/\/modasabel.com\/en\/\"},{\"@type\":\"ListItem\",\"position\":2,\"name\":\"Tienda\",\"item\":\"https:\/\/modasabel.com\/tienda\/\"},{\"@type\":\"ListItem\",\"position\":3,\"name\":\"Se\u00f1oretta Camis\u00f3n Azalea \u2013 REF: 261134\"}]},{\"@type\":\"WebSite\",\"@id\":\"https:\/\/modasabel.com\/en\/#website\",\"url\":\"https:\/\/modasabel.com\/en\/\",\"name\":\"MODA SABEL\",\"description\":\"Marcas de ropa hombre y mujer\",\"potentialAction\":[{\"@type\":\"SearchAction\",\"target\":{\"@type\":\"EntryPoint\",\"urlTemplate\":\"https:\/\/modasabel.com\/en\/?s={search_term_string}\"},\"query-input\":\"required name=search_term_string\"}],\"inLanguage\":\"en-US\"}]}<\/script>\n<!-- \/ Yoast SEO plugin. -->","yoast_head_json":{"title":"Se\u00f1oretta Camis\u00f3n Azalea \u2013 REF: 261134 - MODA SABEL","description":"Camis\u00f3n de mujer Se\u00f1oretta con estampado floral en tonos suaves, c\u00f3modo y ligero, ideal para dormir y estar en casa con estilo y confort.","robots":{"index":"index","follow":"follow","max-snippet":"max-snippet:-1","max-image-preview":"max-image-preview:large","max-video-preview":"max-video-preview:-1"},"canonical":"https:\/\/modasabel.com\/en\/producto\/senoretta-camison-azalea-ref-261134\/","og_locale":"en_US","og_type":"article","og_title":"Se\u00f1oretta Camis\u00f3n Azalea \u2013 REF: 261134 - MODA SABEL","og_description":"Camis\u00f3n de mujer Se\u00f1oretta con estampado floral en tonos suaves, c\u00f3modo y ligero, ideal para dormir y estar en casa con estilo y confort.","og_url":"https:\/\/modasabel.com\/en\/producto\/senoretta-camison-azalea-ref-261134\/","og_site_name":"MODA SABEL","article_modified_time":"2026-04-17T16:12:26+00:00","og_image":[{"width":825,"height":1024,"url":"https:\/\/modasabel.com\/wp-content\/uploads\/2026\/02\/261134_10_10-825x1024.jpg","type":"image\/jpeg"}],"twitter_card":"summary_large_image","twitter_misc":{"Est. reading time":"1 minute"},"schema":{"@context":"https:\/\/schema.org","@graph":[{"@type":"WebPage","@id":"https:\/\/modasabel.com\/en\/producto\/senoretta-camison-azalea-ref-261134\/","url":"https:\/\/modasabel.com\/en\/producto\/senoretta-camison-azalea-ref-261134\/","name":"Se\u00f1oretta Camis\u00f3n Azalea \u2013 REF: 261134 - MODA SABEL","isPartOf":{"@id":"https:\/\/modasabel.com\/en\/#website"},"datePublished":"2026-04-01T09:21:50+00:00","dateModified":"2026-04-17T16:12:26+00:00","description":"Camis\u00f3n de mujer Se\u00f1oretta con estampado floral en tonos suaves, c\u00f3modo y ligero, ideal para dormir y estar en casa con estilo y confort.","breadcrumb":{"@id":"https:\/\/modasabel.com\/en\/producto\/senoretta-camison-azalea-ref-261134\/#breadcrumb"},"inLanguage":"en-US","potentialAction":[{"@type":"ReadAction","target":["https:\/\/modasabel.com\/en\/producto\/senoretta-camison-azalea-ref-261134\/"]}]},{"@type":"BreadcrumbList","@id":"https:\/\/modasabel.com\/en\/producto\/senoretta-camison-azalea-ref-261134\/#breadcrumb","itemListElement":[{"@type":"ListItem","position":1,"name":"Inicio","item":"https:\/\/modasabel.com\/en\/"},{"@type":"ListItem","position":2,"name":"Tienda","item":"https:\/\/modasabel.com\/tienda\/"},{"@type":"ListItem","position":3,"name":"Se\u00f1oretta Camis\u00f3n Azalea \u2013 REF: 261134"}]},{"@type":"WebSite","@id":"https:\/\/modasabel.com\/en\/#website","url":"https:\/\/modasabel.com\/en\/","name":"MODA SABEL","description":"Marcas de ropa hombre y mujer","potentialAction":[{"@type":"SearchAction","target":{"@type":"EntryPoint","urlTemplate":"https:\/\/modasabel.com\/en\/?s={search_term_string}"},"query-input":"required name=search_term_string"}],"inLanguage":"en-US"}]}},"_links":{"self":[{"href":"https:\/\/modasabel.com\/en\/wp-json\/wp\/v2\/product\/10568","targetHints":{"allow":["GET"]}}],"collection":[{"href":"https:\/\/modasabel.com\/en\/wp-json\/wp\/v2\/product"}],"about":[{"href":"https:\/\/modasabel.com\/en\/wp-json\/wp\/v2\/types\/product"}],"replies":[{"embeddable":true,"href":"https:\/\/modasabel.com\/en\/wp-json\/wp\/v2\/comments?post=10568"}],"wp:featuredmedia":[{"embeddable":true,"href":"https:\/\/modasabel.com\/en\/wp-json\/wp\/v2\/media\/10571"}],"wp:attachment":[{"href":"https:\/\/modasabel.com\/en\/wp-json\/wp\/v2\/media?parent=10568"}],"wp:term":[{"taxonomy":"marca-hombre","embeddable":true,"href":"https:\/\/modasabel.com\/en\/wp-json\/wp\/v2\/marca-hombre?post=10568"},{"taxonomy":"marca-interior-hombre","embeddable":true,"href":"https:\/\/modasabel.com\/en\/wp-json\/wp\/v2\/marca-interior-hombre?post=10568"},{"taxonomy":"marca-interior-mujer","embeddable":true,"href":"https:\/\/modasabel.com\/en\/wp-json\/wp\/v2\/marca-interior-mujer?post=10568"},{"taxonomy":"marca-mujer","embeddable":true,"href":"https:\/\/modasabel.com\/en\/wp-json\/wp\/v2\/marca-mujer?post=10568"},{"taxonomy":"product_brand","embeddable":true,"href":"https:\/\/modasabel.com\/en\/wp-json\/wp\/v2\/product_brand?post=10568"},{"taxonomy":"product_cat","embeddable":true,"href":"https:\/\/modasabel.com\/en\/wp-json\/wp\/v2\/product_cat?post=10568"},{"taxonomy":"product_tag","embeddable":true,"href":"https:\/\/modasabel.com\/en\/wp-json\/wp\/v2\/product_tag?post=10568"}],"curies":[{"name":"wp","href":"https:\/\/api.w.org\/{rel}","templated":true}]}}