{"id":10522,"date":"2026-03-23T19:04:33","date_gmt":"2026-03-23T18:04:33","guid":{"rendered":"https:\/\/modasabel.com\/?post_type=product&#038;p=10522"},"modified":"2026-03-23T19:04:33","modified_gmt":"2026-03-23T18:04:33","slug":"camison-de-mujer-senoretta-ref-261105-%c2%b7-magnolia","status":"publish","type":"product","link":"https:\/\/modasabel.com\/en\/producto\/camison-de-mujer-senoretta-ref-261105-%c2%b7-magnolia\/","title":{"rendered":"Camis\u00f3n de mujer Se\u00f1oretta REF: 261105 \u00b7 Magnolia"},"content":{"rendered":"<p>Camis\u00f3n de mujer de la marca Se\u00f1oretta, pensado para descansar con comodidad y ligereza. Su estampado delicado sobre fondo claro aporta un aire suave y femenino, mientras que el corte recto resulta muy agradable de llevar. El escote redondeado con peque\u00f1os botones a\u00f1ade un detalle cuidado y el acabado del bajo le da un toque especial. Una prenda fresca y c\u00f3moda, perfecta para las noches de verano o para estar a gusto en casa.<\/p>\n","protected":false},"excerpt":{"rendered":"<p>Camis\u00f3n de mujer de la marca Se\u00f1oretta, pensado para descansar con comodidad y ligereza. Su estampado delicado sobre fondo claro aporta un aire suave y femenino, mientras que el corte recto resulta muy agradable de llevar. El escote redondeado con peque\u00f1os botones a\u00f1ade un detalle cuidado y el acabado del bajo le da un toque [&hellip;]<\/p>\n","protected":false},"featured_media":10526,"comment_status":"closed","ping_status":"closed","template":"","meta":{"_acf_changed":false,"site-sidebar-layout":"default","site-content-layout":"","ast-site-content-layout":"default","site-content-style":"default","site-sidebar-style":"default","ast-global-header-display":"","ast-banner-title-visibility":"","ast-main-header-display":"","ast-hfb-above-header-display":"","ast-hfb-below-header-display":"","ast-hfb-mobile-header-display":"","site-post-title":"","ast-breadcrumbs-content":"","ast-featured-img":"","footer-sml-layout":"","ast-disable-related-posts":"","theme-transparent-header-meta":"default","adv-header-id-meta":"","stick-header-meta":"","header-above-stick-meta":"","header-main-stick-meta":"","header-below-stick-meta":"","astra-migrate-meta-layouts":"set","ast-page-background-enabled":"default","ast-page-background-meta":{"desktop":{"background-color":"var(--ast-global-color-4)","background-image":"","background-repeat":"repeat","background-position":"center center","background-size":"auto","background-attachment":"scroll","background-type":"","background-media":"","overlay-type":"","overlay-color":"","overlay-opacity":"","overlay-gradient":""},"tablet":{"background-color":"","background-image":"","background-repeat":"repeat","background-position":"center center","background-size":"auto","background-attachment":"scroll","background-type":"","background-media":"","overlay-type":"","overlay-color":"","overlay-opacity":"","overlay-gradient":""},"mobile":{"background-color":"","background-image":"","background-repeat":"repeat","background-position":"center center","background-size":"auto","background-attachment":"scroll","background-type":"","background-media":"","overlay-type":"","overlay-color":"","overlay-opacity":"","overlay-gradient":""}},"ast-content-background-meta":{"desktop":{"background-color":"var(--ast-global-color-5)","background-image":"","background-repeat":"repeat","background-position":"center center","background-size":"auto","background-attachment":"scroll","background-type":"","background-media":"","overlay-type":"","overlay-color":"","overlay-opacity":"","overlay-gradient":""},"tablet":{"background-color":"var(--ast-global-color-5)","background-image":"","background-repeat":"repeat","background-position":"center center","background-size":"auto","background-attachment":"scroll","background-type":"","background-media":"","overlay-type":"","overlay-color":"","overlay-opacity":"","overlay-gradient":""},"mobile":{"background-color":"var(--ast-global-color-5)","background-image":"","background-repeat":"repeat","background-position":"center center","background-size":"auto","background-attachment":"scroll","background-type":"","background-media":"","overlay-type":"","overlay-color":"","overlay-opacity":"","overlay-gradient":""}}},"marca-hombre":[],"marca-interior-hombre":[],"marca-interior-mujer":[221],"marca-mujer":[],"product_brand":[],"product_cat":[55,62],"product_tag":[],"class_list":{"0":"post-10522","1":"product","2":"type-product","3":"status-publish","4":"has-post-thumbnail","6":"marca-interior-mujer-descubre-la-comodidad-con-pijamas-batas-y-camisones-senoretta","7":"product_cat-moda-intima-mujer","8":"product_cat-pijamas-y-batas","9":"pa_tallas-camisetas-2xl","10":"pa_tallas-camisetas-3xl","11":"pa_tallas-camisetas-xl","12":"desktop-align-left","13":"tablet-align-left","14":"mobile-align-left","16":"first","17":"instock","18":"taxable","19":"shipping-taxable","20":"purchasable","21":"product-type-variable"},"acf":[],"yoast_head":"<!-- This site is optimized with the Yoast SEO plugin v22.1 - https:\/\/yoast.com\/wordpress\/plugins\/seo\/ -->\n<title>Camis\u00f3n de mujer Se\u00f1oretta REF: 261105 \u00b7 Magnolia - MODA SABEL<\/title>\n<meta name=\"description\" content=\"Camis\u00f3n de mujer Se\u00f1oretta con estampado delicado y dise\u00f1o c\u00f3modo, ideal para dormir fresca y disfrutar del descanso diario.\" \/>\n<meta name=\"robots\" content=\"index, follow, max-snippet:-1, max-image-preview:large, max-video-preview:-1\" \/>\n<link rel=\"canonical\" href=\"https:\/\/modasabel.com\/en\/producto\/camison-de-mujer-senoretta-ref-261105-%c2%b7-magnolia\/\" \/>\n<meta property=\"og:locale\" content=\"en_US\" \/>\n<meta property=\"og:type\" content=\"article\" \/>\n<meta property=\"og:title\" content=\"Camis\u00f3n de mujer Se\u00f1oretta REF: 261105 \u00b7 Magnolia - MODA SABEL\" \/>\n<meta property=\"og:description\" content=\"Camis\u00f3n de mujer Se\u00f1oretta con estampado delicado y dise\u00f1o c\u00f3modo, ideal para dormir fresca y disfrutar del descanso diario.\" \/>\n<meta property=\"og:url\" content=\"https:\/\/modasabel.com\/en\/producto\/camison-de-mujer-senoretta-ref-261105-%c2%b7-magnolia\/\" \/>\n<meta property=\"og:site_name\" content=\"MODA SABEL\" \/>\n<meta property=\"og:image\" content=\"https:\/\/modasabel.com\/wp-content\/uploads\/2026\/02\/261105_10_10-825x1024.jpg\" \/>\n\t<meta property=\"og:image:width\" content=\"825\" \/>\n\t<meta property=\"og:image:height\" content=\"1024\" \/>\n\t<meta property=\"og:image:type\" content=\"image\/jpeg\" \/>\n<meta name=\"twitter:card\" content=\"summary_large_image\" \/>\n<meta name=\"twitter:label1\" content=\"Est. reading time\" \/>\n\t<meta name=\"twitter:data1\" content=\"1 minute\" \/>\n<script type=\"application\/ld+json\" class=\"yoast-schema-graph\">{\"@context\":\"https:\/\/schema.org\",\"@graph\":[{\"@type\":\"WebPage\",\"@id\":\"https:\/\/modasabel.com\/en\/producto\/camison-de-mujer-senoretta-ref-261105-%c2%b7-magnolia\/\",\"url\":\"https:\/\/modasabel.com\/en\/producto\/camison-de-mujer-senoretta-ref-261105-%c2%b7-magnolia\/\",\"name\":\"Camis\u00f3n de mujer Se\u00f1oretta REF: 261105 \u00b7 Magnolia - MODA SABEL\",\"isPartOf\":{\"@id\":\"https:\/\/modasabel.com\/en\/#website\"},\"datePublished\":\"2026-03-23T18:04:33+00:00\",\"dateModified\":\"2026-03-23T18:04:33+00:00\",\"description\":\"Camis\u00f3n de mujer Se\u00f1oretta con estampado delicado y dise\u00f1o c\u00f3modo, ideal para dormir fresca y disfrutar del descanso diario.\",\"breadcrumb\":{\"@id\":\"https:\/\/modasabel.com\/en\/producto\/camison-de-mujer-senoretta-ref-261105-%c2%b7-magnolia\/#breadcrumb\"},\"inLanguage\":\"en-US\",\"potentialAction\":[{\"@type\":\"ReadAction\",\"target\":[\"https:\/\/modasabel.com\/en\/producto\/camison-de-mujer-senoretta-ref-261105-%c2%b7-magnolia\/\"]}]},{\"@type\":\"BreadcrumbList\",\"@id\":\"https:\/\/modasabel.com\/en\/producto\/camison-de-mujer-senoretta-ref-261105-%c2%b7-magnolia\/#breadcrumb\",\"itemListElement\":[{\"@type\":\"ListItem\",\"position\":1,\"name\":\"Inicio\",\"item\":\"https:\/\/modasabel.com\/en\/\"},{\"@type\":\"ListItem\",\"position\":2,\"name\":\"Tienda\",\"item\":\"https:\/\/modasabel.com\/tienda\/\"},{\"@type\":\"ListItem\",\"position\":3,\"name\":\"Camis\u00f3n de mujer Se\u00f1oretta REF: 261105 \u00b7 Magnolia\"}]},{\"@type\":\"WebSite\",\"@id\":\"https:\/\/modasabel.com\/en\/#website\",\"url\":\"https:\/\/modasabel.com\/en\/\",\"name\":\"MODA SABEL\",\"description\":\"Marcas de ropa hombre y mujer\",\"potentialAction\":[{\"@type\":\"SearchAction\",\"target\":{\"@type\":\"EntryPoint\",\"urlTemplate\":\"https:\/\/modasabel.com\/en\/?s={search_term_string}\"},\"query-input\":\"required name=search_term_string\"}],\"inLanguage\":\"en-US\"}]}<\/script>\n<!-- \/ Yoast SEO plugin. -->","yoast_head_json":{"title":"Camis\u00f3n de mujer Se\u00f1oretta REF: 261105 \u00b7 Magnolia - MODA SABEL","description":"Camis\u00f3n de mujer Se\u00f1oretta con estampado delicado y dise\u00f1o c\u00f3modo, ideal para dormir fresca y disfrutar del descanso diario.","robots":{"index":"index","follow":"follow","max-snippet":"max-snippet:-1","max-image-preview":"max-image-preview:large","max-video-preview":"max-video-preview:-1"},"canonical":"https:\/\/modasabel.com\/en\/producto\/camison-de-mujer-senoretta-ref-261105-%c2%b7-magnolia\/","og_locale":"en_US","og_type":"article","og_title":"Camis\u00f3n de mujer Se\u00f1oretta REF: 261105 \u00b7 Magnolia - MODA SABEL","og_description":"Camis\u00f3n de mujer Se\u00f1oretta con estampado delicado y dise\u00f1o c\u00f3modo, ideal para dormir fresca y disfrutar del descanso diario.","og_url":"https:\/\/modasabel.com\/en\/producto\/camison-de-mujer-senoretta-ref-261105-%c2%b7-magnolia\/","og_site_name":"MODA SABEL","og_image":[{"width":825,"height":1024,"url":"https:\/\/modasabel.com\/wp-content\/uploads\/2026\/02\/261105_10_10-825x1024.jpg","type":"image\/jpeg"}],"twitter_card":"summary_large_image","twitter_misc":{"Est. reading time":"1 minute"},"schema":{"@context":"https:\/\/schema.org","@graph":[{"@type":"WebPage","@id":"https:\/\/modasabel.com\/en\/producto\/camison-de-mujer-senoretta-ref-261105-%c2%b7-magnolia\/","url":"https:\/\/modasabel.com\/en\/producto\/camison-de-mujer-senoretta-ref-261105-%c2%b7-magnolia\/","name":"Camis\u00f3n de mujer Se\u00f1oretta REF: 261105 \u00b7 Magnolia - MODA SABEL","isPartOf":{"@id":"https:\/\/modasabel.com\/en\/#website"},"datePublished":"2026-03-23T18:04:33+00:00","dateModified":"2026-03-23T18:04:33+00:00","description":"Camis\u00f3n de mujer Se\u00f1oretta con estampado delicado y dise\u00f1o c\u00f3modo, ideal para dormir fresca y disfrutar del descanso diario.","breadcrumb":{"@id":"https:\/\/modasabel.com\/en\/producto\/camison-de-mujer-senoretta-ref-261105-%c2%b7-magnolia\/#breadcrumb"},"inLanguage":"en-US","potentialAction":[{"@type":"ReadAction","target":["https:\/\/modasabel.com\/en\/producto\/camison-de-mujer-senoretta-ref-261105-%c2%b7-magnolia\/"]}]},{"@type":"BreadcrumbList","@id":"https:\/\/modasabel.com\/en\/producto\/camison-de-mujer-senoretta-ref-261105-%c2%b7-magnolia\/#breadcrumb","itemListElement":[{"@type":"ListItem","position":1,"name":"Inicio","item":"https:\/\/modasabel.com\/en\/"},{"@type":"ListItem","position":2,"name":"Tienda","item":"https:\/\/modasabel.com\/tienda\/"},{"@type":"ListItem","position":3,"name":"Camis\u00f3n de mujer Se\u00f1oretta REF: 261105 \u00b7 Magnolia"}]},{"@type":"WebSite","@id":"https:\/\/modasabel.com\/en\/#website","url":"https:\/\/modasabel.com\/en\/","name":"MODA SABEL","description":"Marcas de ropa hombre y mujer","potentialAction":[{"@type":"SearchAction","target":{"@type":"EntryPoint","urlTemplate":"https:\/\/modasabel.com\/en\/?s={search_term_string}"},"query-input":"required name=search_term_string"}],"inLanguage":"en-US"}]}},"_links":{"self":[{"href":"https:\/\/modasabel.com\/en\/wp-json\/wp\/v2\/product\/10522","targetHints":{"allow":["GET"]}}],"collection":[{"href":"https:\/\/modasabel.com\/en\/wp-json\/wp\/v2\/product"}],"about":[{"href":"https:\/\/modasabel.com\/en\/wp-json\/wp\/v2\/types\/product"}],"replies":[{"embeddable":true,"href":"https:\/\/modasabel.com\/en\/wp-json\/wp\/v2\/comments?post=10522"}],"wp:featuredmedia":[{"embeddable":true,"href":"https:\/\/modasabel.com\/en\/wp-json\/wp\/v2\/media\/10526"}],"wp:attachment":[{"href":"https:\/\/modasabel.com\/en\/wp-json\/wp\/v2\/media?parent=10522"}],"wp:term":[{"taxonomy":"marca-hombre","embeddable":true,"href":"https:\/\/modasabel.com\/en\/wp-json\/wp\/v2\/marca-hombre?post=10522"},{"taxonomy":"marca-interior-hombre","embeddable":true,"href":"https:\/\/modasabel.com\/en\/wp-json\/wp\/v2\/marca-interior-hombre?post=10522"},{"taxonomy":"marca-interior-mujer","embeddable":true,"href":"https:\/\/modasabel.com\/en\/wp-json\/wp\/v2\/marca-interior-mujer?post=10522"},{"taxonomy":"marca-mujer","embeddable":true,"href":"https:\/\/modasabel.com\/en\/wp-json\/wp\/v2\/marca-mujer?post=10522"},{"taxonomy":"product_brand","embeddable":true,"href":"https:\/\/modasabel.com\/en\/wp-json\/wp\/v2\/product_brand?post=10522"},{"taxonomy":"product_cat","embeddable":true,"href":"https:\/\/modasabel.com\/en\/wp-json\/wp\/v2\/product_cat?post=10522"},{"taxonomy":"product_tag","embeddable":true,"href":"https:\/\/modasabel.com\/en\/wp-json\/wp\/v2\/product_tag?post=10522"}],"curies":[{"name":"wp","href":"https:\/\/api.w.org\/{rel}","templated":true}]}}