{"id":10112,"date":"2026-01-28T18:53:57","date_gmt":"2026-01-28T17:53:57","guid":{"rendered":"https:\/\/modasabel.com\/?post_type=product&#038;p=10112"},"modified":"2026-01-28T19:11:23","modified_gmt":"2026-01-28T18:11:23","slug":"panty-reductor-ysabel-mora-40-denier-beige","status":"publish","type":"product","link":"https:\/\/modasabel.com\/en\/producto\/panty-reductor-ysabel-mora-40-denier-beige\/","title":{"rendered":"Panty reductor Ysabel Mora 40 denier beige 16501"},"content":{"rendered":"<p>El Panty Reductor 40 DEN de Ysabel Mora ofrece un efecto reductor en el abdomen, caderas y muslos, gracias a su dise\u00f1o avanzado y su composici\u00f3n de alta calidad. Con un nivel de compresi\u00f3n estrat\u00e9gicamente pensado, este panty efecto piel aporta una presi\u00f3n que define tus piernas y te ayuda a lucir una figura m\u00e1s estilizada.<\/p>\n<p>Su dise\u00f1o cuidadosamente elaborado se adapta perfectamente a tu cuerpo, proporcionando un control suave y c\u00f3modo que realza tus atributos y define tus curvas de manera armoniosa.<\/p>\n","protected":false},"excerpt":{"rendered":"<p>El Panty Reductor 40 DEN de Ysabel Mora ofrece un efecto reductor en el abdomen, caderas y muslos, gracias a su dise\u00f1o avanzado y su composici\u00f3n de alta calidad. Con un nivel de compresi\u00f3n estrat\u00e9gicamente pensado, este panty efecto piel aporta una presi\u00f3n que define tus piernas y te ayuda a lucir una figura m\u00e1s [&hellip;]<\/p>\n","protected":false},"featured_media":10116,"comment_status":"closed","ping_status":"closed","template":"","meta":{"_acf_changed":false,"site-sidebar-layout":"default","site-content-layout":"","ast-site-content-layout":"default","site-content-style":"default","site-sidebar-style":"default","ast-global-header-display":"","ast-banner-title-visibility":"","ast-main-header-display":"","ast-hfb-above-header-display":"","ast-hfb-below-header-display":"","ast-hfb-mobile-header-display":"","site-post-title":"","ast-breadcrumbs-content":"","ast-featured-img":"","footer-sml-layout":"","ast-disable-related-posts":"","theme-transparent-header-meta":"default","adv-header-id-meta":"","stick-header-meta":"","header-above-stick-meta":"","header-main-stick-meta":"","header-below-stick-meta":"","astra-migrate-meta-layouts":"set","ast-page-background-enabled":"default","ast-page-background-meta":{"desktop":{"background-color":"var(--ast-global-color-4)","background-image":"","background-repeat":"repeat","background-position":"center center","background-size":"auto","background-attachment":"scroll","background-type":"","background-media":"","overlay-type":"","overlay-color":"","overlay-opacity":"","overlay-gradient":""},"tablet":{"background-color":"","background-image":"","background-repeat":"repeat","background-position":"center center","background-size":"auto","background-attachment":"scroll","background-type":"","background-media":"","overlay-type":"","overlay-color":"","overlay-opacity":"","overlay-gradient":""},"mobile":{"background-color":"","background-image":"","background-repeat":"repeat","background-position":"center center","background-size":"auto","background-attachment":"scroll","background-type":"","background-media":"","overlay-type":"","overlay-color":"","overlay-opacity":"","overlay-gradient":""}},"ast-content-background-meta":{"desktop":{"background-color":"var(--ast-global-color-5)","background-image":"","background-repeat":"repeat","background-position":"center center","background-size":"auto","background-attachment":"scroll","background-type":"","background-media":"","overlay-type":"","overlay-color":"","overlay-opacity":"","overlay-gradient":""},"tablet":{"background-color":"var(--ast-global-color-5)","background-image":"","background-repeat":"repeat","background-position":"center center","background-size":"auto","background-attachment":"scroll","background-type":"","background-media":"","overlay-type":"","overlay-color":"","overlay-opacity":"","overlay-gradient":""},"mobile":{"background-color":"var(--ast-global-color-5)","background-image":"","background-repeat":"repeat","background-position":"center center","background-size":"auto","background-attachment":"scroll","background-type":"","background-media":"","overlay-type":"","overlay-color":"","overlay-opacity":"","overlay-gradient":""}}},"marca-hombre":[],"marca-interior-hombre":[],"marca-interior-mujer":[222],"marca-mujer":[],"product_brand":[],"product_cat":[61,55],"product_tag":[],"class_list":{"0":"post-10112","1":"product","2":"type-product","3":"status-publish","4":"has-post-thumbnail","6":"marca-interior-mujer-ysabel-mora","7":"product_cat-media-y-minimedias","8":"product_cat-moda-intima-mujer","9":"pa_tallas-camisetas-l","10":"pa_tallas-camisetas-m","11":"pa_tallas-camisetas-xl","12":"desktop-align-left","13":"tablet-align-left","14":"mobile-align-left","16":"first","17":"instock","18":"taxable","19":"shipping-taxable","20":"purchasable","21":"product-type-variable"},"acf":[],"yoast_head":"<!-- This site is optimized with the Yoast SEO plugin v22.1 - https:\/\/yoast.com\/wordpress\/plugins\/seo\/ -->\n<title>Panty reductor Ysabel Mora 40 denier beige 16501 - MODA SABEL<\/title>\n<meta name=\"description\" content=\"Panty Reductor 40 DEN de Ysabel Mora ofrece un efecto reductor en el abdomen,caderas y muslos, gracias a su dise\u00f1o avanzado y su composici\u00f3n de alta calidad\" \/>\n<meta name=\"robots\" content=\"index, follow, max-snippet:-1, max-image-preview:large, max-video-preview:-1\" \/>\n<link rel=\"canonical\" href=\"https:\/\/modasabel.com\/en\/producto\/panty-reductor-ysabel-mora-40-denier-beige\/\" \/>\n<meta property=\"og:locale\" content=\"en_US\" \/>\n<meta property=\"og:type\" content=\"article\" \/>\n<meta property=\"og:title\" content=\"Panty reductor Ysabel Mora 40 denier beige 16501 - MODA SABEL\" \/>\n<meta property=\"og:description\" content=\"Panty Reductor 40 DEN de Ysabel Mora ofrece un efecto reductor en el abdomen,caderas y muslos, gracias a su dise\u00f1o avanzado y su composici\u00f3n de alta calidad\" \/>\n<meta property=\"og:url\" content=\"https:\/\/modasabel.com\/en\/producto\/panty-reductor-ysabel-mora-40-denier-beige\/\" \/>\n<meta property=\"og:site_name\" content=\"MODA SABEL\" \/>\n<meta property=\"article:modified_time\" content=\"2026-01-28T18:11:23+00:00\" \/>\n<meta property=\"og:image\" content=\"https:\/\/modasabel.com\/wp-content\/uploads\/2026\/01\/16501_1_panty_reductor_40_den_-_Beige_b1d25a92-211d-40c8-9055-ccc3228e706a-1.webp\" \/>\n\t<meta property=\"og:image:width\" content=\"700\" \/>\n\t<meta property=\"og:image:height\" content=\"1050\" \/>\n\t<meta property=\"og:image:type\" content=\"image\/webp\" \/>\n<meta name=\"twitter:card\" content=\"summary_large_image\" \/>\n<meta name=\"twitter:label1\" content=\"Est. reading time\" \/>\n\t<meta name=\"twitter:data1\" content=\"1 minute\" \/>\n<script type=\"application\/ld+json\" class=\"yoast-schema-graph\">{\"@context\":\"https:\/\/schema.org\",\"@graph\":[{\"@type\":\"WebPage\",\"@id\":\"https:\/\/modasabel.com\/en\/producto\/panty-reductor-ysabel-mora-40-denier-beige\/\",\"url\":\"https:\/\/modasabel.com\/en\/producto\/panty-reductor-ysabel-mora-40-denier-beige\/\",\"name\":\"Panty reductor Ysabel Mora 40 denier beige 16501 - MODA SABEL\",\"isPartOf\":{\"@id\":\"https:\/\/modasabel.com\/en\/#website\"},\"datePublished\":\"2026-01-28T17:53:57+00:00\",\"dateModified\":\"2026-01-28T18:11:23+00:00\",\"description\":\"Panty Reductor 40 DEN de Ysabel Mora ofrece un efecto reductor en el abdomen,caderas y muslos, gracias a su dise\u00f1o avanzado y su composici\u00f3n de alta calidad\",\"breadcrumb\":{\"@id\":\"https:\/\/modasabel.com\/en\/producto\/panty-reductor-ysabel-mora-40-denier-beige\/#breadcrumb\"},\"inLanguage\":\"en-US\",\"potentialAction\":[{\"@type\":\"ReadAction\",\"target\":[\"https:\/\/modasabel.com\/en\/producto\/panty-reductor-ysabel-mora-40-denier-beige\/\"]}]},{\"@type\":\"BreadcrumbList\",\"@id\":\"https:\/\/modasabel.com\/en\/producto\/panty-reductor-ysabel-mora-40-denier-beige\/#breadcrumb\",\"itemListElement\":[{\"@type\":\"ListItem\",\"position\":1,\"name\":\"Inicio\",\"item\":\"https:\/\/modasabel.com\/en\/\"},{\"@type\":\"ListItem\",\"position\":2,\"name\":\"Tienda\",\"item\":\"https:\/\/modasabel.com\/tienda\/\"},{\"@type\":\"ListItem\",\"position\":3,\"name\":\"Panty reductor Ysabel Mora 40 denier beige 16501\"}]},{\"@type\":\"WebSite\",\"@id\":\"https:\/\/modasabel.com\/en\/#website\",\"url\":\"https:\/\/modasabel.com\/en\/\",\"name\":\"MODA SABEL\",\"description\":\"Marcas de ropa hombre y mujer\",\"potentialAction\":[{\"@type\":\"SearchAction\",\"target\":{\"@type\":\"EntryPoint\",\"urlTemplate\":\"https:\/\/modasabel.com\/en\/?s={search_term_string}\"},\"query-input\":\"required name=search_term_string\"}],\"inLanguage\":\"en-US\"}]}<\/script>\n<!-- \/ Yoast SEO plugin. -->","yoast_head_json":{"title":"Panty reductor Ysabel Mora 40 denier beige 16501 - MODA SABEL","description":"Panty Reductor 40 DEN de Ysabel Mora ofrece un efecto reductor en el abdomen,caderas y muslos, gracias a su dise\u00f1o avanzado y su composici\u00f3n de alta calidad","robots":{"index":"index","follow":"follow","max-snippet":"max-snippet:-1","max-image-preview":"max-image-preview:large","max-video-preview":"max-video-preview:-1"},"canonical":"https:\/\/modasabel.com\/en\/producto\/panty-reductor-ysabel-mora-40-denier-beige\/","og_locale":"en_US","og_type":"article","og_title":"Panty reductor Ysabel Mora 40 denier beige 16501 - MODA SABEL","og_description":"Panty Reductor 40 DEN de Ysabel Mora ofrece un efecto reductor en el abdomen,caderas y muslos, gracias a su dise\u00f1o avanzado y su composici\u00f3n de alta calidad","og_url":"https:\/\/modasabel.com\/en\/producto\/panty-reductor-ysabel-mora-40-denier-beige\/","og_site_name":"MODA SABEL","article_modified_time":"2026-01-28T18:11:23+00:00","og_image":[{"width":700,"height":1050,"url":"https:\/\/modasabel.com\/wp-content\/uploads\/2026\/01\/16501_1_panty_reductor_40_den_-_Beige_b1d25a92-211d-40c8-9055-ccc3228e706a-1.webp","type":"image\/webp"}],"twitter_card":"summary_large_image","twitter_misc":{"Est. reading time":"1 minute"},"schema":{"@context":"https:\/\/schema.org","@graph":[{"@type":"WebPage","@id":"https:\/\/modasabel.com\/en\/producto\/panty-reductor-ysabel-mora-40-denier-beige\/","url":"https:\/\/modasabel.com\/en\/producto\/panty-reductor-ysabel-mora-40-denier-beige\/","name":"Panty reductor Ysabel Mora 40 denier beige 16501 - MODA SABEL","isPartOf":{"@id":"https:\/\/modasabel.com\/en\/#website"},"datePublished":"2026-01-28T17:53:57+00:00","dateModified":"2026-01-28T18:11:23+00:00","description":"Panty Reductor 40 DEN de Ysabel Mora ofrece un efecto reductor en el abdomen,caderas y muslos, gracias a su dise\u00f1o avanzado y su composici\u00f3n de alta calidad","breadcrumb":{"@id":"https:\/\/modasabel.com\/en\/producto\/panty-reductor-ysabel-mora-40-denier-beige\/#breadcrumb"},"inLanguage":"en-US","potentialAction":[{"@type":"ReadAction","target":["https:\/\/modasabel.com\/en\/producto\/panty-reductor-ysabel-mora-40-denier-beige\/"]}]},{"@type":"BreadcrumbList","@id":"https:\/\/modasabel.com\/en\/producto\/panty-reductor-ysabel-mora-40-denier-beige\/#breadcrumb","itemListElement":[{"@type":"ListItem","position":1,"name":"Inicio","item":"https:\/\/modasabel.com\/en\/"},{"@type":"ListItem","position":2,"name":"Tienda","item":"https:\/\/modasabel.com\/tienda\/"},{"@type":"ListItem","position":3,"name":"Panty reductor Ysabel Mora 40 denier beige 16501"}]},{"@type":"WebSite","@id":"https:\/\/modasabel.com\/en\/#website","url":"https:\/\/modasabel.com\/en\/","name":"MODA SABEL","description":"Marcas de ropa hombre y mujer","potentialAction":[{"@type":"SearchAction","target":{"@type":"EntryPoint","urlTemplate":"https:\/\/modasabel.com\/en\/?s={search_term_string}"},"query-input":"required name=search_term_string"}],"inLanguage":"en-US"}]}},"_links":{"self":[{"href":"https:\/\/modasabel.com\/en\/wp-json\/wp\/v2\/product\/10112","targetHints":{"allow":["GET"]}}],"collection":[{"href":"https:\/\/modasabel.com\/en\/wp-json\/wp\/v2\/product"}],"about":[{"href":"https:\/\/modasabel.com\/en\/wp-json\/wp\/v2\/types\/product"}],"replies":[{"embeddable":true,"href":"https:\/\/modasabel.com\/en\/wp-json\/wp\/v2\/comments?post=10112"}],"wp:featuredmedia":[{"embeddable":true,"href":"https:\/\/modasabel.com\/en\/wp-json\/wp\/v2\/media\/10116"}],"wp:attachment":[{"href":"https:\/\/modasabel.com\/en\/wp-json\/wp\/v2\/media?parent=10112"}],"wp:term":[{"taxonomy":"marca-hombre","embeddable":true,"href":"https:\/\/modasabel.com\/en\/wp-json\/wp\/v2\/marca-hombre?post=10112"},{"taxonomy":"marca-interior-hombre","embeddable":true,"href":"https:\/\/modasabel.com\/en\/wp-json\/wp\/v2\/marca-interior-hombre?post=10112"},{"taxonomy":"marca-interior-mujer","embeddable":true,"href":"https:\/\/modasabel.com\/en\/wp-json\/wp\/v2\/marca-interior-mujer?post=10112"},{"taxonomy":"marca-mujer","embeddable":true,"href":"https:\/\/modasabel.com\/en\/wp-json\/wp\/v2\/marca-mujer?post=10112"},{"taxonomy":"product_brand","embeddable":true,"href":"https:\/\/modasabel.com\/en\/wp-json\/wp\/v2\/product_brand?post=10112"},{"taxonomy":"product_cat","embeddable":true,"href":"https:\/\/modasabel.com\/en\/wp-json\/wp\/v2\/product_cat?post=10112"},{"taxonomy":"product_tag","embeddable":true,"href":"https:\/\/modasabel.com\/en\/wp-json\/wp\/v2\/product_tag?post=10112"}],"curies":[{"name":"wp","href":"https:\/\/api.w.org\/{rel}","templated":true}]}}