{"id":10063,"date":"2026-01-27T19:24:22","date_gmt":"2026-01-27T18:24:22","guid":{"rendered":"https:\/\/modasabel.com\/?post_type=product&#038;p=10063"},"modified":"2026-01-27T19:24:22","modified_gmt":"2026-01-27T18:24:22","slug":"panty-talla-grande-ysabel-mora-15-den-beige-antipresion-ref16513","status":"publish","type":"product","link":"https:\/\/modasabel.com\/en\/producto\/panty-talla-grande-ysabel-mora-15-den-beige-antipresion-ref16513\/","title":{"rendered":"Panty talla grande Ysabel Mora 15 DEN beige antipresi\u00f3n REF:16513"},"content":{"rendered":"<p data-start=\"236\" data-end=\"507\">Este panty de <strong data-start=\"250\" data-end=\"281\">talla grande de Ysabel Mora<\/strong> es una opci\u00f3n ideal para el d\u00eda a d\u00eda si buscas comodidad sin renunciar a una pierna bonita y natural. Con <strong data-start=\"389\" data-end=\"403\">15 deniers<\/strong>, ofrece una transparencia suave que unifica el tono de la piel y queda muy discreta al llevarla puesta.<\/p>\n<p data-start=\"509\" data-end=\"773\">Su dise\u00f1o <strong data-start=\"519\" data-end=\"534\">antipresi\u00f3n<\/strong> se adapta sin apretar, proporcionando una sensaci\u00f3n c\u00f3moda durante todo el d\u00eda, incluso en tallas grandes. Incorpora <strong data-start=\"652\" data-end=\"676\">puntera transparente<\/strong>, perfecta para usar con calzado abierto, y un acabado cuidado que estiliza la pierna sin marcar.<\/p>\n<p data-start=\"775\" data-end=\"950\">Un b\u00e1sico imprescindible si buscas <strong data-start=\"810\" data-end=\"845\">pantys de mujer en talla grande<\/strong>, c\u00f3modos, ligeros y fiables, de la calidad que siempre ofrece <strong data-start=\"908\" data-end=\"949\"><span class=\"hover:entity-accent entity-underline inline cursor-pointer align-baseline\"><span class=\"whitespace-normal\">Ysabel Mora<\/span><\/span><\/strong>.<\/p>\n","protected":false},"excerpt":{"rendered":"<p>Este panty de talla grande de Ysabel Mora es una opci\u00f3n ideal para el d\u00eda a d\u00eda si buscas comodidad sin renunciar a una pierna bonita y natural. Con 15 deniers, ofrece una transparencia suave que unifica el tono de la piel y queda muy discreta al llevarla puesta. Su dise\u00f1o antipresi\u00f3n se adapta sin [&hellip;]<\/p>\n","protected":false},"featured_media":10066,"comment_status":"closed","ping_status":"closed","template":"","meta":{"_acf_changed":false,"site-sidebar-layout":"default","site-content-layout":"","ast-site-content-layout":"default","site-content-style":"default","site-sidebar-style":"default","ast-global-header-display":"","ast-banner-title-visibility":"","ast-main-header-display":"","ast-hfb-above-header-display":"","ast-hfb-below-header-display":"","ast-hfb-mobile-header-display":"","site-post-title":"","ast-breadcrumbs-content":"","ast-featured-img":"","footer-sml-layout":"","ast-disable-related-posts":"","theme-transparent-header-meta":"default","adv-header-id-meta":"","stick-header-meta":"","header-above-stick-meta":"","header-main-stick-meta":"","header-below-stick-meta":"","astra-migrate-meta-layouts":"set","ast-page-background-enabled":"default","ast-page-background-meta":{"desktop":{"background-color":"var(--ast-global-color-4)","background-image":"","background-repeat":"repeat","background-position":"center center","background-size":"auto","background-attachment":"scroll","background-type":"","background-media":"","overlay-type":"","overlay-color":"","overlay-opacity":"","overlay-gradient":""},"tablet":{"background-color":"","background-image":"","background-repeat":"repeat","background-position":"center center","background-size":"auto","background-attachment":"scroll","background-type":"","background-media":"","overlay-type":"","overlay-color":"","overlay-opacity":"","overlay-gradient":""},"mobile":{"background-color":"","background-image":"","background-repeat":"repeat","background-position":"center center","background-size":"auto","background-attachment":"scroll","background-type":"","background-media":"","overlay-type":"","overlay-color":"","overlay-opacity":"","overlay-gradient":""}},"ast-content-background-meta":{"desktop":{"background-color":"var(--ast-global-color-5)","background-image":"","background-repeat":"repeat","background-position":"center center","background-size":"auto","background-attachment":"scroll","background-type":"","background-media":"","overlay-type":"","overlay-color":"","overlay-opacity":"","overlay-gradient":""},"tablet":{"background-color":"var(--ast-global-color-5)","background-image":"","background-repeat":"repeat","background-position":"center center","background-size":"auto","background-attachment":"scroll","background-type":"","background-media":"","overlay-type":"","overlay-color":"","overlay-opacity":"","overlay-gradient":""},"mobile":{"background-color":"var(--ast-global-color-5)","background-image":"","background-repeat":"repeat","background-position":"center center","background-size":"auto","background-attachment":"scroll","background-type":"","background-media":"","overlay-type":"","overlay-color":"","overlay-opacity":"","overlay-gradient":""}}},"marca-hombre":[],"marca-interior-hombre":[],"marca-interior-mujer":[222],"marca-mujer":[],"product_brand":[],"product_cat":[61,55],"product_tag":[],"class_list":{"0":"post-10063","1":"product","2":"type-product","3":"status-publish","4":"has-post-thumbnail","6":"marca-interior-mujer-ysabel-mora","7":"product_cat-media-y-minimedias","8":"product_cat-moda-intima-mujer","9":"pa_tallas-camisetas-l","10":"pa_tallas-camisetas-m","11":"desktop-align-left","12":"tablet-align-left","13":"mobile-align-left","15":"first","16":"instock","17":"taxable","18":"shipping-taxable","19":"purchasable","20":"product-type-variable"},"acf":[],"yoast_head":"<!-- This site is optimized with the Yoast SEO plugin v22.1 - https:\/\/yoast.com\/wordpress\/plugins\/seo\/ -->\n<title>Panty talla grande Ysabel Mora 15 DEN beige antipresi\u00f3n REF:16513 - MODA SABEL<\/title>\n<meta name=\"description\" content=\"Este panty de talla grande de Ysabel Mora es una opci\u00f3n ideal para el d\u00eda a d\u00eda si buscas comodidad sin renunciar a una pierna bonita y natural. Con 15 deniers\" \/>\n<meta name=\"robots\" content=\"index, follow, max-snippet:-1, max-image-preview:large, max-video-preview:-1\" \/>\n<link rel=\"canonical\" href=\"https:\/\/modasabel.com\/en\/producto\/panty-talla-grande-ysabel-mora-15-den-beige-antipresion-ref16513\/\" \/>\n<meta property=\"og:locale\" content=\"en_US\" \/>\n<meta property=\"og:type\" content=\"article\" \/>\n<meta property=\"og:title\" content=\"Panty talla grande Ysabel Mora 15 DEN beige antipresi\u00f3n REF:16513 - MODA SABEL\" \/>\n<meta property=\"og:description\" content=\"Este panty de talla grande de Ysabel Mora es una opci\u00f3n ideal para el d\u00eda a d\u00eda si buscas comodidad sin renunciar a una pierna bonita y natural. Con 15 deniers\" \/>\n<meta property=\"og:url\" content=\"https:\/\/modasabel.com\/en\/producto\/panty-talla-grande-ysabel-mora-15-den-beige-antipresion-ref16513\/\" \/>\n<meta property=\"og:site_name\" content=\"MODA SABEL\" \/>\n<meta property=\"og:image\" content=\"https:\/\/modasabel.com\/wp-content\/uploads\/2026\/01\/16513-1-panty-talla-grande-mujer-ysabel-mora-beige.webp\" \/>\n\t<meta property=\"og:image:width\" content=\"700\" \/>\n\t<meta property=\"og:image:height\" content=\"1049\" \/>\n\t<meta property=\"og:image:type\" content=\"image\/webp\" \/>\n<meta name=\"twitter:card\" content=\"summary_large_image\" \/>\n<meta name=\"twitter:label1\" content=\"Est. reading time\" \/>\n\t<meta name=\"twitter:data1\" content=\"1 minute\" \/>\n<script type=\"application\/ld+json\" class=\"yoast-schema-graph\">{\"@context\":\"https:\/\/schema.org\",\"@graph\":[{\"@type\":\"WebPage\",\"@id\":\"https:\/\/modasabel.com\/en\/producto\/panty-talla-grande-ysabel-mora-15-den-beige-antipresion-ref16513\/\",\"url\":\"https:\/\/modasabel.com\/en\/producto\/panty-talla-grande-ysabel-mora-15-den-beige-antipresion-ref16513\/\",\"name\":\"Panty talla grande Ysabel Mora 15 DEN beige antipresi\u00f3n REF:16513 - MODA SABEL\",\"isPartOf\":{\"@id\":\"https:\/\/modasabel.com\/en\/#website\"},\"datePublished\":\"2026-01-27T18:24:22+00:00\",\"dateModified\":\"2026-01-27T18:24:22+00:00\",\"description\":\"Este panty de talla grande de Ysabel Mora es una opci\u00f3n ideal para el d\u00eda a d\u00eda si buscas comodidad sin renunciar a una pierna bonita y natural. Con 15 deniers\",\"breadcrumb\":{\"@id\":\"https:\/\/modasabel.com\/en\/producto\/panty-talla-grande-ysabel-mora-15-den-beige-antipresion-ref16513\/#breadcrumb\"},\"inLanguage\":\"en-US\",\"potentialAction\":[{\"@type\":\"ReadAction\",\"target\":[\"https:\/\/modasabel.com\/en\/producto\/panty-talla-grande-ysabel-mora-15-den-beige-antipresion-ref16513\/\"]}]},{\"@type\":\"BreadcrumbList\",\"@id\":\"https:\/\/modasabel.com\/en\/producto\/panty-talla-grande-ysabel-mora-15-den-beige-antipresion-ref16513\/#breadcrumb\",\"itemListElement\":[{\"@type\":\"ListItem\",\"position\":1,\"name\":\"Inicio\",\"item\":\"https:\/\/modasabel.com\/en\/\"},{\"@type\":\"ListItem\",\"position\":2,\"name\":\"Tienda\",\"item\":\"https:\/\/modasabel.com\/tienda\/\"},{\"@type\":\"ListItem\",\"position\":3,\"name\":\"Panty talla grande Ysabel Mora 15 DEN beige antipresi\u00f3n REF:16513\"}]},{\"@type\":\"WebSite\",\"@id\":\"https:\/\/modasabel.com\/en\/#website\",\"url\":\"https:\/\/modasabel.com\/en\/\",\"name\":\"MODA SABEL\",\"description\":\"Marcas de ropa hombre y mujer\",\"potentialAction\":[{\"@type\":\"SearchAction\",\"target\":{\"@type\":\"EntryPoint\",\"urlTemplate\":\"https:\/\/modasabel.com\/en\/?s={search_term_string}\"},\"query-input\":\"required name=search_term_string\"}],\"inLanguage\":\"en-US\"}]}<\/script>\n<!-- \/ Yoast SEO plugin. -->","yoast_head_json":{"title":"Panty talla grande Ysabel Mora 15 DEN beige antipresi\u00f3n REF:16513 - MODA SABEL","description":"Este panty de talla grande de Ysabel Mora es una opci\u00f3n ideal para el d\u00eda a d\u00eda si buscas comodidad sin renunciar a una pierna bonita y natural. Con 15 deniers","robots":{"index":"index","follow":"follow","max-snippet":"max-snippet:-1","max-image-preview":"max-image-preview:large","max-video-preview":"max-video-preview:-1"},"canonical":"https:\/\/modasabel.com\/en\/producto\/panty-talla-grande-ysabel-mora-15-den-beige-antipresion-ref16513\/","og_locale":"en_US","og_type":"article","og_title":"Panty talla grande Ysabel Mora 15 DEN beige antipresi\u00f3n REF:16513 - MODA SABEL","og_description":"Este panty de talla grande de Ysabel Mora es una opci\u00f3n ideal para el d\u00eda a d\u00eda si buscas comodidad sin renunciar a una pierna bonita y natural. Con 15 deniers","og_url":"https:\/\/modasabel.com\/en\/producto\/panty-talla-grande-ysabel-mora-15-den-beige-antipresion-ref16513\/","og_site_name":"MODA SABEL","og_image":[{"width":700,"height":1049,"url":"https:\/\/modasabel.com\/wp-content\/uploads\/2026\/01\/16513-1-panty-talla-grande-mujer-ysabel-mora-beige.webp","type":"image\/webp"}],"twitter_card":"summary_large_image","twitter_misc":{"Est. reading time":"1 minute"},"schema":{"@context":"https:\/\/schema.org","@graph":[{"@type":"WebPage","@id":"https:\/\/modasabel.com\/en\/producto\/panty-talla-grande-ysabel-mora-15-den-beige-antipresion-ref16513\/","url":"https:\/\/modasabel.com\/en\/producto\/panty-talla-grande-ysabel-mora-15-den-beige-antipresion-ref16513\/","name":"Panty talla grande Ysabel Mora 15 DEN beige antipresi\u00f3n REF:16513 - MODA SABEL","isPartOf":{"@id":"https:\/\/modasabel.com\/en\/#website"},"datePublished":"2026-01-27T18:24:22+00:00","dateModified":"2026-01-27T18:24:22+00:00","description":"Este panty de talla grande de Ysabel Mora es una opci\u00f3n ideal para el d\u00eda a d\u00eda si buscas comodidad sin renunciar a una pierna bonita y natural. Con 15 deniers","breadcrumb":{"@id":"https:\/\/modasabel.com\/en\/producto\/panty-talla-grande-ysabel-mora-15-den-beige-antipresion-ref16513\/#breadcrumb"},"inLanguage":"en-US","potentialAction":[{"@type":"ReadAction","target":["https:\/\/modasabel.com\/en\/producto\/panty-talla-grande-ysabel-mora-15-den-beige-antipresion-ref16513\/"]}]},{"@type":"BreadcrumbList","@id":"https:\/\/modasabel.com\/en\/producto\/panty-talla-grande-ysabel-mora-15-den-beige-antipresion-ref16513\/#breadcrumb","itemListElement":[{"@type":"ListItem","position":1,"name":"Inicio","item":"https:\/\/modasabel.com\/en\/"},{"@type":"ListItem","position":2,"name":"Tienda","item":"https:\/\/modasabel.com\/tienda\/"},{"@type":"ListItem","position":3,"name":"Panty talla grande Ysabel Mora 15 DEN beige antipresi\u00f3n REF:16513"}]},{"@type":"WebSite","@id":"https:\/\/modasabel.com\/en\/#website","url":"https:\/\/modasabel.com\/en\/","name":"MODA SABEL","description":"Marcas de ropa hombre y mujer","potentialAction":[{"@type":"SearchAction","target":{"@type":"EntryPoint","urlTemplate":"https:\/\/modasabel.com\/en\/?s={search_term_string}"},"query-input":"required name=search_term_string"}],"inLanguage":"en-US"}]}},"_links":{"self":[{"href":"https:\/\/modasabel.com\/en\/wp-json\/wp\/v2\/product\/10063","targetHints":{"allow":["GET"]}}],"collection":[{"href":"https:\/\/modasabel.com\/en\/wp-json\/wp\/v2\/product"}],"about":[{"href":"https:\/\/modasabel.com\/en\/wp-json\/wp\/v2\/types\/product"}],"replies":[{"embeddable":true,"href":"https:\/\/modasabel.com\/en\/wp-json\/wp\/v2\/comments?post=10063"}],"wp:featuredmedia":[{"embeddable":true,"href":"https:\/\/modasabel.com\/en\/wp-json\/wp\/v2\/media\/10066"}],"wp:attachment":[{"href":"https:\/\/modasabel.com\/en\/wp-json\/wp\/v2\/media?parent=10063"}],"wp:term":[{"taxonomy":"marca-hombre","embeddable":true,"href":"https:\/\/modasabel.com\/en\/wp-json\/wp\/v2\/marca-hombre?post=10063"},{"taxonomy":"marca-interior-hombre","embeddable":true,"href":"https:\/\/modasabel.com\/en\/wp-json\/wp\/v2\/marca-interior-hombre?post=10063"},{"taxonomy":"marca-interior-mujer","embeddable":true,"href":"https:\/\/modasabel.com\/en\/wp-json\/wp\/v2\/marca-interior-mujer?post=10063"},{"taxonomy":"marca-mujer","embeddable":true,"href":"https:\/\/modasabel.com\/en\/wp-json\/wp\/v2\/marca-mujer?post=10063"},{"taxonomy":"product_brand","embeddable":true,"href":"https:\/\/modasabel.com\/en\/wp-json\/wp\/v2\/product_brand?post=10063"},{"taxonomy":"product_cat","embeddable":true,"href":"https:\/\/modasabel.com\/en\/wp-json\/wp\/v2\/product_cat?post=10063"},{"taxonomy":"product_tag","embeddable":true,"href":"https:\/\/modasabel.com\/en\/wp-json\/wp\/v2\/product_tag?post=10063"}],"curies":[{"name":"wp","href":"https:\/\/api.w.org\/{rel}","templated":true}]}}