{"id":10030,"date":"2026-01-27T18:11:31","date_gmt":"2026-01-27T17:11:31","guid":{"rendered":"https:\/\/modasabel.com\/?post_type=product&#038;p=10030"},"modified":"2026-01-27T18:11:31","modified_gmt":"2026-01-27T17:11:31","slug":"pack-2-calcetines-tobilleros-ysabel-mora-20-den-beige-ref15155","status":"publish","type":"product","link":"https:\/\/modasabel.com\/en\/producto\/pack-2-calcetines-tobilleros-ysabel-mora-20-den-beige-ref15155\/","title":{"rendered":"Pack 2 calcetines tobilleros Ysabel Mora 20 DEN beige REF:15155"},"content":{"rendered":"<p data-start=\"187\" data-end=\"456\">Pack de <strong data-start=\"195\" data-end=\"231\">2 calcetines tobilleros de mujer<\/strong> de la marca <strong data-start=\"244\" data-end=\"285\"><span class=\"hover:entity-accent entity-underline inline cursor-pointer align-baseline\"><span class=\"whitespace-normal\">Ysabel Mora<\/span><\/span><\/strong>, pensados para el uso diario. Con un grosor de 20 DEN, ofrecen un acabado suave y ligero que se adapta bien al pie sin oprimir, aportando comodidad durante todo el d\u00eda.<\/p>\n<p data-start=\"458\" data-end=\"692\">Su color beige es discreto y f\u00e1cil de combinar, ideal para llevar con cualquier tipo de calzado. Un b\u00e1sico pr\u00e1ctico y funcional que no puede faltar en el caj\u00f3n, perfecto para quienes buscan confort y una buena relaci\u00f3n calidad-precio.<\/p>\n","protected":false},"excerpt":{"rendered":"<p>Pack de 2 calcetines tobilleros de mujer de la marca Ysabel Mora, pensados para el uso diario. Con un grosor de 20 DEN, ofrecen un acabado suave y ligero que se adapta bien al pie sin oprimir, aportando comodidad durante todo el d\u00eda. Su color beige es discreto y f\u00e1cil de combinar, ideal para llevar [&hellip;]<\/p>\n","protected":false},"featured_media":10034,"comment_status":"closed","ping_status":"closed","template":"","meta":{"_acf_changed":false,"site-sidebar-layout":"default","site-content-layout":"","ast-site-content-layout":"default","site-content-style":"default","site-sidebar-style":"default","ast-global-header-display":"","ast-banner-title-visibility":"","ast-main-header-display":"","ast-hfb-above-header-display":"","ast-hfb-below-header-display":"","ast-hfb-mobile-header-display":"","site-post-title":"","ast-breadcrumbs-content":"","ast-featured-img":"","footer-sml-layout":"","ast-disable-related-posts":"","theme-transparent-header-meta":"default","adv-header-id-meta":"","stick-header-meta":"","header-above-stick-meta":"","header-main-stick-meta":"","header-below-stick-meta":"","astra-migrate-meta-layouts":"set","ast-page-background-enabled":"default","ast-page-background-meta":{"desktop":{"background-color":"var(--ast-global-color-4)","background-image":"","background-repeat":"repeat","background-position":"center center","background-size":"auto","background-attachment":"scroll","background-type":"","background-media":"","overlay-type":"","overlay-color":"","overlay-opacity":"","overlay-gradient":""},"tablet":{"background-color":"","background-image":"","background-repeat":"repeat","background-position":"center center","background-size":"auto","background-attachment":"scroll","background-type":"","background-media":"","overlay-type":"","overlay-color":"","overlay-opacity":"","overlay-gradient":""},"mobile":{"background-color":"","background-image":"","background-repeat":"repeat","background-position":"center center","background-size":"auto","background-attachment":"scroll","background-type":"","background-media":"","overlay-type":"","overlay-color":"","overlay-opacity":"","overlay-gradient":""}},"ast-content-background-meta":{"desktop":{"background-color":"var(--ast-global-color-5)","background-image":"","background-repeat":"repeat","background-position":"center center","background-size":"auto","background-attachment":"scroll","background-type":"","background-media":"","overlay-type":"","overlay-color":"","overlay-opacity":"","overlay-gradient":""},"tablet":{"background-color":"var(--ast-global-color-5)","background-image":"","background-repeat":"repeat","background-position":"center center","background-size":"auto","background-attachment":"scroll","background-type":"","background-media":"","overlay-type":"","overlay-color":"","overlay-opacity":"","overlay-gradient":""},"mobile":{"background-color":"var(--ast-global-color-5)","background-image":"","background-repeat":"repeat","background-position":"center center","background-size":"auto","background-attachment":"scroll","background-type":"","background-media":"","overlay-type":"","overlay-color":"","overlay-opacity":"","overlay-gradient":""}}},"marca-hombre":[],"marca-interior-hombre":[228],"marca-interior-mujer":[],"marca-mujer":[],"product_brand":[],"product_cat":[59,61,55],"product_tag":[],"class_list":{"0":"post-10030","1":"product","2":"type-product","3":"status-publish","4":"has-post-thumbnail","6":"marca-interior-hombre-ysabel-mora","7":"product_cat-calcetines","8":"product_cat-media-y-minimedias","9":"product_cat-moda-intima-mujer","10":"pa_tallas-camisetas-unica","11":"desktop-align-left","12":"tablet-align-left","13":"mobile-align-left","15":"first","16":"instock","17":"taxable","18":"shipping-taxable","19":"purchasable","20":"product-type-variable"},"acf":[],"yoast_head":"<!-- This site is optimized with the Yoast SEO plugin v22.1 - https:\/\/yoast.com\/wordpress\/plugins\/seo\/ -->\n<title>Pack 2 calcetines tobilleros Ysabel Mora 20 DEN beige REF:15155 - MODA SABEL<\/title>\n<meta name=\"description\" content=\"Pack de 2 calcetines tobilleros de mujer de la marca Ysabel Mora, pensados para el uso diario. Con un grosor de 20 DEN, ofrecen un acabado suave y ligero\" \/>\n<meta name=\"robots\" content=\"index, follow, max-snippet:-1, max-image-preview:large, max-video-preview:-1\" \/>\n<link rel=\"canonical\" href=\"https:\/\/modasabel.com\/en\/producto\/pack-2-calcetines-tobilleros-ysabel-mora-20-den-beige-ref15155\/\" \/>\n<meta property=\"og:locale\" content=\"en_US\" \/>\n<meta property=\"og:type\" content=\"article\" \/>\n<meta property=\"og:title\" content=\"Pack 2 calcetines tobilleros Ysabel Mora 20 DEN beige REF:15155 - MODA SABEL\" \/>\n<meta property=\"og:description\" content=\"Pack de 2 calcetines tobilleros de mujer de la marca Ysabel Mora, pensados para el uso diario. Con un grosor de 20 DEN, ofrecen un acabado suave y ligero\" \/>\n<meta property=\"og:url\" content=\"https:\/\/modasabel.com\/en\/producto\/pack-2-calcetines-tobilleros-ysabel-mora-20-den-beige-ref15155\/\" \/>\n<meta property=\"og:site_name\" content=\"MODA SABEL\" \/>\n<meta property=\"og:image\" content=\"https:\/\/modasabel.com\/wp-content\/uploads\/2026\/01\/15155_2_medias_tobilleras_20_den_-_Beige_987492e0-a2b8-4969-bb36-0612a12c1623.webp\" \/>\n\t<meta property=\"og:image:width\" content=\"700\" \/>\n\t<meta property=\"og:image:height\" content=\"1049\" \/>\n\t<meta property=\"og:image:type\" content=\"image\/webp\" \/>\n<meta name=\"twitter:card\" content=\"summary_large_image\" \/>\n<meta name=\"twitter:label1\" content=\"Est. reading time\" \/>\n\t<meta name=\"twitter:data1\" content=\"1 minute\" \/>\n<script type=\"application\/ld+json\" class=\"yoast-schema-graph\">{\"@context\":\"https:\/\/schema.org\",\"@graph\":[{\"@type\":\"WebPage\",\"@id\":\"https:\/\/modasabel.com\/en\/producto\/pack-2-calcetines-tobilleros-ysabel-mora-20-den-beige-ref15155\/\",\"url\":\"https:\/\/modasabel.com\/en\/producto\/pack-2-calcetines-tobilleros-ysabel-mora-20-den-beige-ref15155\/\",\"name\":\"Pack 2 calcetines tobilleros Ysabel Mora 20 DEN beige REF:15155 - MODA SABEL\",\"isPartOf\":{\"@id\":\"https:\/\/modasabel.com\/en\/#website\"},\"datePublished\":\"2026-01-27T17:11:31+00:00\",\"dateModified\":\"2026-01-27T17:11:31+00:00\",\"description\":\"Pack de 2 calcetines tobilleros de mujer de la marca Ysabel Mora, pensados para el uso diario. Con un grosor de 20 DEN, ofrecen un acabado suave y ligero\",\"breadcrumb\":{\"@id\":\"https:\/\/modasabel.com\/en\/producto\/pack-2-calcetines-tobilleros-ysabel-mora-20-den-beige-ref15155\/#breadcrumb\"},\"inLanguage\":\"en-US\",\"potentialAction\":[{\"@type\":\"ReadAction\",\"target\":[\"https:\/\/modasabel.com\/en\/producto\/pack-2-calcetines-tobilleros-ysabel-mora-20-den-beige-ref15155\/\"]}]},{\"@type\":\"BreadcrumbList\",\"@id\":\"https:\/\/modasabel.com\/en\/producto\/pack-2-calcetines-tobilleros-ysabel-mora-20-den-beige-ref15155\/#breadcrumb\",\"itemListElement\":[{\"@type\":\"ListItem\",\"position\":1,\"name\":\"Inicio\",\"item\":\"https:\/\/modasabel.com\/en\/\"},{\"@type\":\"ListItem\",\"position\":2,\"name\":\"Tienda\",\"item\":\"https:\/\/modasabel.com\/tienda\/\"},{\"@type\":\"ListItem\",\"position\":3,\"name\":\"Pack 2 calcetines tobilleros Ysabel Mora 20 DEN beige REF:15155\"}]},{\"@type\":\"WebSite\",\"@id\":\"https:\/\/modasabel.com\/en\/#website\",\"url\":\"https:\/\/modasabel.com\/en\/\",\"name\":\"MODA SABEL\",\"description\":\"Marcas de ropa hombre y mujer\",\"potentialAction\":[{\"@type\":\"SearchAction\",\"target\":{\"@type\":\"EntryPoint\",\"urlTemplate\":\"https:\/\/modasabel.com\/en\/?s={search_term_string}\"},\"query-input\":\"required name=search_term_string\"}],\"inLanguage\":\"en-US\"}]}<\/script>\n<!-- \/ Yoast SEO plugin. -->","yoast_head_json":{"title":"Pack 2 calcetines tobilleros Ysabel Mora 20 DEN beige REF:15155 - MODA SABEL","description":"Pack de 2 calcetines tobilleros de mujer de la marca Ysabel Mora, pensados para el uso diario. Con un grosor de 20 DEN, ofrecen un acabado suave y ligero","robots":{"index":"index","follow":"follow","max-snippet":"max-snippet:-1","max-image-preview":"max-image-preview:large","max-video-preview":"max-video-preview:-1"},"canonical":"https:\/\/modasabel.com\/en\/producto\/pack-2-calcetines-tobilleros-ysabel-mora-20-den-beige-ref15155\/","og_locale":"en_US","og_type":"article","og_title":"Pack 2 calcetines tobilleros Ysabel Mora 20 DEN beige REF:15155 - MODA SABEL","og_description":"Pack de 2 calcetines tobilleros de mujer de la marca Ysabel Mora, pensados para el uso diario. Con un grosor de 20 DEN, ofrecen un acabado suave y ligero","og_url":"https:\/\/modasabel.com\/en\/producto\/pack-2-calcetines-tobilleros-ysabel-mora-20-den-beige-ref15155\/","og_site_name":"MODA SABEL","og_image":[{"width":700,"height":1049,"url":"https:\/\/modasabel.com\/wp-content\/uploads\/2026\/01\/15155_2_medias_tobilleras_20_den_-_Beige_987492e0-a2b8-4969-bb36-0612a12c1623.webp","type":"image\/webp"}],"twitter_card":"summary_large_image","twitter_misc":{"Est. reading time":"1 minute"},"schema":{"@context":"https:\/\/schema.org","@graph":[{"@type":"WebPage","@id":"https:\/\/modasabel.com\/en\/producto\/pack-2-calcetines-tobilleros-ysabel-mora-20-den-beige-ref15155\/","url":"https:\/\/modasabel.com\/en\/producto\/pack-2-calcetines-tobilleros-ysabel-mora-20-den-beige-ref15155\/","name":"Pack 2 calcetines tobilleros Ysabel Mora 20 DEN beige REF:15155 - MODA SABEL","isPartOf":{"@id":"https:\/\/modasabel.com\/en\/#website"},"datePublished":"2026-01-27T17:11:31+00:00","dateModified":"2026-01-27T17:11:31+00:00","description":"Pack de 2 calcetines tobilleros de mujer de la marca Ysabel Mora, pensados para el uso diario. Con un grosor de 20 DEN, ofrecen un acabado suave y ligero","breadcrumb":{"@id":"https:\/\/modasabel.com\/en\/producto\/pack-2-calcetines-tobilleros-ysabel-mora-20-den-beige-ref15155\/#breadcrumb"},"inLanguage":"en-US","potentialAction":[{"@type":"ReadAction","target":["https:\/\/modasabel.com\/en\/producto\/pack-2-calcetines-tobilleros-ysabel-mora-20-den-beige-ref15155\/"]}]},{"@type":"BreadcrumbList","@id":"https:\/\/modasabel.com\/en\/producto\/pack-2-calcetines-tobilleros-ysabel-mora-20-den-beige-ref15155\/#breadcrumb","itemListElement":[{"@type":"ListItem","position":1,"name":"Inicio","item":"https:\/\/modasabel.com\/en\/"},{"@type":"ListItem","position":2,"name":"Tienda","item":"https:\/\/modasabel.com\/tienda\/"},{"@type":"ListItem","position":3,"name":"Pack 2 calcetines tobilleros Ysabel Mora 20 DEN beige REF:15155"}]},{"@type":"WebSite","@id":"https:\/\/modasabel.com\/en\/#website","url":"https:\/\/modasabel.com\/en\/","name":"MODA SABEL","description":"Marcas de ropa hombre y mujer","potentialAction":[{"@type":"SearchAction","target":{"@type":"EntryPoint","urlTemplate":"https:\/\/modasabel.com\/en\/?s={search_term_string}"},"query-input":"required name=search_term_string"}],"inLanguage":"en-US"}]}},"_links":{"self":[{"href":"https:\/\/modasabel.com\/en\/wp-json\/wp\/v2\/product\/10030","targetHints":{"allow":["GET"]}}],"collection":[{"href":"https:\/\/modasabel.com\/en\/wp-json\/wp\/v2\/product"}],"about":[{"href":"https:\/\/modasabel.com\/en\/wp-json\/wp\/v2\/types\/product"}],"replies":[{"embeddable":true,"href":"https:\/\/modasabel.com\/en\/wp-json\/wp\/v2\/comments?post=10030"}],"wp:featuredmedia":[{"embeddable":true,"href":"https:\/\/modasabel.com\/en\/wp-json\/wp\/v2\/media\/10034"}],"wp:attachment":[{"href":"https:\/\/modasabel.com\/en\/wp-json\/wp\/v2\/media?parent=10030"}],"wp:term":[{"taxonomy":"marca-hombre","embeddable":true,"href":"https:\/\/modasabel.com\/en\/wp-json\/wp\/v2\/marca-hombre?post=10030"},{"taxonomy":"marca-interior-hombre","embeddable":true,"href":"https:\/\/modasabel.com\/en\/wp-json\/wp\/v2\/marca-interior-hombre?post=10030"},{"taxonomy":"marca-interior-mujer","embeddable":true,"href":"https:\/\/modasabel.com\/en\/wp-json\/wp\/v2\/marca-interior-mujer?post=10030"},{"taxonomy":"marca-mujer","embeddable":true,"href":"https:\/\/modasabel.com\/en\/wp-json\/wp\/v2\/marca-mujer?post=10030"},{"taxonomy":"product_brand","embeddable":true,"href":"https:\/\/modasabel.com\/en\/wp-json\/wp\/v2\/product_brand?post=10030"},{"taxonomy":"product_cat","embeddable":true,"href":"https:\/\/modasabel.com\/en\/wp-json\/wp\/v2\/product_cat?post=10030"},{"taxonomy":"product_tag","embeddable":true,"href":"https:\/\/modasabel.com\/en\/wp-json\/wp\/v2\/product_tag?post=10030"}],"curies":[{"name":"wp","href":"https:\/\/api.w.org\/{rel}","templated":true}]}}